{"id":977,"date":"2014-09-02T11:12:00","date_gmt":"2014-09-02T11:12:00","guid":{"rendered":"http:\/\/localhost\/sbmfc\/?page_id=914"},"modified":"2021-11-11T17:08:31","modified_gmt":"2021-11-11T20:08:31","slug":"programas","status":"publish","type":"page","link":"https:\/\/sbmfc.org.br\/site-antigo\/programas\/","title":{"rendered":"Resid\u00eancia de Medicina de Fam\u00edlia e Comunidade"},"content":{"rendered":"<p style=\"text-align: center\"><span style=\"font-family: verdana, geneva, sans-serif;font-size: 20px\"><strong>\u00a0 \u00a0 \u00a0 \u00a0 \u00a0 \u00a0 \u00a0 \u00a0 \u00a0 \u00a0Confira os Programas de Resid\u00eancia de Medicina de Fam\u00edlia<\/strong><\/span> <strong style=\"font-family: verdana, geneva, sans-serif;font-size: 20px\">e Comunidade com vagas abertas para 2022<\/strong><\/p>\n<p><span style=\"font-family: verdana, geneva, sans-serif;font-size: 16px\"><span style=\"font-weight: bold;color: #ff0000\">Aten\u00e7\u00e3o:<\/span> As informa\u00e7\u00f5es neste banco de vagas s\u00e3o de exclusiva responsabilidade das institui\u00e7\u00f5es que as oferecem. Para divulgar sua institui\u00e7\u00e3o, envie cidade\/estado, n\u00famero de vagas para medicina de fam\u00edlia e comunidade, prazo de inscri\u00e7\u00e3o e link de acesso ao edital para: comunicacaosbmfc@gmail.com.\u00a0<\/span><\/p>\n<p><span style=\"font-size: 16px;font-family: verdana, geneva, sans-serif\">Al\u00e9m do envio do edital para o e-mail citado acima, solicitamos aos coordenadores\/as e preceptore\/as que preencham o formul\u00e1rio de mapeamento de programas de MFC no Brasil:\u00a0 <a href=\"https:\/\/docs.google.com\/forms\/d\/e\/1FAIpQLSentWL0n8UPaGfd_YLMjyx9HSawPptymdrN5Xn4BrY3BKRCog\/viewform\" class=\"broken_link\">https:\/\/docs.google.com\/forms\/d\/e\/1FAIpQLSentWL0n8UPaGfd_YLMjyx9HSawPptymdrN5Xn4BrY3BKRCog\/viewform<\/a><\/span><\/p>\n<div>\u00a0<\/div>\n<div>\n<pre><strong style=\"font-family: verdana, geneva, sans-serif;font-size: 20px\">Rio de Janeiro   <\/strong><\/pre>\n<div>\n<div>\n<div><strong style=\"font-family: verdana, geneva, sans-serif\">Cidade: Petr\u00f3polis\u00a0\u00a0<\/strong><\/div>\n<\/div>\n<\/div>\n<div>\n<div><span style=\"font-family: verdana, geneva, sans-serif;font-size: 16px\">Institui\u00e7\u00e3o: Faculdade de Medicina de Petr\u00f3polis\u00a0<\/span><\/div>\n<div><span style=\"font-family: verdana, geneva, sans-serif;font-size: 16px\">N\u00famero de vagas: 12<\/span><\/div>\n<div><span style=\"font-family: verdana, geneva, sans-serif;font-size: 16px\">Per\u00edodo de inscri\u00e7\u00f5es: 15 de novembro a 14 de dezembro de 2021<\/span><\/div>\n<div><span style=\"font-family: verdana, geneva, sans-serif;font-size: 16px\">Edital: <a href=\"https:\/\/fmpfase.edu.br\/pdf\/residencia\/resmed\/EDITAL_Processo_Seletivo_Residencia_Medica_2022.pdf\" class=\"broken_link\">https:\/\/fmpfase.edu.br\/pdf\/residencia\/resmed\/EDITAL_Processo_Seletivo_Residencia_Medica_2022.pdf<\/a><\/span><\/div>\n<\/div>\n<div>\n<div>\n<div>\u00a0<\/div>\n<div><strong style=\"font-family: verdana, geneva, sans-serif\">Cidades: Rio de Janeiro, B\u00fazios, Maric\u00e1, Mesquita, Pira\u00ed, Tr\u00eas Rios\u00a0 \u00a0<\/strong><\/div>\n<\/div>\n<\/div>\n<div>\n<div><span style=\"font-family: verdana, geneva, sans-serif;font-size: 16px\">Institui\u00e7\u00e3o: Universidade Estadual do Rio de Janeiro\u00a0<\/span><\/div>\n<div><span style=\"font-family: verdana, geneva, sans-serif;font-size: 16px\">N\u00famero de vagas: 38<\/span><\/div>\n<div><span style=\"font-family: verdana, geneva, sans-serif;font-size: 16px\">Per\u00edodo de inscri\u00e7\u00f5es: 19 de outubro a 27 de novembro de 2021<\/span><\/div>\n<div><span style=\"font-family: verdana, geneva, sans-serif;font-size: 16px\">Edital: <a href=\"https:\/\/www.cepuerj.uerj.br\/uploads\/concursos\/163466479490851134d0b8391f5e5029ba80cbee78e7ee39a\/565274044.pdf\">https:\/\/www.cepuerj.uerj.br\/uploads\/concursos\/163466479490851134d0b8391f5e5029ba80cbee78e7ee39a\/565274044.pdf<\/a><\/span><\/div>\n<\/div>\n<pre><strong style=\"font-family: verdana, geneva, sans-serif;font-size: 20px\">\r\nSanta Catarina\u00a0 <\/strong><\/pre>\n<\/div>\n<div>\n<div>\n<div><strong style=\"font-family: verdana, geneva, sans-serif\">Cidade: Florian\u00f3polis\u00a0<\/strong><\/div>\n<\/div>\n<\/div>\n<div>\n<div><span style=\"font-family: verdana, geneva, sans-serif;font-size: 16px\">Institui\u00e7\u00e3o: Secretaria Municipal de Florian\u00f3polis\u00a0<\/span><\/div>\n<div><span style=\"font-family: verdana, geneva, sans-serif;font-size: 16px\">N\u00famero de vagas R1: 20<\/span><\/div>\n<div><span style=\"font-family: verdana, geneva, sans-serif;font-size: 16px\">Per\u00edodo de inscri\u00e7\u00f5es: 18 de outubro a 21 de novembro de 2021<\/span><\/div>\n<div><span style=\"font-family: verdana, geneva, sans-serif;font-size: 16px\">Edital: <a href=\"https:\/\/acmfc.med.br\/inscricoes-processoseletivo2022\/\" class=\"broken_link\">https:\/\/acmfc.med.br\/inscricoes-processoseletivo2022\/<\/a><\/span><\/div>\n<\/div>\n<div>\n<div>\n<div>\n<div>\u00a0<\/div>\n<div><strong style=\"font-family: verdana, geneva, sans-serif\">Cidade: Florian\u00f3polis\u00a0<\/strong><\/div>\n<\/div>\n<\/div>\n<div>\n<div><span style=\"font-family: verdana, geneva, sans-serif;font-size: 16px\">Institui\u00e7\u00e3o: Secretaria Municipal de Florian\u00f3polis\u00a0<\/span><\/div>\n<div><span style=\"font-family: verdana, geneva, sans-serif;font-size: 16px\">N\u00famero de vagas R3: 10<\/span><\/div>\n<div><span style=\"font-family: verdana, geneva, sans-serif;font-size: 16px\">Per\u00edodo de inscri\u00e7\u00f5es: 18 de outubro a 21 de novembro de 2021<\/span><\/div>\n<div><span style=\"font-family: verdana, geneva, sans-serif;font-size: 16px\">Edital: <a href=\"https:\/\/acmfc.med.br\/inscricoes-processoseletivo2022\/\" class=\"broken_link\">https:\/\/acmfc.med.br\/inscricoes-processoseletivo2022\/<\/a><\/span><\/div>\n<\/div>\n<\/div>\n<p>&nbsp;<\/p>\n<p class=\"MsoNormal\" style=\"color: #353535;font-family: Arial, 'Trebuchet MS', Verdana, Helvetica;font-size: 13px;line-height: 20px;margin-bottom: 0.0001pt\"><span style=\"font-size: larger;font-family: verdana, geneva, sans-serif\"><span style=\"font-size: 20px\"><strong>S\u00e3o Paulo\u00a0<\/strong><\/span><\/span><\/p>\n<div><span style=\"font-family: verdana, geneva, sans-serif\"><strong>Cidade: Araraquara\u00a0<\/strong><\/span><\/div>\n<div>\n<div><span style=\"font-family: verdana, geneva, sans-serif;font-size: 16px\">Institui\u00e7\u00e3o: Santa Casa de Miseric\u00f3rdia\/UNIARA\/Secretaria Municipal de Sa\u00fade\u00a0\u00a0<\/span><\/div>\n<div><span style=\"font-family: verdana, geneva, sans-serif;font-size: 16px\">N\u00famero de vagas: 06<\/span><\/div>\n<div><span style=\"font-family: verdana, geneva, sans-serif;font-size: 16px\">Per\u00edodo de inscri\u00e7\u00f5es: 15 de outubro a 15 de novembro de 2021\u00a0<\/span><\/div>\n<div><span style=\"font-family: verdana, geneva, sans-serif;font-size: 16px\">Edital: <a href=\"https:\/\/www.uniara.com.br\/arquivos\/file\/coreme\/2022-edital-prm.pdf\" class=\"broken_link\">https:\/\/www.uniara.com.br\/arquivos\/file\/coreme\/2022-edital-prm.pdf<\/a><\/span><\/div>\n<div>\u00a0<\/div>\n<\/div>\n<div>\n<div><span style=\"font-family: verdana, geneva, sans-serif\"><strong>Cidade: Barretos\u00a0<\/strong><\/span><\/div>\n<div>\n<div><span style=\"font-family: verdana, geneva, sans-serif;font-size: 16px\">Institui\u00e7\u00e3o: Hospital do Amor\u00a0 \u00a0<\/span><\/div>\n<div><span style=\"font-family: verdana, geneva, sans-serif;font-size: 16px\">N\u00famero de vagas: 10\u00a0<\/span><\/div>\n<div><span style=\"font-family: verdana, geneva, sans-serif;font-size: 16px\">Per\u00edodo de inscri\u00e7\u00f5es: 06 de agosto a 15 de novembro de 2021\u00a0<\/span><\/div>\n<div><span style=\"font-family: verdana, geneva, sans-serif;font-size: 16px\">Edital: <a href=\"https:\/\/www.consesp.com.br\/site\/index.php?pg=concursos\/info&amp;codigo=3585\" class=\"broken_link\">https:\/\/www.consesp.com.br\/site\/index.php?pg=concursos\/info&amp;codigo=3585<\/a><\/span><\/div>\n<\/div>\n<\/div>\n<div>\u00a0<\/div>\n<div>\n<div><span style=\"font-family: verdana, geneva, sans-serif\"><strong>Cidade: S\u00e3o Paulo<\/strong><\/span><\/div>\n<div>\n<div><span style=\"font-family: verdana, geneva, sans-serif;font-size: 16px\">Institui\u00e7\u00e3o: Santa Casa de Miseric\u00f3rdia<\/span><\/div>\n<div><span style=\"font-family: verdana, geneva, sans-serif;font-size: 16px\">N\u00famero de vagas: 03<\/span><\/div>\n<div><span style=\"font-family: verdana, geneva, sans-serif;font-size: 16px\">Per\u00edodo de inscri\u00e7\u00f5es: 28 de outubro a 22 de novembro de 2021\u00a0<\/span><\/div>\n<div><span style=\"font-family: verdana, geneva, sans-serif;font-size: 16px\">Edital: <a href=\"http:\/\/www.quadrix.org.br\/todos-os-concursos\/proximos-concursos\/santacasa202\/publicacoes\/edital-no-1-abertura.aspx\" class=\"broken_link\">http:\/\/www.quadrix.org.br\/todos-os-concursos\/proximos-concursos\/santacasa202\/publicacoes\/edital-no-1-abertura.aspx<\/a><\/span><\/div>\n<\/div>\n<\/div>\n<div>\u00a0<\/div>\n<div>\n<div>\u00a0<\/div>\n<\/div>\n<div>\n<div>\u00a0<\/div>\n<\/div>\n","protected":false},"excerpt":{"rendered":"<p>programas de resid\u00eancia m\u00e9dica em medicina de fam\u00edlia e comunidade<\/p>\n","protected":false},"author":1,"featured_media":0,"parent":0,"menu_order":0,"comment_status":"closed","ping_status":"closed","template":"","meta":[],"yoast_head":"<!-- This site is optimized with the Yoast SEO plugin v17.9 - https:\/\/yoast.com\/wordpress\/plugins\/seo\/ -->\n<meta name=\"description\" content=\"Confira os Programas de Resid\u00eancia de Medicina de Fam\u00edlia e Comunidade com vagas abertas para 2022, divulgados pela SBMFC.\" \/>\n<meta name=\"robots\" content=\"index, follow, max-snippet:-1, max-image-preview:large, max-video-preview:-1\" \/>\n<link rel=\"canonical\" href=\"https:\/\/sbmfc.org.br\/site-antigo\/programas\/\" \/>\n<meta property=\"og:locale\" content=\"pt_BR\" \/>\n<meta property=\"og:type\" content=\"article\" \/>\n<meta property=\"og:title\" content=\"Resid\u00eancia de Medicina de Fam\u00edlia e Comunidade - SBMFC\" \/>\n<meta property=\"og:description\" content=\"Confira os Programas de Resid\u00eancia de Medicina de Fam\u00edlia e Comunidade com vagas abertas para 2022, divulgados pela SBMFC.\" \/>\n<meta property=\"og:url\" content=\"https:\/\/sbmfc.org.br\/site-antigo\/programas\/\" \/>\n<meta property=\"og:site_name\" content=\"SBMFC\" \/>\n<meta property=\"article:modified_time\" content=\"2021-11-11T20:08:31+00:00\" \/>\n<meta name=\"twitter:card\" content=\"summary_large_image\" \/>\n<meta name=\"twitter:label1\" content=\"Est. tempo de leitura\" \/>\n\t<meta name=\"twitter:data1\" content=\"2 minutos\" \/>\n<script type=\"application\/ld+json\" class=\"yoast-schema-graph\">{\"@context\":\"https:\/\/schema.org\",\"@graph\":[{\"@type\":\"WebSite\",\"@id\":\"https:\/\/sbmfc.org.br\/site-antigo\/#website\",\"url\":\"https:\/\/sbmfc.org.br\/site-antigo\/\",\"name\":\"SBMFC\",\"description\":\"Sociedade Brasileira de Medicina de Fam\\u00edlia e Comunidade\",\"potentialAction\":[{\"@type\":\"SearchAction\",\"target\":{\"@type\":\"EntryPoint\",\"urlTemplate\":\"https:\/\/sbmfc.org.br\/site-antigo\/?s={search_term_string}\"},\"query-input\":\"required name=search_term_string\"}],\"inLanguage\":\"pt-BR\"},{\"@type\":\"WebPage\",\"@id\":\"https:\/\/sbmfc.org.br\/site-antigo\/programas\/#webpage\",\"url\":\"https:\/\/sbmfc.org.br\/site-antigo\/programas\/\",\"name\":\"Resid\\u00eancia de Medicina de Fam\\u00edlia e Comunidade - SBMFC\",\"isPartOf\":{\"@id\":\"https:\/\/sbmfc.org.br\/site-antigo\/#website\"},\"datePublished\":\"2014-09-02T11:12:00+00:00\",\"dateModified\":\"2021-11-11T20:08:31+00:00\",\"description\":\"Confira os Programas de Resid\\u00eancia de Medicina de Fam\\u00edlia e Comunidade com vagas abertas para 2022, divulgados pela SBMFC.\",\"breadcrumb\":{\"@id\":\"https:\/\/sbmfc.org.br\/site-antigo\/programas\/#breadcrumb\"},\"inLanguage\":\"pt-BR\",\"potentialAction\":[{\"@type\":\"ReadAction\",\"target\":[\"https:\/\/sbmfc.org.br\/site-antigo\/programas\/\"]}]},{\"@type\":\"BreadcrumbList\",\"@id\":\"https:\/\/sbmfc.org.br\/site-antigo\/programas\/#breadcrumb\",\"itemListElement\":[{\"@type\":\"ListItem\",\"position\":1,\"name\":\"In\\u00edcio\",\"item\":\"https:\/\/sbmfc.org.br\/site-antigo\/\"},{\"@type\":\"ListItem\",\"position\":2,\"name\":\"Resid\\u00eancia de Medicina de Fam\\u00edlia e Comunidade\"}]}]}<\/script>\n<!-- \/ Yoast SEO plugin. -->","yoast_head_json":{"description":"Confira os Programas de Resid\u00eancia de Medicina de Fam\u00edlia e Comunidade com vagas abertas para 2022, divulgados pela SBMFC.","robots":{"index":"index","follow":"follow","max-snippet":"max-snippet:-1","max-image-preview":"max-image-preview:large","max-video-preview":"max-video-preview:-1"},"canonical":"https:\/\/sbmfc.org.br\/site-antigo\/programas\/","og_locale":"pt_BR","og_type":"article","og_title":"Resid\u00eancia de Medicina de Fam\u00edlia e Comunidade - SBMFC","og_description":"Confira os Programas de Resid\u00eancia de Medicina de Fam\u00edlia e Comunidade com vagas abertas para 2022, divulgados pela SBMFC.","og_url":"https:\/\/sbmfc.org.br\/site-antigo\/programas\/","og_site_name":"SBMFC","article_modified_time":"2021-11-11T20:08:31+00:00","twitter_card":"summary_large_image","twitter_misc":{"Est. tempo de leitura":"2 minutos"},"schema":{"@context":"https:\/\/schema.org","@graph":[{"@type":"WebSite","@id":"https:\/\/sbmfc.org.br\/site-antigo\/#website","url":"https:\/\/sbmfc.org.br\/site-antigo\/","name":"SBMFC","description":"Sociedade Brasileira de Medicina de Fam\u00edlia e Comunidade","potentialAction":[{"@type":"SearchAction","target":{"@type":"EntryPoint","urlTemplate":"https:\/\/sbmfc.org.br\/site-antigo\/?s={search_term_string}"},"query-input":"required name=search_term_string"}],"inLanguage":"pt-BR"},{"@type":"WebPage","@id":"https:\/\/sbmfc.org.br\/site-antigo\/programas\/#webpage","url":"https:\/\/sbmfc.org.br\/site-antigo\/programas\/","name":"Resid\u00eancia de Medicina de Fam\u00edlia e Comunidade - SBMFC","isPartOf":{"@id":"https:\/\/sbmfc.org.br\/site-antigo\/#website"},"datePublished":"2014-09-02T11:12:00+00:00","dateModified":"2021-11-11T20:08:31+00:00","description":"Confira os Programas de Resid\u00eancia de Medicina de Fam\u00edlia e Comunidade com vagas abertas para 2022, divulgados pela SBMFC.","breadcrumb":{"@id":"https:\/\/sbmfc.org.br\/site-antigo\/programas\/#breadcrumb"},"inLanguage":"pt-BR","potentialAction":[{"@type":"ReadAction","target":["https:\/\/sbmfc.org.br\/site-antigo\/programas\/"]}]},{"@type":"BreadcrumbList","@id":"https:\/\/sbmfc.org.br\/site-antigo\/programas\/#breadcrumb","itemListElement":[{"@type":"ListItem","position":1,"name":"In\u00edcio","item":"https:\/\/sbmfc.org.br\/site-antigo\/"},{"@type":"ListItem","position":2,"name":"Resid\u00eancia de Medicina de Fam\u00edlia e Comunidade"}]}]}},"_links":{"self":[{"href":"https:\/\/sbmfc.org.br\/site-antigo\/wp-json\/wp\/v2\/pages\/977"}],"collection":[{"href":"https:\/\/sbmfc.org.br\/site-antigo\/wp-json\/wp\/v2\/pages"}],"about":[{"href":"https:\/\/sbmfc.org.br\/site-antigo\/wp-json\/wp\/v2\/types\/page"}],"author":[{"embeddable":true,"href":"https:\/\/sbmfc.org.br\/site-antigo\/wp-json\/wp\/v2\/users\/1"}],"replies":[{"embeddable":true,"href":"https:\/\/sbmfc.org.br\/site-antigo\/wp-json\/wp\/v2\/comments?post=977"}],"version-history":[{"count":231,"href":"https:\/\/sbmfc.org.br\/site-antigo\/wp-json\/wp\/v2\/pages\/977\/revisions"}],"predecessor-version":[{"id":7073,"href":"https:\/\/sbmfc.org.br\/site-antigo\/wp-json\/wp\/v2\/pages\/977\/revisions\/7073"}],"wp:attachment":[{"href":"https:\/\/sbmfc.org.br\/site-antigo\/wp-json\/wp\/v2\/media?parent=977"}],"curies":[{"name":"wp","href":"https:\/\/api.w.org\/{rel}","templated":true}]}}