{"id":963,"date":"2014-03-13T09:28:00","date_gmt":"2014-03-13T09:28:00","guid":{"rendered":"http:\/\/localhost\/sbmfc\/?page_id=909"},"modified":"2021-02-18T17:36:21","modified_gmt":"2021-02-18T20:36:21","slug":"posicionamentos-e-cartas","status":"publish","type":"page","link":"https:\/\/sbmfc.org.br\/site-antigo\/posicionamentos-e-cartas\/","title":{"rendered":"Posicionamentos e cartas"},"content":{"rendered":"<p class=\"MsoNormal\" style=\"margin-bottom: 0.0001pt\"><strong><span style=\"font-size: larger\"><span style=\"font-family: Arial\"><span style=\"color: #222222\">Confira abaixo os posicionamentos e as cartas emitidas pela SBMFC sobre assuntos relevantes para a especialidade e para a categoria m\u00e9dica:<\/p>\n<p><\/span><\/span><\/span><\/strong><\/p>\n<p><span style=\"font-family: verdana, geneva, sans-serif;font-size: 24px\">2021<\/span><\/p>\n<p><a href=\"https:\/\/www.sbmfc.org.br\/noticias\/prioridade-da-vacina-aps\/\"><span style=\"font-family: georgia, palatino, serif;font-size: 16px\">Vacina\u00e7\u00e3o sem vacina n\u00e3o \u00e9 poss\u00edvel\u00a0\u00a0<\/span><\/a><\/p>\n<p><a href=\"https:\/\/www.sbmfc.org.br\/noticias\/carta-ao-povo-brasileiro-por-vacina-para-todos-retorno-do-auxilio-emergencial-mais-recursos-para-o-sus\/\">Carta ao povo brasileiro: por vacina para todos, retorno do aux\u00edlio emergencial, mais recursos para o sus <\/a><\/p>\n<p><a href=\"https:\/\/www.sbmfc.org.br\/noticias\/nota-da-diretoria-da-sbmfc-sobre-a-situacao-em-manaus-am\/\">Nota da diretoria da SBMFC sobre a situa\u00e7\u00e3o em Manaus\/AM<\/a><\/p>\n<p><a href=\"https:\/\/www.sbmfc.org.br\/noticias\/200-mil-mortos-por-covid-19\/\">Nota de pesar e de indigna\u00e7\u00e3o pelos 200 mil mortos por Covid-19<\/a><\/p>\n<p><a href=\"https:\/\/www.sbmfc.org.br\/noticias\/vacinar-no-sus-e-um-direito-de-todas-e-todos-e-um-dever-do-estado\/\">Vacinar no SUS \u00e9 um direito de todas e todos e um dever do Estado<\/a><\/p>\n<p><span style=\"font-family: verdana, geneva, sans-serif;font-size: 24px\">2020\u00a0<\/span><\/p>\n<p><a href=\"https:\/\/www.sbmfc.org.br\/noticias\/notasaudemental\/\">Posi\u00e7\u00e3o da Diretoria da SBMFC contr\u00e1ria a retrocessos na Pol\u00edtica Nacional de Sa\u00fade Mental<\/a><\/p>\n<p><a href=\"https:\/\/www.sbmfc.org.br\/wp-content\/uploads\/2020\/09\/Posicionamento-da-SBMFC-sobre-a-nomeac\u0327a\u0303o-antidemocra\u0301tica-pelo-Governo-Federal-para-reitoria-da-UFRGS-e-demais-universidades-e-instituic\u0327o\u0303es-federais-de-ensino-superior.pdf\">Posicionamento da SBMFC sobre a nomeac\u0327a\u0303o antidemocra\u0301tica pelo Governo Federal para reitoria da UFRGS e demais universidades e instituic\u0327o\u0303es federais de ensino superior<\/a>\u00a0<\/p>\n<p>Nota sobre a exonera\u00e7\u00e3o de t\u00e9cnicas e da coordenadora de Sa\u00fade das Mulheres do Minist\u00e9rio da Sa\u00fade: <a href=\"https:\/\/www.sbmfc.org.br\/wp-content\/uploads\/2020\/06\/Nota-sobre-a-exonerac\u0327a\u0303o-de-te\u0301cnicas-e-da-coordenadora-de-Sau\u0301de-das-Mulheres-do-Ministe\u0301rio-da-Sau\u0301de-1.pdf\">Nota sobre a exonerac\u0327a\u0303o de te\u0301cnicas e da coordenadora de Sau\u0301de das Mulheres do Ministe\u0301rio da Sau\u0301de.<\/a><\/p>\n<p>POSICIONAMENTO DA SBMFC SOBRE O PRONUNCIAMENTO DO PRESIDENTE DA REP\u00daBLICA, JAIR MESSIAS BOLSONARO: <a href=\"https:\/\/www.sbmfc.org.br\/wp-content\/uploads\/2020\/03\/Posicionamento-SBMFC.pdf\">Posicionamento SBMFC<\/a><\/p>\n<p>&nbsp;<\/p>\n<p><span style=\"font-family: verdana, geneva, sans-serif;font-size: 24px\">2019\u00a0<\/span><\/p>\n<p><a href=\"https:\/\/www.sbmfc.org.br\/wp-content\/uploads\/2020\/06\/Moca\u0303o-de-Apoio-a-Complementac\u0327a\u0303o-da-Bolsa-dos-Residentes-MFC.pdf\">Moca\u0303o de Apoio a Complementac\u0327a\u0303o da Bolsa dos Residentes MFC<\/a>.<\/p>\n<p><a href=\"https:\/\/www.sbmfc.org.br\/wp-content\/uploads\/2019\/11\/Nota-da-SBMFC-sobre-nova-poli\u0301tica-de-financiamento-da-Atenc\u0327a\u0303o-Prima\u0301ria-a\u0300-Sau\u0301de-Programa-Previne-Brasil.pdf\">Nota da SBMFC sobre nova poli\u0301tica de financiamento da Atenc\u0327a\u0303o Prima\u0301ria a\u0300 Sau\u0301de &#8211; Programa Previne Brasil<\/a><\/p>\n<p>Mensagem da SBMFC aos s\u00f3cios e devolutiva \u00e0 carta enviada \u00e0 institui\u00e7\u00e3o:\u00a0<a href=\"https:\/\/www.sbmfc.org.br\/wp-content\/uploads\/2019\/05\/Mensagem-aos-associados_14052019.pdf\">Mensagem aos associados_14052019<\/a><\/p>\n<p>NOTA DA SOCIEDADE BRASILEIRA DE MEDICINA DE FAM\u00cdLIA E COMUNIDADE A RESPEITO DO DESPACHO DO MINIST\u00c9RIO DA SA\u00daDE QUE ORIENTA A ABOLI\u00c7\u00c3O DO TERMO VIOL\u00caNCIA OBST\u00c9TRICA EM DOCUMENTOS OFICIAIS DO \u00d3RG\u00c3O. Acesse:\u00a0<a href=\"https:\/\/www.sbmfc.org.br\/wp-content\/uploads\/2019\/05\/NOTA-SBMFC-GT-MULHERES.pdf\">NOTA SBMFC GT MULHERES<\/a><\/p>\n<p>&nbsp;<\/p>\n<p class=\"MsoNormal\" style=\"margin-bottom: 0.0001pt\">2018\u00a0<\/p>\n<p><a href=\"http:\/\/www.sbmfc.org.br\/wp-content\/uploads\/media\/file\/Posicionamento%20Projeto%20de%20Lei%206_299%202002.pdf\">Posicionamento da Sociedade Brasileira de Medicina de Fam\u00edlia e Comunidade em face\u00a0do Projeto de Lei 6.299\/2002.<\/a>\u00a0(10\/07\/2018)\u00a0<\/p>\n<p>2016\u00a0<\/p>\n<p><a href=\"http:\/\/www.sbmfc.org.br\/wp-content\/uploads\/media\/Nota SBMFC pela equidade de g\u00eanero 19jul AADM(2)(1).pdf\">\u00a0SBMFC se posiciona sobre equidade de g\u00eanero e contra a cultura do estupro e homofobia (19\/07\/2016)<\/a><\/p>\n<p>2015\u00a0<\/p>\n<p><a href=\"http:\/\/www.sbmfc.org.br\/wp-content\/uploads\/media\/Novembro Azul.pdf\">Comunicado aos(\u00e0s) apoiadores(as) da campanha Novembro Azul<\/a><\/p>\n<p><a href=\"http:\/\/www.sbmfc.org.br\/wp-content\/uploads\/media\/Carta_SBMFC.pdf\">Posicionamento sobre o estado lament\u00e1vel dos postos de sa\u00fade &#8211; mat\u00e9ria exibida pelo Fant\u00e1stico (01\/03\/2015)<\/a><\/p>\n<p><a href=\"http:\/\/www.sbmfc.org.br\/wp-content\/uploads\/media\/Nota de desagravo.pdf\">Posicionamento SBMFC- Nota de desagravo sobre o pedido de pris\u00e3o do Secret\u00e1rio Municipal de Sa\u00fade do Rio de Janeiro<\/a>\u00a0\u00a0 \u00a0\u00a0 \u00a0<\/p>\n<p><a href=\"http:\/\/www.sbmfc.org.br\/wp-content\/uploads\/media\/Posicionamento Redu\u00e7\u00e3o da Maioridade Penal.pdf\">Posicionamento da SBMFC acerca da redu\u00e7\u00e3o da maioridade penal de 18 para 16 anos de idade no Brasil<\/a>\u00a0 \u00a0\u00a0<\/p>\n<p><a href=\"http:\/\/www.sbmfc.org.br\/wp-content\/uploads\/media\/Posicionamento SBMFC PL que altera a Lei 12_871-2013 (2).pdf\">Posicionamento SBMFC &#8211; Projetos de Lei em tramita\u00e7\u00e3o no Congresso Nacional que visam alterar a Lei n\u00ba 12.871\/2013<\/a><\/p>\n<p><a href=\"http:\/\/www.sbmfc.org.br\/wp-content\/uploads\/media\/Posicionamento Estatuto da Fam\u00edlia.pdf\">Posicionamento contra o conceito de n\u00facleo familiar no Estatuto da Fam\u00edlia<\/a><\/p>\n<p>2014\u00a0<\/p>\n<p><a href=\"http:\/\/www.sbmfc.org.br\/wp-content\/uploads\/media\/Propostas%20para%20candidatos.pdf\">Posicionamento de propostas para os candidatos \u00e0s elei\u00e7\u00f5es presidenciais 2014 (05\/09\/2014)<\/a><\/p>\n<p><a href=\"http:\/\/www.sbmfc.org.br\/default.asp?site_Acao=MostraPagina&amp;PaginaId=11&amp;mNoti_Acao=mostraNoticia&amp;noticiaId=671\">Carta de Em\u00edlio Rossetti Pacheco sobre o 16\u00ba TEMFC (14\/01\/2014)<\/a><\/p>\n<p>2013\u00a0<\/p>\n<p><a href=\"http:\/\/www.sbmfc.org.br\/default.asp?site_Acao=MostraPagina&amp;PaginaId=11&amp;mNoti_Acao=mostraNoticia&amp;noticiaId=647\">Posicionamento em rela\u00e7\u00e3o ao programa \u201cMais M\u00e9dicos\u201d. (25\/07\/2013)<\/a><\/p>\n<p><a href=\"http:\/\/www.sbmfc.org.br\/default.asp?site_Acao=MostraPagina&amp;PaginaId=11&amp;mNoti_Acao=mostraNoticia&amp;noticiaId=641\">Nota de preocupa\u00e7\u00e3o quanto ao pronunciamento feito pela presidente Dilma Rousseff.\u00a0 (24\/06\/2013)<\/a><\/p>\n<p><a href=\"http:\/\/www.sbmfc.org.br\/default.asp?site_Acao=mostraPagina&amp;PaginaId=11&amp;mNoti_Acao=mostraNoticia&amp;noticiaId=617\">Opini\u00e3o da SBMFC sobre o Provab 2013 (11\/04\/2013)<\/a><\/p>\n<p><a href=\"http:\/\/www.sbmfc.org.br\/default.asp?site_Acao=mostraPagina&amp;PaginaId=11&amp;mNoti_Acao=mostraNoticia&amp;noticiaId=612\">Rep\u00fadio \u00e0 proposta de est\u00edmulo do governo para a amplia\u00e7\u00e3o da cobertura de planos privados (07\/03\/2013)<\/a><\/p>\n<p>2012\u00a0<\/p>\n<p><a href=\"http:\/\/www.sbmfc.org.br\/default.asp?site_Acao=MostraPagina&amp;PaginaId=11&amp;mNoti_Acao=mostraNoticia&amp;noticiaId=589\">SBMFC alerta sobre vacina\u00e7\u00e3o contra HPV no SUS (30\/11\/2012)<\/a><\/p>\n<p><a href=\"http:\/\/www.sbmfc.org.br\/default.asp?site_Acao=mostraPagina&amp;PaginaId=11&amp;mNoti_Acao=mostraNoticia&amp;noticiaId=579\">SBMFC apoia campanha de incentivo \u00e0 ado\u00e7\u00e3o de h\u00e1bitos saud\u00e1veis (30\/10\/2012)<\/a><\/p>\n<p>2011\u00a0<\/p>\n<p><a href=\"http:\/\/www.sbmfc.org.br\/default.asp?site_Acao=mostraPagina&amp;PaginaId=11&amp;mNoti_Acao=mostraNoticia&amp;noticiaId=414\">SBMFC emite parecer oficial quanto ao PL 1363\/11 (21\/10\/2011)<\/a><\/p>\n<p><a href=\"http:\/\/www.sbmfc.org.br\/default.asp?site_Acao=mostraPagina&amp;PaginaId=11&amp;mNoti_Acao=mostraNoticia&amp;noticiaId=391\">SBMFC apoia &#8220;SUS igual para todos&#8221; (10\/08\/2011)<\/a><\/p>\n<p class=\"MsoNormal\" style=\"margin-bottom: 0.0001pt\">2010\u00a0<\/p>\n<p><a href=\"http:\/\/www.sbmfc.org.br\/default.asp?site_Acao=MostraPagina&amp;PaginaId=11&amp;mNoti_Acao=mostraNoticia&amp;noticiaId=238\">Carta da SBMFC aos Candidatos \u00e0s Elei\u00e7\u00f5es 2010 (20\/08\/2010)<\/a>\u00a0<\/p>\n<p><a href=\"http:\/\/www.sbmfc.org.br\/default.asp?site_Acao=mostraPagina&amp;PaginaId=11&amp;mNoti_Acao=mostraNoticia&amp;noticiaId=220\">SBMFC comenta estudo in\u00e9dito pela cura do diabetes ao Portal Terra (28\/07\/2010)<\/a><\/p>\n<p class=\"MsoNormal\" style=\"margin-bottom: 0.0001pt\">2009\u00a0<\/p>\n<p><span style=\"font-family: Arial, sans-serif;color: #353535\"><a href=\"http:\/\/www.sbmfc.org.br\/default.asp?site_Acao=MostraPagina&amp;PaginaId=11&amp;mNoti_Acao=mostraNoticia&amp;noticiaId=130\" target=\"_blank\" rel=\"noopener noreferrer\">Posicionamento da SBMFC sobre as mudan\u00e7as clim\u00e1ticas (11\/12\/2009)<\/a><\/span><\/p>\n<p><span style=\"font-family: Arial, sans-serif;color: #353535\"><a href=\"http:\/\/www.sbmfc.org.br\/default.asp?site_Acao=mostraPagina&amp;PaginaId=11&amp;mNoti_Acao=mostraNoticia&amp;noticiaId=88\" target=\"_blank\" rel=\"noopener noreferrer\">SBMFC se posiciona sobre persegui\u00e7\u00e3o pol\u00edtica (03\/02\/2009)<\/a><\/span><\/p>\n<p class=\"MsoNormal\" style=\"margin-bottom: 0.0001pt\">\u00a0<\/p>\n<p class=\"MsoNormal\" style=\"margin-bottom: 0.0001pt\">\u00a0<\/p>\n<p><a href=\"http:\/\/www.sbmfc.org.br\/wp-content\/uploads\/media\/Posicionamento SBMFC.pdf\">Posicionamento da SBMFC &#8211; Projeto da Comiss\u00e3o Nacional de Resid\u00eancia M\u00e9dica intitulado &#8216;Reconstru\u00e7\u00e3o das Especialidades B\u00e1sicas da Medicina Brasileira&#8217;<\/a><\/p>\n<p><a href=\"http:\/\/www.sbmfc.org.br\/wp-content\/uploads\/media\/Nota SBMFC.pdf\">Posicionamento sobre resolu\u00e7\u00e3o da ANS sobre o direito de acesso das benefici\u00e1rias aos percentuais de cirurgias ces\u00e1reas e de partos normais, bem como sobre a utiliza\u00e7\u00e3o do partograma<\/a><\/p>\n<p>&nbsp;<\/p>\n<p class=\"MsoNormal\" style=\"margin-bottom: 0.0001pt\">\u00a0<\/p>\n<p class=\"MsoNormal\" style=\"margin-bottom: 0.0001pt\">\u00a0<\/p>\n<p class=\"MsoNormal\" style=\"margin-bottom: 0.0001pt\">\u00a0<\/p>\n<p class=\"MsoNormal\" style=\"margin-bottom: 0.0001pt\">\u00a0<\/p>\n<p class=\"MsoNormal\" style=\"margin-bottom: 0.0001pt\">\u00a0<\/p>\n<p class=\"MsoNormal\" style=\"margin-bottom: 0.0001pt\">\u00a0<\/p>\n<p class=\"MsoNormal\" style=\"margin-bottom: 0.0001pt\">\u00a0<\/p>\n<p class=\"MsoNormal\" style=\"margin-bottom: 0.0001pt\">\u00a0<\/p>\n<p class=\"MsoNormal\" style=\"margin-bottom: 0.0001pt\">\u00a0<\/p>\n<p class=\"MsoNormal\" style=\"margin-bottom: 0.0001pt\">\u00a0<\/p>\n<p class=\"MsoNormal\" style=\"margin-bottom: 0.0001pt\">\u00a0<\/p>\n","protected":false},"excerpt":{"rendered":"<p>Confira abaixo os posicionamentos e as cartas emitidas pela SBMFC sobre assuntos relevantes para a especialidade e para a categoria m\u00e9dica: 2021 Vacina\u00e7\u00e3o sem vacina n\u00e3o \u00e9 poss\u00edvel\u00a0\u00a0 Carta ao povo brasileiro: por vacina para todos, retorno do aux\u00edlio emergencial, mais recursos para o sus Nota da diretoria da SBMFC sobre a situa\u00e7\u00e3o em Manaus\/AM [&hellip;]<\/p>\n","protected":false},"author":1,"featured_media":0,"parent":0,"menu_order":0,"comment_status":"closed","ping_status":"closed","template":"","meta":[],"yoast_head":"<!-- This site is optimized with the Yoast SEO plugin v17.9 - https:\/\/yoast.com\/wordpress\/plugins\/seo\/ -->\n<meta name=\"robots\" content=\"index, follow, max-snippet:-1, max-image-preview:large, max-video-preview:-1\" \/>\n<link rel=\"canonical\" href=\"https:\/\/sbmfc.org.br\/site-antigo\/posicionamentos-e-cartas\/\" \/>\n<meta property=\"og:locale\" content=\"pt_BR\" \/>\n<meta property=\"og:type\" content=\"article\" \/>\n<meta property=\"og:title\" content=\"Posicionamentos e cartas - SBMFC\" \/>\n<meta property=\"og:description\" content=\"Confira abaixo os posicionamentos e as cartas emitidas pela SBMFC sobre assuntos relevantes para a especialidade e para a categoria m\u00e9dica: 2021 Vacina\u00e7\u00e3o sem vacina n\u00e3o \u00e9 poss\u00edvel\u00a0\u00a0 Carta ao povo brasileiro: por vacina para todos, retorno do aux\u00edlio emergencial, mais recursos para o sus Nota da diretoria da SBMFC sobre a situa\u00e7\u00e3o em Manaus\/AM [&hellip;]\" \/>\n<meta property=\"og:url\" content=\"https:\/\/sbmfc.org.br\/site-antigo\/posicionamentos-e-cartas\/\" \/>\n<meta property=\"og:site_name\" content=\"SBMFC\" \/>\n<meta property=\"article:modified_time\" content=\"2021-02-18T20:36:21+00:00\" \/>\n<meta name=\"twitter:card\" content=\"summary_large_image\" \/>\n<meta name=\"twitter:label1\" content=\"Est. tempo de leitura\" \/>\n\t<meta name=\"twitter:data1\" content=\"3 minutos\" \/>\n<script type=\"application\/ld+json\" class=\"yoast-schema-graph\">{\"@context\":\"https:\/\/schema.org\",\"@graph\":[{\"@type\":\"WebSite\",\"@id\":\"https:\/\/sbmfc.org.br\/site-antigo\/#website\",\"url\":\"https:\/\/sbmfc.org.br\/site-antigo\/\",\"name\":\"SBMFC\",\"description\":\"Sociedade Brasileira de Medicina de Fam\\u00edlia e Comunidade\",\"potentialAction\":[{\"@type\":\"SearchAction\",\"target\":{\"@type\":\"EntryPoint\",\"urlTemplate\":\"https:\/\/sbmfc.org.br\/site-antigo\/?s={search_term_string}\"},\"query-input\":\"required name=search_term_string\"}],\"inLanguage\":\"pt-BR\"},{\"@type\":\"WebPage\",\"@id\":\"https:\/\/sbmfc.org.br\/site-antigo\/posicionamentos-e-cartas\/#webpage\",\"url\":\"https:\/\/sbmfc.org.br\/site-antigo\/posicionamentos-e-cartas\/\",\"name\":\"Posicionamentos e cartas - SBMFC\",\"isPartOf\":{\"@id\":\"https:\/\/sbmfc.org.br\/site-antigo\/#website\"},\"datePublished\":\"2014-03-13T09:28:00+00:00\",\"dateModified\":\"2021-02-18T20:36:21+00:00\",\"breadcrumb\":{\"@id\":\"https:\/\/sbmfc.org.br\/site-antigo\/posicionamentos-e-cartas\/#breadcrumb\"},\"inLanguage\":\"pt-BR\",\"potentialAction\":[{\"@type\":\"ReadAction\",\"target\":[\"https:\/\/sbmfc.org.br\/site-antigo\/posicionamentos-e-cartas\/\"]}]},{\"@type\":\"BreadcrumbList\",\"@id\":\"https:\/\/sbmfc.org.br\/site-antigo\/posicionamentos-e-cartas\/#breadcrumb\",\"itemListElement\":[{\"@type\":\"ListItem\",\"position\":1,\"name\":\"In\\u00edcio\",\"item\":\"https:\/\/sbmfc.org.br\/site-antigo\/\"},{\"@type\":\"ListItem\",\"position\":2,\"name\":\"Posicionamentos e cartas\"}]}]}<\/script>\n<!-- \/ Yoast SEO plugin. -->","yoast_head_json":{"robots":{"index":"index","follow":"follow","max-snippet":"max-snippet:-1","max-image-preview":"max-image-preview:large","max-video-preview":"max-video-preview:-1"},"canonical":"https:\/\/sbmfc.org.br\/site-antigo\/posicionamentos-e-cartas\/","og_locale":"pt_BR","og_type":"article","og_title":"Posicionamentos e cartas - SBMFC","og_description":"Confira abaixo os posicionamentos e as cartas emitidas pela SBMFC sobre assuntos relevantes para a especialidade e para a categoria m\u00e9dica: 2021 Vacina\u00e7\u00e3o sem vacina n\u00e3o \u00e9 poss\u00edvel\u00a0\u00a0 Carta ao povo brasileiro: por vacina para todos, retorno do aux\u00edlio emergencial, mais recursos para o sus Nota da diretoria da SBMFC sobre a situa\u00e7\u00e3o em Manaus\/AM [&hellip;]","og_url":"https:\/\/sbmfc.org.br\/site-antigo\/posicionamentos-e-cartas\/","og_site_name":"SBMFC","article_modified_time":"2021-02-18T20:36:21+00:00","twitter_card":"summary_large_image","twitter_misc":{"Est. tempo de leitura":"3 minutos"},"schema":{"@context":"https:\/\/schema.org","@graph":[{"@type":"WebSite","@id":"https:\/\/sbmfc.org.br\/site-antigo\/#website","url":"https:\/\/sbmfc.org.br\/site-antigo\/","name":"SBMFC","description":"Sociedade Brasileira de Medicina de Fam\u00edlia e Comunidade","potentialAction":[{"@type":"SearchAction","target":{"@type":"EntryPoint","urlTemplate":"https:\/\/sbmfc.org.br\/site-antigo\/?s={search_term_string}"},"query-input":"required name=search_term_string"}],"inLanguage":"pt-BR"},{"@type":"WebPage","@id":"https:\/\/sbmfc.org.br\/site-antigo\/posicionamentos-e-cartas\/#webpage","url":"https:\/\/sbmfc.org.br\/site-antigo\/posicionamentos-e-cartas\/","name":"Posicionamentos e cartas - SBMFC","isPartOf":{"@id":"https:\/\/sbmfc.org.br\/site-antigo\/#website"},"datePublished":"2014-03-13T09:28:00+00:00","dateModified":"2021-02-18T20:36:21+00:00","breadcrumb":{"@id":"https:\/\/sbmfc.org.br\/site-antigo\/posicionamentos-e-cartas\/#breadcrumb"},"inLanguage":"pt-BR","potentialAction":[{"@type":"ReadAction","target":["https:\/\/sbmfc.org.br\/site-antigo\/posicionamentos-e-cartas\/"]}]},{"@type":"BreadcrumbList","@id":"https:\/\/sbmfc.org.br\/site-antigo\/posicionamentos-e-cartas\/#breadcrumb","itemListElement":[{"@type":"ListItem","position":1,"name":"In\u00edcio","item":"https:\/\/sbmfc.org.br\/site-antigo\/"},{"@type":"ListItem","position":2,"name":"Posicionamentos e cartas"}]}]}},"_links":{"self":[{"href":"https:\/\/sbmfc.org.br\/site-antigo\/wp-json\/wp\/v2\/pages\/963"}],"collection":[{"href":"https:\/\/sbmfc.org.br\/site-antigo\/wp-json\/wp\/v2\/pages"}],"about":[{"href":"https:\/\/sbmfc.org.br\/site-antigo\/wp-json\/wp\/v2\/types\/page"}],"author":[{"embeddable":true,"href":"https:\/\/sbmfc.org.br\/site-antigo\/wp-json\/wp\/v2\/users\/1"}],"replies":[{"embeddable":true,"href":"https:\/\/sbmfc.org.br\/site-antigo\/wp-json\/wp\/v2\/comments?post=963"}],"version-history":[{"count":20,"href":"https:\/\/sbmfc.org.br\/site-antigo\/wp-json\/wp\/v2\/pages\/963\/revisions"}],"predecessor-version":[{"id":6067,"href":"https:\/\/sbmfc.org.br\/site-antigo\/wp-json\/wp\/v2\/pages\/963\/revisions\/6067"}],"wp:attachment":[{"href":"https:\/\/sbmfc.org.br\/site-antigo\/wp-json\/wp\/v2\/media?parent=963"}],"curies":[{"name":"wp","href":"https:\/\/api.w.org\/{rel}","templated":true}]}}