{"id":652,"date":"2010-10-07T17:08:00","date_gmt":"2010-10-07T17:08:00","guid":{"rendered":"http:\/\/localhost\/sbmfc\/?page_id=316"},"modified":"2018-10-03T19:33:16","modified_gmt":"2018-10-03T22:33:16","slug":"aspirina-para-a-prevencao-de-doencas-cardiovasculares","status":"publish","type":"page","link":"https:\/\/sbmfc.org.br\/site-antigo\/aspirina-para-a-prevencao-de-doencas-cardiovasculares\/","title":{"rendered":"Aspirina para a preven\u00e7\u00e3o de doen\u00e7as cardiovasculares"},"content":{"rendered":"<p>Meta-an&aacute;lises recentes questionaram a prote&ccedil;&atilde;o da aspirina na preven&ccedil;&atilde;o b&aacute;sica contra doen&ccedil;as cardiovasculares (CVD). Estes pesquisadores na Nova Zel&acirc;ndia procuraram avaliar os riscos e os benef&iacute;cios do uso da aspirina para preven&ccedil;&atilde;o b&aacute;sica por grupo et&aacute;rio, sexo e categoria de risco. Taxas reduzidas de eventos cardiovasculares e sangramentos grandes foram calculados a partir dos dados nas triagens, que foram inclu&iacute;dos na meta-an&aacute;lise da Colabora&ccedil;&atilde;o dos participantes em Triagens antitrombose (ATT).<\/p>\n<p>Os pesquisadores descobriram que: &ldquo;Os benef&iacute;cios da monoterapia com aspirina aumentam os preju&iacute;zos tanto para homens quanto para mulheres com at&eacute; 80 anos de idade com um risco de CVD calculado em cinco anos &gt;15% na preven&ccedil;&atilde;o b&aacute;sica. O preju&iacute;zo poder&aacute; aumentar o benef&iacute;cio para preven&ccedil;&atilde;o b&aacute;sica para aqueles acima de 80 anos de idade. Para homens entre 70 e 79 anos, os benef&iacute;cios da aspirina na preven&ccedil;&atilde;o b&aacute;sica &eacute; marginal quando adicionado a terapias redutoras de lip&iacute;dios e de press&atilde;o arterial.&quot;<\/p>\n<p>Os pesquisadores conclu&iacute;ram que: &ldquo;A recente meta-an&aacute;lise da Colabora&ccedil;&atilde;o levantou d&uacute;vidas a respeito da relativa seguran&ccedil;a do uso de aspirina na preven&ccedil;&atilde;o b&aacute;sica de CVDs. Entretanto, a modelagem por categoria de risco e idade sugere que diretrizes atuais s&atilde;o justificadas ao recomendar aspirina para preven&ccedil;&atilde;o b&aacute;sica de CVDs naqueles cujo risco de CVD em cinco anos seja de 15% at&eacute; a idade de 80 anos. Para homens entre 70 e 79 anos, considerar terapias redutoras de lip&iacute;dios e da press&atilde;o arterial antes, ent&atilde;o reavaliar se a aspirina acrescenta algum benef&iacute;cio l&iacute;quido.&quot;<\/p>\n<p>\n<strong>A aspirina parece ainda ter algum benef&iacute;cio liquido para homens com menos de 80 anos que estejam sob alto risco.<\/strong><\/p>\n<p><strong>Para o resumo completo, <\/strong><a target=\"_blank\" href=\"http:\/\/www.rnzcgp.org.nz\/assets\/documents\/Publications\/JPHC\/June-2010\/JPHCOSPSelakJune10.pdf\"><strong>clique aqui<\/strong><\/a><strong>.<\/strong><\/p>\n<p><a target=\"_blank\" href=\"http:\/\/www.rnzcgp.org.nz\/assets\/documents\/Publications\/JPHC\/June-2010\/JPHCOSPSelakJune10.pdf\"><strong>Journal of Primary Healthcare<\/strong><\/a><strong> 2(2:92-99, Junho de 2010<\/strong> &copy; 2010 The Royal New Zealand College of General Practitioners<br \/>\nAspirina para a preven&ccedil;&atilde;o b&aacute;sica: sim ou n&atilde;o? Vanessa Selak, C Raina Elley, Sue Wells, Anthony Rodgers, Norman Sharpe. Correspond&ecirc;ncias para Vanessa Selak: <a href=\"mailto:v.selak@ctru.auckland.ac.nz\">v.selak@ctru.auckland.ac.nz<\/a><\/p>\n<p>Categoria: K. Circulat&oacute;rio. Palavras-chave: Aspirina, ASA, risco cardiovascular, preven&ccedil;&atilde;o, doen&ccedil;a coron&aacute;ria arterial, meta-an&aacute;lise e modelagem epidemiol&oacute;gica, journal watch.<br \/>\nSinopse editada por <a target=\"_blank\" href=\"http:\/\/www.globalfamilydoctor.com\/Information\/MedicalEditors\/MedicalEditors.asp\" class=\"broken_link\">Dr Paul Schaefer<\/a>, Toledo, Ohio. Postado no Global Family Doctor em 1 de Outubro de 2010<\/p>\n","protected":false},"excerpt":{"rendered":"<p>Meta-an&aacute;lises recentes questionaram a prote&ccedil;&atilde;o da aspirina na preven&ccedil;&atilde;o b&aacute;sica contra doen&ccedil;as cardiovasculares (CVD). Estes pesquisadores na Nova Zel&acirc;ndia procuraram avaliar os riscos e os benef&iacute;cios do uso da aspirina para preven&ccedil;&atilde;o b&aacute;sica por grupo et&aacute;rio, sexo e categoria de risco. Taxas reduzidas de eventos cardiovasculares e sangramentos grandes foram calculados a partir dos dados [&hellip;]<\/p>\n","protected":false},"author":1,"featured_media":0,"parent":0,"menu_order":0,"comment_status":"closed","ping_status":"closed","template":"","meta":[],"yoast_head":"<!-- This site is optimized with the Yoast SEO plugin v17.9 - https:\/\/yoast.com\/wordpress\/plugins\/seo\/ -->\n<meta name=\"robots\" content=\"index, follow, max-snippet:-1, max-image-preview:large, max-video-preview:-1\" \/>\n<link rel=\"canonical\" href=\"https:\/\/sbmfc.org.br\/site-antigo\/aspirina-para-a-prevencao-de-doencas-cardiovasculares\/\" \/>\n<meta property=\"og:locale\" content=\"pt_BR\" \/>\n<meta property=\"og:type\" content=\"article\" \/>\n<meta property=\"og:title\" content=\"Aspirina para a preven\u00e7\u00e3o de doen\u00e7as cardiovasculares - SBMFC\" \/>\n<meta property=\"og:description\" content=\"Meta-an&aacute;lises recentes questionaram a prote&ccedil;&atilde;o da aspirina na preven&ccedil;&atilde;o b&aacute;sica contra doen&ccedil;as cardiovasculares (CVD). Estes pesquisadores na Nova Zel&acirc;ndia procuraram avaliar os riscos e os benef&iacute;cios do uso da aspirina para preven&ccedil;&atilde;o b&aacute;sica por grupo et&aacute;rio, sexo e categoria de risco. Taxas reduzidas de eventos cardiovasculares e sangramentos grandes foram calculados a partir dos dados [&hellip;]\" \/>\n<meta property=\"og:url\" content=\"https:\/\/sbmfc.org.br\/site-antigo\/aspirina-para-a-prevencao-de-doencas-cardiovasculares\/\" \/>\n<meta property=\"og:site_name\" content=\"SBMFC\" \/>\n<meta property=\"article:modified_time\" content=\"2018-10-03T22:33:16+00:00\" \/>\n<meta name=\"twitter:card\" content=\"summary_large_image\" \/>\n<meta name=\"twitter:label1\" content=\"Est. tempo de leitura\" \/>\n\t<meta name=\"twitter:data1\" content=\"2 minutos\" \/>\n<script type=\"application\/ld+json\" class=\"yoast-schema-graph\">{\"@context\":\"https:\/\/schema.org\",\"@graph\":[{\"@type\":\"WebSite\",\"@id\":\"https:\/\/sbmfc.org.br\/site-antigo\/#website\",\"url\":\"https:\/\/sbmfc.org.br\/site-antigo\/\",\"name\":\"SBMFC\",\"description\":\"Sociedade Brasileira de Medicina de Fam\\u00edlia e Comunidade\",\"potentialAction\":[{\"@type\":\"SearchAction\",\"target\":{\"@type\":\"EntryPoint\",\"urlTemplate\":\"https:\/\/sbmfc.org.br\/site-antigo\/?s={search_term_string}\"},\"query-input\":\"required name=search_term_string\"}],\"inLanguage\":\"pt-BR\"},{\"@type\":\"WebPage\",\"@id\":\"https:\/\/sbmfc.org.br\/site-antigo\/aspirina-para-a-prevencao-de-doencas-cardiovasculares\/#webpage\",\"url\":\"https:\/\/sbmfc.org.br\/site-antigo\/aspirina-para-a-prevencao-de-doencas-cardiovasculares\/\",\"name\":\"Aspirina para a preven\\u00e7\\u00e3o de doen\\u00e7as cardiovasculares - SBMFC\",\"isPartOf\":{\"@id\":\"https:\/\/sbmfc.org.br\/site-antigo\/#website\"},\"datePublished\":\"2010-10-07T17:08:00+00:00\",\"dateModified\":\"2018-10-03T22:33:16+00:00\",\"breadcrumb\":{\"@id\":\"https:\/\/sbmfc.org.br\/site-antigo\/aspirina-para-a-prevencao-de-doencas-cardiovasculares\/#breadcrumb\"},\"inLanguage\":\"pt-BR\",\"potentialAction\":[{\"@type\":\"ReadAction\",\"target\":[\"https:\/\/sbmfc.org.br\/site-antigo\/aspirina-para-a-prevencao-de-doencas-cardiovasculares\/\"]}]},{\"@type\":\"BreadcrumbList\",\"@id\":\"https:\/\/sbmfc.org.br\/site-antigo\/aspirina-para-a-prevencao-de-doencas-cardiovasculares\/#breadcrumb\",\"itemListElement\":[{\"@type\":\"ListItem\",\"position\":1,\"name\":\"In\\u00edcio\",\"item\":\"https:\/\/sbmfc.org.br\/site-antigo\/\"},{\"@type\":\"ListItem\",\"position\":2,\"name\":\"Aspirina para a preven\\u00e7\\u00e3o de doen\\u00e7as cardiovasculares\"}]}]}<\/script>\n<!-- \/ Yoast SEO plugin. -->","yoast_head_json":{"robots":{"index":"index","follow":"follow","max-snippet":"max-snippet:-1","max-image-preview":"max-image-preview:large","max-video-preview":"max-video-preview:-1"},"canonical":"https:\/\/sbmfc.org.br\/site-antigo\/aspirina-para-a-prevencao-de-doencas-cardiovasculares\/","og_locale":"pt_BR","og_type":"article","og_title":"Aspirina para a preven\u00e7\u00e3o de doen\u00e7as cardiovasculares - SBMFC","og_description":"Meta-an&aacute;lises recentes questionaram a prote&ccedil;&atilde;o da aspirina na preven&ccedil;&atilde;o b&aacute;sica contra doen&ccedil;as cardiovasculares (CVD). Estes pesquisadores na Nova Zel&acirc;ndia procuraram avaliar os riscos e os benef&iacute;cios do uso da aspirina para preven&ccedil;&atilde;o b&aacute;sica por grupo et&aacute;rio, sexo e categoria de risco. Taxas reduzidas de eventos cardiovasculares e sangramentos grandes foram calculados a partir dos dados [&hellip;]","og_url":"https:\/\/sbmfc.org.br\/site-antigo\/aspirina-para-a-prevencao-de-doencas-cardiovasculares\/","og_site_name":"SBMFC","article_modified_time":"2018-10-03T22:33:16+00:00","twitter_card":"summary_large_image","twitter_misc":{"Est. tempo de leitura":"2 minutos"},"schema":{"@context":"https:\/\/schema.org","@graph":[{"@type":"WebSite","@id":"https:\/\/sbmfc.org.br\/site-antigo\/#website","url":"https:\/\/sbmfc.org.br\/site-antigo\/","name":"SBMFC","description":"Sociedade Brasileira de Medicina de Fam\u00edlia e Comunidade","potentialAction":[{"@type":"SearchAction","target":{"@type":"EntryPoint","urlTemplate":"https:\/\/sbmfc.org.br\/site-antigo\/?s={search_term_string}"},"query-input":"required name=search_term_string"}],"inLanguage":"pt-BR"},{"@type":"WebPage","@id":"https:\/\/sbmfc.org.br\/site-antigo\/aspirina-para-a-prevencao-de-doencas-cardiovasculares\/#webpage","url":"https:\/\/sbmfc.org.br\/site-antigo\/aspirina-para-a-prevencao-de-doencas-cardiovasculares\/","name":"Aspirina para a preven\u00e7\u00e3o de doen\u00e7as cardiovasculares - SBMFC","isPartOf":{"@id":"https:\/\/sbmfc.org.br\/site-antigo\/#website"},"datePublished":"2010-10-07T17:08:00+00:00","dateModified":"2018-10-03T22:33:16+00:00","breadcrumb":{"@id":"https:\/\/sbmfc.org.br\/site-antigo\/aspirina-para-a-prevencao-de-doencas-cardiovasculares\/#breadcrumb"},"inLanguage":"pt-BR","potentialAction":[{"@type":"ReadAction","target":["https:\/\/sbmfc.org.br\/site-antigo\/aspirina-para-a-prevencao-de-doencas-cardiovasculares\/"]}]},{"@type":"BreadcrumbList","@id":"https:\/\/sbmfc.org.br\/site-antigo\/aspirina-para-a-prevencao-de-doencas-cardiovasculares\/#breadcrumb","itemListElement":[{"@type":"ListItem","position":1,"name":"In\u00edcio","item":"https:\/\/sbmfc.org.br\/site-antigo\/"},{"@type":"ListItem","position":2,"name":"Aspirina para a preven\u00e7\u00e3o de doen\u00e7as cardiovasculares"}]}]}},"_links":{"self":[{"href":"https:\/\/sbmfc.org.br\/site-antigo\/wp-json\/wp\/v2\/pages\/652"}],"collection":[{"href":"https:\/\/sbmfc.org.br\/site-antigo\/wp-json\/wp\/v2\/pages"}],"about":[{"href":"https:\/\/sbmfc.org.br\/site-antigo\/wp-json\/wp\/v2\/types\/page"}],"author":[{"embeddable":true,"href":"https:\/\/sbmfc.org.br\/site-antigo\/wp-json\/wp\/v2\/users\/1"}],"replies":[{"embeddable":true,"href":"https:\/\/sbmfc.org.br\/site-antigo\/wp-json\/wp\/v2\/comments?post=652"}],"version-history":[{"count":0,"href":"https:\/\/sbmfc.org.br\/site-antigo\/wp-json\/wp\/v2\/pages\/652\/revisions"}],"wp:attachment":[{"href":"https:\/\/sbmfc.org.br\/site-antigo\/wp-json\/wp\/v2\/media?parent=652"}],"curies":[{"name":"wp","href":"https:\/\/api.w.org\/{rel}","templated":true}]}}