{"id":6182,"date":"2021-03-17T11:53:23","date_gmt":"2021-03-17T14:53:23","guid":{"rendered":"https:\/\/www.sbmfc.org.br\/?page_id=6182"},"modified":"2021-03-17T11:53:23","modified_gmt":"2021-03-17T14:53:23","slug":"conselho-de-etica","status":"publish","type":"page","link":"https:\/\/sbmfc.org.br\/site-antigo\/conselho-de-etica\/","title":{"rendered":"Conselho de \u00c9tica"},"content":{"rendered":"<p>A Comiss\u00e3o de \u00c9tica tem a prerrogativa estatut\u00e1ria de apurar den\u00fancias relativas \u00e0 infra\u00e7\u00f5es \u00e9ticas cometidas por associados(as). Compete \u00e0 Comiss\u00e3o impedir o ingresso, o reingresso e anular a admiss\u00e3o ou excluir dos quadros sociais, respeitado o contradit\u00f3rio, o associado(a) em raz\u00e3o de infra\u00e7\u00f5es \u00e9ticas cometidas.<\/p>\n<p>Composi\u00e7\u00e3o:<\/p>\n<p>EUCLIDES COLA\u00c7O MELO DOS PASSOS: em medicina pela Universidade do Estado do Rio de Janeiro (UERJ) e Mestre em Bio\u00e9tica pela Universidade do Vale do Sapuca\u00ed (UNIVAS). Atualmente \u00e9 professor PUC Minas Campus Po\u00e7os de Caldas, M\u00e9dico da Estrat\u00e9gia de Sa\u00fade da Fam\u00edlia na Secretaria Municipal de Sa\u00fade de Po\u00e7os de Caldas e Coordenador do Programa de Resid\u00eancia M\u00e9dica em Medicina de Fam\u00edlia e Comunidade da PUC Minas &#8211; Po\u00e7os de Caldas-MG. Membro dos Grupos de Trabalho de Sa\u00fade Mental e Sa\u00fade da Popula\u00e7\u00e3o Negra, ambos vinculados a Sociedade Brasileira de Medicina de Fam\u00edlia e Comunidade.<\/p>\n<p>JO\u00c3O WERNER FALK: M\u00e9dico, Especialista em Medicina de Fam\u00edlia e Comunidade, com mestrado e doutorado em Ci\u00eancias M\u00e9dicas. Professor Titular e Ex-chefe do Departamento de Medicina Social da Faculdade de Medicina da Universidade Federal do Rio Grande do Sul. Ex-presidente (em cinco gest\u00f5es) e ex-diretor de titula\u00e7\u00e3o (em duas gest\u00f5es) da Sociedade Brasileira de Medicina de Fam\u00edlia e Comunidade.<\/p>\n<p>M\u00d4NICA CORREIA LIMA: Bacharel em Educa\u00e7\u00e3o Religiosa pelo Instituto Batista de Educa\u00e7\u00e3o Religiosa (1989) e Bacharel em Medicina pela Universidade Federal do Paran\u00e1 (1998). Especialista em Medicina de Fam\u00edlia e Comunidade TEMFC 2004, Especializa\u00e7\u00e3o em Medicina de Fam\u00edlia e Comunidade pela Faculdade Evang\u00e9lica de Medicina do Paran\u00e1 e Hospital Italiano de Buenos Aires (2002). Mestre em Gest\u00e3o de Pol\u00edticas P\u00fablicas (2010). Doutora em Ci\u00eancia do Programa de Medicina Preventiva da faculdade de Medicina da USP (2016 ). P\u00f3s Graduada em Acupuntura pelo CESAC (2019). Tem experi\u00eancia na \u00e1rea de Medicina, com \u00eanfase em Medicina de Fam\u00edlia e Comunidade, atuando principalmente nos seguintes temas: Medicina rural, Conselho Municipal de Sa\u00fade, Conselho Local de Sa\u00fade, Estrat\u00e9gia de Sa\u00fade da Fam\u00edlia e participa\u00e7\u00e3o da comunidade.<\/p>\n","protected":false},"excerpt":{"rendered":"<p>A Comiss\u00e3o de \u00c9tica tem a prerrogativa estatut\u00e1ria de apurar den\u00fancias relativas \u00e0 infra\u00e7\u00f5es \u00e9ticas cometidas por associados(as). Compete \u00e0 Comiss\u00e3o impedir o ingresso, o reingresso e anular a admiss\u00e3o ou excluir dos quadros sociais, respeitado o contradit\u00f3rio, o associado(a) em raz\u00e3o de infra\u00e7\u00f5es \u00e9ticas cometidas. Composi\u00e7\u00e3o: EUCLIDES COLA\u00c7O MELO DOS PASSOS: em medicina pela [&hellip;]<\/p>\n","protected":false},"author":1,"featured_media":0,"parent":0,"menu_order":0,"comment_status":"closed","ping_status":"closed","template":"","meta":[],"yoast_head":"<!-- This site is optimized with the Yoast SEO plugin v17.9 - https:\/\/yoast.com\/wordpress\/plugins\/seo\/ -->\n<meta name=\"robots\" content=\"index, follow, max-snippet:-1, max-image-preview:large, max-video-preview:-1\" \/>\n<link rel=\"canonical\" href=\"https:\/\/sbmfc.org.br\/site-antigo\/conselho-de-etica\/\" \/>\n<meta property=\"og:locale\" content=\"pt_BR\" \/>\n<meta property=\"og:type\" content=\"article\" \/>\n<meta property=\"og:title\" content=\"Conselho de \u00c9tica - SBMFC\" \/>\n<meta property=\"og:description\" content=\"A Comiss\u00e3o de \u00c9tica tem a prerrogativa estatut\u00e1ria de apurar den\u00fancias relativas \u00e0 infra\u00e7\u00f5es \u00e9ticas cometidas por associados(as). Compete \u00e0 Comiss\u00e3o impedir o ingresso, o reingresso e anular a admiss\u00e3o ou excluir dos quadros sociais, respeitado o contradit\u00f3rio, o associado(a) em raz\u00e3o de infra\u00e7\u00f5es \u00e9ticas cometidas. Composi\u00e7\u00e3o: EUCLIDES COLA\u00c7O MELO DOS PASSOS: em medicina pela [&hellip;]\" \/>\n<meta property=\"og:url\" content=\"https:\/\/sbmfc.org.br\/site-antigo\/conselho-de-etica\/\" \/>\n<meta property=\"og:site_name\" content=\"SBMFC\" \/>\n<meta name=\"twitter:card\" content=\"summary_large_image\" \/>\n<meta name=\"twitter:label1\" content=\"Est. tempo de leitura\" \/>\n\t<meta name=\"twitter:data1\" content=\"2 minutos\" \/>\n<script type=\"application\/ld+json\" class=\"yoast-schema-graph\">{\"@context\":\"https:\/\/schema.org\",\"@graph\":[{\"@type\":\"WebSite\",\"@id\":\"https:\/\/sbmfc.org.br\/site-antigo\/#website\",\"url\":\"https:\/\/sbmfc.org.br\/site-antigo\/\",\"name\":\"SBMFC\",\"description\":\"Sociedade Brasileira de Medicina de Fam\\u00edlia e Comunidade\",\"potentialAction\":[{\"@type\":\"SearchAction\",\"target\":{\"@type\":\"EntryPoint\",\"urlTemplate\":\"https:\/\/sbmfc.org.br\/site-antigo\/?s={search_term_string}\"},\"query-input\":\"required name=search_term_string\"}],\"inLanguage\":\"pt-BR\"},{\"@type\":\"WebPage\",\"@id\":\"https:\/\/sbmfc.org.br\/site-antigo\/conselho-de-etica\/#webpage\",\"url\":\"https:\/\/sbmfc.org.br\/site-antigo\/conselho-de-etica\/\",\"name\":\"Conselho de \\u00c9tica - SBMFC\",\"isPartOf\":{\"@id\":\"https:\/\/sbmfc.org.br\/site-antigo\/#website\"},\"datePublished\":\"2021-03-17T14:53:23+00:00\",\"dateModified\":\"2021-03-17T14:53:23+00:00\",\"breadcrumb\":{\"@id\":\"https:\/\/sbmfc.org.br\/site-antigo\/conselho-de-etica\/#breadcrumb\"},\"inLanguage\":\"pt-BR\",\"potentialAction\":[{\"@type\":\"ReadAction\",\"target\":[\"https:\/\/sbmfc.org.br\/site-antigo\/conselho-de-etica\/\"]}]},{\"@type\":\"BreadcrumbList\",\"@id\":\"https:\/\/sbmfc.org.br\/site-antigo\/conselho-de-etica\/#breadcrumb\",\"itemListElement\":[{\"@type\":\"ListItem\",\"position\":1,\"name\":\"In\\u00edcio\",\"item\":\"https:\/\/sbmfc.org.br\/site-antigo\/\"},{\"@type\":\"ListItem\",\"position\":2,\"name\":\"Conselho de \\u00c9tica\"}]}]}<\/script>\n<!-- \/ Yoast SEO plugin. -->","yoast_head_json":{"robots":{"index":"index","follow":"follow","max-snippet":"max-snippet:-1","max-image-preview":"max-image-preview:large","max-video-preview":"max-video-preview:-1"},"canonical":"https:\/\/sbmfc.org.br\/site-antigo\/conselho-de-etica\/","og_locale":"pt_BR","og_type":"article","og_title":"Conselho de \u00c9tica - SBMFC","og_description":"A Comiss\u00e3o de \u00c9tica tem a prerrogativa estatut\u00e1ria de apurar den\u00fancias relativas \u00e0 infra\u00e7\u00f5es \u00e9ticas cometidas por associados(as). Compete \u00e0 Comiss\u00e3o impedir o ingresso, o reingresso e anular a admiss\u00e3o ou excluir dos quadros sociais, respeitado o contradit\u00f3rio, o associado(a) em raz\u00e3o de infra\u00e7\u00f5es \u00e9ticas cometidas. Composi\u00e7\u00e3o: EUCLIDES COLA\u00c7O MELO DOS PASSOS: em medicina pela [&hellip;]","og_url":"https:\/\/sbmfc.org.br\/site-antigo\/conselho-de-etica\/","og_site_name":"SBMFC","twitter_card":"summary_large_image","twitter_misc":{"Est. tempo de leitura":"2 minutos"},"schema":{"@context":"https:\/\/schema.org","@graph":[{"@type":"WebSite","@id":"https:\/\/sbmfc.org.br\/site-antigo\/#website","url":"https:\/\/sbmfc.org.br\/site-antigo\/","name":"SBMFC","description":"Sociedade Brasileira de Medicina de Fam\u00edlia e Comunidade","potentialAction":[{"@type":"SearchAction","target":{"@type":"EntryPoint","urlTemplate":"https:\/\/sbmfc.org.br\/site-antigo\/?s={search_term_string}"},"query-input":"required name=search_term_string"}],"inLanguage":"pt-BR"},{"@type":"WebPage","@id":"https:\/\/sbmfc.org.br\/site-antigo\/conselho-de-etica\/#webpage","url":"https:\/\/sbmfc.org.br\/site-antigo\/conselho-de-etica\/","name":"Conselho de \u00c9tica - SBMFC","isPartOf":{"@id":"https:\/\/sbmfc.org.br\/site-antigo\/#website"},"datePublished":"2021-03-17T14:53:23+00:00","dateModified":"2021-03-17T14:53:23+00:00","breadcrumb":{"@id":"https:\/\/sbmfc.org.br\/site-antigo\/conselho-de-etica\/#breadcrumb"},"inLanguage":"pt-BR","potentialAction":[{"@type":"ReadAction","target":["https:\/\/sbmfc.org.br\/site-antigo\/conselho-de-etica\/"]}]},{"@type":"BreadcrumbList","@id":"https:\/\/sbmfc.org.br\/site-antigo\/conselho-de-etica\/#breadcrumb","itemListElement":[{"@type":"ListItem","position":1,"name":"In\u00edcio","item":"https:\/\/sbmfc.org.br\/site-antigo\/"},{"@type":"ListItem","position":2,"name":"Conselho de \u00c9tica"}]}]}},"_links":{"self":[{"href":"https:\/\/sbmfc.org.br\/site-antigo\/wp-json\/wp\/v2\/pages\/6182"}],"collection":[{"href":"https:\/\/sbmfc.org.br\/site-antigo\/wp-json\/wp\/v2\/pages"}],"about":[{"href":"https:\/\/sbmfc.org.br\/site-antigo\/wp-json\/wp\/v2\/types\/page"}],"author":[{"embeddable":true,"href":"https:\/\/sbmfc.org.br\/site-antigo\/wp-json\/wp\/v2\/users\/1"}],"replies":[{"embeddable":true,"href":"https:\/\/sbmfc.org.br\/site-antigo\/wp-json\/wp\/v2\/comments?post=6182"}],"version-history":[{"count":1,"href":"https:\/\/sbmfc.org.br\/site-antigo\/wp-json\/wp\/v2\/pages\/6182\/revisions"}],"predecessor-version":[{"id":6183,"href":"https:\/\/sbmfc.org.br\/site-antigo\/wp-json\/wp\/v2\/pages\/6182\/revisions\/6183"}],"wp:attachment":[{"href":"https:\/\/sbmfc.org.br\/site-antigo\/wp-json\/wp\/v2\/media?parent=6182"}],"curies":[{"name":"wp","href":"https:\/\/api.w.org\/{rel}","templated":true}]}}