{"id":6166,"date":"2021-03-12T14:55:27","date_gmt":"2021-03-12T17:55:27","guid":{"rendered":"https:\/\/www.sbmfc.org.br\/?page_id=6166"},"modified":"2021-03-12T14:59:18","modified_gmt":"2021-03-12T17:59:18","slug":"conselho-fiscal","status":"publish","type":"page","link":"https:\/\/sbmfc.org.br\/site-antigo\/conselho-fiscal\/","title":{"rendered":"Conselho Fiscal"},"content":{"rendered":"<p>CONSELHO FISCAL<\/p>\n<p>O Conselho Fiscal tem a compet\u00eancia de analisar as demonstra\u00e7\u00f5es financeiras da SBMFC, emitindo parecer anual sobre as atividades da tesouraria e de administra\u00e7\u00e3o da Sociedade. Pode fazer recomenda\u00e7\u00f5es ao Conselho Diretor e \u00e0 Diretoria da SBMFC, com ao desenvolvimento de a\u00e7\u00f5es e aplica\u00e7\u00f5es financeiras.<\/p>\n<p>Composi\u00e7\u00e3o:<\/p>\n<p>ARIST\u00d3TELES HOMERO DOS SANTOS CARDONA J\u00daNIOR: M\u00e9dico de Fam\u00edlia e Comunidade em Petrolina-PE, professor da Universidade Federal do Vale do S\u00e3o Francisco e diretor na Associa\u00e7\u00e3o Pernambucana de Medicina de Fam\u00edlia e Comunidade<\/p>\n<p>BARBARA BARREIROS :M\u00e9dica de Fam\u00edlia e Comunidade, mestre em produ\u00e7\u00e3o e avalia\u00e7\u00e3o em tecnologias de sa\u00fade para o SUS, coordenadora do n\u00facleo de gest\u00e3o da cl\u00ednica e do programa de resid\u00eancia em MFC de S\u00e3o Bernardo do Campo<\/p>\n<p>TALES COELHO SAMPAIO: T\u00edtulo de Especialista em Medicina de Fam\u00edlia e Comunidade. P\u00f3s-graduado em Sa\u00fade da Fam\u00edlia; Sa\u00fade do Idoso; Geriatria e Medicina de Fam\u00edlia e Comunidade. Mestre em \u201cAvalia\u00e7\u00e3o de Pol\u00edticas P\u00fablicas\u201d pela UFC\/CE. M\u00e9dico da ESF de Fortaleza; Supervisor do Programa Mais M\u00e9dicos Brasil; Supervisor do Programa M\u00e9dico da Fam\u00edlia Cear\u00e1. Coordenador do PET-Saude Interprofissionalidade da UNIFOR. Professor do Curso de Medicina da Universidade de Fortaleza &#8211; UNIFOR<\/p>\n<p>&nbsp;<\/p>\n","protected":false},"excerpt":{"rendered":"<p>CONSELHO FISCAL O Conselho Fiscal tem a compet\u00eancia de analisar as demonstra\u00e7\u00f5es financeiras da SBMFC, emitindo parecer anual sobre as atividades da tesouraria e de administra\u00e7\u00e3o da Sociedade. Pode fazer recomenda\u00e7\u00f5es ao Conselho Diretor e \u00e0 Diretoria da SBMFC, com ao desenvolvimento de a\u00e7\u00f5es e aplica\u00e7\u00f5es financeiras. Composi\u00e7\u00e3o: ARIST\u00d3TELES HOMERO DOS SANTOS CARDONA J\u00daNIOR: M\u00e9dico [&hellip;]<\/p>\n","protected":false},"author":1,"featured_media":0,"parent":0,"menu_order":0,"comment_status":"closed","ping_status":"closed","template":"","meta":[],"yoast_head":"<!-- This site is optimized with the Yoast SEO plugin v17.9 - https:\/\/yoast.com\/wordpress\/plugins\/seo\/ -->\n<meta name=\"robots\" content=\"index, follow, max-snippet:-1, max-image-preview:large, max-video-preview:-1\" \/>\n<link rel=\"canonical\" href=\"https:\/\/sbmfc.org.br\/site-antigo\/conselho-fiscal\/\" \/>\n<meta property=\"og:locale\" content=\"pt_BR\" \/>\n<meta property=\"og:type\" content=\"article\" \/>\n<meta property=\"og:title\" content=\"Conselho Fiscal - SBMFC\" \/>\n<meta property=\"og:description\" content=\"CONSELHO FISCAL O Conselho Fiscal tem a compet\u00eancia de analisar as demonstra\u00e7\u00f5es financeiras da SBMFC, emitindo parecer anual sobre as atividades da tesouraria e de administra\u00e7\u00e3o da Sociedade. Pode fazer recomenda\u00e7\u00f5es ao Conselho Diretor e \u00e0 Diretoria da SBMFC, com ao desenvolvimento de a\u00e7\u00f5es e aplica\u00e7\u00f5es financeiras. Composi\u00e7\u00e3o: ARIST\u00d3TELES HOMERO DOS SANTOS CARDONA J\u00daNIOR: M\u00e9dico [&hellip;]\" \/>\n<meta property=\"og:url\" content=\"https:\/\/sbmfc.org.br\/site-antigo\/conselho-fiscal\/\" \/>\n<meta property=\"og:site_name\" content=\"SBMFC\" \/>\n<meta property=\"article:modified_time\" content=\"2021-03-12T17:59:18+00:00\" \/>\n<meta name=\"twitter:card\" content=\"summary_large_image\" \/>\n<meta name=\"twitter:label1\" content=\"Est. tempo de leitura\" \/>\n\t<meta name=\"twitter:data1\" content=\"1 minuto\" \/>\n<script type=\"application\/ld+json\" class=\"yoast-schema-graph\">{\"@context\":\"https:\/\/schema.org\",\"@graph\":[{\"@type\":\"WebSite\",\"@id\":\"https:\/\/sbmfc.org.br\/site-antigo\/#website\",\"url\":\"https:\/\/sbmfc.org.br\/site-antigo\/\",\"name\":\"SBMFC\",\"description\":\"Sociedade Brasileira de Medicina de Fam\\u00edlia e Comunidade\",\"potentialAction\":[{\"@type\":\"SearchAction\",\"target\":{\"@type\":\"EntryPoint\",\"urlTemplate\":\"https:\/\/sbmfc.org.br\/site-antigo\/?s={search_term_string}\"},\"query-input\":\"required name=search_term_string\"}],\"inLanguage\":\"pt-BR\"},{\"@type\":\"WebPage\",\"@id\":\"https:\/\/sbmfc.org.br\/site-antigo\/conselho-fiscal\/#webpage\",\"url\":\"https:\/\/sbmfc.org.br\/site-antigo\/conselho-fiscal\/\",\"name\":\"Conselho Fiscal - SBMFC\",\"isPartOf\":{\"@id\":\"https:\/\/sbmfc.org.br\/site-antigo\/#website\"},\"datePublished\":\"2021-03-12T17:55:27+00:00\",\"dateModified\":\"2021-03-12T17:59:18+00:00\",\"breadcrumb\":{\"@id\":\"https:\/\/sbmfc.org.br\/site-antigo\/conselho-fiscal\/#breadcrumb\"},\"inLanguage\":\"pt-BR\",\"potentialAction\":[{\"@type\":\"ReadAction\",\"target\":[\"https:\/\/sbmfc.org.br\/site-antigo\/conselho-fiscal\/\"]}]},{\"@type\":\"BreadcrumbList\",\"@id\":\"https:\/\/sbmfc.org.br\/site-antigo\/conselho-fiscal\/#breadcrumb\",\"itemListElement\":[{\"@type\":\"ListItem\",\"position\":1,\"name\":\"In\\u00edcio\",\"item\":\"https:\/\/sbmfc.org.br\/site-antigo\/\"},{\"@type\":\"ListItem\",\"position\":2,\"name\":\"Conselho Fiscal\"}]}]}<\/script>\n<!-- \/ Yoast SEO plugin. -->","yoast_head_json":{"robots":{"index":"index","follow":"follow","max-snippet":"max-snippet:-1","max-image-preview":"max-image-preview:large","max-video-preview":"max-video-preview:-1"},"canonical":"https:\/\/sbmfc.org.br\/site-antigo\/conselho-fiscal\/","og_locale":"pt_BR","og_type":"article","og_title":"Conselho Fiscal - SBMFC","og_description":"CONSELHO FISCAL O Conselho Fiscal tem a compet\u00eancia de analisar as demonstra\u00e7\u00f5es financeiras da SBMFC, emitindo parecer anual sobre as atividades da tesouraria e de administra\u00e7\u00e3o da Sociedade. Pode fazer recomenda\u00e7\u00f5es ao Conselho Diretor e \u00e0 Diretoria da SBMFC, com ao desenvolvimento de a\u00e7\u00f5es e aplica\u00e7\u00f5es financeiras. Composi\u00e7\u00e3o: ARIST\u00d3TELES HOMERO DOS SANTOS CARDONA J\u00daNIOR: M\u00e9dico [&hellip;]","og_url":"https:\/\/sbmfc.org.br\/site-antigo\/conselho-fiscal\/","og_site_name":"SBMFC","article_modified_time":"2021-03-12T17:59:18+00:00","twitter_card":"summary_large_image","twitter_misc":{"Est. tempo de leitura":"1 minuto"},"schema":{"@context":"https:\/\/schema.org","@graph":[{"@type":"WebSite","@id":"https:\/\/sbmfc.org.br\/site-antigo\/#website","url":"https:\/\/sbmfc.org.br\/site-antigo\/","name":"SBMFC","description":"Sociedade Brasileira de Medicina de Fam\u00edlia e Comunidade","potentialAction":[{"@type":"SearchAction","target":{"@type":"EntryPoint","urlTemplate":"https:\/\/sbmfc.org.br\/site-antigo\/?s={search_term_string}"},"query-input":"required name=search_term_string"}],"inLanguage":"pt-BR"},{"@type":"WebPage","@id":"https:\/\/sbmfc.org.br\/site-antigo\/conselho-fiscal\/#webpage","url":"https:\/\/sbmfc.org.br\/site-antigo\/conselho-fiscal\/","name":"Conselho Fiscal - SBMFC","isPartOf":{"@id":"https:\/\/sbmfc.org.br\/site-antigo\/#website"},"datePublished":"2021-03-12T17:55:27+00:00","dateModified":"2021-03-12T17:59:18+00:00","breadcrumb":{"@id":"https:\/\/sbmfc.org.br\/site-antigo\/conselho-fiscal\/#breadcrumb"},"inLanguage":"pt-BR","potentialAction":[{"@type":"ReadAction","target":["https:\/\/sbmfc.org.br\/site-antigo\/conselho-fiscal\/"]}]},{"@type":"BreadcrumbList","@id":"https:\/\/sbmfc.org.br\/site-antigo\/conselho-fiscal\/#breadcrumb","itemListElement":[{"@type":"ListItem","position":1,"name":"In\u00edcio","item":"https:\/\/sbmfc.org.br\/site-antigo\/"},{"@type":"ListItem","position":2,"name":"Conselho Fiscal"}]}]}},"_links":{"self":[{"href":"https:\/\/sbmfc.org.br\/site-antigo\/wp-json\/wp\/v2\/pages\/6166"}],"collection":[{"href":"https:\/\/sbmfc.org.br\/site-antigo\/wp-json\/wp\/v2\/pages"}],"about":[{"href":"https:\/\/sbmfc.org.br\/site-antigo\/wp-json\/wp\/v2\/types\/page"}],"author":[{"embeddable":true,"href":"https:\/\/sbmfc.org.br\/site-antigo\/wp-json\/wp\/v2\/users\/1"}],"replies":[{"embeddable":true,"href":"https:\/\/sbmfc.org.br\/site-antigo\/wp-json\/wp\/v2\/comments?post=6166"}],"version-history":[{"count":1,"href":"https:\/\/sbmfc.org.br\/site-antigo\/wp-json\/wp\/v2\/pages\/6166\/revisions"}],"predecessor-version":[{"id":6167,"href":"https:\/\/sbmfc.org.br\/site-antigo\/wp-json\/wp\/v2\/pages\/6166\/revisions\/6167"}],"wp:attachment":[{"href":"https:\/\/sbmfc.org.br\/site-antigo\/wp-json\/wp\/v2\/media?parent=6166"}],"curies":[{"name":"wp","href":"https:\/\/api.w.org\/{rel}","templated":true}]}}