{"id":6051,"date":"2021-02-16T17:22:26","date_gmt":"2021-02-16T20:22:26","guid":{"rendered":"https:\/\/www.sbmfc.org.br\/?page_id=6051"},"modified":"2021-02-17T12:44:10","modified_gmt":"2021-02-17T15:44:10","slug":"promef","status":"publish","type":"page","link":"https:\/\/sbmfc.org.br\/site-antigo\/promef\/","title":{"rendered":"PROMEF"},"content":{"rendered":"<p>O Programa de Atualiza\u00e7\u00e3o em Medicina de Fam\u00edlia e Comunidade (PROMEF) \u00e9 dirigido aos m\u00e9dicos e m\u00e9dicas especialistas em cuidados integrais, aos e \u00e0s MFCs. Os temas s\u00e3o abordados de forma did\u00e1tica, a partir de casos cl\u00ednicos e situa\u00e7\u00f5es concretas do dia a dia das unidades de Aten\u00e7\u00e3o Prim\u00e1ria \u00e0 Sa\u00fade. Os autores e autoras s\u00e3o profissionais experientes na pr\u00e1tica da especialidade e selecionados pela Sociedade Brasileira de Medicina de Fam\u00edlia e Comunidade (SBMFC).<\/p>\n<p>O PROMEF est\u00e1 fazendo 15 anos em 2021 e consolida-se como um produto de excel\u00eancia da SBMFC em parceria com a ARTMED. Desde seu in\u00edcio, o PROMEF teve 4 organizadores: Maria Inez Padula Anderson (4 anos); Eno Dias Castro Filho (6 anos); Daniel Knupp (10 anos) e Roberto Umpierre (6 anos), todos eles deram contribui\u00e7\u00f5es importantes \u00e0 qualifica\u00e7\u00e3o desta iniciativa.<\/p>\n<p>A partir de abril de 2021, contamos com novos organizadores, desta vez, tr\u00eas profissionais, dos quais duas mulheres e todos de elevada qualifica\u00e7\u00e3o t\u00e9cnica. A meta \u00e9 ampliar as tem\u00e1ticas e para tanto contaremos com uma intera\u00e7\u00e3o permanente dos organizadores com a Diretoria da SBMFC com vista \u00e0 busca de novas tem\u00e1ticas e novos e novas autores.<\/p>\n<p>Associados e associadas da SBMFC podem adquirir o PROMEF com desconto especial no link: <a href=\"https:\/\/secad.artmed.com.br\/curso\/medicina\/promef-programa-de-atualizacao-em-medicina-de-familia-e-comunidade\/\">https:\/\/secad.artmed.com.br\/curso\/medicina\/promef-programa-de-atualizacao-em-medicina-de-familia-e-comunidade\/<\/a><\/p>\n<p><strong>Novas organizadoras e do novo organizador do PROMEF, a partir de abril de 2021:<\/strong><\/p>\n<p>Andr\u00e9 Petraglia Sassi, M\u00e9dico de Fam\u00edlia e Comunidade, Especialista em Sa\u00fade P\u00fablica e em Educa\u00e7\u00e3o Moderna. Mestre e Doutor em Sociologia. Professor da Universidade Federal da Para\u00edba e Preceptor do Programa de Resid\u00eancia em MFC da UFPB. Coordenador do Curso de Gradua\u00e7\u00e3o em Medicina e supervisor do Programa de Resid\u00eancia em Medicina de Fam\u00edlia e Comunidade do Centro Universit\u00e1rio de Jo\u00e3o Pessoa (UNIPE).<\/p>\n<p>Ruth Borges Dias, M\u00e9dica de Fam\u00edlia e Comunidade, Professora na gradua\u00e7\u00e3o de medicina e p\u00f3s gradua\u00e7\u00e3o (RMMFC e Mestrado de Ensino em Sa\u00fade das Faculdades de Medicina da Unifenas (Alfenas e Belo Horizonte). Ex-presidente da AMMFC, ex-Diretora Cient\u00edfica da SBMFC, ex-diretora de Assuntos do Interior da AMMG, membro da c\u00e2mara t\u00e9cnica de Medicina de Fam\u00edlia e Comunidade do Conselho Regional de Medicina de Minas Gerais.<\/p>\n<p>Tatiana Monteiro Fiuza. M\u00e9dica de Fam\u00edlia e Comunidade, Hebiatra. Mestre em Sa\u00fade Publica e Doutora em Sa\u00fade Coletiva. Professora da Universidade Federal do Cear\u00e1 e Preceptora do Programa de Resid\u00eancia em Medicina de Fam\u00edlia e Comunidade de Fortaleza.<\/p>\n<p><img loading=\"lazy\" class=\"alignnone  wp-image-6050\" src=\"https:\/\/www.sbmfc.org.br\/wp-content\/uploads\/2021\/02\/b1e27a1b-promef_10fn0eg0fn0e0000008028-300x269.png\" alt=\"\" width=\"332\" height=\"298\" srcset=\"https:\/\/sbmfc.org.br\/site-antigo\/wp-content\/uploads\/2021\/02\/b1e27a1b-promef_10fn0eg0fn0e0000008028-300x269.png 300w, https:\/\/sbmfc.org.br\/site-antigo\/wp-content\/uploads\/2021\/02\/b1e27a1b-promef_10fn0eg0fn0e0000008028.png 563w\" sizes=\"(max-width: 332px) 100vw, 332px\" \/><\/p>\n","protected":false},"excerpt":{"rendered":"<p>O Programa de Atualiza\u00e7\u00e3o em Medicina de Fam\u00edlia e Comunidade (PROMEF) \u00e9 dirigido aos m\u00e9dicos e m\u00e9dicas especialistas em cuidados integrais, aos e \u00e0s MFCs. Os temas s\u00e3o abordados de forma did\u00e1tica, a partir de casos cl\u00ednicos e situa\u00e7\u00f5es concretas do dia a dia das unidades de Aten\u00e7\u00e3o Prim\u00e1ria \u00e0 Sa\u00fade. Os autores e autoras [&hellip;]<\/p>\n","protected":false},"author":1,"featured_media":0,"parent":0,"menu_order":0,"comment_status":"closed","ping_status":"closed","template":"","meta":[],"yoast_head":"<!-- This site is optimized with the Yoast SEO plugin v17.9 - https:\/\/yoast.com\/wordpress\/plugins\/seo\/ -->\n<meta name=\"robots\" content=\"index, follow, max-snippet:-1, max-image-preview:large, max-video-preview:-1\" \/>\n<link rel=\"canonical\" href=\"https:\/\/sbmfc.org.br\/site-antigo\/promef\/\" \/>\n<meta property=\"og:locale\" content=\"pt_BR\" \/>\n<meta property=\"og:type\" content=\"article\" \/>\n<meta property=\"og:title\" content=\"PROMEF - SBMFC\" \/>\n<meta property=\"og:description\" content=\"O Programa de Atualiza\u00e7\u00e3o em Medicina de Fam\u00edlia e Comunidade (PROMEF) \u00e9 dirigido aos m\u00e9dicos e m\u00e9dicas especialistas em cuidados integrais, aos e \u00e0s MFCs. Os temas s\u00e3o abordados de forma did\u00e1tica, a partir de casos cl\u00ednicos e situa\u00e7\u00f5es concretas do dia a dia das unidades de Aten\u00e7\u00e3o Prim\u00e1ria \u00e0 Sa\u00fade. Os autores e autoras [&hellip;]\" \/>\n<meta property=\"og:url\" content=\"https:\/\/sbmfc.org.br\/site-antigo\/promef\/\" \/>\n<meta property=\"og:site_name\" content=\"SBMFC\" \/>\n<meta property=\"article:modified_time\" content=\"2021-02-17T15:44:10+00:00\" \/>\n<meta property=\"og:image\" content=\"https:\/\/www.sbmfc.org.br\/wp-content\/uploads\/2021\/02\/b1e27a1b-promef_10fn0eg0fn0e0000008028-300x269.png\" \/>\n<meta name=\"twitter:card\" content=\"summary_large_image\" \/>\n<meta name=\"twitter:label1\" content=\"Est. tempo de leitura\" \/>\n\t<meta name=\"twitter:data1\" content=\"2 minutos\" \/>\n<script type=\"application\/ld+json\" class=\"yoast-schema-graph\">{\"@context\":\"https:\/\/schema.org\",\"@graph\":[{\"@type\":\"WebSite\",\"@id\":\"https:\/\/sbmfc.org.br\/site-antigo\/#website\",\"url\":\"https:\/\/sbmfc.org.br\/site-antigo\/\",\"name\":\"SBMFC\",\"description\":\"Sociedade Brasileira de Medicina de Fam\\u00edlia e Comunidade\",\"potentialAction\":[{\"@type\":\"SearchAction\",\"target\":{\"@type\":\"EntryPoint\",\"urlTemplate\":\"https:\/\/sbmfc.org.br\/site-antigo\/?s={search_term_string}\"},\"query-input\":\"required name=search_term_string\"}],\"inLanguage\":\"pt-BR\"},{\"@type\":\"ImageObject\",\"@id\":\"https:\/\/sbmfc.org.br\/site-antigo\/promef\/#primaryimage\",\"inLanguage\":\"pt-BR\",\"url\":\"https:\/\/www.sbmfc.org.br\/wp-content\/uploads\/2021\/02\/b1e27a1b-promef_10fn0eg0fn0e0000008028-300x269.png\",\"contentUrl\":\"https:\/\/www.sbmfc.org.br\/wp-content\/uploads\/2021\/02\/b1e27a1b-promef_10fn0eg0fn0e0000008028-300x269.png\"},{\"@type\":\"WebPage\",\"@id\":\"https:\/\/sbmfc.org.br\/site-antigo\/promef\/#webpage\",\"url\":\"https:\/\/sbmfc.org.br\/site-antigo\/promef\/\",\"name\":\"PROMEF - SBMFC\",\"isPartOf\":{\"@id\":\"https:\/\/sbmfc.org.br\/site-antigo\/#website\"},\"primaryImageOfPage\":{\"@id\":\"https:\/\/sbmfc.org.br\/site-antigo\/promef\/#primaryimage\"},\"datePublished\":\"2021-02-16T20:22:26+00:00\",\"dateModified\":\"2021-02-17T15:44:10+00:00\",\"breadcrumb\":{\"@id\":\"https:\/\/sbmfc.org.br\/site-antigo\/promef\/#breadcrumb\"},\"inLanguage\":\"pt-BR\",\"potentialAction\":[{\"@type\":\"ReadAction\",\"target\":[\"https:\/\/sbmfc.org.br\/site-antigo\/promef\/\"]}]},{\"@type\":\"BreadcrumbList\",\"@id\":\"https:\/\/sbmfc.org.br\/site-antigo\/promef\/#breadcrumb\",\"itemListElement\":[{\"@type\":\"ListItem\",\"position\":1,\"name\":\"In\\u00edcio\",\"item\":\"https:\/\/sbmfc.org.br\/site-antigo\/\"},{\"@type\":\"ListItem\",\"position\":2,\"name\":\"PROMEF\"}]}]}<\/script>\n<!-- \/ Yoast SEO plugin. -->","yoast_head_json":{"robots":{"index":"index","follow":"follow","max-snippet":"max-snippet:-1","max-image-preview":"max-image-preview:large","max-video-preview":"max-video-preview:-1"},"canonical":"https:\/\/sbmfc.org.br\/site-antigo\/promef\/","og_locale":"pt_BR","og_type":"article","og_title":"PROMEF - SBMFC","og_description":"O Programa de Atualiza\u00e7\u00e3o em Medicina de Fam\u00edlia e Comunidade (PROMEF) \u00e9 dirigido aos m\u00e9dicos e m\u00e9dicas especialistas em cuidados integrais, aos e \u00e0s MFCs. Os temas s\u00e3o abordados de forma did\u00e1tica, a partir de casos cl\u00ednicos e situa\u00e7\u00f5es concretas do dia a dia das unidades de Aten\u00e7\u00e3o Prim\u00e1ria \u00e0 Sa\u00fade. Os autores e autoras [&hellip;]","og_url":"https:\/\/sbmfc.org.br\/site-antigo\/promef\/","og_site_name":"SBMFC","article_modified_time":"2021-02-17T15:44:10+00:00","og_image":[{"url":"https:\/\/www.sbmfc.org.br\/wp-content\/uploads\/2021\/02\/b1e27a1b-promef_10fn0eg0fn0e0000008028-300x269.png"}],"twitter_card":"summary_large_image","twitter_misc":{"Est. tempo de leitura":"2 minutos"},"schema":{"@context":"https:\/\/schema.org","@graph":[{"@type":"WebSite","@id":"https:\/\/sbmfc.org.br\/site-antigo\/#website","url":"https:\/\/sbmfc.org.br\/site-antigo\/","name":"SBMFC","description":"Sociedade Brasileira de Medicina de Fam\u00edlia e Comunidade","potentialAction":[{"@type":"SearchAction","target":{"@type":"EntryPoint","urlTemplate":"https:\/\/sbmfc.org.br\/site-antigo\/?s={search_term_string}"},"query-input":"required name=search_term_string"}],"inLanguage":"pt-BR"},{"@type":"ImageObject","@id":"https:\/\/sbmfc.org.br\/site-antigo\/promef\/#primaryimage","inLanguage":"pt-BR","url":"https:\/\/www.sbmfc.org.br\/wp-content\/uploads\/2021\/02\/b1e27a1b-promef_10fn0eg0fn0e0000008028-300x269.png","contentUrl":"https:\/\/www.sbmfc.org.br\/wp-content\/uploads\/2021\/02\/b1e27a1b-promef_10fn0eg0fn0e0000008028-300x269.png"},{"@type":"WebPage","@id":"https:\/\/sbmfc.org.br\/site-antigo\/promef\/#webpage","url":"https:\/\/sbmfc.org.br\/site-antigo\/promef\/","name":"PROMEF - SBMFC","isPartOf":{"@id":"https:\/\/sbmfc.org.br\/site-antigo\/#website"},"primaryImageOfPage":{"@id":"https:\/\/sbmfc.org.br\/site-antigo\/promef\/#primaryimage"},"datePublished":"2021-02-16T20:22:26+00:00","dateModified":"2021-02-17T15:44:10+00:00","breadcrumb":{"@id":"https:\/\/sbmfc.org.br\/site-antigo\/promef\/#breadcrumb"},"inLanguage":"pt-BR","potentialAction":[{"@type":"ReadAction","target":["https:\/\/sbmfc.org.br\/site-antigo\/promef\/"]}]},{"@type":"BreadcrumbList","@id":"https:\/\/sbmfc.org.br\/site-antigo\/promef\/#breadcrumb","itemListElement":[{"@type":"ListItem","position":1,"name":"In\u00edcio","item":"https:\/\/sbmfc.org.br\/site-antigo\/"},{"@type":"ListItem","position":2,"name":"PROMEF"}]}]}},"_links":{"self":[{"href":"https:\/\/sbmfc.org.br\/site-antigo\/wp-json\/wp\/v2\/pages\/6051"}],"collection":[{"href":"https:\/\/sbmfc.org.br\/site-antigo\/wp-json\/wp\/v2\/pages"}],"about":[{"href":"https:\/\/sbmfc.org.br\/site-antigo\/wp-json\/wp\/v2\/types\/page"}],"author":[{"embeddable":true,"href":"https:\/\/sbmfc.org.br\/site-antigo\/wp-json\/wp\/v2\/users\/1"}],"replies":[{"embeddable":true,"href":"https:\/\/sbmfc.org.br\/site-antigo\/wp-json\/wp\/v2\/comments?post=6051"}],"version-history":[{"count":2,"href":"https:\/\/sbmfc.org.br\/site-antigo\/wp-json\/wp\/v2\/pages\/6051\/revisions"}],"predecessor-version":[{"id":6060,"href":"https:\/\/sbmfc.org.br\/site-antigo\/wp-json\/wp\/v2\/pages\/6051\/revisions\/6060"}],"wp:attachment":[{"href":"https:\/\/sbmfc.org.br\/site-antigo\/wp-json\/wp\/v2\/media?parent=6051"}],"curies":[{"name":"wp","href":"https:\/\/api.w.org\/{rel}","templated":true}]}}