{"id":6001,"date":"2021-02-01T17:02:35","date_gmt":"2021-02-01T20:02:35","guid":{"rendered":"https:\/\/www.sbmfc.org.br\/?page_id=6001"},"modified":"2021-02-17T10:39:00","modified_gmt":"2021-02-17T13:39:00","slug":"processo-de-selecao-questoes-temfc","status":"publish","type":"page","link":"https:\/\/sbmfc.org.br\/site-antigo\/processo-de-selecao-questoes-temfc\/","title":{"rendered":"Processo de sele\u00e7\u00e3o de elaboradores de quest\u00f5es para o TEMFC"},"content":{"rendered":"<p>A Diretoria de Titula\u00e7\u00e3o da Sociedade Brasileira de Medicina de Fam\u00edlia e Comunidade (SBMFC) faz saber atrav\u00e9s deste Edital que estar\u00e3o abertas, de 02\/02\/2021 a 22\/02\/2021, as inscri\u00e7\u00f5es para a sele\u00e7\u00e3o de Elaboradores e Elaboradoras de Quest\u00f5es para a Prova de T\u00edtulo de Especialista em Medicina de Fam\u00edlia e Comunidade (TEMFC) \u2013 vig\u00e9sima nona e trig\u00e9sima edi\u00e7\u00e3o.<\/p>\n<p>Confira as regras no edital:\u00a0 <a href=\"https:\/\/www.sbmfc.org.br\/wp-content\/uploads\/2021\/02\/Edital-Elaboradores-de-Questo\u0303es-TEMFC.pdf\">Edital Elaboradores de Questo\u0303es &#8211; TEMFC<\/a><\/p>\n<p>Link para ficha de inscri\u00e7\u00e3o: <a href=\"https:\/\/forms.gle\/hJkDwKWwWG9NJ9MQ6\" target=\"_blank\" rel=\"noopener noreferrer\" saferedirecturl=\"https:\/\/www.google.com\/url?q=https:\/\/forms.gle\/hJkDwKWwWG9NJ9MQ6&amp;source=gmail&amp;ust=1612292817501000&amp;usg=AFQjCNGOOiRQAV-GKDA3aqFg6-yl81rnmQ\" class=\"broken_link\">https:\/\/forms.gle\/hJkDwKWwWG9NJ9MQ6<\/a><\/p>\n<p>Para preenchimento:\u00a0<\/p>\n<p><a href=\"https:\/\/www.sbmfc.org.br\/wp-content\/uploads\/2021\/02\/ANEXO-I-Grade-de-curri\u0301culo-Edital-elaborac\u0327a\u0303o-questo\u0303es.xlsx\">ANEXO I &#8211; Grade-de-curri\u0301culo-Edital elaborac\u0327a\u0303o questo\u0303es<\/a><\/p>\n<p><a href=\"https:\/\/www.sbmfc.org.br\/wp-content\/uploads\/2021\/02\/ANEXO-II-TERMO-DE-COMPROMISSO.pdf\">ANEXO II &#8211; TERMO DE COMPROMISSO<\/a><\/p>\n","protected":false},"excerpt":{"rendered":"<p>A Diretoria de Titula\u00e7\u00e3o da Sociedade Brasileira de Medicina de Fam\u00edlia e Comunidade (SBMFC) faz saber atrav\u00e9s deste Edital que estar\u00e3o abertas, de 02\/02\/2021 a 22\/02\/2021, as inscri\u00e7\u00f5es para a sele\u00e7\u00e3o de Elaboradores e Elaboradoras de Quest\u00f5es para a Prova de T\u00edtulo de Especialista em Medicina de Fam\u00edlia e Comunidade (TEMFC) \u2013 vig\u00e9sima nona e [&hellip;]<\/p>\n","protected":false},"author":1,"featured_media":0,"parent":0,"menu_order":0,"comment_status":"closed","ping_status":"closed","template":"","meta":[],"yoast_head":"<!-- This site is optimized with the Yoast SEO plugin v17.9 - https:\/\/yoast.com\/wordpress\/plugins\/seo\/ -->\n<meta name=\"robots\" content=\"index, follow, max-snippet:-1, max-image-preview:large, max-video-preview:-1\" \/>\n<link rel=\"canonical\" href=\"https:\/\/sbmfc.org.br\/site-antigo\/processo-de-selecao-questoes-temfc\/\" \/>\n<meta property=\"og:locale\" content=\"pt_BR\" \/>\n<meta property=\"og:type\" content=\"article\" \/>\n<meta property=\"og:title\" content=\"Processo de sele\u00e7\u00e3o de elaboradores de quest\u00f5es para o TEMFC - SBMFC\" \/>\n<meta property=\"og:description\" content=\"A Diretoria de Titula\u00e7\u00e3o da Sociedade Brasileira de Medicina de Fam\u00edlia e Comunidade (SBMFC) faz saber atrav\u00e9s deste Edital que estar\u00e3o abertas, de 02\/02\/2021 a 22\/02\/2021, as inscri\u00e7\u00f5es para a sele\u00e7\u00e3o de Elaboradores e Elaboradoras de Quest\u00f5es para a Prova de T\u00edtulo de Especialista em Medicina de Fam\u00edlia e Comunidade (TEMFC) \u2013 vig\u00e9sima nona e [&hellip;]\" \/>\n<meta property=\"og:url\" content=\"https:\/\/sbmfc.org.br\/site-antigo\/processo-de-selecao-questoes-temfc\/\" \/>\n<meta property=\"og:site_name\" content=\"SBMFC\" \/>\n<meta property=\"article:modified_time\" content=\"2021-02-17T13:39:00+00:00\" \/>\n<meta name=\"twitter:card\" content=\"summary_large_image\" \/>\n<meta name=\"twitter:label1\" content=\"Est. tempo de leitura\" \/>\n\t<meta name=\"twitter:data1\" content=\"1 minuto\" \/>\n<script type=\"application\/ld+json\" class=\"yoast-schema-graph\">{\"@context\":\"https:\/\/schema.org\",\"@graph\":[{\"@type\":\"WebSite\",\"@id\":\"https:\/\/sbmfc.org.br\/site-antigo\/#website\",\"url\":\"https:\/\/sbmfc.org.br\/site-antigo\/\",\"name\":\"SBMFC\",\"description\":\"Sociedade Brasileira de Medicina de Fam\\u00edlia e Comunidade\",\"potentialAction\":[{\"@type\":\"SearchAction\",\"target\":{\"@type\":\"EntryPoint\",\"urlTemplate\":\"https:\/\/sbmfc.org.br\/site-antigo\/?s={search_term_string}\"},\"query-input\":\"required name=search_term_string\"}],\"inLanguage\":\"pt-BR\"},{\"@type\":\"WebPage\",\"@id\":\"https:\/\/sbmfc.org.br\/site-antigo\/processo-de-selecao-questoes-temfc\/#webpage\",\"url\":\"https:\/\/sbmfc.org.br\/site-antigo\/processo-de-selecao-questoes-temfc\/\",\"name\":\"Processo de sele\\u00e7\\u00e3o de elaboradores de quest\\u00f5es para o TEMFC - SBMFC\",\"isPartOf\":{\"@id\":\"https:\/\/sbmfc.org.br\/site-antigo\/#website\"},\"datePublished\":\"2021-02-01T20:02:35+00:00\",\"dateModified\":\"2021-02-17T13:39:00+00:00\",\"breadcrumb\":{\"@id\":\"https:\/\/sbmfc.org.br\/site-antigo\/processo-de-selecao-questoes-temfc\/#breadcrumb\"},\"inLanguage\":\"pt-BR\",\"potentialAction\":[{\"@type\":\"ReadAction\",\"target\":[\"https:\/\/sbmfc.org.br\/site-antigo\/processo-de-selecao-questoes-temfc\/\"]}]},{\"@type\":\"BreadcrumbList\",\"@id\":\"https:\/\/sbmfc.org.br\/site-antigo\/processo-de-selecao-questoes-temfc\/#breadcrumb\",\"itemListElement\":[{\"@type\":\"ListItem\",\"position\":1,\"name\":\"In\\u00edcio\",\"item\":\"https:\/\/sbmfc.org.br\/site-antigo\/\"},{\"@type\":\"ListItem\",\"position\":2,\"name\":\"Processo de sele\\u00e7\\u00e3o de elaboradores de quest\\u00f5es para o TEMFC\"}]}]}<\/script>\n<!-- \/ Yoast SEO plugin. -->","yoast_head_json":{"robots":{"index":"index","follow":"follow","max-snippet":"max-snippet:-1","max-image-preview":"max-image-preview:large","max-video-preview":"max-video-preview:-1"},"canonical":"https:\/\/sbmfc.org.br\/site-antigo\/processo-de-selecao-questoes-temfc\/","og_locale":"pt_BR","og_type":"article","og_title":"Processo de sele\u00e7\u00e3o de elaboradores de quest\u00f5es para o TEMFC - SBMFC","og_description":"A Diretoria de Titula\u00e7\u00e3o da Sociedade Brasileira de Medicina de Fam\u00edlia e Comunidade (SBMFC) faz saber atrav\u00e9s deste Edital que estar\u00e3o abertas, de 02\/02\/2021 a 22\/02\/2021, as inscri\u00e7\u00f5es para a sele\u00e7\u00e3o de Elaboradores e Elaboradoras de Quest\u00f5es para a Prova de T\u00edtulo de Especialista em Medicina de Fam\u00edlia e Comunidade (TEMFC) \u2013 vig\u00e9sima nona e [&hellip;]","og_url":"https:\/\/sbmfc.org.br\/site-antigo\/processo-de-selecao-questoes-temfc\/","og_site_name":"SBMFC","article_modified_time":"2021-02-17T13:39:00+00:00","twitter_card":"summary_large_image","twitter_misc":{"Est. tempo de leitura":"1 minuto"},"schema":{"@context":"https:\/\/schema.org","@graph":[{"@type":"WebSite","@id":"https:\/\/sbmfc.org.br\/site-antigo\/#website","url":"https:\/\/sbmfc.org.br\/site-antigo\/","name":"SBMFC","description":"Sociedade Brasileira de Medicina de Fam\u00edlia e Comunidade","potentialAction":[{"@type":"SearchAction","target":{"@type":"EntryPoint","urlTemplate":"https:\/\/sbmfc.org.br\/site-antigo\/?s={search_term_string}"},"query-input":"required name=search_term_string"}],"inLanguage":"pt-BR"},{"@type":"WebPage","@id":"https:\/\/sbmfc.org.br\/site-antigo\/processo-de-selecao-questoes-temfc\/#webpage","url":"https:\/\/sbmfc.org.br\/site-antigo\/processo-de-selecao-questoes-temfc\/","name":"Processo de sele\u00e7\u00e3o de elaboradores de quest\u00f5es para o TEMFC - SBMFC","isPartOf":{"@id":"https:\/\/sbmfc.org.br\/site-antigo\/#website"},"datePublished":"2021-02-01T20:02:35+00:00","dateModified":"2021-02-17T13:39:00+00:00","breadcrumb":{"@id":"https:\/\/sbmfc.org.br\/site-antigo\/processo-de-selecao-questoes-temfc\/#breadcrumb"},"inLanguage":"pt-BR","potentialAction":[{"@type":"ReadAction","target":["https:\/\/sbmfc.org.br\/site-antigo\/processo-de-selecao-questoes-temfc\/"]}]},{"@type":"BreadcrumbList","@id":"https:\/\/sbmfc.org.br\/site-antigo\/processo-de-selecao-questoes-temfc\/#breadcrumb","itemListElement":[{"@type":"ListItem","position":1,"name":"In\u00edcio","item":"https:\/\/sbmfc.org.br\/site-antigo\/"},{"@type":"ListItem","position":2,"name":"Processo de sele\u00e7\u00e3o de elaboradores de quest\u00f5es para o TEMFC"}]}]}},"_links":{"self":[{"href":"https:\/\/sbmfc.org.br\/site-antigo\/wp-json\/wp\/v2\/pages\/6001"}],"collection":[{"href":"https:\/\/sbmfc.org.br\/site-antigo\/wp-json\/wp\/v2\/pages"}],"about":[{"href":"https:\/\/sbmfc.org.br\/site-antigo\/wp-json\/wp\/v2\/types\/page"}],"author":[{"embeddable":true,"href":"https:\/\/sbmfc.org.br\/site-antigo\/wp-json\/wp\/v2\/users\/1"}],"replies":[{"embeddable":true,"href":"https:\/\/sbmfc.org.br\/site-antigo\/wp-json\/wp\/v2\/comments?post=6001"}],"version-history":[{"count":6,"href":"https:\/\/sbmfc.org.br\/site-antigo\/wp-json\/wp\/v2\/pages\/6001\/revisions"}],"predecessor-version":[{"id":6057,"href":"https:\/\/sbmfc.org.br\/site-antigo\/wp-json\/wp\/v2\/pages\/6001\/revisions\/6057"}],"wp:attachment":[{"href":"https:\/\/sbmfc.org.br\/site-antigo\/wp-json\/wp\/v2\/media?parent=6001"}],"curies":[{"name":"wp","href":"https:\/\/api.w.org\/{rel}","templated":true}]}}