{"id":555,"date":"2011-08-25T16:20:00","date_gmt":"2011-08-25T16:20:00","guid":{"rendered":"http:\/\/localhost\/sbmfc\/?page_id=713"},"modified":"2018-10-03T19:33:11","modified_gmt":"2018-10-03T22:33:11","slug":"que-elementos-historicos-sao-uteis-no-comprometimento-cognitovo-leve","status":"publish","type":"page","link":"https:\/\/sbmfc.org.br\/site-antigo\/que-elementos-historicos-sao-uteis-no-comprometimento-cognitovo-leve\/","title":{"rendered":"Que elementos hist\u00f3ricos s\u00e3o \u00fateis no comprometimento cognitovo leve?"},"content":{"rendered":"<p>O comprometimento cognitivo leve (CCL) pode ser muito dif&iacute;cil de se detectar, e variavelmente pode progredir &agrave; dem&ecirc;ncia. Pesquisadores espanh&oacute;is examinaram os itens hist&oacute;ricos gerais para o valor progn&oacute;stico e diagn&oacute;stico atrav&eacute;s de um estudo de coorte. Eles observaram prospectivamente pacientes com 50 anos de idade ou mais em rela&ccedil;&atilde;o ao decl&iacute;nio cognitivo e avaliaram as co-morbidades psiqui&aacute;tricas, cl&iacute;nicas e demogr&aacute;ficas, o hist&oacute;rico familiar e resultados de exames f&iacute;sicos. Os diagn&oacute;sticos do CCL e dem&ecirc;ncia em est&aacute;gio inicial e em um ano foram feitos por um neurologista.<\/p>\n<p>Os pesquisadores relatam: &ldquo;Cento e setenta e seis pacientes foram analisados, dos quais 81 (46,0%) tinham CCL e 18 (10,2%) tinham dem&ecirc;ncia no in&iacute;cio do estudo. Ap&oacute;s 1 ano, 8 (9,9%) pacientes com CCL progrediram &agrave; dem&ecirc;ncia, mas  48 (59,3%) reverteram &agrave; cogni&ccedil;&atilde;o normal. Idade avan&ccedil;ada, fonte de sintomas (informados ou m&eacute;dico de cuidados prim&aacute;rios), escolaridade baixa e de curta dura&ccedil;&atilde;o foram associados com a CCL e a dem&ecirc;ncia no in&iacute;cio do estudo. A baixa escolaridade previu a progress&atilde;o para dem&ecirc;ncia em pacientes com CCL e menos condi&ccedil;&otilde;es cl&iacute;nicas cr&ocirc;nicas e idades menores prognosticaram a revers&atilde;o da CCL para a cogni&ccedil;&atilde;o normal.&ldquo;<\/p>\n<p>Os pesquisadores conclu&iacute;ram que: &ldquo;Os dados cl&iacute;nicos normalmente coletados no hist&oacute;rico cl&iacute;nico por um m&eacute;dico de cuidados prim&aacute;rios s&atilde;o &uacute;teis para detectar pacientes com CCL e dem&ecirc;ncia, al&eacute;m de prognosticar o resultado de CCL.&rdquo;<\/p>\n<p>\n<strong>Este estudo identifica os elementos de um hist&oacute;rico completo que pode ser importante no progn&oacute;stico em casos de comprometimento cognitivo leve.<\/strong><\/p>\n<p><strong>Para o artigo completo, <a target=\"_blank\" href=\"http:\/\/fampra.oxfordjournals.org\/content\/28\/4\/385.abstract\">clique aqui<\/a>.<\/strong><\/p>\n<p><strong><a target=\"_blank\" href=\"http:\/\/fampra.oxfordjournals.org\/content\/28\/4\/385.abstract\">Family Practice<\/a> 28(4):385-392, Agosto de 2011<\/strong> &copy; 2011 Oxford University Press<br \/>\nMild cognitive impairment and dementia in primary care: the value of medical history. Javier Olazar&aacute;n, Pedro Torrero, Isabel Cruz, et al. Correspond&ecirc;ncias para Javier Olazar&aacute;n: <a href=\"mailto:javier@mariawolff.es\">javier@mariawolff.es<\/a><\/p>\n<p>Categoria: N. Neurol&oacute;gico. Palavras-chave: comprometimento cognitiva leve, CCL, dem&ecirc;ncia, hist&oacute;rico, escolaridade, estudo de coorte, Journal Watch.<br \/>\nSinopse editada por <a target=\"_blank\" href=\"http:\/\/www.globalfamilydoctor.com\/Information\/MedicalEditors\/MedicalEditors.asp\" class=\"broken_link\">Dr Paul Schaefer<\/a>, Toledo, Ohio. Postada em Global Family Doctor 12 de agosto de 2011<\/p>\n","protected":false},"excerpt":{"rendered":"<p>O comprometimento cognitivo leve (CCL) pode ser muito dif&iacute;cil de se detectar, e variavelmente pode progredir &agrave; dem&ecirc;ncia. Pesquisadores espanh&oacute;is examinaram os itens hist&oacute;ricos gerais para o valor progn&oacute;stico e diagn&oacute;stico atrav&eacute;s de um estudo de coorte. Eles observaram prospectivamente pacientes com 50 anos de idade ou mais em rela&ccedil;&atilde;o ao decl&iacute;nio cognitivo e avaliaram [&hellip;]<\/p>\n","protected":false},"author":1,"featured_media":0,"parent":0,"menu_order":0,"comment_status":"closed","ping_status":"closed","template":"","meta":[],"yoast_head":"<!-- This site is optimized with the Yoast SEO plugin v17.9 - https:\/\/yoast.com\/wordpress\/plugins\/seo\/ -->\n<meta name=\"robots\" content=\"index, follow, max-snippet:-1, max-image-preview:large, max-video-preview:-1\" \/>\n<link rel=\"canonical\" href=\"https:\/\/sbmfc.org.br\/site-antigo\/que-elementos-historicos-sao-uteis-no-comprometimento-cognitovo-leve\/\" \/>\n<meta property=\"og:locale\" content=\"pt_BR\" \/>\n<meta property=\"og:type\" content=\"article\" \/>\n<meta property=\"og:title\" content=\"Que elementos hist\u00f3ricos s\u00e3o \u00fateis no comprometimento cognitovo leve? - SBMFC\" \/>\n<meta property=\"og:description\" content=\"O comprometimento cognitivo leve (CCL) pode ser muito dif&iacute;cil de se detectar, e variavelmente pode progredir &agrave; dem&ecirc;ncia. Pesquisadores espanh&oacute;is examinaram os itens hist&oacute;ricos gerais para o valor progn&oacute;stico e diagn&oacute;stico atrav&eacute;s de um estudo de coorte. Eles observaram prospectivamente pacientes com 50 anos de idade ou mais em rela&ccedil;&atilde;o ao decl&iacute;nio cognitivo e avaliaram [&hellip;]\" \/>\n<meta property=\"og:url\" content=\"https:\/\/sbmfc.org.br\/site-antigo\/que-elementos-historicos-sao-uteis-no-comprometimento-cognitovo-leve\/\" \/>\n<meta property=\"og:site_name\" content=\"SBMFC\" \/>\n<meta property=\"article:modified_time\" content=\"2018-10-03T22:33:11+00:00\" \/>\n<meta name=\"twitter:card\" content=\"summary_large_image\" \/>\n<meta name=\"twitter:label1\" content=\"Est. tempo de leitura\" \/>\n\t<meta name=\"twitter:data1\" content=\"2 minutos\" \/>\n<script type=\"application\/ld+json\" class=\"yoast-schema-graph\">{\"@context\":\"https:\/\/schema.org\",\"@graph\":[{\"@type\":\"WebSite\",\"@id\":\"https:\/\/sbmfc.org.br\/site-antigo\/#website\",\"url\":\"https:\/\/sbmfc.org.br\/site-antigo\/\",\"name\":\"SBMFC\",\"description\":\"Sociedade Brasileira de Medicina de Fam\\u00edlia e Comunidade\",\"potentialAction\":[{\"@type\":\"SearchAction\",\"target\":{\"@type\":\"EntryPoint\",\"urlTemplate\":\"https:\/\/sbmfc.org.br\/site-antigo\/?s={search_term_string}\"},\"query-input\":\"required name=search_term_string\"}],\"inLanguage\":\"pt-BR\"},{\"@type\":\"WebPage\",\"@id\":\"https:\/\/sbmfc.org.br\/site-antigo\/que-elementos-historicos-sao-uteis-no-comprometimento-cognitovo-leve\/#webpage\",\"url\":\"https:\/\/sbmfc.org.br\/site-antigo\/que-elementos-historicos-sao-uteis-no-comprometimento-cognitovo-leve\/\",\"name\":\"Que elementos hist\\u00f3ricos s\\u00e3o \\u00fateis no comprometimento cognitovo leve? - SBMFC\",\"isPartOf\":{\"@id\":\"https:\/\/sbmfc.org.br\/site-antigo\/#website\"},\"datePublished\":\"2011-08-25T16:20:00+00:00\",\"dateModified\":\"2018-10-03T22:33:11+00:00\",\"breadcrumb\":{\"@id\":\"https:\/\/sbmfc.org.br\/site-antigo\/que-elementos-historicos-sao-uteis-no-comprometimento-cognitovo-leve\/#breadcrumb\"},\"inLanguage\":\"pt-BR\",\"potentialAction\":[{\"@type\":\"ReadAction\",\"target\":[\"https:\/\/sbmfc.org.br\/site-antigo\/que-elementos-historicos-sao-uteis-no-comprometimento-cognitovo-leve\/\"]}]},{\"@type\":\"BreadcrumbList\",\"@id\":\"https:\/\/sbmfc.org.br\/site-antigo\/que-elementos-historicos-sao-uteis-no-comprometimento-cognitovo-leve\/#breadcrumb\",\"itemListElement\":[{\"@type\":\"ListItem\",\"position\":1,\"name\":\"In\\u00edcio\",\"item\":\"https:\/\/sbmfc.org.br\/site-antigo\/\"},{\"@type\":\"ListItem\",\"position\":2,\"name\":\"Que elementos hist\\u00f3ricos s\\u00e3o \\u00fateis no comprometimento cognitovo leve?\"}]}]}<\/script>\n<!-- \/ Yoast SEO plugin. -->","yoast_head_json":{"robots":{"index":"index","follow":"follow","max-snippet":"max-snippet:-1","max-image-preview":"max-image-preview:large","max-video-preview":"max-video-preview:-1"},"canonical":"https:\/\/sbmfc.org.br\/site-antigo\/que-elementos-historicos-sao-uteis-no-comprometimento-cognitovo-leve\/","og_locale":"pt_BR","og_type":"article","og_title":"Que elementos hist\u00f3ricos s\u00e3o \u00fateis no comprometimento cognitovo leve? - SBMFC","og_description":"O comprometimento cognitivo leve (CCL) pode ser muito dif&iacute;cil de se detectar, e variavelmente pode progredir &agrave; dem&ecirc;ncia. Pesquisadores espanh&oacute;is examinaram os itens hist&oacute;ricos gerais para o valor progn&oacute;stico e diagn&oacute;stico atrav&eacute;s de um estudo de coorte. Eles observaram prospectivamente pacientes com 50 anos de idade ou mais em rela&ccedil;&atilde;o ao decl&iacute;nio cognitivo e avaliaram [&hellip;]","og_url":"https:\/\/sbmfc.org.br\/site-antigo\/que-elementos-historicos-sao-uteis-no-comprometimento-cognitovo-leve\/","og_site_name":"SBMFC","article_modified_time":"2018-10-03T22:33:11+00:00","twitter_card":"summary_large_image","twitter_misc":{"Est. tempo de leitura":"2 minutos"},"schema":{"@context":"https:\/\/schema.org","@graph":[{"@type":"WebSite","@id":"https:\/\/sbmfc.org.br\/site-antigo\/#website","url":"https:\/\/sbmfc.org.br\/site-antigo\/","name":"SBMFC","description":"Sociedade Brasileira de Medicina de Fam\u00edlia e Comunidade","potentialAction":[{"@type":"SearchAction","target":{"@type":"EntryPoint","urlTemplate":"https:\/\/sbmfc.org.br\/site-antigo\/?s={search_term_string}"},"query-input":"required name=search_term_string"}],"inLanguage":"pt-BR"},{"@type":"WebPage","@id":"https:\/\/sbmfc.org.br\/site-antigo\/que-elementos-historicos-sao-uteis-no-comprometimento-cognitovo-leve\/#webpage","url":"https:\/\/sbmfc.org.br\/site-antigo\/que-elementos-historicos-sao-uteis-no-comprometimento-cognitovo-leve\/","name":"Que elementos hist\u00f3ricos s\u00e3o \u00fateis no comprometimento cognitovo leve? - SBMFC","isPartOf":{"@id":"https:\/\/sbmfc.org.br\/site-antigo\/#website"},"datePublished":"2011-08-25T16:20:00+00:00","dateModified":"2018-10-03T22:33:11+00:00","breadcrumb":{"@id":"https:\/\/sbmfc.org.br\/site-antigo\/que-elementos-historicos-sao-uteis-no-comprometimento-cognitovo-leve\/#breadcrumb"},"inLanguage":"pt-BR","potentialAction":[{"@type":"ReadAction","target":["https:\/\/sbmfc.org.br\/site-antigo\/que-elementos-historicos-sao-uteis-no-comprometimento-cognitovo-leve\/"]}]},{"@type":"BreadcrumbList","@id":"https:\/\/sbmfc.org.br\/site-antigo\/que-elementos-historicos-sao-uteis-no-comprometimento-cognitovo-leve\/#breadcrumb","itemListElement":[{"@type":"ListItem","position":1,"name":"In\u00edcio","item":"https:\/\/sbmfc.org.br\/site-antigo\/"},{"@type":"ListItem","position":2,"name":"Que elementos hist\u00f3ricos s\u00e3o \u00fateis no comprometimento cognitovo leve?"}]}]}},"_links":{"self":[{"href":"https:\/\/sbmfc.org.br\/site-antigo\/wp-json\/wp\/v2\/pages\/555"}],"collection":[{"href":"https:\/\/sbmfc.org.br\/site-antigo\/wp-json\/wp\/v2\/pages"}],"about":[{"href":"https:\/\/sbmfc.org.br\/site-antigo\/wp-json\/wp\/v2\/types\/page"}],"author":[{"embeddable":true,"href":"https:\/\/sbmfc.org.br\/site-antigo\/wp-json\/wp\/v2\/users\/1"}],"replies":[{"embeddable":true,"href":"https:\/\/sbmfc.org.br\/site-antigo\/wp-json\/wp\/v2\/comments?post=555"}],"version-history":[{"count":0,"href":"https:\/\/sbmfc.org.br\/site-antigo\/wp-json\/wp\/v2\/pages\/555\/revisions"}],"wp:attachment":[{"href":"https:\/\/sbmfc.org.br\/site-antigo\/wp-json\/wp\/v2\/media?parent=555"}],"curies":[{"name":"wp","href":"https:\/\/api.w.org\/{rel}","templated":true}]}}