{"id":5304,"date":"2020-08-14T09:47:38","date_gmt":"2020-08-14T12:47:38","guid":{"rendered":"https:\/\/www.sbmfc.org.br\/?page_id=5304"},"modified":"2021-06-01T10:51:51","modified_gmt":"2021-06-01T13:51:51","slug":"cartilhas-e-guias","status":"publish","type":"page","link":"https:\/\/sbmfc.org.br\/site-antigo\/cartilhas-e-guias\/","title":{"rendered":"Manuais e guias"},"content":{"rendered":"<p>Cartilhas, guias e manuais produzidos pelos Grupos de Trabalho da SBMFC:\u00a0<\/p>\n<p>&nbsp;<\/p>\n<p><strong>Recomenda\u00e7\u00f5es da SBMFC para a APS durante a pandemia<\/strong><\/p>\n<p>Produ\u00e7\u00e3o do Grupo T\u00e9cnico Covid-19\u00a0<\/p>\n<p>Maio\/2021<\/p>\n<p><a href=\"https:\/\/www.sbmfc.org.br\/wp-content\/uploads\/2021\/05\/4_edic\u0327a\u0303o_recomendac\u0327o\u0303esSBMFC_FINAL.pdf\">4_edic\u0327a\u0303o_recomendac\u0327o\u0303esSBMFC_FINAL<\/a><\/p>\n<p>&nbsp;<\/p>\n<p><strong>Medidas de orienta\u00e7\u00f5es para o enfrentamento da Covid-19 nas pris\u00f5es\u00a0<\/strong><\/p>\n<p>Produ\u00e7\u00e3o do Grupo de Trabalho de Sa\u00fade Prisional\u00a0<\/p>\n<p>Mar\u00e7o\/2020\u00a0<\/p>\n<p><a href=\"https:\/\/www.sbmfc.org.br\/wp-content\/uploads\/2020\/03\/Medidas-e-orientac%CC%A7o%CC%83es-para-o-enfrentamento-a-COVID-%E2%80%93-19-nas-priso%CC%83es.pdf\">Medidas e orientac\u0327o\u0303es para o enfrentamento na COVID \u2013 19 nas priso\u0303es<\/a><\/p>\n<p>Agosto\/2020\u00a0<\/p>\n<p><a href=\"https:\/\/www.sbmfc.org.br\/wp-content\/uploads\/2020\/08\/Segunda-Edic\u0327a\u0303o_GTSau\u0301dePrisional_FINAL.pdf\">Segunda Edic\u0327a\u0303o Medidas e orientac\u0327o\u0303es para o enfrentamento na COVID \u2013 19 nas priso\u0303es<\/a><\/p>\n<p>&nbsp;<\/p>\n<p><strong>Mitos e verdades sobre a sa\u00fade da popula\u00e7\u00e3o LGBTIA+<\/strong><\/p>\n<p>Produ\u00e7\u00e3o do Grupo de Trabalho de G\u00eanero, Sexualidade, Diversidade e Direitos<\/p>\n<p>Julho\/2020\u00a0<\/p>\n<p><a href=\"https:\/\/www.sbmfc.org.br\/wp-content\/uploads\/2020\/07\/Cartilha-LGBTIA.pdf\">Cartilha LGBTIA+<\/a><\/p>\n<p>&nbsp;<\/p>\n<p><strong>Orienta\u00e7\u00f5es para favelas e periferias\u00a0<\/strong><\/p>\n<p>Produ\u00e7\u00e3o: Grupo de Trabalho de Sa\u00fade da Popula\u00e7\u00e3o Negra\u00a0<\/p>\n<p>Abril\/2020\u00a0<\/p>\n<p><a href=\"https:\/\/www.sbmfc.org.br\/wp-content\/uploads\/2020\/07\/orientacoes-para-favelas-e-periferias_2-edicao.pdf\">Orientacoes para favelas e periferias_2 edicao<\/a><\/p>\n<p>&nbsp;<\/p>\n<p><strong>Recomendac\u0327o\u0303es para a Atenc\u0327a\u0303o Domiciliar em peri\u0301odo de Pandemia por Covid-19<\/strong><\/p>\n<p>Produ\u00e7\u00e3o do GT de Aten\u00e7\u00e3o Domiciliar da SBMFC e ABRASAD<\/p>\n<p>Agosto\/2020<\/p>\n<p><a href=\"https:\/\/www.sbmfc.org.br\/wp-content\/uploads\/2020\/09\/Recomendacoes-para-a-Atencao-Domiciliar-em-periodo-de-Pandemia-por-Covid-19_27042020-1.pdf\">Recomendacoes para a Atencao Domiciliar em periodo de Pandemia por Covid-19_27082020 <\/a><\/p>\n<p>&nbsp;<\/p>\n<p><strong>Recomendac\u0327o\u0303es para a qualidade dos Programas de Reside\u0302ncia em Medicina de Fami\u0301lia e Comunidade<\/strong><\/p>\n<p>Produ\u00e7\u00e3o do Grupo de Trabalho de Ensinagem\u00a0<\/p>\n<p>Abril\/2020\u00a0<\/p>\n<p><a href=\"https:\/\/www.sbmfc.org.br\/wp-content\/uploads\/2020\/04\/Recomendac%CC%A7o%CC%83es-para-a-qualidade-dos-Programas-de-Reside%CC%82ncia-em-Medicina-de-Fami%CC%81lia-e-Comunidade.pdf\">Recomendac\u0327o\u0303es para a qualidade dos Programas de Reside\u0302ncia em Medicina de Fami\u0301lia e Comunidade<\/a><\/p>\n<p>&nbsp;<\/p>\n<p><strong>Sa\u00fade do homem\u00a0<\/strong><\/p>\n<p>Produ\u00e7\u00e3o do Grupo de Trabalho de Sa\u00fade dos Homens<\/p>\n<p>Dezembro\/2019\u00a0<\/p>\n<p><a href=\"https:\/\/www.sbmfc.org.br\/wp-content\/uploads\/2019\/12\/CARTILHA-DE-SAU\u0301DE-DO-HOMEM.pdf\">CARTILHA DE SAU\u0301DE DO HOMEM<\/a><\/p>\n<p>&nbsp;<\/p>\n<p><strong>Viol\u00eancia contra a Mulher durante a pandemia da Covid-19\u00a0<\/strong><\/p>\n<p>Produ\u00e7\u00e3o: Grupo de Trabalho de G\u00eanero, Sexualidade, Diversidade e Direitos e Grupo de Trabalho de Mulheres na MFC\u00a0<\/p>\n<p>Junho\/2020\u00a0<\/p>\n<p>Orienta\u00e7\u00f5es para a popula\u00e7\u00e3o: <a href=\"https:\/\/www.sbmfc.org.br\/wp-content\/uploads\/2020\/05\/Cartilha-viole\u0302ncia-contra-mulher.pdf\">Cartilha &#8211; viole\u0302ncia contra mulher<\/a><\/p>\n<p>Orienta\u00e7\u00f5es para os profissionais:\u00a0 <a href=\"https:\/\/www.sbmfc.org.br\/wp-content\/uploads\/2020\/05\/Cartilha-viole\u0302ncia-contra-mulher-para-profissionais.pdf\">Cartilha &#8211; viole\u0302ncia contra mulher para profissionais<\/a><\/p>\n","protected":false},"excerpt":{"rendered":"<p>Cartilhas, guias e manuais produzidos pelos Grupos de Trabalho da SBMFC:\u00a0 &nbsp; Recomenda\u00e7\u00f5es da SBMFC para a APS durante a pandemia Produ\u00e7\u00e3o do Grupo T\u00e9cnico Covid-19\u00a0 Maio\/2021 4_edic\u0327a\u0303o_recomendac\u0327o\u0303esSBMFC_FINAL &nbsp; Medidas de orienta\u00e7\u00f5es para o enfrentamento da Covid-19 nas pris\u00f5es\u00a0 Produ\u00e7\u00e3o do Grupo de Trabalho de Sa\u00fade Prisional\u00a0 Mar\u00e7o\/2020\u00a0 Medidas e orientac\u0327o\u0303es para o enfrentamento na [&hellip;]<\/p>\n","protected":false},"author":1,"featured_media":0,"parent":0,"menu_order":0,"comment_status":"closed","ping_status":"closed","template":"","meta":[],"yoast_head":"<!-- This site is optimized with the Yoast SEO plugin v17.9 - https:\/\/yoast.com\/wordpress\/plugins\/seo\/ -->\n<meta name=\"robots\" content=\"index, follow, max-snippet:-1, max-image-preview:large, max-video-preview:-1\" \/>\n<link rel=\"canonical\" href=\"https:\/\/sbmfc.org.br\/site-antigo\/cartilhas-e-guias\/\" \/>\n<meta property=\"og:locale\" content=\"pt_BR\" \/>\n<meta property=\"og:type\" content=\"article\" \/>\n<meta property=\"og:title\" content=\"Manuais e guias - SBMFC\" \/>\n<meta property=\"og:description\" content=\"Cartilhas, guias e manuais produzidos pelos Grupos de Trabalho da SBMFC:\u00a0 &nbsp; Recomenda\u00e7\u00f5es da SBMFC para a APS durante a pandemia Produ\u00e7\u00e3o do Grupo T\u00e9cnico Covid-19\u00a0 Maio\/2021 4_edic\u0327a\u0303o_recomendac\u0327o\u0303esSBMFC_FINAL &nbsp; Medidas de orienta\u00e7\u00f5es para o enfrentamento da Covid-19 nas pris\u00f5es\u00a0 Produ\u00e7\u00e3o do Grupo de Trabalho de Sa\u00fade Prisional\u00a0 Mar\u00e7o\/2020\u00a0 Medidas e orientac\u0327o\u0303es para o enfrentamento na [&hellip;]\" \/>\n<meta property=\"og:url\" content=\"https:\/\/sbmfc.org.br\/site-antigo\/cartilhas-e-guias\/\" \/>\n<meta property=\"og:site_name\" content=\"SBMFC\" \/>\n<meta property=\"article:modified_time\" content=\"2021-06-01T13:51:51+00:00\" \/>\n<meta name=\"twitter:card\" content=\"summary_large_image\" \/>\n<meta name=\"twitter:label1\" content=\"Est. tempo de leitura\" \/>\n\t<meta name=\"twitter:data1\" content=\"2 minutos\" \/>\n<script type=\"application\/ld+json\" class=\"yoast-schema-graph\">{\"@context\":\"https:\/\/schema.org\",\"@graph\":[{\"@type\":\"WebSite\",\"@id\":\"https:\/\/sbmfc.org.br\/site-antigo\/#website\",\"url\":\"https:\/\/sbmfc.org.br\/site-antigo\/\",\"name\":\"SBMFC\",\"description\":\"Sociedade Brasileira de Medicina de Fam\\u00edlia e Comunidade\",\"potentialAction\":[{\"@type\":\"SearchAction\",\"target\":{\"@type\":\"EntryPoint\",\"urlTemplate\":\"https:\/\/sbmfc.org.br\/site-antigo\/?s={search_term_string}\"},\"query-input\":\"required name=search_term_string\"}],\"inLanguage\":\"pt-BR\"},{\"@type\":\"WebPage\",\"@id\":\"https:\/\/sbmfc.org.br\/site-antigo\/cartilhas-e-guias\/#webpage\",\"url\":\"https:\/\/sbmfc.org.br\/site-antigo\/cartilhas-e-guias\/\",\"name\":\"Manuais e guias - SBMFC\",\"isPartOf\":{\"@id\":\"https:\/\/sbmfc.org.br\/site-antigo\/#website\"},\"datePublished\":\"2020-08-14T12:47:38+00:00\",\"dateModified\":\"2021-06-01T13:51:51+00:00\",\"breadcrumb\":{\"@id\":\"https:\/\/sbmfc.org.br\/site-antigo\/cartilhas-e-guias\/#breadcrumb\"},\"inLanguage\":\"pt-BR\",\"potentialAction\":[{\"@type\":\"ReadAction\",\"target\":[\"https:\/\/sbmfc.org.br\/site-antigo\/cartilhas-e-guias\/\"]}]},{\"@type\":\"BreadcrumbList\",\"@id\":\"https:\/\/sbmfc.org.br\/site-antigo\/cartilhas-e-guias\/#breadcrumb\",\"itemListElement\":[{\"@type\":\"ListItem\",\"position\":1,\"name\":\"In\\u00edcio\",\"item\":\"https:\/\/sbmfc.org.br\/site-antigo\/\"},{\"@type\":\"ListItem\",\"position\":2,\"name\":\"Manuais e guias\"}]}]}<\/script>\n<!-- \/ Yoast SEO plugin. -->","yoast_head_json":{"robots":{"index":"index","follow":"follow","max-snippet":"max-snippet:-1","max-image-preview":"max-image-preview:large","max-video-preview":"max-video-preview:-1"},"canonical":"https:\/\/sbmfc.org.br\/site-antigo\/cartilhas-e-guias\/","og_locale":"pt_BR","og_type":"article","og_title":"Manuais e guias - SBMFC","og_description":"Cartilhas, guias e manuais produzidos pelos Grupos de Trabalho da SBMFC:\u00a0 &nbsp; Recomenda\u00e7\u00f5es da SBMFC para a APS durante a pandemia Produ\u00e7\u00e3o do Grupo T\u00e9cnico Covid-19\u00a0 Maio\/2021 4_edic\u0327a\u0303o_recomendac\u0327o\u0303esSBMFC_FINAL &nbsp; Medidas de orienta\u00e7\u00f5es para o enfrentamento da Covid-19 nas pris\u00f5es\u00a0 Produ\u00e7\u00e3o do Grupo de Trabalho de Sa\u00fade Prisional\u00a0 Mar\u00e7o\/2020\u00a0 Medidas e orientac\u0327o\u0303es para o enfrentamento na [&hellip;]","og_url":"https:\/\/sbmfc.org.br\/site-antigo\/cartilhas-e-guias\/","og_site_name":"SBMFC","article_modified_time":"2021-06-01T13:51:51+00:00","twitter_card":"summary_large_image","twitter_misc":{"Est. tempo de leitura":"2 minutos"},"schema":{"@context":"https:\/\/schema.org","@graph":[{"@type":"WebSite","@id":"https:\/\/sbmfc.org.br\/site-antigo\/#website","url":"https:\/\/sbmfc.org.br\/site-antigo\/","name":"SBMFC","description":"Sociedade Brasileira de Medicina de Fam\u00edlia e Comunidade","potentialAction":[{"@type":"SearchAction","target":{"@type":"EntryPoint","urlTemplate":"https:\/\/sbmfc.org.br\/site-antigo\/?s={search_term_string}"},"query-input":"required name=search_term_string"}],"inLanguage":"pt-BR"},{"@type":"WebPage","@id":"https:\/\/sbmfc.org.br\/site-antigo\/cartilhas-e-guias\/#webpage","url":"https:\/\/sbmfc.org.br\/site-antigo\/cartilhas-e-guias\/","name":"Manuais e guias - SBMFC","isPartOf":{"@id":"https:\/\/sbmfc.org.br\/site-antigo\/#website"},"datePublished":"2020-08-14T12:47:38+00:00","dateModified":"2021-06-01T13:51:51+00:00","breadcrumb":{"@id":"https:\/\/sbmfc.org.br\/site-antigo\/cartilhas-e-guias\/#breadcrumb"},"inLanguage":"pt-BR","potentialAction":[{"@type":"ReadAction","target":["https:\/\/sbmfc.org.br\/site-antigo\/cartilhas-e-guias\/"]}]},{"@type":"BreadcrumbList","@id":"https:\/\/sbmfc.org.br\/site-antigo\/cartilhas-e-guias\/#breadcrumb","itemListElement":[{"@type":"ListItem","position":1,"name":"In\u00edcio","item":"https:\/\/sbmfc.org.br\/site-antigo\/"},{"@type":"ListItem","position":2,"name":"Manuais e guias"}]}]}},"_links":{"self":[{"href":"https:\/\/sbmfc.org.br\/site-antigo\/wp-json\/wp\/v2\/pages\/5304"}],"collection":[{"href":"https:\/\/sbmfc.org.br\/site-antigo\/wp-json\/wp\/v2\/pages"}],"about":[{"href":"https:\/\/sbmfc.org.br\/site-antigo\/wp-json\/wp\/v2\/types\/page"}],"author":[{"embeddable":true,"href":"https:\/\/sbmfc.org.br\/site-antigo\/wp-json\/wp\/v2\/users\/1"}],"replies":[{"embeddable":true,"href":"https:\/\/sbmfc.org.br\/site-antigo\/wp-json\/wp\/v2\/comments?post=5304"}],"version-history":[{"count":8,"href":"https:\/\/sbmfc.org.br\/site-antigo\/wp-json\/wp\/v2\/pages\/5304\/revisions"}],"predecessor-version":[{"id":6522,"href":"https:\/\/sbmfc.org.br\/site-antigo\/wp-json\/wp\/v2\/pages\/5304\/revisions\/6522"}],"wp:attachment":[{"href":"https:\/\/sbmfc.org.br\/site-antigo\/wp-json\/wp\/v2\/media?parent=5304"}],"curies":[{"name":"wp","href":"https:\/\/api.w.org\/{rel}","templated":true}]}}