{"id":4937,"date":"2020-06-15T15:41:37","date_gmt":"2020-06-15T18:41:37","guid":{"rendered":"https:\/\/www.sbmfc.org.br\/?page_id=4937"},"modified":"2021-03-17T11:51:53","modified_gmt":"2021-03-17T14:51:53","slug":"conselho-diretor","status":"publish","type":"page","link":"https:\/\/sbmfc.org.br\/site-antigo\/conselho-diretor\/","title":{"rendered":"Conselho Diretor"},"content":{"rendered":"<table style=\"width: 73.5951%;height: 648px\" width=\"447\">\n<tbody>\n<tr style=\"height: 24px\">\n<td style=\"width: 31.1671%;height: 24px\" width=\"140\">Presidenta<\/td>\n<td style=\"width: 67.7719%;height: 24px\" width=\"307\">Zeliete Linhares Leite Zambon<\/td>\n<\/tr>\n<tr style=\"height: 24px\">\n<td style=\"width: 31.1671%;height: 24px\">SBMFC<\/td>\n<td style=\"width: 67.7719%;height: 24px\">Marco T\u00falio Aguiar Mour\u00e3o Ribeiro\u00a0<\/td>\n<\/tr>\n<tr style=\"height: 24px\">\n<td style=\"width: 31.1671%;height: 24px\">SBMFC<\/td>\n<td style=\"width: 67.7719%;height: 24px\">Marcos Filipe Rodrigues Bosquiero<\/td>\n<\/tr>\n<tr style=\"height: 24px\">\n<td style=\"width: 31.1671%;height: 24px\">SBMFC<\/td>\n<td style=\"width: 67.7719%;height: 24px\">\u00a0Juliana Oliveira Soares\u00a0<\/td>\n<\/tr>\n<tr style=\"height: 24px\">\n<td style=\"width: 31.1671%;height: 24px\">CE<\/td>\n<td style=\"width: 67.7719%;height: 24px\" width=\"307\">Roberto Ribeiro Maranh\u00e3o<\/td>\n<\/tr>\n<tr style=\"height: 24px\">\n<td style=\"width: 31.1671%;height: 24px\">DF<\/td>\n<td style=\"width: 67.7719%;height: 24px\" width=\"307\">Alcir Galdino de Oliveira Filho<\/td>\n<\/tr>\n<tr style=\"height: 24px\">\n<td style=\"width: 31.1671%;height: 24px\">ES<\/td>\n<td style=\"width: 67.7719%;height: 24px\" width=\"307\">Jetele Del Bem Seleme Piana<\/td>\n<\/tr>\n<tr style=\"height: 24px\">\n<td style=\"width: 31.1671%;height: 24px\">GO<\/td>\n<td style=\"width: 67.7719%;height: 24px\" width=\"307\">Adiel Alves de Sousa<\/td>\n<\/tr>\n<tr style=\"height: 24px\">\n<td style=\"width: 31.1671%;height: 24px\">MG<\/td>\n<td style=\"width: 67.7719%;height: 24px\" width=\"307\">Lidiane de Oliveira Vilela<\/td>\n<\/tr>\n<tr style=\"height: 24px\">\n<td style=\"width: 31.1671%;height: 24px\">PB<\/td>\n<td style=\"width: 67.7719%;height: 24px\" width=\"307\">Rafaela Alves Pacheco<\/td>\n<\/tr>\n<tr style=\"height: 24px\">\n<td style=\"width: 31.1671%;height: 24px\">RS<\/td>\n<td style=\"width: 67.7719%;height: 24px\" width=\"307\">Jo\u00e3o Henrique Godinho Kolling<\/td>\n<\/tr>\n<tr style=\"height: 24px\">\n<td style=\"width: 31.1671%;height: 24px\">SC<\/td>\n<td style=\"width: 67.7719%;height: 24px\" width=\"307\">Livia Hinz Cali\u00e7o<\/td>\n<\/tr>\n<tr style=\"height: 24px\">\n<td style=\"width: 31.1671%;height: 24px\">SP<\/td>\n<td style=\"width: 67.7719%;height: 24px\" width=\"307\">Lucas Gaspar Ribeiro<\/td>\n<\/tr>\n<tr style=\"height: 72px\">\n<td style=\"width: 98.939%;height: 72px\" colspan=\"2\" width=\"447\">ARTIGO 36\u00b0 do Estatuo da SBMFC \u2013 O Conselho Diretor da SBMFC comp\u00f5e-se do Presidente, Vice-Presidente, Secret\u00e1rio Geral e Diretor Administrativo e Financeiro da SBMFC e dos Presidentes das entidades filiadas.\u00a0<\/td>\n<\/tr>\n<tr style=\"height: 120px\">\n<td style=\"width: 98.939%;height: 120px\" colspan=\"2\" width=\"447\">ARTIGO 7\u00ba do Estatuto da SBMFC \u2013 S\u00e3o direitos das Associa\u00e7\u00f5es Estaduais devidamente regularizadas e com cadastro atualizado junto \u00e0 SBMFC:\u00a0\u00a0\u00a0\u00a0\u00a0\u00a0\u00a0\u00a0\u00a0\u00a0\u00a0\u00a0\u00a0\u00a0\u00a0\u00a0\u00a0\u00a0\u00a0\u00a0\u00a0\u00a0\u00a0\u00a0\u00a0\u00a0\u00a0\u00a0\u00a0\u00a0\u00a0\u00a0\u00a0\u00a0\u00a0\u00a0\u00a0\u00a0\u00a0\u00a0\u00a0\u00a0\u00a0\u00a0\u00a0\u00a0\u00a0\u00a0\u00a0\u00a0\u00a0\u00a0\u00a0\u00a0\u00a0\u00a0\u00a0\u00a0\u00a0\u00a0\u00a0\u00a0\u00a0\u00a0\u00a0\u00a0\u00a0\u00a0\u00a0\u00a0\u00a0\u00a0\u00a0\u00a0\u00a0\u00a0\u00a0\u00a0\u00a0\u00a0\u00a0\u00a0\u00a0\u00a0\u00a0\u00a0\u00a0\u00a0\u00a0\u00a0\u00a0\u00a0\u00a0\u00a0\u00a0\u00a0\u00a0\u00a0\u00a0\u00a0\u00a0\u00a0\u00a0\u00a0\u00a0\u00a0 (d) Indicar um representante membro de sua Diretoria com direito a voz e voto, para compor o Conselho Diretor da SBMFC;<\/td>\n<\/tr>\n<tr style=\"height: 120px\">\n<td style=\"width: 98.939%;height: 120px\" colspan=\"2\" width=\"447\">ARTIGO 37\u00ba \u00a7 1\u00ba do Estatuto da SBMFC \u2013 Na impossibilidade de seu comparecimento \u00e0 reuni\u00e3o do Conselho Diretor, o Presidente da SBMFC ser\u00e1 substitu\u00eddo pelo Vice-Presidente. Na impossibilidade deste, ser\u00e1 designado outro membro da Diretoria por quem estiver no exerc\u00edcio da Presid\u00eancia da SBMFC, garantindo-se sempre 04 (quatro) membros da Diretoria na reuni\u00e3o do Conselho Diretor.<\/td>\n<\/tr>\n<\/tbody>\n<\/table>\n<p>ARTIGO 36\u00b0 do Estatuo da SBMFC \u2013 O Conselho Diretor da SBMFC comp\u00f5e-se do Presidente, Vice-Presidente, Secret\u00e1rio Geral e Diretor Administrativo e Financeiro da SBMFC e dos Presidentes das entidades filiadas. <br \/>\nARTIGO 7\u00ba do Estatuto da SBMFC \u2013 S\u00e3o direitos das Associa\u00e7\u00f5es Estaduais devidamente regularizadas e com cadastro atualizado junto \u00e0 SBMFC: (d) Indicar um representante membro de sua Diretoria com direito a voz e voto, para compor o Conselho Diretor da SBMFC; <br \/>\nARTIGO 37\u00ba \u00a7 1\u00ba do Estatuto da SBMFC \u2013 Na impossibilidade de seu comparecimento \u00e0 reuni\u00e3o do Conselho Diretor, o Presidente da SBMFC ser\u00e1 substitu\u00eddo pelo Vice-Presidente. Na impossibilidade deste, ser\u00e1 designado outro membro da Diretoria por quem estiver no exerc\u00edcio da Presid\u00eancia da SBMFC, garantindo-se sempre 04 (quatro) membros da Diretoria na reuni\u00e3o do Conselho Diretor.<\/p>\n<p>&nbsp;<\/p>\n<p><span style=\"font-size: 24px\">2020\u00a0<\/span><\/p>\n<p><span style=\"font-size: 20px\"><a href=\"https:\/\/www.sbmfc.org.br\/wp-content\/uploads\/2020\/07\/Ata-reunia\u0303o-conselho-diretor-11-07-20.pdf\">Ata reunia\u0303o conselho diretor 11-07-20<\/a> <\/span><\/p>\n<p><span style=\"font-size: 20px\"><a href=\"https:\/\/www.sbmfc.org.br\/wp-content\/uploads\/2020\/07\/Ata-reunia\u0303o-conselho-diretor-14-07-20.pdf\">Ata reunia\u0303o conselho diretor 14-07-20<\/a><\/span><\/p>\n<p><span style=\"font-size: 20px\"><a href=\"https:\/\/www.sbmfc.org.br\/wp-content\/uploads\/2020\/06\/Convocac\u0327a\u0303o.pdf\">Convocac\u0327a\u0303o para reuni\u00e3o extraordin\u00e1ria &#8211; datada em 26 de junho de 2020<\/a>\u00a0<\/span><\/p>\n<p style=\"text-align: left\"><span style=\"font-size: 20px\"><a href=\"https:\/\/www.sbmfc.org.br\/ata-da-reuniao-extraordinaria-do-conselho-diretor-da-sbmfc-31-03-2020\/\" rel=\"bookmark\">Ata da reuni\u00e3o extraordin\u00e1ria do Conselho Diretor da SBMFC \u2013 31\/03\/2020<\/a><\/span><\/p>\n<p>&nbsp;<\/p>\n<p>2019\u00a0<\/p>\n<p><a href=\"https:\/\/www.sbmfc.org.br\/wp-content\/uploads\/2020\/07\/Ata-Reunia\u0303o-Ordina\u0301ria-do-Conselho-Diretor-09.07.2019.pdf\">Ata Reunia\u0303o Ordina\u0301ria do Conselho Diretor 09.07.2019<\/a><\/p>\n<p>2017\u00a0<\/p>\n<p><a href=\"https:\/\/www.sbmfc.org.br\/wp-content\/uploads\/2020\/07\/Ata-Reunia\u0303o-Ordina\u0301ria-do-Conselho-Diretor-01.11.2017.pdf\">Ata Reunia\u0303o Ordina\u0301ria do Conselho Diretor 01.11.2017<\/a>\u00a0<\/p>\n<p>2015\u00a0<\/p>\n<p><a href=\"https:\/\/www.sbmfc.org.br\/wp-content\/uploads\/2020\/07\/Ata-Reunia\u0303o-Ordina\u0301ria-do-Conselho-Diretor-10.07.2015.pdf\">Ata Reunia\u0303o Ordina\u0301ria do Conselho Diretor 10.07.2015<\/a>\u00a0<\/p>\n<p>2014<\/p>\n<p><a href=\"https:\/\/www.sbmfc.org.br\/wp-content\/uploads\/2020\/07\/Ata-Reunia\u0303o-Ordina\u0301ria-do-Conselho-Diretor-14.11.2014.pdf\">Ata Reunia\u0303o Ordina\u0301ria do Conselho Diretor 14.11.2014<\/a><\/p>\n<p>2013\u00a0<\/p>\n<p><a href=\"https:\/\/www.sbmfc.org.br\/wp-content\/uploads\/2020\/07\/Ata-Reunia\u0303o-Ordina\u0301ria-do-Conselho-Diretor-29.05.2013.pdf\">Ata Reunia\u0303o Ordina\u0301ria do Conselho Diretor 29.05.2013<\/a><\/p>\n<p>2009\u00a0<\/p>\n<p><a href=\"https:\/\/www.sbmfc.org.br\/wp-content\/uploads\/2020\/07\/Ata-Reunia\u0303o-Ordina\u0301ria-do-Conselho-Diretor-12.06.2009.pdf\">Ata Reunia\u0303o Ordina\u0301ria do Conselho Diretor 12.06.2009<\/a><\/p>\n<p>2008\u00a0<\/p>\n<p><a href=\"https:\/\/www.sbmfc.org.br\/wp-content\/uploads\/2020\/07\/Ata-Reunia\u0303o-Ordina\u0301ria-do-Conselho-Diretor-01.11.2008.pdf\">Ata Reunia\u0303o Ordina\u0301ria do Conselho Diretor 01.11.2008<\/a><\/p>\n","protected":false},"excerpt":{"rendered":"<p>Presidenta Zeliete Linhares Leite Zambon SBMFC Marco T\u00falio Aguiar Mour\u00e3o Ribeiro\u00a0 SBMFC Marcos Filipe Rodrigues Bosquiero SBMFC \u00a0Juliana Oliveira Soares\u00a0 CE Roberto Ribeiro Maranh\u00e3o DF Alcir Galdino de Oliveira Filho ES Jetele Del Bem Seleme Piana GO Adiel Alves de Sousa MG Lidiane de Oliveira Vilela PB Rafaela Alves Pacheco RS Jo\u00e3o Henrique Godinho Kolling [&hellip;]<\/p>\n","protected":false},"author":1,"featured_media":0,"parent":0,"menu_order":0,"comment_status":"closed","ping_status":"closed","template":"","meta":[],"yoast_head":"<!-- This site is optimized with the Yoast SEO plugin v17.9 - https:\/\/yoast.com\/wordpress\/plugins\/seo\/ -->\n<meta name=\"robots\" content=\"index, follow, max-snippet:-1, max-image-preview:large, max-video-preview:-1\" \/>\n<link rel=\"canonical\" href=\"https:\/\/sbmfc.org.br\/site-antigo\/conselho-diretor\/\" \/>\n<meta property=\"og:locale\" content=\"pt_BR\" \/>\n<meta property=\"og:type\" content=\"article\" \/>\n<meta property=\"og:title\" content=\"Conselho Diretor - SBMFC\" \/>\n<meta property=\"og:description\" content=\"Presidenta Zeliete Linhares Leite Zambon SBMFC Marco T\u00falio Aguiar Mour\u00e3o Ribeiro\u00a0 SBMFC Marcos Filipe Rodrigues Bosquiero SBMFC \u00a0Juliana Oliveira Soares\u00a0 CE Roberto Ribeiro Maranh\u00e3o DF Alcir Galdino de Oliveira Filho ES Jetele Del Bem Seleme Piana GO Adiel Alves de Sousa MG Lidiane de Oliveira Vilela PB Rafaela Alves Pacheco RS Jo\u00e3o Henrique Godinho Kolling [&hellip;]\" \/>\n<meta property=\"og:url\" content=\"https:\/\/sbmfc.org.br\/site-antigo\/conselho-diretor\/\" \/>\n<meta property=\"og:site_name\" content=\"SBMFC\" \/>\n<meta property=\"article:modified_time\" content=\"2021-03-17T14:51:53+00:00\" \/>\n<meta name=\"twitter:card\" content=\"summary_large_image\" \/>\n<meta name=\"twitter:label1\" content=\"Est. tempo de leitura\" \/>\n\t<meta name=\"twitter:data1\" content=\"2 minutos\" \/>\n<script type=\"application\/ld+json\" class=\"yoast-schema-graph\">{\"@context\":\"https:\/\/schema.org\",\"@graph\":[{\"@type\":\"WebSite\",\"@id\":\"https:\/\/sbmfc.org.br\/site-antigo\/#website\",\"url\":\"https:\/\/sbmfc.org.br\/site-antigo\/\",\"name\":\"SBMFC\",\"description\":\"Sociedade Brasileira de Medicina de Fam\\u00edlia e Comunidade\",\"potentialAction\":[{\"@type\":\"SearchAction\",\"target\":{\"@type\":\"EntryPoint\",\"urlTemplate\":\"https:\/\/sbmfc.org.br\/site-antigo\/?s={search_term_string}\"},\"query-input\":\"required name=search_term_string\"}],\"inLanguage\":\"pt-BR\"},{\"@type\":\"WebPage\",\"@id\":\"https:\/\/sbmfc.org.br\/site-antigo\/conselho-diretor\/#webpage\",\"url\":\"https:\/\/sbmfc.org.br\/site-antigo\/conselho-diretor\/\",\"name\":\"Conselho Diretor - SBMFC\",\"isPartOf\":{\"@id\":\"https:\/\/sbmfc.org.br\/site-antigo\/#website\"},\"datePublished\":\"2020-06-15T18:41:37+00:00\",\"dateModified\":\"2021-03-17T14:51:53+00:00\",\"breadcrumb\":{\"@id\":\"https:\/\/sbmfc.org.br\/site-antigo\/conselho-diretor\/#breadcrumb\"},\"inLanguage\":\"pt-BR\",\"potentialAction\":[{\"@type\":\"ReadAction\",\"target\":[\"https:\/\/sbmfc.org.br\/site-antigo\/conselho-diretor\/\"]}]},{\"@type\":\"BreadcrumbList\",\"@id\":\"https:\/\/sbmfc.org.br\/site-antigo\/conselho-diretor\/#breadcrumb\",\"itemListElement\":[{\"@type\":\"ListItem\",\"position\":1,\"name\":\"In\\u00edcio\",\"item\":\"https:\/\/sbmfc.org.br\/site-antigo\/\"},{\"@type\":\"ListItem\",\"position\":2,\"name\":\"Conselho Diretor\"}]}]}<\/script>\n<!-- \/ Yoast SEO plugin. -->","yoast_head_json":{"robots":{"index":"index","follow":"follow","max-snippet":"max-snippet:-1","max-image-preview":"max-image-preview:large","max-video-preview":"max-video-preview:-1"},"canonical":"https:\/\/sbmfc.org.br\/site-antigo\/conselho-diretor\/","og_locale":"pt_BR","og_type":"article","og_title":"Conselho Diretor - SBMFC","og_description":"Presidenta Zeliete Linhares Leite Zambon SBMFC Marco T\u00falio Aguiar Mour\u00e3o Ribeiro\u00a0 SBMFC Marcos Filipe Rodrigues Bosquiero SBMFC \u00a0Juliana Oliveira Soares\u00a0 CE Roberto Ribeiro Maranh\u00e3o DF Alcir Galdino de Oliveira Filho ES Jetele Del Bem Seleme Piana GO Adiel Alves de Sousa MG Lidiane de Oliveira Vilela PB Rafaela Alves Pacheco RS Jo\u00e3o Henrique Godinho Kolling [&hellip;]","og_url":"https:\/\/sbmfc.org.br\/site-antigo\/conselho-diretor\/","og_site_name":"SBMFC","article_modified_time":"2021-03-17T14:51:53+00:00","twitter_card":"summary_large_image","twitter_misc":{"Est. tempo de leitura":"2 minutos"},"schema":{"@context":"https:\/\/schema.org","@graph":[{"@type":"WebSite","@id":"https:\/\/sbmfc.org.br\/site-antigo\/#website","url":"https:\/\/sbmfc.org.br\/site-antigo\/","name":"SBMFC","description":"Sociedade Brasileira de Medicina de Fam\u00edlia e Comunidade","potentialAction":[{"@type":"SearchAction","target":{"@type":"EntryPoint","urlTemplate":"https:\/\/sbmfc.org.br\/site-antigo\/?s={search_term_string}"},"query-input":"required name=search_term_string"}],"inLanguage":"pt-BR"},{"@type":"WebPage","@id":"https:\/\/sbmfc.org.br\/site-antigo\/conselho-diretor\/#webpage","url":"https:\/\/sbmfc.org.br\/site-antigo\/conselho-diretor\/","name":"Conselho Diretor - SBMFC","isPartOf":{"@id":"https:\/\/sbmfc.org.br\/site-antigo\/#website"},"datePublished":"2020-06-15T18:41:37+00:00","dateModified":"2021-03-17T14:51:53+00:00","breadcrumb":{"@id":"https:\/\/sbmfc.org.br\/site-antigo\/conselho-diretor\/#breadcrumb"},"inLanguage":"pt-BR","potentialAction":[{"@type":"ReadAction","target":["https:\/\/sbmfc.org.br\/site-antigo\/conselho-diretor\/"]}]},{"@type":"BreadcrumbList","@id":"https:\/\/sbmfc.org.br\/site-antigo\/conselho-diretor\/#breadcrumb","itemListElement":[{"@type":"ListItem","position":1,"name":"In\u00edcio","item":"https:\/\/sbmfc.org.br\/site-antigo\/"},{"@type":"ListItem","position":2,"name":"Conselho Diretor"}]}]}},"_links":{"self":[{"href":"https:\/\/sbmfc.org.br\/site-antigo\/wp-json\/wp\/v2\/pages\/4937"}],"collection":[{"href":"https:\/\/sbmfc.org.br\/site-antigo\/wp-json\/wp\/v2\/pages"}],"about":[{"href":"https:\/\/sbmfc.org.br\/site-antigo\/wp-json\/wp\/v2\/types\/page"}],"author":[{"embeddable":true,"href":"https:\/\/sbmfc.org.br\/site-antigo\/wp-json\/wp\/v2\/users\/1"}],"replies":[{"embeddable":true,"href":"https:\/\/sbmfc.org.br\/site-antigo\/wp-json\/wp\/v2\/comments?post=4937"}],"version-history":[{"count":19,"href":"https:\/\/sbmfc.org.br\/site-antigo\/wp-json\/wp\/v2\/pages\/4937\/revisions"}],"predecessor-version":[{"id":6181,"href":"https:\/\/sbmfc.org.br\/site-antigo\/wp-json\/wp\/v2\/pages\/4937\/revisions\/6181"}],"wp:attachment":[{"href":"https:\/\/sbmfc.org.br\/site-antigo\/wp-json\/wp\/v2\/media?parent=4937"}],"curies":[{"name":"wp","href":"https:\/\/api.w.org\/{rel}","templated":true}]}}