{"id":4504,"date":"2020-03-24T14:07:01","date_gmt":"2020-03-24T17:07:01","guid":{"rendered":"https:\/\/www.sbmfc.org.br\/?page_id=4504"},"modified":"2021-04-29T18:10:43","modified_gmt":"2021-04-29T21:10:43","slug":"publicacoes-sobre-covid-19-para-medicos-de-familia-e-comunidade","status":"publish","type":"page","link":"https:\/\/sbmfc.org.br\/site-antigo\/publicacoes-sobre-covid-19-para-medicos-de-familia-e-comunidade\/","title":{"rendered":"Publica\u00e7\u00f5es sobre Covid-19 para m\u00e9dicos de fam\u00edlia e comunidade"},"content":{"rendered":"<p>Para informar as m\u00e9dicas e m\u00e9dicos de fam\u00edlia sobre a pandemia de coronav\u00edrus (Covid-19), a SBMFC oferece biblioteca virtual com material e artigos cient\u00edficos de \u00f3rg\u00e3os oficiais para estudos e prepara\u00e7\u00e3o no atendimento de pessoas nas Unidades B\u00e1sicas de Sa\u00fade, pronto-socorros, hospitais e cl\u00ednicas.\u00a0<\/p>\n<p>Acompanhe tamb\u00e9m a p\u00e1gina:\u00a0<\/p>\n<p><a href=\"https:\/\/www.sbmfc.org.br\/medicamentos-no-combate-ao-coronavirus\/\" class=\"broken_link\">Medicamentos no combate ao coronav\u00edrus\u00a0<\/a><\/p>\n<h2><strong>Artigos e guias:\u00a0<\/strong><\/h2>\n<p><strong>Risk factors for SARS-CoV-2 among patients in the Oxford Royal College of General Practitioners Research and Surveillance Centre primary care network: a cross-sectional study.<\/strong> Lancet Infect Dis 2020. Dispon\u00edvel em &lt;<a href=\"https:\/\/www.sbmfc.org.br\/wp-content\/uploads\/2020\/05\/fator-de-risco-lancet.pdf\">fator de risco lancet<\/a>&gt;<\/p>\n<div id=\"art_titol_titol\"><strong>What a time to be alive: la semiolog\u00eda en la era del SARS-COV2<\/strong>. MFC. Dispon\u00edvel em &lt;<a href=\"https:\/\/amf-semfyc.com\/web\/article_ver.php?id=2651\" class=\"broken_link\">https:\/\/amf-semfyc.com\/web\/article_ver.php?id=2651<\/a>&gt;<\/div>\n<div id=\"art_titol_autors\">\u00a0<\/div>\n<div>\u00a0<\/div>\n<div class=\"highwire-cite-title\"><strong>Challenges and responsibilities of family doctors in the new global coronavirus outbreak<\/strong>. BMJ. Dispon\u00edvel em &lt;<a href=\"https:\/\/fmch.bmj.com\/content\/fmch\/8\/1\/e000333.full.pdf\" class=\"broken_link\">https:\/\/fmch.bmj.com\/content\/fmch\/8\/1\/e000333.full.pdf<\/a>&gt;\u00a0<\/div>\n<p>&nbsp;<\/p>\n<p><b>Covid19 en Ibero Am\u00e9rica <\/b><b>Aportes desde la Medicina Familiar\/Medicina Familiar y Comunitaria. <\/b>CIMF. Dispon\u00edvel em <b>&lt;<\/b><a href=\"https:\/\/www.sbmfc.org.br\/wp-content\/uploads\/2020\/04\/Covid19_CIMF-WONCA.18.04.20zoomEsp.pptx\">Covid19_CIMF-WONCA.18.04.20zoomEsp&gt;<\/a><\/p>\n<p>&nbsp;<\/p>\n<p id=\"gmail-page-title\" class=\"gmail-highwire-cite-title\"><strong>Covid-19: a remote assessment in primary care<\/strong>. <span class=\"gmail-highwire-cite-journal\">BMJ<\/span>\u00a0<span class=\"gmail-highwire-cite-published-year\">2020. Dispon\u00edvel em &lt;<\/span><span class=\"gmail-highwire-cite-doi\"><a href=\"https:\/\/doi.org\/10.1136\/bmj.m1182\" class=\"broken_link\">https:\/\/doi.org\/10.1136\/bmj.m1182&gt;<\/a><\/span><\/p>\n<div>\n<div class=\"gmail_signature\" dir=\"ltr\" data-smartmail=\"gmail_signature\">\n<div dir=\"ltr\">\n<div>\n<div dir=\"ltr\">\n<div dir=\"ltr\">\u00a0<\/div>\n<\/div>\n<\/div>\n<\/div>\n<\/div>\n<\/div>\n<p><strong>PROTOCOLO DE MANEJO CL\u00cdNICO DO CORONAV\u00cdRUS (COVID-19) NA ATEN\u00c7\u00c3O PRIM\u00c1RIA \u00c0 SA\u00daDE<\/strong>. Vers\u00e3o 7 Bras\u00edlia &#8211; DF Abril de 2020 Secretaria de Aten\u00e7\u00e3o Prim\u00e1ria \u00e0 Sa\u00fade (SAPS). Dispon\u00edvel em &lt;<a href=\"https:\/\/www.sbmfc.org.br\/wp-content\/uploads\/2020\/04\/20200408-ProtocoloManejo-ver07.pdf.pdf\">20200408-ProtocoloManejo-ver07.pdf<\/a>&gt;<\/p>\n<p>&nbsp;<\/p>\n<p><strong>RECOMENDA\u00c7\u00d5ES PARA ADEQUA\u00c7\u00c3O DAS A\u00c7\u00d5ES DOS AGENTES COMUNIT\u00c1RIOS DE SA\u00daDE FRENTE \u00c0 ATUAL SITUA\u00c7\u00c3O EPIDEMIOL\u00d3GICA REFERENTE AO COVID-19<\/strong>. Minist\u00e9rio da Sa\u00fade. Mar\u00e7o de 2020. Dispon\u00edvel em &lt;<a href=\"https:\/\/www.sbmfc.org.br\/wp-content\/uploads\/2020\/04\/Recomendacoes_ACS_COVID19_ver001_final.pdf.pdf.pdf\">Recomendacoes_ACS_COVID19_ver001_final.pdf.pdf<\/a>&gt;<\/p>\n<p>&nbsp;<\/p>\n<p><strong>PROTOCOLO DE MANEJO CL\u00cdNICO DO CORONAV\u00cdRUS (COVID-19) NA ATEN\u00c7\u00c3O PRIM\u00c1RIA \u00c0 SA\u00daDE.<\/strong> Vers\u00e3o 6 Bras\u00edlia &#8211; DF Mar\u00e7o de 2020 Secretaria de Aten\u00e7\u00e3o Prim\u00e1ria \u00e0 Sa\u00fade (SAPS). Dispon\u00edvel em &lt;<a href=\"https:\/\/www.sbmfc.org.br\/wp-content\/uploads\/2020\/03\/20200327_ProtocoloManejo_ver06_Final.pdf.pdf\">20200327_ProtocoloManejo_ver06_Final.pdf<\/a>&gt;<\/p>\n<p>&nbsp;<\/p>\n<p><strong>covid-19 in primary care (UK).<\/strong> BMJ. Version 3.0 17 Mar 2020. Dispon\u00edvel em &lt; <a href=\"https:\/\/www.sbmfc.org.br\/wp-content\/uploads\/2020\/03\/covid19_v3.0_web.pdf\">covid19_v3.0_web<\/a>&gt;\u00a0<\/p>\n<p>&nbsp;<\/p>\n<p><strong>Algoritmo cl\u00ednico assistencial para APS: COVID-19<\/strong>. Vers\u00e3o Florian\u00f3polis\/SC 26 mar\u00e7o 2020. Dispon\u00edvel em &lt;<a href=\"https:\/\/www.sbmfc.org.br\/wp-content\/uploads\/2020\/03\/Algoritimo-cli\u0301nico-assistencial_APS_26mar2020.pdf\">Algoritimo cli\u0301nico assistencial_APS_26mar2020<\/a>&gt;\u00a0<\/p>\n<p>&nbsp;<\/p>\n<p><strong>COVID-19: interim guidance for primary care. Updated 19 March 2020<\/strong>. Gov.UK. Dispon\u00edvel em &lt;<a href=\"https:\/\/www.sbmfc.org.br\/wp-content\/uploads\/2020\/03\/COVID-19_-interim-guidance-for-primary-care-GOV.UK_.pdf\">COVID-19_ interim guidance for primary care &#8211; GOV.UK<\/a>&gt;.\u00a0<\/p>\n<p>&nbsp;<\/p>\n<p><strong>Contributions and challenges of general practitioners in China fighting against the novel coronavirus crisis<\/strong>. Family Medicine and Community Health. Donald Kwok Tung Li e\u00a0 Shanzhu Zhu2. Dispon\u00edvel em &lt;<a href=\"https:\/\/www.sbmfc.org.br\/wp-content\/uploads\/2020\/03\/e000361.full_.pdf\">e000361.full<\/a>&gt;<\/p>\n<p>&nbsp;<\/p>\n<p><strong>ORIENTA\u00c7\u00d5ES PARA SERVI\u00c7OS DE SA\u00daDE: MEDIDAS DE PREVEN\u00c7\u00c3O E CONTROLE QUE DEVEM SER ADOTADAS DURANTE A ASSIST\u00caNCIA AOS CASOS SUSPEITOS OU CONFIRMADOS DE INFEC\u00c7\u00c3O PELO NOVO CORONAV\u00cdRUS (SARS-CoV-2).\u00a0<\/strong>(atualizada em 21\/03\/2020). Anvisa. Dispon\u00edvel em<strong>\u00a0&lt;<\/strong><a href=\"https:\/\/www.sbmfc.org.br\/wp-content\/uploads\/2020\/03\/ANVISA-21.3.20-NOTA-TECNICA-n%C2%BA04_2020-ATUALIZADA-GVIMS_GGTES-CORONAVIRUS.pdf\">ANVISA 21.3.20 NOTA TECNICA n\u00ba04_2020 ATUALIZADA GVIMS_GGTES \u2013 CORONAVIRUS<\/a>&gt;<\/p>\n<p>&nbsp;<\/p>\n<p><strong>CRIT\u00c9RIOS CL\u00cdNICOS E DE REFERENCIA\u00c7\u00c3O HOSPITALAR EM DOENTES COM PROV\u00c1VEL INFE\u00c7\u00c3O POR SARS-CoV-2<\/strong>. Sociedad Espa\u00f1ola De Medicina de Fam\u00edlia Y Comunit\u00e1ria. Tradu\u00e7\u00e3o de Associa\u00e7\u00e3o Portuguesa de Medicina Geral e Familiar (APMGF).\u00a0 Dispon\u00edvel em &lt;<a href=\"https:\/\/www.sbmfc.org.br\/wp-content\/uploads\/2020\/03\/k6i1be5w1585094140404.pdf\">k6i1be5w1585094140404<\/a>&gt;\u00a0<\/p>\n<p>&nbsp;<\/p>\n<p><strong>CRITERIOS DE ATENCI\u00d3N CL\u00cdNICA Y DE DERIVACI\u00d3N HOSPITALARIA DE PACIENTES DIAGNOSTICADOS COMO CASOS PROBABLES DE INFECCI\u00d3N POR SARS-CoV-2<\/strong>. Sociedad Espa\u00f1ola De Medicina de Fam\u00edlia Y Comunit\u00e1ria. Dispon\u00edvel em &lt;<a href=\"https:\/\/www.sbmfc.org.br\/wp-content\/uploads\/2020\/03\/criterios-sars-cov-2-20200320.pdf.pdf\">criterios-sars-cov-2-20200320.pdf<\/a>&gt;<\/p>\n<p>&nbsp;<\/p>\n<p><strong>Coronavirus disease 2019 (covid-19): a guide for UK GPs<\/strong>. BMJ 2020;368:m800 doi: 10.1136\/bmj.m800 (Published 5 March 2020). Dispon\u00edvel em &lt;<a href=\"https:\/\/www.sbmfc.org.br\/wp-content\/uploads\/2020\/03\/bmj.m800.full_.pdf\">bmj.m800.full<\/a>&gt;\u00a0<\/p>\n<p>&nbsp;<\/p>\n<h2><strong>P\u00e1ginas de associa\u00e7\u00f5es e entidades internacionais para consulta: <\/strong><\/h2>\n<p>Wonca Global Family Doctor. <strong>Coronavirus (COVID-19) resources<\/strong>. Dispon\u00edvel em &lt;<a href=\"https:\/\/www.globalfamilydoctor.com\/Resources\/COVID19.aspx\" class=\"broken_link\">https:\/\/www.globalfamilydoctor.com\/Resources\/COVID19.aspx<\/a>&gt;\u00a0<\/p>\n<p>&nbsp;<\/p>\n<p class=\"horizontal-gradient\">AAFP &#8211; American Academy of Family Physicians. <strong>Respond to Coronavirus (COVID-19)<\/strong>. Dispon\u00edvel em &lt;<a href=\"https:\/\/www.aafp.org\/patient-care\/emergency\/2019-coronavirus.html?intcmp=nCoV_car_2019-nCoV_promo_pos1\" class=\"broken_link\">https:\/\/www.aafp.org\/patient-care\/emergency\/2019-coronavirus.html?intcmp=nCoV_car_2019-nCoV_promo_pos1<\/a>&gt;<\/p>\n<p>&nbsp;<\/p>\n","protected":false},"excerpt":{"rendered":"<p>Para informar as m\u00e9dicas e m\u00e9dicos de fam\u00edlia sobre a pandemia de coronav\u00edrus (Covid-19), a SBMFC oferece biblioteca virtual com material e artigos cient\u00edficos de \u00f3rg\u00e3os oficiais para estudos e prepara\u00e7\u00e3o no atendimento de pessoas nas Unidades B\u00e1sicas de Sa\u00fade, pronto-socorros, hospitais e cl\u00ednicas.\u00a0 Acompanhe tamb\u00e9m a p\u00e1gina:\u00a0 Medicamentos no combate ao coronav\u00edrus\u00a0 Artigos e [&hellip;]<\/p>\n","protected":false},"author":1,"featured_media":0,"parent":0,"menu_order":0,"comment_status":"closed","ping_status":"closed","template":"","meta":[],"yoast_head":"<!-- This site is optimized with the Yoast SEO plugin v17.9 - https:\/\/yoast.com\/wordpress\/plugins\/seo\/ -->\n<meta name=\"robots\" content=\"index, follow, max-snippet:-1, max-image-preview:large, max-video-preview:-1\" \/>\n<link rel=\"canonical\" href=\"https:\/\/sbmfc.org.br\/site-antigo\/publicacoes-sobre-covid-19-para-medicos-de-familia-e-comunidade\/\" \/>\n<meta property=\"og:locale\" content=\"pt_BR\" \/>\n<meta property=\"og:type\" content=\"article\" \/>\n<meta property=\"og:title\" content=\"Publica\u00e7\u00f5es sobre Covid-19 para m\u00e9dicos de fam\u00edlia e comunidade - SBMFC\" \/>\n<meta property=\"og:description\" content=\"Para informar as m\u00e9dicas e m\u00e9dicos de fam\u00edlia sobre a pandemia de coronav\u00edrus (Covid-19), a SBMFC oferece biblioteca virtual com material e artigos cient\u00edficos de \u00f3rg\u00e3os oficiais para estudos e prepara\u00e7\u00e3o no atendimento de pessoas nas Unidades B\u00e1sicas de Sa\u00fade, pronto-socorros, hospitais e cl\u00ednicas.\u00a0 Acompanhe tamb\u00e9m a p\u00e1gina:\u00a0 Medicamentos no combate ao coronav\u00edrus\u00a0 Artigos e [&hellip;]\" \/>\n<meta property=\"og:url\" content=\"https:\/\/sbmfc.org.br\/site-antigo\/publicacoes-sobre-covid-19-para-medicos-de-familia-e-comunidade\/\" \/>\n<meta property=\"og:site_name\" content=\"SBMFC\" \/>\n<meta property=\"article:modified_time\" content=\"2021-04-29T21:10:43+00:00\" \/>\n<meta name=\"twitter:card\" content=\"summary_large_image\" \/>\n<meta name=\"twitter:label1\" content=\"Est. tempo de leitura\" \/>\n\t<meta name=\"twitter:data1\" content=\"3 minutos\" \/>\n<script type=\"application\/ld+json\" class=\"yoast-schema-graph\">{\"@context\":\"https:\/\/schema.org\",\"@graph\":[{\"@type\":\"WebSite\",\"@id\":\"https:\/\/sbmfc.org.br\/site-antigo\/#website\",\"url\":\"https:\/\/sbmfc.org.br\/site-antigo\/\",\"name\":\"SBMFC\",\"description\":\"Sociedade Brasileira de Medicina de Fam\\u00edlia e Comunidade\",\"potentialAction\":[{\"@type\":\"SearchAction\",\"target\":{\"@type\":\"EntryPoint\",\"urlTemplate\":\"https:\/\/sbmfc.org.br\/site-antigo\/?s={search_term_string}\"},\"query-input\":\"required name=search_term_string\"}],\"inLanguage\":\"pt-BR\"},{\"@type\":\"WebPage\",\"@id\":\"https:\/\/sbmfc.org.br\/site-antigo\/publicacoes-sobre-covid-19-para-medicos-de-familia-e-comunidade\/#webpage\",\"url\":\"https:\/\/sbmfc.org.br\/site-antigo\/publicacoes-sobre-covid-19-para-medicos-de-familia-e-comunidade\/\",\"name\":\"Publica\\u00e7\\u00f5es sobre Covid-19 para m\\u00e9dicos de fam\\u00edlia e comunidade - SBMFC\",\"isPartOf\":{\"@id\":\"https:\/\/sbmfc.org.br\/site-antigo\/#website\"},\"datePublished\":\"2020-03-24T17:07:01+00:00\",\"dateModified\":\"2021-04-29T21:10:43+00:00\",\"breadcrumb\":{\"@id\":\"https:\/\/sbmfc.org.br\/site-antigo\/publicacoes-sobre-covid-19-para-medicos-de-familia-e-comunidade\/#breadcrumb\"},\"inLanguage\":\"pt-BR\",\"potentialAction\":[{\"@type\":\"ReadAction\",\"target\":[\"https:\/\/sbmfc.org.br\/site-antigo\/publicacoes-sobre-covid-19-para-medicos-de-familia-e-comunidade\/\"]}]},{\"@type\":\"BreadcrumbList\",\"@id\":\"https:\/\/sbmfc.org.br\/site-antigo\/publicacoes-sobre-covid-19-para-medicos-de-familia-e-comunidade\/#breadcrumb\",\"itemListElement\":[{\"@type\":\"ListItem\",\"position\":1,\"name\":\"In\\u00edcio\",\"item\":\"https:\/\/sbmfc.org.br\/site-antigo\/\"},{\"@type\":\"ListItem\",\"position\":2,\"name\":\"Publica\\u00e7\\u00f5es sobre Covid-19 para m\\u00e9dicos de fam\\u00edlia e comunidade\"}]}]}<\/script>\n<!-- \/ Yoast SEO plugin. -->","yoast_head_json":{"robots":{"index":"index","follow":"follow","max-snippet":"max-snippet:-1","max-image-preview":"max-image-preview:large","max-video-preview":"max-video-preview:-1"},"canonical":"https:\/\/sbmfc.org.br\/site-antigo\/publicacoes-sobre-covid-19-para-medicos-de-familia-e-comunidade\/","og_locale":"pt_BR","og_type":"article","og_title":"Publica\u00e7\u00f5es sobre Covid-19 para m\u00e9dicos de fam\u00edlia e comunidade - SBMFC","og_description":"Para informar as m\u00e9dicas e m\u00e9dicos de fam\u00edlia sobre a pandemia de coronav\u00edrus (Covid-19), a SBMFC oferece biblioteca virtual com material e artigos cient\u00edficos de \u00f3rg\u00e3os oficiais para estudos e prepara\u00e7\u00e3o no atendimento de pessoas nas Unidades B\u00e1sicas de Sa\u00fade, pronto-socorros, hospitais e cl\u00ednicas.\u00a0 Acompanhe tamb\u00e9m a p\u00e1gina:\u00a0 Medicamentos no combate ao coronav\u00edrus\u00a0 Artigos e [&hellip;]","og_url":"https:\/\/sbmfc.org.br\/site-antigo\/publicacoes-sobre-covid-19-para-medicos-de-familia-e-comunidade\/","og_site_name":"SBMFC","article_modified_time":"2021-04-29T21:10:43+00:00","twitter_card":"summary_large_image","twitter_misc":{"Est. tempo de leitura":"3 minutos"},"schema":{"@context":"https:\/\/schema.org","@graph":[{"@type":"WebSite","@id":"https:\/\/sbmfc.org.br\/site-antigo\/#website","url":"https:\/\/sbmfc.org.br\/site-antigo\/","name":"SBMFC","description":"Sociedade Brasileira de Medicina de Fam\u00edlia e Comunidade","potentialAction":[{"@type":"SearchAction","target":{"@type":"EntryPoint","urlTemplate":"https:\/\/sbmfc.org.br\/site-antigo\/?s={search_term_string}"},"query-input":"required name=search_term_string"}],"inLanguage":"pt-BR"},{"@type":"WebPage","@id":"https:\/\/sbmfc.org.br\/site-antigo\/publicacoes-sobre-covid-19-para-medicos-de-familia-e-comunidade\/#webpage","url":"https:\/\/sbmfc.org.br\/site-antigo\/publicacoes-sobre-covid-19-para-medicos-de-familia-e-comunidade\/","name":"Publica\u00e7\u00f5es sobre Covid-19 para m\u00e9dicos de fam\u00edlia e comunidade - SBMFC","isPartOf":{"@id":"https:\/\/sbmfc.org.br\/site-antigo\/#website"},"datePublished":"2020-03-24T17:07:01+00:00","dateModified":"2021-04-29T21:10:43+00:00","breadcrumb":{"@id":"https:\/\/sbmfc.org.br\/site-antigo\/publicacoes-sobre-covid-19-para-medicos-de-familia-e-comunidade\/#breadcrumb"},"inLanguage":"pt-BR","potentialAction":[{"@type":"ReadAction","target":["https:\/\/sbmfc.org.br\/site-antigo\/publicacoes-sobre-covid-19-para-medicos-de-familia-e-comunidade\/"]}]},{"@type":"BreadcrumbList","@id":"https:\/\/sbmfc.org.br\/site-antigo\/publicacoes-sobre-covid-19-para-medicos-de-familia-e-comunidade\/#breadcrumb","itemListElement":[{"@type":"ListItem","position":1,"name":"In\u00edcio","item":"https:\/\/sbmfc.org.br\/site-antigo\/"},{"@type":"ListItem","position":2,"name":"Publica\u00e7\u00f5es sobre Covid-19 para m\u00e9dicos de fam\u00edlia e comunidade"}]}]}},"_links":{"self":[{"href":"https:\/\/sbmfc.org.br\/site-antigo\/wp-json\/wp\/v2\/pages\/4504"}],"collection":[{"href":"https:\/\/sbmfc.org.br\/site-antigo\/wp-json\/wp\/v2\/pages"}],"about":[{"href":"https:\/\/sbmfc.org.br\/site-antigo\/wp-json\/wp\/v2\/types\/page"}],"author":[{"embeddable":true,"href":"https:\/\/sbmfc.org.br\/site-antigo\/wp-json\/wp\/v2\/users\/1"}],"replies":[{"embeddable":true,"href":"https:\/\/sbmfc.org.br\/site-antigo\/wp-json\/wp\/v2\/comments?post=4504"}],"version-history":[{"count":20,"href":"https:\/\/sbmfc.org.br\/site-antigo\/wp-json\/wp\/v2\/pages\/4504\/revisions"}],"predecessor-version":[{"id":6375,"href":"https:\/\/sbmfc.org.br\/site-antigo\/wp-json\/wp\/v2\/pages\/4504\/revisions\/6375"}],"wp:attachment":[{"href":"https:\/\/sbmfc.org.br\/site-antigo\/wp-json\/wp\/v2\/media?parent=4504"}],"curies":[{"name":"wp","href":"https:\/\/api.w.org\/{rel}","templated":true}]}}