{"id":4320,"date":"2020-03-02T08:48:43","date_gmt":"2020-03-02T11:48:43","guid":{"rendered":"https:\/\/www.sbmfc.org.br\/?page_id=4320"},"modified":"2022-02-08T10:17:11","modified_gmt":"2022-02-08T13:17:11","slug":"29-temfc","status":"publish","type":"page","link":"https:\/\/sbmfc.org.br\/site-antigo\/29-temfc\/","title":{"rendered":"29 TEMFC"},"content":{"rendered":"<p><strong>Prova para obten\u00e7\u00e3o do t\u00edtulo de especialista em Medicina de Fam\u00edlia e Comunidade<\/strong><\/p>\n<p>Para informa\u00e7\u00f5es e d\u00favidas, acione a diretoria de titula\u00e7\u00e3o pelo e-mail titulacao@sbmfc.org.br ou pelo whatsapp (21) 98340-1338. Expediente de segunda a sexta, das 8h \u00e0s 17h.<\/p>\n<p>A Diretoria de Titula\u00e7\u00e3o da Sociedade Brasileira de Medicina de Fam\u00edlia e Comunidade, ap\u00f3s an\u00e1lise dos curr\u00edculos dos candidatos habilitados para a segunda etapa do concurso para obten\u00e7\u00e3o do T\u00edtulo de Especialista em Medicina de Fam\u00edlia e Comunidade \u2013 TEMFC 29, divulga a rela\u00e7\u00e3o dos candidatos APROVADOS. O prazo para interposi\u00e7\u00e3o de recurso em face da nota atribu\u00edda ao curr\u00edculo, na forma do artigo 62o do edital, ser\u00e1 de 3 (tr\u00eas) dias ap\u00f3s a divulga\u00e7\u00e3o deste resultado. Eventuais recursos dever\u00e3o ser interpostos dentro da p\u00e1gina de inscri\u00e7\u00e3o do candidato (nos campos espec\u00edficos ao final da ficha, dispon\u00edvel abaixo).\u00a0<\/p>\n<p><strong>Resultado final publicado em 03\/12\/2021: <a href=\"https:\/\/www.sbmfc.org.br\/wp-content\/uploads\/2021\/12\/RESULTADO-FINAL-TEMFC-29.pdf\">RESULTADO FINAL TEMFC 29<\/a><\/strong><\/p>\n<p>Confira a lista publicada em 18\/11\/2021: <a href=\"https:\/\/www.sbmfc.org.br\/wp-content\/uploads\/2021\/11\/Resultado-Apo\u0301s-Ana\u0301lise-dos-Curri\u0301culos-TEMFC-29-1.pdf\">Resultado Apo\u0301s Ana\u0301lise dos Curri\u0301culos TEMFC 29.\u00a0<\/a><\/p>\n<p>Link de acesso a \u00e1rea restrita dos candidato\/as: <a href=\"http:\/\/sbmfc.org.br\/inscricao-temfc\">sbmfc.org.br\/inscricao-temfc<\/a>.\u00a0<\/p>\n<p>&nbsp;<\/p>\n<p>Documentos publicados em 07\/10\/2021:<\/p>\n<p><a href=\"https:\/\/www.sbmfc.org.br\/wp-content\/uploads\/2021\/10\/Candidatos-APROVADOS-Primeira-Lista.pdf\">Candidatos APROVADOS &#8211; Primeira Lista<\/a><\/p>\n<p><a href=\"https:\/\/www.sbmfc.org.br\/wp-content\/uploads\/2021\/10\/Candidatos-Habilitados-Ana\u0301lise-Curricular.pdf\">Candidatos Habilitados &#8211; Ana\u0301lise Curricular<\/a><\/p>\n<p><a href=\"https:\/\/www.sbmfc.org.br\/wp-content\/uploads\/2021\/10\/Gabarito-Final-Prova-Objetiva-TEMFC-29.pdf\">Gabarito Final &#8211; Prova Objetiva TEMFC 29<\/a><\/p>\n<p><a href=\"https:\/\/www.sbmfc.org.br\/wp-content\/uploads\/2021\/10\/Resposta-dos-recursos-prova-escrita-TEMFC-29.pdf\">Resposta dos recursos prova escrita &#8211; TEMFC 29<\/a><\/p>\n<p>&nbsp;<\/p>\n<p>&nbsp;<\/p>\n<p>&nbsp;<\/p>\n<p><a href=\"https:\/\/www.sbmfc.org.br\/wp-content\/uploads\/2022\/02\/PROVA-SBMFC-2021.pdf\">PROVA SBMFC 2021<\/a><\/p>\n<p><a href=\"https:\/\/www.sbmfc.org.br\/wp-content\/uploads\/2021\/08\/Gabarito-Preliminar-Prova-Objetiva-TEMFC-29-1.pdf\">Gabarito Preliminar \u2013 Prova Objetiva TEMFC 29<\/a><\/p>\n<p><a href=\"https:\/\/www.sbmfc.org.br\/wp-content\/uploads\/2021\/08\/GABARITO-COM-JUSTIFICATIVA-E-REFERE%CC%82NCIA.pdf\">GABARITO COM JUSTIFICATIVA E REFERE\u0302NCIA<\/a><\/p>\n<p>&nbsp;<\/p>\n<p>Lista DEFINITIVA de candidato\/as homologados \u2013 publicada em 06\/08\/2021 \u2013\u00a0<a href=\"https:\/\/www.sbmfc.org.br\/wp-content\/uploads\/2021\/08\/INSCRIC%CC%A7O%CC%83ES-HOMOLOGADAS-2.pdf\">INSCRIC\u0327O\u0303ES HOMOLOGADAS<\/a>.\u00a0<\/p>\n<p>Lista de candidato\/as homologados \u2013 publicada em 30\/07\/2021:\u00a0<a href=\"https:\/\/www.sbmfc.org.br\/wp-content\/uploads\/2021\/07\/EDITAL-TEMFC-29-INSCRIC%CC%A7O%CC%83ES-HOMOLOGADAS-30.07.2021.pdf\">EDITAL TEMFC 29 \u2013 INSCRIC\u0327O\u0303ES HOMOLOGADAS 30.07.2021<\/a><\/p>\n<p>&nbsp;<\/p>\n<p><strong>Edi\u00e7\u00e3o 29 TEMFC<\/strong><\/p>\n<p><strong>Data da prova:<\/strong>\u00a022 de agosto de 2021<\/p>\n<p><strong>Formato:<\/strong>\u00a0100% online.\u00a0<\/p>\n<p><strong>Prazo de inscri\u00e7\u00e3o:<\/strong>\u00a0de 05\/04\/2021 a 09\/07\/2021 (prazo prorrogado, publicado em 2 de julho).\u00a0<\/p>\n<p>Leia atentamente o edital antes de preencher o formul\u00e1rio de inscri\u00e7\u00e3o:\u00a0<a href=\"https:\/\/www.sbmfc.org.br\/wp-content\/uploads\/2021\/04\/EDITAL-TEMFC-29.pdf\">EDITAL TEMFC 29<\/a><\/p>\n<p><a href=\"https:\/\/www.sbmfc.org.br\/wp-content\/uploads\/2021\/06\/Aditivo.pdf\">Aditivo ao edital do 29 TEMFC<\/a><\/p>\n<p><strong>Formul\u00e1rio de inscri\u00e7\u00e3o:<\/strong>\u00a0Inscri\u00e7\u00f5es encerradas dia 9 de julho\u00a0<\/p>\n<p>Canal de comunica\u00e7\u00e3o oficial para d\u00favidas e informa\u00e7\u00f5es: titulacao@sbmfc.org.br.\u00a0<\/p>\n<p>Links complementares:\u00a0<\/p>\n<p><a href=\"https:\/\/www.sbmfc.org.br\/wp-content\/uploads\/2021\/04\/Grade-de-curriculo-29-TEMFC-nome-do-candidato.xlsx\">Grade-de-curr\u00edculo-29-TEMFC-nome-do-candidato<\/a><\/p>\n<p>(Grade de curr\u00edculo alterada em 7\/04, devido a equ\u00edvocos na primeira vers\u00e3o publicada)\u00a0<\/p>\n<p><a href=\"https:\/\/www.sbmfc.org.br\/wp-content\/uploads\/2021\/05\/ANEXO-2.pdf\">ANEXO 2<\/a><\/p>\n<p><a href=\"https:\/\/www.sbmfc.org.br\/wp-content\/uploads\/2021\/04\/ANEXO-3-do-EDITAL-TEMFC-29.pdf\">ANEXO 3 do EDITAL TEMFC 29<\/a><\/p>\n<p>Os participantes da edi\u00e7\u00e3o anterior (28 TEMFC) podem conferir as atualiza\u00e7\u00f5es do concurso na p\u00e1gina:\u00a0<a href=\"https:\/\/www.sbmfc.org.br\/28-temfc\/\" class=\"broken_link\">https:\/\/www.sbmfc.org.br\/28-temfc\/<\/a><\/p>\n","protected":false},"excerpt":{"rendered":"<p>Prova para obten\u00e7\u00e3o do t\u00edtulo de especialista em Medicina de Fam\u00edlia e Comunidade Para informa\u00e7\u00f5es e d\u00favidas, acione a diretoria de titula\u00e7\u00e3o pelo e-mail titulacao@sbmfc.org.br ou pelo whatsapp (21) 98340-1338. Expediente de segunda a sexta, das 8h \u00e0s 17h. A Diretoria de Titula\u00e7\u00e3o da Sociedade Brasileira de Medicina de Fam\u00edlia e Comunidade, ap\u00f3s an\u00e1lise dos [&hellip;]<\/p>\n","protected":false},"author":1,"featured_media":0,"parent":0,"menu_order":0,"comment_status":"closed","ping_status":"closed","template":"","meta":[],"yoast_head":"<!-- This site is optimized with the Yoast SEO plugin v17.9 - https:\/\/yoast.com\/wordpress\/plugins\/seo\/ -->\n<meta name=\"robots\" content=\"index, follow, max-snippet:-1, max-image-preview:large, max-video-preview:-1\" \/>\n<link rel=\"canonical\" href=\"https:\/\/sbmfc.org.br\/site-antigo\/29-temfc\/\" \/>\n<meta property=\"og:locale\" content=\"pt_BR\" \/>\n<meta property=\"og:type\" content=\"article\" \/>\n<meta property=\"og:title\" content=\"29 TEMFC - SBMFC\" \/>\n<meta property=\"og:description\" content=\"Prova para obten\u00e7\u00e3o do t\u00edtulo de especialista em Medicina de Fam\u00edlia e Comunidade Para informa\u00e7\u00f5es e d\u00favidas, acione a diretoria de titula\u00e7\u00e3o pelo e-mail titulacao@sbmfc.org.br ou pelo whatsapp (21) 98340-1338. Expediente de segunda a sexta, das 8h \u00e0s 17h. A Diretoria de Titula\u00e7\u00e3o da Sociedade Brasileira de Medicina de Fam\u00edlia e Comunidade, ap\u00f3s an\u00e1lise dos [&hellip;]\" \/>\n<meta property=\"og:url\" content=\"https:\/\/sbmfc.org.br\/site-antigo\/29-temfc\/\" \/>\n<meta property=\"og:site_name\" content=\"SBMFC\" \/>\n<meta property=\"article:modified_time\" content=\"2022-02-08T13:17:11+00:00\" \/>\n<meta name=\"twitter:card\" content=\"summary_large_image\" \/>\n<meta name=\"twitter:label1\" content=\"Est. tempo de leitura\" \/>\n\t<meta name=\"twitter:data1\" content=\"2 minutos\" \/>\n<script type=\"application\/ld+json\" class=\"yoast-schema-graph\">{\"@context\":\"https:\/\/schema.org\",\"@graph\":[{\"@type\":\"WebSite\",\"@id\":\"https:\/\/sbmfc.org.br\/site-antigo\/#website\",\"url\":\"https:\/\/sbmfc.org.br\/site-antigo\/\",\"name\":\"SBMFC\",\"description\":\"Sociedade Brasileira de Medicina de Fam\\u00edlia e Comunidade\",\"potentialAction\":[{\"@type\":\"SearchAction\",\"target\":{\"@type\":\"EntryPoint\",\"urlTemplate\":\"https:\/\/sbmfc.org.br\/site-antigo\/?s={search_term_string}\"},\"query-input\":\"required name=search_term_string\"}],\"inLanguage\":\"pt-BR\"},{\"@type\":\"WebPage\",\"@id\":\"https:\/\/sbmfc.org.br\/site-antigo\/29-temfc\/#webpage\",\"url\":\"https:\/\/sbmfc.org.br\/site-antigo\/29-temfc\/\",\"name\":\"29 TEMFC - SBMFC\",\"isPartOf\":{\"@id\":\"https:\/\/sbmfc.org.br\/site-antigo\/#website\"},\"datePublished\":\"2020-03-02T11:48:43+00:00\",\"dateModified\":\"2022-02-08T13:17:11+00:00\",\"breadcrumb\":{\"@id\":\"https:\/\/sbmfc.org.br\/site-antigo\/29-temfc\/#breadcrumb\"},\"inLanguage\":\"pt-BR\",\"potentialAction\":[{\"@type\":\"ReadAction\",\"target\":[\"https:\/\/sbmfc.org.br\/site-antigo\/29-temfc\/\"]}]},{\"@type\":\"BreadcrumbList\",\"@id\":\"https:\/\/sbmfc.org.br\/site-antigo\/29-temfc\/#breadcrumb\",\"itemListElement\":[{\"@type\":\"ListItem\",\"position\":1,\"name\":\"In\\u00edcio\",\"item\":\"https:\/\/sbmfc.org.br\/site-antigo\/\"},{\"@type\":\"ListItem\",\"position\":2,\"name\":\"29 TEMFC\"}]}]}<\/script>\n<!-- \/ Yoast SEO plugin. -->","yoast_head_json":{"robots":{"index":"index","follow":"follow","max-snippet":"max-snippet:-1","max-image-preview":"max-image-preview:large","max-video-preview":"max-video-preview:-1"},"canonical":"https:\/\/sbmfc.org.br\/site-antigo\/29-temfc\/","og_locale":"pt_BR","og_type":"article","og_title":"29 TEMFC - SBMFC","og_description":"Prova para obten\u00e7\u00e3o do t\u00edtulo de especialista em Medicina de Fam\u00edlia e Comunidade Para informa\u00e7\u00f5es e d\u00favidas, acione a diretoria de titula\u00e7\u00e3o pelo e-mail titulacao@sbmfc.org.br ou pelo whatsapp (21) 98340-1338. Expediente de segunda a sexta, das 8h \u00e0s 17h. A Diretoria de Titula\u00e7\u00e3o da Sociedade Brasileira de Medicina de Fam\u00edlia e Comunidade, ap\u00f3s an\u00e1lise dos [&hellip;]","og_url":"https:\/\/sbmfc.org.br\/site-antigo\/29-temfc\/","og_site_name":"SBMFC","article_modified_time":"2022-02-08T13:17:11+00:00","twitter_card":"summary_large_image","twitter_misc":{"Est. tempo de leitura":"2 minutos"},"schema":{"@context":"https:\/\/schema.org","@graph":[{"@type":"WebSite","@id":"https:\/\/sbmfc.org.br\/site-antigo\/#website","url":"https:\/\/sbmfc.org.br\/site-antigo\/","name":"SBMFC","description":"Sociedade Brasileira de Medicina de Fam\u00edlia e Comunidade","potentialAction":[{"@type":"SearchAction","target":{"@type":"EntryPoint","urlTemplate":"https:\/\/sbmfc.org.br\/site-antigo\/?s={search_term_string}"},"query-input":"required name=search_term_string"}],"inLanguage":"pt-BR"},{"@type":"WebPage","@id":"https:\/\/sbmfc.org.br\/site-antigo\/29-temfc\/#webpage","url":"https:\/\/sbmfc.org.br\/site-antigo\/29-temfc\/","name":"29 TEMFC - SBMFC","isPartOf":{"@id":"https:\/\/sbmfc.org.br\/site-antigo\/#website"},"datePublished":"2020-03-02T11:48:43+00:00","dateModified":"2022-02-08T13:17:11+00:00","breadcrumb":{"@id":"https:\/\/sbmfc.org.br\/site-antigo\/29-temfc\/#breadcrumb"},"inLanguage":"pt-BR","potentialAction":[{"@type":"ReadAction","target":["https:\/\/sbmfc.org.br\/site-antigo\/29-temfc\/"]}]},{"@type":"BreadcrumbList","@id":"https:\/\/sbmfc.org.br\/site-antigo\/29-temfc\/#breadcrumb","itemListElement":[{"@type":"ListItem","position":1,"name":"In\u00edcio","item":"https:\/\/sbmfc.org.br\/site-antigo\/"},{"@type":"ListItem","position":2,"name":"29 TEMFC"}]}]}},"_links":{"self":[{"href":"https:\/\/sbmfc.org.br\/site-antigo\/wp-json\/wp\/v2\/pages\/4320"}],"collection":[{"href":"https:\/\/sbmfc.org.br\/site-antigo\/wp-json\/wp\/v2\/pages"}],"about":[{"href":"https:\/\/sbmfc.org.br\/site-antigo\/wp-json\/wp\/v2\/types\/page"}],"author":[{"embeddable":true,"href":"https:\/\/sbmfc.org.br\/site-antigo\/wp-json\/wp\/v2\/users\/1"}],"replies":[{"embeddable":true,"href":"https:\/\/sbmfc.org.br\/site-antigo\/wp-json\/wp\/v2\/comments?post=4320"}],"version-history":[{"count":26,"href":"https:\/\/sbmfc.org.br\/site-antigo\/wp-json\/wp\/v2\/pages\/4320\/revisions"}],"predecessor-version":[{"id":7143,"href":"https:\/\/sbmfc.org.br\/site-antigo\/wp-json\/wp\/v2\/pages\/4320\/revisions\/7143"}],"wp:attachment":[{"href":"https:\/\/sbmfc.org.br\/site-antigo\/wp-json\/wp\/v2\/media?parent=4320"}],"curies":[{"name":"wp","href":"https:\/\/api.w.org\/{rel}","templated":true}]}}