{"id":3886,"date":"2019-09-26T13:48:24","date_gmt":"2019-09-26T16:48:24","guid":{"rendered":"https:\/\/www.sbmfc.org.br\/?page_id=3886"},"modified":"2021-02-26T14:47:56","modified_gmt":"2021-02-26T17:47:56","slug":"cursos","status":"publish","type":"page","link":"https:\/\/sbmfc.org.br\/site-antigo\/cursos\/","title":{"rendered":"Cursos"},"content":{"rendered":"<h2 style=\"text-align: center\"><span style=\"font-family: verdana, geneva, sans-serif\">Cursos sobre Medicina de Fam\u00edlia e Comunidade e Aten\u00e7\u00e3o Prim\u00e1ria, em parceria ou chancela com a SBMFC<\/span><\/h2>\n<p>&nbsp;<\/p>\n<p><strong><span style=\"font-family: verdana, geneva, sans-serif\">Grupos Balint\u00a0<\/span><\/strong><\/p>\n<p><span style=\"font-family: verdana, geneva, sans-serif\">Informa\u00e7\u00f5es e inscri\u00e7\u00f5es: EM BREVE\u00a0<\/span><\/p>\n<p><span style=\"font-family: verdana, geneva, sans-serif\">Site: <a href=\"http:\/\/www.balint.org.br\/\">http:\/\/www.balint.org.br\/<\/a><\/span><\/p>\n<p><span style=\"font-family: verdana, geneva, sans-serif\">Em breve, ser\u00e1 divulgado mais parcerias da SBMFC com a ABRABALINT<\/span><\/p>\n<p>&nbsp;<\/p>\n<p><span style=\"font-family: verdana, geneva, sans-serif\"><strong>Curso de Atualiza\u00e7\u00e3o de Medicina de Fam\u00edlia e Comunidade (Manole e SBMFC)\u00a0<\/strong><\/span><\/p>\n<p><span style=\"font-family: verdana, geneva, sans-serif\">Formato: EAD\u00a0<\/span><\/p>\n<p><span style=\"font-family: verdana, geneva, sans-serif\">Informa\u00e7\u00f5es e inscri\u00e7\u00f5es:<\/span><\/p>\n<p><span style=\"font-family: verdana, geneva, sans-serif\"> <a href=\"https:\/\/www.manole.com.br\/curso-de-medicina-de-familia-e-comunidade-da-sbmfc\/p\" class=\"broken_link\">https:\/\/www.manole.com.br\/curso-de-medicina-de-familia-e-comunidade-da-sbmfc\/p<\/a><\/span><\/p>\n<p>&nbsp;<\/p>\n<p><strong style=\"font-family: verdana, geneva, sans-serif\">ECG na APS<\/strong><\/p>\n<p><span style=\"font-family: verdana, geneva, sans-serif\">Curso de Eletrocardiograma e Cardiologia aplicada \u00e0 aten\u00e7\u00e3o prim\u00e1ria<\/span><\/p>\n<p><span style=\"font-family: verdana, geneva, sans-serif\">Informa\u00e7\u00f5es e inscri\u00e7\u00f5es: <a href=\"https:\/\/www.ecgnaaps.com.br\/\" class=\"broken_link\">https:\/\/www.ecgnaaps.com.br\/<\/a>.\u00a0<\/span><\/p>\n<p>&nbsp;<\/p>\n<p>&nbsp;<\/p>\n<p>&nbsp;<\/p>\n<p>&nbsp;<\/p>\n","protected":false},"excerpt":{"rendered":"<p>Cursos sobre Medicina de Fam\u00edlia e Comunidade e Aten\u00e7\u00e3o Prim\u00e1ria, em parceria ou chancela com a SBMFC &nbsp; Grupos Balint\u00a0 Informa\u00e7\u00f5es e inscri\u00e7\u00f5es: EM BREVE\u00a0 Site: http:\/\/www.balint.org.br\/ Em breve, ser\u00e1 divulgado mais parcerias da SBMFC com a ABRABALINT &nbsp; Curso de Atualiza\u00e7\u00e3o de Medicina de Fam\u00edlia e Comunidade (Manole e SBMFC)\u00a0 Formato: EAD\u00a0 Informa\u00e7\u00f5es e [&hellip;]<\/p>\n","protected":false},"author":1,"featured_media":0,"parent":0,"menu_order":0,"comment_status":"closed","ping_status":"closed","template":"","meta":[],"yoast_head":"<!-- This site is optimized with the Yoast SEO plugin v17.9 - https:\/\/yoast.com\/wordpress\/plugins\/seo\/ -->\n<meta name=\"robots\" content=\"index, follow, max-snippet:-1, max-image-preview:large, max-video-preview:-1\" \/>\n<link rel=\"canonical\" href=\"https:\/\/sbmfc.org.br\/site-antigo\/cursos\/\" \/>\n<meta property=\"og:locale\" content=\"pt_BR\" \/>\n<meta property=\"og:type\" content=\"article\" \/>\n<meta property=\"og:title\" content=\"Cursos - SBMFC\" \/>\n<meta property=\"og:description\" content=\"Cursos sobre Medicina de Fam\u00edlia e Comunidade e Aten\u00e7\u00e3o Prim\u00e1ria, em parceria ou chancela com a SBMFC &nbsp; Grupos Balint\u00a0 Informa\u00e7\u00f5es e inscri\u00e7\u00f5es: EM BREVE\u00a0 Site: http:\/\/www.balint.org.br\/ Em breve, ser\u00e1 divulgado mais parcerias da SBMFC com a ABRABALINT &nbsp; Curso de Atualiza\u00e7\u00e3o de Medicina de Fam\u00edlia e Comunidade (Manole e SBMFC)\u00a0 Formato: EAD\u00a0 Informa\u00e7\u00f5es e [&hellip;]\" \/>\n<meta property=\"og:url\" content=\"https:\/\/sbmfc.org.br\/site-antigo\/cursos\/\" \/>\n<meta property=\"og:site_name\" content=\"SBMFC\" \/>\n<meta property=\"article:modified_time\" content=\"2021-02-26T17:47:56+00:00\" \/>\n<meta name=\"twitter:card\" content=\"summary_large_image\" \/>\n<meta name=\"twitter:label1\" content=\"Est. tempo de leitura\" \/>\n\t<meta name=\"twitter:data1\" content=\"1 minuto\" \/>\n<script type=\"application\/ld+json\" class=\"yoast-schema-graph\">{\"@context\":\"https:\/\/schema.org\",\"@graph\":[{\"@type\":\"WebSite\",\"@id\":\"https:\/\/sbmfc.org.br\/site-antigo\/#website\",\"url\":\"https:\/\/sbmfc.org.br\/site-antigo\/\",\"name\":\"SBMFC\",\"description\":\"Sociedade Brasileira de Medicina de Fam\\u00edlia e Comunidade\",\"potentialAction\":[{\"@type\":\"SearchAction\",\"target\":{\"@type\":\"EntryPoint\",\"urlTemplate\":\"https:\/\/sbmfc.org.br\/site-antigo\/?s={search_term_string}\"},\"query-input\":\"required name=search_term_string\"}],\"inLanguage\":\"pt-BR\"},{\"@type\":\"WebPage\",\"@id\":\"https:\/\/sbmfc.org.br\/site-antigo\/cursos\/#webpage\",\"url\":\"https:\/\/sbmfc.org.br\/site-antigo\/cursos\/\",\"name\":\"Cursos - SBMFC\",\"isPartOf\":{\"@id\":\"https:\/\/sbmfc.org.br\/site-antigo\/#website\"},\"datePublished\":\"2019-09-26T16:48:24+00:00\",\"dateModified\":\"2021-02-26T17:47:56+00:00\",\"breadcrumb\":{\"@id\":\"https:\/\/sbmfc.org.br\/site-antigo\/cursos\/#breadcrumb\"},\"inLanguage\":\"pt-BR\",\"potentialAction\":[{\"@type\":\"ReadAction\",\"target\":[\"https:\/\/sbmfc.org.br\/site-antigo\/cursos\/\"]}]},{\"@type\":\"BreadcrumbList\",\"@id\":\"https:\/\/sbmfc.org.br\/site-antigo\/cursos\/#breadcrumb\",\"itemListElement\":[{\"@type\":\"ListItem\",\"position\":1,\"name\":\"In\\u00edcio\",\"item\":\"https:\/\/sbmfc.org.br\/site-antigo\/\"},{\"@type\":\"ListItem\",\"position\":2,\"name\":\"Cursos\"}]}]}<\/script>\n<!-- \/ Yoast SEO plugin. -->","yoast_head_json":{"robots":{"index":"index","follow":"follow","max-snippet":"max-snippet:-1","max-image-preview":"max-image-preview:large","max-video-preview":"max-video-preview:-1"},"canonical":"https:\/\/sbmfc.org.br\/site-antigo\/cursos\/","og_locale":"pt_BR","og_type":"article","og_title":"Cursos - SBMFC","og_description":"Cursos sobre Medicina de Fam\u00edlia e Comunidade e Aten\u00e7\u00e3o Prim\u00e1ria, em parceria ou chancela com a SBMFC &nbsp; Grupos Balint\u00a0 Informa\u00e7\u00f5es e inscri\u00e7\u00f5es: EM BREVE\u00a0 Site: http:\/\/www.balint.org.br\/ Em breve, ser\u00e1 divulgado mais parcerias da SBMFC com a ABRABALINT &nbsp; Curso de Atualiza\u00e7\u00e3o de Medicina de Fam\u00edlia e Comunidade (Manole e SBMFC)\u00a0 Formato: EAD\u00a0 Informa\u00e7\u00f5es e [&hellip;]","og_url":"https:\/\/sbmfc.org.br\/site-antigo\/cursos\/","og_site_name":"SBMFC","article_modified_time":"2021-02-26T17:47:56+00:00","twitter_card":"summary_large_image","twitter_misc":{"Est. tempo de leitura":"1 minuto"},"schema":{"@context":"https:\/\/schema.org","@graph":[{"@type":"WebSite","@id":"https:\/\/sbmfc.org.br\/site-antigo\/#website","url":"https:\/\/sbmfc.org.br\/site-antigo\/","name":"SBMFC","description":"Sociedade Brasileira de Medicina de Fam\u00edlia e Comunidade","potentialAction":[{"@type":"SearchAction","target":{"@type":"EntryPoint","urlTemplate":"https:\/\/sbmfc.org.br\/site-antigo\/?s={search_term_string}"},"query-input":"required name=search_term_string"}],"inLanguage":"pt-BR"},{"@type":"WebPage","@id":"https:\/\/sbmfc.org.br\/site-antigo\/cursos\/#webpage","url":"https:\/\/sbmfc.org.br\/site-antigo\/cursos\/","name":"Cursos - SBMFC","isPartOf":{"@id":"https:\/\/sbmfc.org.br\/site-antigo\/#website"},"datePublished":"2019-09-26T16:48:24+00:00","dateModified":"2021-02-26T17:47:56+00:00","breadcrumb":{"@id":"https:\/\/sbmfc.org.br\/site-antigo\/cursos\/#breadcrumb"},"inLanguage":"pt-BR","potentialAction":[{"@type":"ReadAction","target":["https:\/\/sbmfc.org.br\/site-antigo\/cursos\/"]}]},{"@type":"BreadcrumbList","@id":"https:\/\/sbmfc.org.br\/site-antigo\/cursos\/#breadcrumb","itemListElement":[{"@type":"ListItem","position":1,"name":"In\u00edcio","item":"https:\/\/sbmfc.org.br\/site-antigo\/"},{"@type":"ListItem","position":2,"name":"Cursos"}]}]}},"_links":{"self":[{"href":"https:\/\/sbmfc.org.br\/site-antigo\/wp-json\/wp\/v2\/pages\/3886"}],"collection":[{"href":"https:\/\/sbmfc.org.br\/site-antigo\/wp-json\/wp\/v2\/pages"}],"about":[{"href":"https:\/\/sbmfc.org.br\/site-antigo\/wp-json\/wp\/v2\/types\/page"}],"author":[{"embeddable":true,"href":"https:\/\/sbmfc.org.br\/site-antigo\/wp-json\/wp\/v2\/users\/1"}],"replies":[{"embeddable":true,"href":"https:\/\/sbmfc.org.br\/site-antigo\/wp-json\/wp\/v2\/comments?post=3886"}],"version-history":[{"count":11,"href":"https:\/\/sbmfc.org.br\/site-antigo\/wp-json\/wp\/v2\/pages\/3886\/revisions"}],"predecessor-version":[{"id":6095,"href":"https:\/\/sbmfc.org.br\/site-antigo\/wp-json\/wp\/v2\/pages\/3886\/revisions\/6095"}],"wp:attachment":[{"href":"https:\/\/sbmfc.org.br\/site-antigo\/wp-json\/wp\/v2\/media?parent=3886"}],"curies":[{"name":"wp","href":"https:\/\/api.w.org\/{rel}","templated":true}]}}