{"id":3616,"date":"2019-04-25T14:49:48","date_gmt":"2019-04-25T17:49:48","guid":{"rendered":"https:\/\/www.sbmfc.org.br\/?page_id=3616"},"modified":"2022-03-08T11:32:56","modified_gmt":"2022-03-08T14:32:56","slug":"contatos","status":"publish","type":"page","link":"https:\/\/sbmfc.org.br\/site-antigo\/contatos\/","title":{"rendered":"Contatos"},"content":{"rendered":"<p>Para contatar a SBMFC de acordo com o assunto, escreva para:<\/p>\n<p>Expediente de segunda a sexta, das 8h \u00e0s 17h<\/p>\n<p><strong>Informa\u00e7\u00f5es e contatos gerais: <\/strong><a href=\"mailto:secretaria@sbmfc.org.br\">secretaria@sbmfc.org.br<\/a>\/<a href=\"mailto:sbmfc@sbmfc.org.br\">sbmfc@sbmfc.org.br<\/a>\u00a0<\/p>\n<p><strong>Whatsapp da secretaria:<\/strong> <a href=\"https:\/\/wa.me\/5521983401338\" target=\"_blank\" rel=\"noopener\">(21) 98340-1338<\/a>.<\/p>\n<p><strong>Telefone da sede:<\/strong> <a href=\"tel:02135531352\" target=\"_blank\" rel=\"noopener\">(21) 3553-1352<\/a><\/p>\n<p><strong>Anuidade\/problemas de acesso \u00e0 \u00e1rea restrita: <\/strong><a href=\"mailto:cadastro@sbmfc.org.br\">cadastro@sbmfc.org.br<\/a>\u00a0<\/p>\n<p><strong>Prova de t\u00edtulo\/ T\u00edtulo de Especialista em Medicina de Fam\u00edlia e Comunidade: <\/strong><a href=\"mailto:titulacao@sbmfc.org.br\">titulacao@sbmfc.org.br<\/a>\u00a0<\/p>\n<p><strong>Grupos de Trabalho: <\/strong>Cada GT tem seu e-mail pr\u00f3prio para contato, dispon\u00edvel na p\u00e1gina:\u00a0<a href=\"https:\/\/www.sbmfc.org.br\/grupos-de-trabalho\/\">https:\/\/www.sbmfc.org.br\/grupos-de-trabalho\/\u00a0<\/a><\/p>\n<p><strong>Causos Cl\u00ednicos &#8211; para adquirir livro impresso:\u00a0<\/strong><a href=\"mailto:causosclinicos@sbmfc.org.br\">causosclinicos@sbmfc.org.br<\/a>\u00a0<\/p>\n","protected":false},"excerpt":{"rendered":"<p>Para contatar a SBMFC de acordo com o assunto, escreva para: Expediente de segunda a sexta, das 8h \u00e0s 17h Informa\u00e7\u00f5es e contatos gerais: secretaria@sbmfc.org.br\/sbmfc@sbmfc.org.br\u00a0 Whatsapp da secretaria: (21) 98340-1338. Telefone da sede: (21) 3553-1352 Anuidade\/problemas de acesso \u00e0 \u00e1rea restrita: cadastro@sbmfc.org.br\u00a0 Prova de t\u00edtulo\/ T\u00edtulo de Especialista em Medicina de Fam\u00edlia e Comunidade: titulacao@sbmfc.org.br\u00a0 [&hellip;]<\/p>\n","protected":false},"author":1,"featured_media":0,"parent":0,"menu_order":0,"comment_status":"closed","ping_status":"closed","template":"","meta":[],"yoast_head":"<!-- This site is optimized with the Yoast SEO plugin v17.9 - https:\/\/yoast.com\/wordpress\/plugins\/seo\/ -->\n<meta name=\"robots\" content=\"index, follow, max-snippet:-1, max-image-preview:large, max-video-preview:-1\" \/>\n<link rel=\"canonical\" href=\"https:\/\/sbmfc.org.br\/site-antigo\/contatos\/\" \/>\n<meta property=\"og:locale\" content=\"pt_BR\" \/>\n<meta property=\"og:type\" content=\"article\" \/>\n<meta property=\"og:title\" content=\"Contatos - SBMFC\" \/>\n<meta property=\"og:description\" content=\"Para contatar a SBMFC de acordo com o assunto, escreva para: Expediente de segunda a sexta, das 8h \u00e0s 17h Informa\u00e7\u00f5es e contatos gerais: secretaria@sbmfc.org.br\/sbmfc@sbmfc.org.br\u00a0 Whatsapp da secretaria: (21) 98340-1338. Telefone da sede: (21) 3553-1352 Anuidade\/problemas de acesso \u00e0 \u00e1rea restrita: cadastro@sbmfc.org.br\u00a0 Prova de t\u00edtulo\/ T\u00edtulo de Especialista em Medicina de Fam\u00edlia e Comunidade: titulacao@sbmfc.org.br\u00a0 [&hellip;]\" \/>\n<meta property=\"og:url\" content=\"https:\/\/sbmfc.org.br\/site-antigo\/contatos\/\" \/>\n<meta property=\"og:site_name\" content=\"SBMFC\" \/>\n<meta property=\"article:modified_time\" content=\"2022-03-08T14:32:56+00:00\" \/>\n<meta name=\"twitter:card\" content=\"summary_large_image\" \/>\n<meta name=\"twitter:label1\" content=\"Est. tempo de leitura\" \/>\n\t<meta name=\"twitter:data1\" content=\"1 minuto\" \/>\n<script type=\"application\/ld+json\" class=\"yoast-schema-graph\">{\"@context\":\"https:\/\/schema.org\",\"@graph\":[{\"@type\":\"WebSite\",\"@id\":\"https:\/\/sbmfc.org.br\/site-antigo\/#website\",\"url\":\"https:\/\/sbmfc.org.br\/site-antigo\/\",\"name\":\"SBMFC\",\"description\":\"Sociedade Brasileira de Medicina de Fam\\u00edlia e Comunidade\",\"potentialAction\":[{\"@type\":\"SearchAction\",\"target\":{\"@type\":\"EntryPoint\",\"urlTemplate\":\"https:\/\/sbmfc.org.br\/site-antigo\/?s={search_term_string}\"},\"query-input\":\"required name=search_term_string\"}],\"inLanguage\":\"pt-BR\"},{\"@type\":\"WebPage\",\"@id\":\"https:\/\/sbmfc.org.br\/site-antigo\/contatos\/#webpage\",\"url\":\"https:\/\/sbmfc.org.br\/site-antigo\/contatos\/\",\"name\":\"Contatos - SBMFC\",\"isPartOf\":{\"@id\":\"https:\/\/sbmfc.org.br\/site-antigo\/#website\"},\"datePublished\":\"2019-04-25T17:49:48+00:00\",\"dateModified\":\"2022-03-08T14:32:56+00:00\",\"breadcrumb\":{\"@id\":\"https:\/\/sbmfc.org.br\/site-antigo\/contatos\/#breadcrumb\"},\"inLanguage\":\"pt-BR\",\"potentialAction\":[{\"@type\":\"ReadAction\",\"target\":[\"https:\/\/sbmfc.org.br\/site-antigo\/contatos\/\"]}]},{\"@type\":\"BreadcrumbList\",\"@id\":\"https:\/\/sbmfc.org.br\/site-antigo\/contatos\/#breadcrumb\",\"itemListElement\":[{\"@type\":\"ListItem\",\"position\":1,\"name\":\"In\\u00edcio\",\"item\":\"https:\/\/sbmfc.org.br\/site-antigo\/\"},{\"@type\":\"ListItem\",\"position\":2,\"name\":\"Contatos\"}]}]}<\/script>\n<!-- \/ Yoast SEO plugin. -->","yoast_head_json":{"robots":{"index":"index","follow":"follow","max-snippet":"max-snippet:-1","max-image-preview":"max-image-preview:large","max-video-preview":"max-video-preview:-1"},"canonical":"https:\/\/sbmfc.org.br\/site-antigo\/contatos\/","og_locale":"pt_BR","og_type":"article","og_title":"Contatos - SBMFC","og_description":"Para contatar a SBMFC de acordo com o assunto, escreva para: Expediente de segunda a sexta, das 8h \u00e0s 17h Informa\u00e7\u00f5es e contatos gerais: secretaria@sbmfc.org.br\/sbmfc@sbmfc.org.br\u00a0 Whatsapp da secretaria: (21) 98340-1338. Telefone da sede: (21) 3553-1352 Anuidade\/problemas de acesso \u00e0 \u00e1rea restrita: cadastro@sbmfc.org.br\u00a0 Prova de t\u00edtulo\/ T\u00edtulo de Especialista em Medicina de Fam\u00edlia e Comunidade: titulacao@sbmfc.org.br\u00a0 [&hellip;]","og_url":"https:\/\/sbmfc.org.br\/site-antigo\/contatos\/","og_site_name":"SBMFC","article_modified_time":"2022-03-08T14:32:56+00:00","twitter_card":"summary_large_image","twitter_misc":{"Est. tempo de leitura":"1 minuto"},"schema":{"@context":"https:\/\/schema.org","@graph":[{"@type":"WebSite","@id":"https:\/\/sbmfc.org.br\/site-antigo\/#website","url":"https:\/\/sbmfc.org.br\/site-antigo\/","name":"SBMFC","description":"Sociedade Brasileira de Medicina de Fam\u00edlia e Comunidade","potentialAction":[{"@type":"SearchAction","target":{"@type":"EntryPoint","urlTemplate":"https:\/\/sbmfc.org.br\/site-antigo\/?s={search_term_string}"},"query-input":"required name=search_term_string"}],"inLanguage":"pt-BR"},{"@type":"WebPage","@id":"https:\/\/sbmfc.org.br\/site-antigo\/contatos\/#webpage","url":"https:\/\/sbmfc.org.br\/site-antigo\/contatos\/","name":"Contatos - SBMFC","isPartOf":{"@id":"https:\/\/sbmfc.org.br\/site-antigo\/#website"},"datePublished":"2019-04-25T17:49:48+00:00","dateModified":"2022-03-08T14:32:56+00:00","breadcrumb":{"@id":"https:\/\/sbmfc.org.br\/site-antigo\/contatos\/#breadcrumb"},"inLanguage":"pt-BR","potentialAction":[{"@type":"ReadAction","target":["https:\/\/sbmfc.org.br\/site-antigo\/contatos\/"]}]},{"@type":"BreadcrumbList","@id":"https:\/\/sbmfc.org.br\/site-antigo\/contatos\/#breadcrumb","itemListElement":[{"@type":"ListItem","position":1,"name":"In\u00edcio","item":"https:\/\/sbmfc.org.br\/site-antigo\/"},{"@type":"ListItem","position":2,"name":"Contatos"}]}]}},"_links":{"self":[{"href":"https:\/\/sbmfc.org.br\/site-antigo\/wp-json\/wp\/v2\/pages\/3616"}],"collection":[{"href":"https:\/\/sbmfc.org.br\/site-antigo\/wp-json\/wp\/v2\/pages"}],"about":[{"href":"https:\/\/sbmfc.org.br\/site-antigo\/wp-json\/wp\/v2\/types\/page"}],"author":[{"embeddable":true,"href":"https:\/\/sbmfc.org.br\/site-antigo\/wp-json\/wp\/v2\/users\/1"}],"replies":[{"embeddable":true,"href":"https:\/\/sbmfc.org.br\/site-antigo\/wp-json\/wp\/v2\/comments?post=3616"}],"version-history":[{"count":9,"href":"https:\/\/sbmfc.org.br\/site-antigo\/wp-json\/wp\/v2\/pages\/3616\/revisions"}],"predecessor-version":[{"id":7160,"href":"https:\/\/sbmfc.org.br\/site-antigo\/wp-json\/wp\/v2\/pages\/3616\/revisions\/7160"}],"wp:attachment":[{"href":"https:\/\/sbmfc.org.br\/site-antigo\/wp-json\/wp\/v2\/media?parent=3616"}],"curies":[{"name":"wp","href":"https:\/\/api.w.org\/{rel}","templated":true}]}}