{"id":350,"date":"2010-09-21T17:06:00","date_gmt":"2010-09-21T17:06:00","guid":{"rendered":"http:\/\/localhost\/sbmfc\/?page_id=263"},"modified":"2020-10-28T16:05:29","modified_gmt":"2020-10-28T19:05:29","slug":"grupos-de-trabalho-e-grupos-de-interesse-especial","status":"publish","type":"page","link":"https:\/\/sbmfc.org.br\/site-antigo\/grupos-de-trabalho-e-grupos-de-interesse-especial\/","title":{"rendered":"Grupos de Trabalho e Grupos de Interesse Especial"},"content":{"rendered":"<p><span style=\"font-family: verdana, geneva, sans-serif\">Confira os regulamentos\u00a0<\/span><\/p>\n<p><span style=\"font-family: verdana, geneva, sans-serif\">\u00a0<span style=\"font-size: 20px\"><a href=\"https:\/\/www.sbmfc.org.br\/wp-content\/uploads\/2019\/10\/Regulamento-GTs.pdf\">Regulamento dos Grupos de Trabalho da SBMFC (GTs)\u00a0<\/a><\/span><\/span><\/p>\n<p><span style=\"font-family: verdana, geneva, sans-serif;font-size: 20px\"><a href=\"https:\/\/www.sbmfc.org.br\/wp-content\/uploads\/2020\/06\/Regulamento-dos-Grupos-de-Interesse-Especial-da-SBMFC.pdf\">Regulamento dos Grupos de Interesse Especial da SBMFC (GIEs)\u00a0<\/a><\/span><\/p>\n<p>&nbsp;<\/p>\n<ul>\n<li><a href=\"https:\/\/www.sbmfc.org.br\/gie-de-gestao-e-politicas-de-saude\/\" class=\"broken_link\"><span style=\"font-family: verdana, geneva, sans-serif\">GIE de Gest\u00e3o e Pol\u00edticas de Sa\u00fade<\/span><\/a><\/li>\n<li><a href=\"https:\/\/www.sbmfc.org.br\/gie-em-multimorbidade\/\" class=\"broken_link\"><span style=\"font-family: verdana, geneva, sans-serif\">GIE de Multimorbidade<\/span><\/a><\/li>\n<li><a href=\"https:\/\/www.sbmfc.org.br\/gie-de-saude-indigena\/\" class=\"broken_link\"><span style=\"font-family: verdana, geneva, sans-serif\">GIE de Sa\u00fade Ind\u00edgena\u00a0<\/span><\/a><\/li>\n<li><span style=\"font-family: verdana, geneva, sans-serif\"><a href=\"https:\/\/www.sbmfc.org.br\/gt-de-acesso\/\">GT de Acesso<\/a><\/span><\/li>\n<li><span style=\"font-family: verdana, geneva, sans-serif\"><a href=\"https:\/\/www.sbmfc.org.br\/gt-de-atencao-domiciliar\/\">GT de Aten\u00e7\u00e3o Domiciliar\u00a0<\/a><\/span><\/li>\n<li><span style=\"font-family: verdana, geneva, sans-serif\"><a href=\"http:\/\/sbmfc.org.br\/default.asp?site_Acao=mostraPagina&amp;paginaId=276\" class=\"broken_link\">GT de Comunica\u00e7\u00e3o em Sa\u00fade<\/a><\/span><\/li>\n<li><span style=\"font-family: verdana, geneva, sans-serif\"><a href=\"http:\/\/sbmfc.org.br\/default.asp?site_Acao=mostraPagina&amp;paginaId=918\" class=\"broken_link\">GT de Cuidados Paliativos<\/a><\/span><\/li>\n<li><span style=\"font-family: verdana, geneva, sans-serif\"><a href=\"http:\/\/sbmfc.org.br\/default.asp?site_Acao=mostraPagina&amp;paginaId=275\">GT de Diretrizes e Gest\u00e3o da Cl\u00ednica<\/a><\/span><\/li>\n<li><span style=\"font-family: verdana, geneva, sans-serif\"><a href=\"http:\/\/sbmfc.org.br\/default.asp?site_Acao=mostraPagina&amp;paginaId=884\" class=\"broken_link\">GT de Dor<\/a><\/span><\/li>\n<li>\n<div><span style=\"font-family: verdana, geneva, sans-serif\"><a href=\"https:\/\/www.sbmfc.org.br\/gt-de-ensinagem\/\">GT de Ensinagem<\/a><\/span><\/div>\n<\/li>\n<li><span style=\"font-family: verdana, geneva, sans-serif\"><a href=\"http:\/\/www.sbmfc.org.br\/default.asp?site_Acao=MostraPagina&amp;PaginaId=927\" class=\"broken_link\">GT de G\u00eanero, Sexualidade, Diversidade e Direitos\u00a0\u00a0<\/a><\/span><\/li>\n<li><span style=\"font-family: verdana, geneva, sans-serif\"><a href=\"http:\/\/sbmfc.org.br\/default.asp?site_Acao=mostraPagina&amp;paginaId=409\">GT Medicina &amp; Arte<\/a>\u00a0<\/span><\/li>\n<li><span style=\"font-family: verdana, geneva, sans-serif\"><a href=\"http:\/\/sbmfc.org.br\/default.asp?site_Acao=mostraPagina&amp;paginaId=273\" class=\"broken_link\">GT de Medicina Rural<\/a>\u00a0&#8211; Documentos Refer\u00eancia <a href=\"http:\/\/sbmfc.org.br\/default.asp?site_Acao=mostraPagina&amp;paginaId=386\">Clique Aqui!<\/a><\/span><\/li>\n<li><span style=\"font-family: verdana, geneva, sans-serif\"><a href=\"http:\/\/www.sbmfc.org.br\/default.asp?site_Acao=MostraPagina&amp;PaginaId=929\" class=\"broken_link\">GT de Mulheres na Medicina de Fam\u00edlia e Comunidade\u00a0<\/a><\/span><\/li>\n<li><span style=\"font-family: verdana, geneva, sans-serif\"><a href=\"https:\/\/www.sbmfc.org.br\/gt-de-saude-digital-e-classificacoes\/\">GT de Sa\u00fade Digital e Classifica\u00e7\u00f5es<\/a><\/span><\/li>\n<li><span style=\"font-family: verdana, geneva, sans-serif\"><a href=\"https:\/\/www.sbmfc.org.br\/gt-de-saude-planetaria\/\">GT de Sa\u00fade Planet\u00e1ria\u00a0<\/a><\/span><\/li>\n<li><span style=\"font-family: verdana, geneva, sans-serif\"><a href=\"http:\/\/www.sbmfc.org.br\/default.asp?idiomaId=1&amp;PaginaId=934\" class=\"broken_link\">GT de Sa\u00fade da Popula\u00e7\u00e3o Negra\u00a0<\/a><\/span><\/li>\n<li><span style=\"font-family: verdana, geneva, sans-serif\"><a href=\"http:\/\/sbmfc.org.br\/default.asp?site_Acao=mostraPagina&amp;paginaId=272\">GT de Sa\u00fade do Homem<\/a><\/span><\/li>\n<li><span style=\"font-family: verdana, geneva, sans-serif\"><a href=\"http:\/\/sbmfc.org.br\/default.asp?site_Acao=mostraPagina&amp;paginaId=703\" class=\"broken_link\">GT de Sa\u00fade Mental<\/a><\/span><\/li>\n<li><span style=\"font-family: verdana, geneva, sans-serif\"><a href=\"http:\/\/www.sbmfc.org.br\/default.asp?idiomaId=1&amp;PaginaId=923\" class=\"broken_link\">GT em Sa\u00fade e Espiritualidade<\/a><\/span><\/li>\n<li><span style=\"font-family: verdana, geneva, sans-serif\"><a href=\"http:\/\/sbmfc.org.br\/default.asp?site_Acao=mostraPagina&amp;paginaId=911\" class=\"broken_link\">GT em Sa\u00fade Prisional<\/a><\/span><\/li>\n<li><span style=\"font-family: verdana, geneva, sans-serif\"><a href=\"http:\/\/sbmfc.org.br\/default.asp?site_Acao=mostraPagina&amp;paginaId=294\">GT de Sa\u00fade Suplementar<\/a><\/span><\/li>\n<li><span style=\"font-family: verdana, geneva, sans-serif\"><a href=\"http:\/\/sbmfc.org.br\/default.asp?site_Acao=mostraPagina&amp;paginaId=687\" class=\"broken_link\">GT de Pr\u00e1ticas Integrativas Complementares<\/a><\/span><\/li>\n<li><span style=\"font-family: verdana, geneva, sans-serif\"><a href=\"http:\/\/sbmfc.org.br\/default.asp?site_Acao=mostraPagina&amp;paginaId=686\">GT de Preven\u00e7\u00e3o Quatern\u00e1ria<\/a><\/span><\/li>\n<li><span style=\"font-family: verdana, geneva, sans-serif\"><a href=\"http:\/\/sbmfc.org.br\/default.asp?site_Acao=mostraPagina&amp;paginaId=704\" class=\"broken_link\">GT de Problemas Respirat\u00f3rios<\/a><\/span><\/li>\n<\/ul>\n<div>\u00a0<\/div>\n<div>\u00a0<\/div>\n<div>\u00a0<\/div>\n<div>\u00a0<\/div>\n","protected":false},"excerpt":{"rendered":"<p>Confira os regulamentos\u00a0 \u00a0Regulamento dos Grupos de Trabalho da SBMFC (GTs)\u00a0 Regulamento dos Grupos de Interesse Especial da SBMFC (GIEs)\u00a0 &nbsp; GIE de Gest\u00e3o e Pol\u00edticas de Sa\u00fade GIE de Multimorbidade GIE de Sa\u00fade Ind\u00edgena\u00a0 GT de Acesso GT de Aten\u00e7\u00e3o Domiciliar\u00a0 GT de Comunica\u00e7\u00e3o em Sa\u00fade GT de Cuidados Paliativos GT de Diretrizes e [&hellip;]<\/p>\n","protected":false},"author":1,"featured_media":0,"parent":0,"menu_order":0,"comment_status":"closed","ping_status":"closed","template":"","meta":[],"yoast_head":"<!-- This site is optimized with the Yoast SEO plugin v17.9 - https:\/\/yoast.com\/wordpress\/plugins\/seo\/ -->\n<meta name=\"robots\" content=\"index, follow, max-snippet:-1, max-image-preview:large, max-video-preview:-1\" \/>\n<link rel=\"canonical\" href=\"https:\/\/sbmfc.org.br\/site-antigo\/grupos-de-trabalho-e-grupos-de-interesse-especial\/\" \/>\n<meta property=\"og:locale\" content=\"pt_BR\" \/>\n<meta property=\"og:type\" content=\"article\" \/>\n<meta property=\"og:title\" content=\"Grupos de Trabalho e Grupos de Interesse Especial - SBMFC\" \/>\n<meta property=\"og:description\" content=\"Confira os regulamentos\u00a0 \u00a0Regulamento dos Grupos de Trabalho da SBMFC (GTs)\u00a0 Regulamento dos Grupos de Interesse Especial da SBMFC (GIEs)\u00a0 &nbsp; GIE de Gest\u00e3o e Pol\u00edticas de Sa\u00fade GIE de Multimorbidade GIE de Sa\u00fade Ind\u00edgena\u00a0 GT de Acesso GT de Aten\u00e7\u00e3o Domiciliar\u00a0 GT de Comunica\u00e7\u00e3o em Sa\u00fade GT de Cuidados Paliativos GT de Diretrizes e [&hellip;]\" \/>\n<meta property=\"og:url\" content=\"https:\/\/sbmfc.org.br\/site-antigo\/grupos-de-trabalho-e-grupos-de-interesse-especial\/\" \/>\n<meta property=\"og:site_name\" content=\"SBMFC\" \/>\n<meta property=\"article:modified_time\" content=\"2020-10-28T19:05:29+00:00\" \/>\n<meta name=\"twitter:card\" content=\"summary_large_image\" \/>\n<meta name=\"twitter:label1\" content=\"Est. tempo de leitura\" \/>\n\t<meta name=\"twitter:data1\" content=\"1 minuto\" \/>\n<script type=\"application\/ld+json\" class=\"yoast-schema-graph\">{\"@context\":\"https:\/\/schema.org\",\"@graph\":[{\"@type\":\"WebSite\",\"@id\":\"https:\/\/sbmfc.org.br\/site-antigo\/#website\",\"url\":\"https:\/\/sbmfc.org.br\/site-antigo\/\",\"name\":\"SBMFC\",\"description\":\"Sociedade Brasileira de Medicina de Fam\\u00edlia e Comunidade\",\"potentialAction\":[{\"@type\":\"SearchAction\",\"target\":{\"@type\":\"EntryPoint\",\"urlTemplate\":\"https:\/\/sbmfc.org.br\/site-antigo\/?s={search_term_string}\"},\"query-input\":\"required name=search_term_string\"}],\"inLanguage\":\"pt-BR\"},{\"@type\":\"WebPage\",\"@id\":\"https:\/\/sbmfc.org.br\/site-antigo\/grupos-de-trabalho-e-grupos-de-interesse-especial\/#webpage\",\"url\":\"https:\/\/sbmfc.org.br\/site-antigo\/grupos-de-trabalho-e-grupos-de-interesse-especial\/\",\"name\":\"Grupos de Trabalho e Grupos de Interesse Especial - SBMFC\",\"isPartOf\":{\"@id\":\"https:\/\/sbmfc.org.br\/site-antigo\/#website\"},\"datePublished\":\"2010-09-21T17:06:00+00:00\",\"dateModified\":\"2020-10-28T19:05:29+00:00\",\"breadcrumb\":{\"@id\":\"https:\/\/sbmfc.org.br\/site-antigo\/grupos-de-trabalho-e-grupos-de-interesse-especial\/#breadcrumb\"},\"inLanguage\":\"pt-BR\",\"potentialAction\":[{\"@type\":\"ReadAction\",\"target\":[\"https:\/\/sbmfc.org.br\/site-antigo\/grupos-de-trabalho-e-grupos-de-interesse-especial\/\"]}]},{\"@type\":\"BreadcrumbList\",\"@id\":\"https:\/\/sbmfc.org.br\/site-antigo\/grupos-de-trabalho-e-grupos-de-interesse-especial\/#breadcrumb\",\"itemListElement\":[{\"@type\":\"ListItem\",\"position\":1,\"name\":\"In\\u00edcio\",\"item\":\"https:\/\/sbmfc.org.br\/site-antigo\/\"},{\"@type\":\"ListItem\",\"position\":2,\"name\":\"Grupos de Trabalho e Grupos de Interesse Especial\"}]}]}<\/script>\n<!-- \/ Yoast SEO plugin. -->","yoast_head_json":{"robots":{"index":"index","follow":"follow","max-snippet":"max-snippet:-1","max-image-preview":"max-image-preview:large","max-video-preview":"max-video-preview:-1"},"canonical":"https:\/\/sbmfc.org.br\/site-antigo\/grupos-de-trabalho-e-grupos-de-interesse-especial\/","og_locale":"pt_BR","og_type":"article","og_title":"Grupos de Trabalho e Grupos de Interesse Especial - SBMFC","og_description":"Confira os regulamentos\u00a0 \u00a0Regulamento dos Grupos de Trabalho da SBMFC (GTs)\u00a0 Regulamento dos Grupos de Interesse Especial da SBMFC (GIEs)\u00a0 &nbsp; GIE de Gest\u00e3o e Pol\u00edticas de Sa\u00fade GIE de Multimorbidade GIE de Sa\u00fade Ind\u00edgena\u00a0 GT de Acesso GT de Aten\u00e7\u00e3o Domiciliar\u00a0 GT de Comunica\u00e7\u00e3o em Sa\u00fade GT de Cuidados Paliativos GT de Diretrizes e [&hellip;]","og_url":"https:\/\/sbmfc.org.br\/site-antigo\/grupos-de-trabalho-e-grupos-de-interesse-especial\/","og_site_name":"SBMFC","article_modified_time":"2020-10-28T19:05:29+00:00","twitter_card":"summary_large_image","twitter_misc":{"Est. tempo de leitura":"1 minuto"},"schema":{"@context":"https:\/\/schema.org","@graph":[{"@type":"WebSite","@id":"https:\/\/sbmfc.org.br\/site-antigo\/#website","url":"https:\/\/sbmfc.org.br\/site-antigo\/","name":"SBMFC","description":"Sociedade Brasileira de Medicina de Fam\u00edlia e Comunidade","potentialAction":[{"@type":"SearchAction","target":{"@type":"EntryPoint","urlTemplate":"https:\/\/sbmfc.org.br\/site-antigo\/?s={search_term_string}"},"query-input":"required name=search_term_string"}],"inLanguage":"pt-BR"},{"@type":"WebPage","@id":"https:\/\/sbmfc.org.br\/site-antigo\/grupos-de-trabalho-e-grupos-de-interesse-especial\/#webpage","url":"https:\/\/sbmfc.org.br\/site-antigo\/grupos-de-trabalho-e-grupos-de-interesse-especial\/","name":"Grupos de Trabalho e Grupos de Interesse Especial - SBMFC","isPartOf":{"@id":"https:\/\/sbmfc.org.br\/site-antigo\/#website"},"datePublished":"2010-09-21T17:06:00+00:00","dateModified":"2020-10-28T19:05:29+00:00","breadcrumb":{"@id":"https:\/\/sbmfc.org.br\/site-antigo\/grupos-de-trabalho-e-grupos-de-interesse-especial\/#breadcrumb"},"inLanguage":"pt-BR","potentialAction":[{"@type":"ReadAction","target":["https:\/\/sbmfc.org.br\/site-antigo\/grupos-de-trabalho-e-grupos-de-interesse-especial\/"]}]},{"@type":"BreadcrumbList","@id":"https:\/\/sbmfc.org.br\/site-antigo\/grupos-de-trabalho-e-grupos-de-interesse-especial\/#breadcrumb","itemListElement":[{"@type":"ListItem","position":1,"name":"In\u00edcio","item":"https:\/\/sbmfc.org.br\/site-antigo\/"},{"@type":"ListItem","position":2,"name":"Grupos de Trabalho e Grupos de Interesse Especial"}]}]}},"_links":{"self":[{"href":"https:\/\/sbmfc.org.br\/site-antigo\/wp-json\/wp\/v2\/pages\/350"}],"collection":[{"href":"https:\/\/sbmfc.org.br\/site-antigo\/wp-json\/wp\/v2\/pages"}],"about":[{"href":"https:\/\/sbmfc.org.br\/site-antigo\/wp-json\/wp\/v2\/types\/page"}],"author":[{"embeddable":true,"href":"https:\/\/sbmfc.org.br\/site-antigo\/wp-json\/wp\/v2\/users\/1"}],"replies":[{"embeddable":true,"href":"https:\/\/sbmfc.org.br\/site-antigo\/wp-json\/wp\/v2\/comments?post=350"}],"version-history":[{"count":25,"href":"https:\/\/sbmfc.org.br\/site-antigo\/wp-json\/wp\/v2\/pages\/350\/revisions"}],"predecessor-version":[{"id":5616,"href":"https:\/\/sbmfc.org.br\/site-antigo\/wp-json\/wp\/v2\/pages\/350\/revisions\/5616"}],"wp:attachment":[{"href":"https:\/\/sbmfc.org.br\/site-antigo\/wp-json\/wp\/v2\/media?parent=350"}],"curies":[{"name":"wp","href":"https:\/\/api.w.org\/{rel}","templated":true}]}}