{"id":128,"date":"2009-11-30T15:40:00","date_gmt":"2009-11-30T15:40:00","guid":{"rendered":"http:\/\/localhost\/sbmfc\/?page_id=20"},"modified":"2021-01-07T11:13:19","modified_gmt":"2021-01-07T14:13:19","slug":"graduacao","status":"publish","type":"page","link":"https:\/\/sbmfc.org.br\/site-antigo\/graduacao\/","title":{"rendered":"Gradua\u00e7\u00e3o"},"content":{"rendered":"<p style=\"text-align: left\" align=\"center\"><span style=\"font-family: verdana, geneva, sans-serif;font-size: 20px\"><strong>Entidades\u00a0<\/strong><\/span><\/p>\n<p style=\"text-align: left\" align=\"center\"><span style=\"font-family: verdana, geneva, sans-serif;font-size: 16px\"><strong>ABEM &#8211; Associa\u00e7\u00e3o Brasileira de Educa\u00e7\u00e3o M\u00e9dica\u00a0<\/strong><\/span><\/p>\n<p style=\"text-align: left\" align=\"center\"><span style=\"font-family: verdana, geneva, sans-serif;font-size: 16px\">Site: <a href=\"https:\/\/website.abem-educmed.org.br\/\">https:\/\/website.abem-educmed.org.br\/<\/a><\/span><\/p>\n<p class=\"MsoNormal\" style=\"text-align: left\" align=\"center\"><span style=\"font-family: verdana, geneva, sans-serif;font-size: 16px\"><b><span style=\"line-height: 107%\">ALASF &#8211; Associa\u00e7\u00e3o Brasileira das Ligas Acad\u00eamicas de Sa\u00fade da Fam\u00edlia\u00a0<\/span><\/b><b><\/b><\/span><\/p>\n<p style=\"text-align: left\" align=\"center\"><span style=\"font-family: verdana, geneva, sans-serif;font-size: 16px\">Site: <a href=\"https:\/\/www.alasf.com.br\/\">https:\/\/www.alasf.com.br\/<\/a><\/span><\/p>\n<p style=\"text-align: left\" align=\"center\"><span style=\"font-family: verdana, geneva, sans-serif;font-size: 16px\"><strong>DENEM &#8211; Dire\u00e7\u00e3o Executiva Nacional dos Estudantes de Medicina\u00a0<\/strong><\/span><\/p>\n<p style=\"text-align: left\" align=\"center\"><span style=\"font-family: verdana, geneva, sans-serif;font-size: 16px\">Site: <a href=\"https:\/\/www.denem.org.br\/\" class=\"broken_link\">https:\/\/www.denem.org.br\/<\/a><\/span><\/p>\n<p align=\"center\">\u00a0<\/p>\n<p class=\"MsoNormal\" style=\"text-align: justify\"><span style=\"font-size: 20px\"><span style=\"font-family: Verdana\"><b><span style=\"line-height: 107%\">Ciclo de debates sobre ensino da MFC na gradua\u00e7\u00e3o m\u00e9dica\u00a0<\/span><\/b><\/span><\/span><\/p>\n<p><span style=\"font-size: 16px;font-family: verdana, geneva, sans-serif\">Realiza\u00e7\u00e3o em formato de webinares transmitidos ao vivo pelo YouTube da SBMFC.\u00a0<\/span><\/p>\n<p><span style=\"font-size: 16px;font-family: verdana, geneva, sans-serif\">Organiza\u00e7\u00e3o: Diretoria de gradua\u00e7\u00e3o e p\u00f3s-gradua\u00e7\u00e3o da SBMFC,\u00a0 Associa\u00e7\u00e3o Brasileira de Educa\u00e7\u00e3o M\u00e9dica (ABEM) e\u00a0 Dire\u00e7\u00e3o Executiva Nacional dos Estudantes de Medicina (DENEM) e <span style=\"line-height: 107%\">Associa\u00e7\u00e3o Brasileira das Ligas Acad\u00eamicas de Sa\u00fade da Fam\u00edlia (ALASF) e apoio do GT de Ensinagem da SBMFC.\u00a0<\/span><\/span><\/p>\n<p><span style=\"font-family: verdana, geneva, sans-serif;font-size: 16px\">Temas abordados:\u00a0<\/span><\/p>\n<p><span style=\"font-family: verdana, geneva, sans-serif;font-size: 16px\"><strong>Ensino da MFC e implanta\u00e7\u00e3o das diretrizes curriculares nacionais de 2014<\/strong><\/span><\/p>\n<p><span style=\"font-family: verdana, geneva, sans-serif;font-size: 16px\">Data: 24 de setembro de 2020\u00a0<\/span><\/p>\n<p><span style=\"font-family: verdana, geneva, sans-serif\">P<span style=\"font-size: 16px\">articipantes:<\/span><\/span><\/p>\n<ul>\n<li><span style=\"font-size: 16px\"><span style=\"font-family: verdana, geneva, sans-serif\">Ana Helena Reis &#8211; DENEM <\/span><\/span><\/li>\n<li><span style=\"font-size: 16px;font-family: verdana, geneva, sans-serif\">Felipe Proen\u00e7o &#8211; UFPB<\/span><\/li>\n<li><span style=\"font-size: 16px;font-family: verdana, geneva, sans-serif\">Priscila Bortolini &#8211; ALASF <\/span><\/li>\n<li><span style=\"font-size: 16px;font-family: verdana, geneva, sans-serif\">Sandro Schreiber &#8211; ABEM <\/span><\/li>\n<li><span style=\"font-size: 16px;font-family: verdana, geneva, sans-serif\">modera\u00e7\u00e3o: Ricardo Heinzelmann &#8211; SBMFC<\/span><\/li>\n<\/ul>\n<p><span style=\"font-family: verdana, geneva, sans-serif;font-size: 16px\">Dispon\u00edvel em:<a href=\"https:\/\/www.youtube.com\/watch?v=PP8AvOo38_Q\"> https:\/\/www.youtube.com\/watch?v=PP8AvOo38_Q<\/a><\/span><\/p>\n<p>&nbsp;<\/p>\n<p><span style=\"font-family: verdana, geneva, sans-serif;font-size: 16px\"><strong>Ensino da MFC na Gradua\u00e7\u00e3o: Internato e as experi\u00eancias de curr\u00edculos longitudinais<\/strong><\/span><\/p>\n<p><span style=\"font-family: verdana, geneva, sans-serif;font-size: 16px\">Data: 29 de outubro de 2020\u00a0<\/span><\/p>\n<p><span style=\"font-family: verdana, geneva, sans-serif;font-size: 16px\">Participantes:<\/span><\/p>\n<ul>\n<li><span style=\"font-size: 16px;font-family: verdana, geneva, sans-serif\">Andr\u00e9 Sassi &#8211; UFPB\u00a0<\/span><\/li>\n<li><span style=\"font-size: 16px;font-family: verdana, geneva, sans-serif\">Eduardo Postal &#8211; ABEM\u00a0<\/span><\/li>\n<li><span style=\"font-size: 16px;font-family: verdana, geneva, sans-serif\">Gabriel Muller &#8211; ALASF\u00a0<\/span><\/li>\n<li><span style=\"font-size: 16px;font-family: verdana, geneva, sans-serif\">Quefrem Vieira &#8211; DENEM\u00a0<\/span><\/li>\n<li><span style=\"font-size: 16px;font-family: verdana, geneva, sans-serif\">Modera\u00e7\u00e3o: Zeliete Zambom &#8211; SBMFC e Alexandre Melo &#8211; SBMFC<\/span><\/li>\n<\/ul>\n<p><span style=\"font-family: verdana, geneva, sans-serif;font-size: 16px\">Dispon\u00edvel em: <a href=\"https:\/\/www.youtube.com\/watch?v=mMljJcnXvIg\">https:\/\/www.youtube.com\/watch?v=mMljJcnXvIg<\/a><\/span><\/p>\n<p>&nbsp;<\/p>\n<p><span style=\"font-family: verdana, geneva, sans-serif;font-size: 16px\"><strong>Ensino da MFC no cuidado de popula\u00e7\u00f5es negligenciadas (invisibilizadas)<\/strong><\/span><\/p>\n<p><span style=\"font-family: verdana, geneva, sans-serif;font-size: 16px\">Data: 10 de novembro de 2020\u00a0<\/span><\/p>\n<p><span style=\"font-family: verdana, geneva, sans-serif;font-size: 16px\">Participantes:<\/span><\/p>\n<ul>\n<li><span style=\"font-size: 16px;font-family: verdana, geneva, sans-serif\">Ademir Lopes Junior &#8211; ABEM\u00a0<\/span><\/li>\n<li><span style=\"font-size: 16px;font-family: verdana, geneva, sans-serif\">Clayton Coelho &#8211; GIE de Sa\u00fade Ind\u00edgena da SBMFC\u00a0<\/span><\/li>\n<li><span style=\"font-size: 16px;font-family: verdana, geneva, sans-serif\">Denize Ornelas &#8211; GT Sa\u00fade da Popula\u00e7\u00e3o Negra da SBMFC\u00a0<\/span><\/li>\n<li><span style=\"font-size: 16px;font-family: verdana, geneva, sans-serif\">Horrana Bahmad &#8211; ALASF\u00a0<\/span><\/li>\n<li><span style=\"font-size: 16px;font-family: verdana, geneva, sans-serif\">Jorge Esteves &#8211; GT em Sa\u00fade Prisional\u00a0<\/span><\/li>\n<li><span style=\"font-size: 16px;font-family: verdana, geneva, sans-serif\">Maisa Francisco &#8211; DENEM\u00a0<\/span><\/li>\n<li><span style=\"font-size: 16px;font-family: verdana, geneva, sans-serif\">Rita Borret &#8211; GT de G\u00eanero, Sexualidade, Diversidade e Direitos da SBMFC\u00a0<\/span><\/li>\n<li><span style=\"font-size: 16px;font-family: verdana, geneva, sans-serif\">Modera\u00e7\u00e3o: Julia Morelli &#8211; SBMFC\u00a0<\/span><\/li>\n<\/ul>\n<p><span style=\"font-family: verdana, geneva, sans-serif;font-size: 16px\">Dispon\u00edvel em: <a href=\"https:\/\/www.youtube.com\/watch?v=AeoLc2crGnA&amp;t=5873s\">https:\/\/www.youtube.com\/watch?v=AeoLc2crGnA&amp;t=5873s<\/a><\/span><\/p>\n<p>&nbsp;<\/p>\n<p><span style=\"font-family: verdana, geneva, sans-serif;font-size: 16px\"><strong>Ensino da MFC na gradua\u00e7\u00e3o e o uso de metodologias ativas<\/strong><\/span><\/p>\n<p><span style=\"font-family: verdana, geneva, sans-serif;font-size: 16px\">Data: 26 de novembro de 2020\u00a0<\/span><\/p>\n<p><span style=\"font-family: verdana, geneva, sans-serif;font-size: 16px\">Participantes:<\/span><\/p>\n<ul>\n<li><span style=\"font-size: 16px;font-family: verdana, geneva, sans-serif\">Brenda Vieira &#8211; DENEM\u00a0<\/span><\/li>\n<li><span style=\"font-size: 16px;font-family: verdana, geneva, sans-serif\">Josimar Kaps &#8211; ALASF\u00a0<\/span><\/li>\n<li><span style=\"font-size: 16px;font-family: verdana, geneva, sans-serif\">Larissa Olm &#8211; SBMFC\u00a0<\/span><\/li>\n<li><span style=\"font-size: 16px;font-family: verdana, geneva, sans-serif\">Lia Cruz da Silveira &#8211; ABEM\u00a0<\/span><\/li>\n<li><span style=\"font-size: 16px;font-family: verdana, geneva, sans-serif\">Modera\u00e7\u00e3o: Murilo Sarno &#8211; SBMFC\u00a0<\/span><\/li>\n<\/ul>\n<p><span style=\"font-family: verdana, geneva, sans-serif;font-size: 16px\">Dispon\u00edvel em: <a href=\"https:\/\/www.youtube.com\/watch?v=fGQkz3GmGVY\">https:\/\/www.youtube.com\/watch?v=fGQkz3GmGVY<\/a><\/span><\/p>\n<p>&nbsp;<\/p>\n<p><span style=\"font-family: verdana, geneva, sans-serif;font-size: 16px\"><strong>Ensino da MFC na gradua\u00e7\u00e3o e processos de avalia\u00e7\u00e3o<\/strong><\/span><\/p>\n<p><span style=\"font-family: verdana, geneva, sans-serif;font-size: 16px\">Data: 10 de dezembro de 2020\u00a0<\/span><\/p>\n<p><span style=\"font-family: verdana, geneva, sans-serif;font-size: 16px\">Participantes:<\/span><\/p>\n<ul>\n<li><span style=\"font-size: 16px;font-family: verdana, geneva, sans-serif\">Denise Herdy &#8211; ABEM\u00a0<\/span><\/li>\n<li><span style=\"font-size: 16px;font-family: verdana, geneva, sans-serif\">Elise Kanashiro &#8211; DENEM\u00a0<\/span><\/li>\n<li><span style=\"font-size: 16px;font-family: verdana, geneva, sans-serif\">Euclides Cola\u00e7o &#8211; SBMFC\u00a0<\/span><\/li>\n<li><span style=\"font-size: 16px;font-family: verdana, geneva, sans-serif\">Priscila Bortolini &#8211; ALASF\u00a0<\/span><\/li>\n<li><span style=\"font-size: 16px;font-family: verdana, geneva, sans-serif\">Modera\u00e7\u00e3o: Ricardo Heinzelmann &#8211; SBMFC<\/span><\/li>\n<\/ul>\n<p><span style=\"font-family: verdana, geneva, sans-serif;font-size: 16px\">Dispon\u00edvel em: <a href=\"https:\/\/www.youtube.com\/watch?v=45mNqZTR9jA\">https:\/\/www.youtube.com\/watch?v=45mNqZTR9jA<\/a><\/span><\/p>\n<p>&nbsp;<\/p>\n<p><span style=\"font-family: verdana, geneva, sans-serif;font-size: 16px\"><strong>Ensino da MFC e a Medicina Rural<\/strong><\/span><\/p>\n<p><span style=\"font-family: verdana, geneva, sans-serif;font-size: 16px\">Data: \u00a015 de dezembro de 2020\u00a0<\/span><\/p>\n<p><span style=\"font-family: verdana, geneva, sans-serif;font-size: 16px\">Participantes:<\/span><\/p>\n<ul>\n<li><span style=\"font-size: 16px;font-family: verdana, geneva, sans-serif\">Magda Almeida &#8211; ABEM <\/span><\/li>\n<li><span style=\"font-size: 16px;font-family: verdana, geneva, sans-serif\">Bianca Niemezewski &#8211; ALASF <\/span><\/li>\n<li><span style=\"font-size: 16px;font-family: verdana, geneva, sans-serif\">Felipe Jacobovitz &#8211; DENEM <\/span><\/li>\n<li><span style=\"font-size: 16px;font-family: verdana, geneva, sans-serif\">Inara Russoni &#8211; SBMFC <\/span><\/li>\n<li><span style=\"font-size: 16px;font-family: verdana, geneva, sans-serif\">Modera\u00e7\u00e3o: Marcos Bosquiero &#8211; SBMFC<\/span><\/li>\n<\/ul>\n<p><span style=\"font-family: verdana, geneva, sans-serif;font-size: 16px\">Dispon\u00edvel em: <a href=\"https:\/\/www.youtube.com\/watch?v=qTqkGKbH6q8\">https:\/\/www.youtube.com\/watch?v=qTqkGKbH6q8<\/a><\/span><\/p>\n<p>&nbsp;<\/p>\n<p>&nbsp;<\/p>\n","protected":false},"excerpt":{"rendered":"<p>Entidades\u00a0 ABEM &#8211; Associa\u00e7\u00e3o Brasileira de Educa\u00e7\u00e3o M\u00e9dica\u00a0 Site: https:\/\/website.abem-educmed.org.br\/ ALASF &#8211; Associa\u00e7\u00e3o Brasileira das Ligas Acad\u00eamicas de Sa\u00fade da Fam\u00edlia\u00a0 Site: https:\/\/www.alasf.com.br\/ DENEM &#8211; Dire\u00e7\u00e3o Executiva Nacional dos Estudantes de Medicina\u00a0 Site: https:\/\/www.denem.org.br\/ \u00a0 Ciclo de debates sobre ensino da MFC na gradua\u00e7\u00e3o m\u00e9dica\u00a0 Realiza\u00e7\u00e3o em formato de webinares transmitidos ao vivo pelo YouTube [&hellip;]<\/p>\n","protected":false},"author":1,"featured_media":0,"parent":0,"menu_order":0,"comment_status":"closed","ping_status":"closed","template":"","meta":[],"yoast_head":"<!-- This site is optimized with the Yoast SEO plugin v17.9 - https:\/\/yoast.com\/wordpress\/plugins\/seo\/ -->\n<meta name=\"robots\" content=\"index, follow, max-snippet:-1, max-image-preview:large, max-video-preview:-1\" \/>\n<link rel=\"canonical\" href=\"https:\/\/sbmfc.org.br\/site-antigo\/graduacao\/\" \/>\n<meta property=\"og:locale\" content=\"pt_BR\" \/>\n<meta property=\"og:type\" content=\"article\" \/>\n<meta property=\"og:title\" content=\"Gradua\u00e7\u00e3o - SBMFC\" \/>\n<meta property=\"og:description\" content=\"Entidades\u00a0 ABEM &#8211; Associa\u00e7\u00e3o Brasileira de Educa\u00e7\u00e3o M\u00e9dica\u00a0 Site: https:\/\/website.abem-educmed.org.br\/ ALASF &#8211; Associa\u00e7\u00e3o Brasileira das Ligas Acad\u00eamicas de Sa\u00fade da Fam\u00edlia\u00a0 Site: https:\/\/www.alasf.com.br\/ DENEM &#8211; Dire\u00e7\u00e3o Executiva Nacional dos Estudantes de Medicina\u00a0 Site: https:\/\/www.denem.org.br\/ \u00a0 Ciclo de debates sobre ensino da MFC na gradua\u00e7\u00e3o m\u00e9dica\u00a0 Realiza\u00e7\u00e3o em formato de webinares transmitidos ao vivo pelo YouTube [&hellip;]\" \/>\n<meta property=\"og:url\" content=\"https:\/\/sbmfc.org.br\/site-antigo\/graduacao\/\" \/>\n<meta property=\"og:site_name\" content=\"SBMFC\" \/>\n<meta property=\"article:modified_time\" content=\"2021-01-07T14:13:19+00:00\" \/>\n<meta name=\"twitter:card\" content=\"summary_large_image\" \/>\n<meta name=\"twitter:label1\" content=\"Est. tempo de leitura\" \/>\n\t<meta name=\"twitter:data1\" content=\"2 minutos\" \/>\n<script type=\"application\/ld+json\" class=\"yoast-schema-graph\">{\"@context\":\"https:\/\/schema.org\",\"@graph\":[{\"@type\":\"WebSite\",\"@id\":\"https:\/\/sbmfc.org.br\/site-antigo\/#website\",\"url\":\"https:\/\/sbmfc.org.br\/site-antigo\/\",\"name\":\"SBMFC\",\"description\":\"Sociedade Brasileira de Medicina de Fam\\u00edlia e Comunidade\",\"potentialAction\":[{\"@type\":\"SearchAction\",\"target\":{\"@type\":\"EntryPoint\",\"urlTemplate\":\"https:\/\/sbmfc.org.br\/site-antigo\/?s={search_term_string}\"},\"query-input\":\"required name=search_term_string\"}],\"inLanguage\":\"pt-BR\"},{\"@type\":\"WebPage\",\"@id\":\"https:\/\/sbmfc.org.br\/site-antigo\/graduacao\/#webpage\",\"url\":\"https:\/\/sbmfc.org.br\/site-antigo\/graduacao\/\",\"name\":\"Gradua\\u00e7\\u00e3o - SBMFC\",\"isPartOf\":{\"@id\":\"https:\/\/sbmfc.org.br\/site-antigo\/#website\"},\"datePublished\":\"2009-11-30T15:40:00+00:00\",\"dateModified\":\"2021-01-07T14:13:19+00:00\",\"breadcrumb\":{\"@id\":\"https:\/\/sbmfc.org.br\/site-antigo\/graduacao\/#breadcrumb\"},\"inLanguage\":\"pt-BR\",\"potentialAction\":[{\"@type\":\"ReadAction\",\"target\":[\"https:\/\/sbmfc.org.br\/site-antigo\/graduacao\/\"]}]},{\"@type\":\"BreadcrumbList\",\"@id\":\"https:\/\/sbmfc.org.br\/site-antigo\/graduacao\/#breadcrumb\",\"itemListElement\":[{\"@type\":\"ListItem\",\"position\":1,\"name\":\"In\\u00edcio\",\"item\":\"https:\/\/sbmfc.org.br\/site-antigo\/\"},{\"@type\":\"ListItem\",\"position\":2,\"name\":\"Gradua\\u00e7\\u00e3o\"}]}]}<\/script>\n<!-- \/ Yoast SEO plugin. -->","yoast_head_json":{"robots":{"index":"index","follow":"follow","max-snippet":"max-snippet:-1","max-image-preview":"max-image-preview:large","max-video-preview":"max-video-preview:-1"},"canonical":"https:\/\/sbmfc.org.br\/site-antigo\/graduacao\/","og_locale":"pt_BR","og_type":"article","og_title":"Gradua\u00e7\u00e3o - SBMFC","og_description":"Entidades\u00a0 ABEM &#8211; Associa\u00e7\u00e3o Brasileira de Educa\u00e7\u00e3o M\u00e9dica\u00a0 Site: https:\/\/website.abem-educmed.org.br\/ ALASF &#8211; Associa\u00e7\u00e3o Brasileira das Ligas Acad\u00eamicas de Sa\u00fade da Fam\u00edlia\u00a0 Site: https:\/\/www.alasf.com.br\/ DENEM &#8211; Dire\u00e7\u00e3o Executiva Nacional dos Estudantes de Medicina\u00a0 Site: https:\/\/www.denem.org.br\/ \u00a0 Ciclo de debates sobre ensino da MFC na gradua\u00e7\u00e3o m\u00e9dica\u00a0 Realiza\u00e7\u00e3o em formato de webinares transmitidos ao vivo pelo YouTube [&hellip;]","og_url":"https:\/\/sbmfc.org.br\/site-antigo\/graduacao\/","og_site_name":"SBMFC","article_modified_time":"2021-01-07T14:13:19+00:00","twitter_card":"summary_large_image","twitter_misc":{"Est. tempo de leitura":"2 minutos"},"schema":{"@context":"https:\/\/schema.org","@graph":[{"@type":"WebSite","@id":"https:\/\/sbmfc.org.br\/site-antigo\/#website","url":"https:\/\/sbmfc.org.br\/site-antigo\/","name":"SBMFC","description":"Sociedade Brasileira de Medicina de Fam\u00edlia e Comunidade","potentialAction":[{"@type":"SearchAction","target":{"@type":"EntryPoint","urlTemplate":"https:\/\/sbmfc.org.br\/site-antigo\/?s={search_term_string}"},"query-input":"required name=search_term_string"}],"inLanguage":"pt-BR"},{"@type":"WebPage","@id":"https:\/\/sbmfc.org.br\/site-antigo\/graduacao\/#webpage","url":"https:\/\/sbmfc.org.br\/site-antigo\/graduacao\/","name":"Gradua\u00e7\u00e3o - SBMFC","isPartOf":{"@id":"https:\/\/sbmfc.org.br\/site-antigo\/#website"},"datePublished":"2009-11-30T15:40:00+00:00","dateModified":"2021-01-07T14:13:19+00:00","breadcrumb":{"@id":"https:\/\/sbmfc.org.br\/site-antigo\/graduacao\/#breadcrumb"},"inLanguage":"pt-BR","potentialAction":[{"@type":"ReadAction","target":["https:\/\/sbmfc.org.br\/site-antigo\/graduacao\/"]}]},{"@type":"BreadcrumbList","@id":"https:\/\/sbmfc.org.br\/site-antigo\/graduacao\/#breadcrumb","itemListElement":[{"@type":"ListItem","position":1,"name":"In\u00edcio","item":"https:\/\/sbmfc.org.br\/site-antigo\/"},{"@type":"ListItem","position":2,"name":"Gradua\u00e7\u00e3o"}]}]}},"_links":{"self":[{"href":"https:\/\/sbmfc.org.br\/site-antigo\/wp-json\/wp\/v2\/pages\/128"}],"collection":[{"href":"https:\/\/sbmfc.org.br\/site-antigo\/wp-json\/wp\/v2\/pages"}],"about":[{"href":"https:\/\/sbmfc.org.br\/site-antigo\/wp-json\/wp\/v2\/types\/page"}],"author":[{"embeddable":true,"href":"https:\/\/sbmfc.org.br\/site-antigo\/wp-json\/wp\/v2\/users\/1"}],"replies":[{"embeddable":true,"href":"https:\/\/sbmfc.org.br\/site-antigo\/wp-json\/wp\/v2\/comments?post=128"}],"version-history":[{"count":7,"href":"https:\/\/sbmfc.org.br\/site-antigo\/wp-json\/wp\/v2\/pages\/128\/revisions"}],"predecessor-version":[{"id":5910,"href":"https:\/\/sbmfc.org.br\/site-antigo\/wp-json\/wp\/v2\/pages\/128\/revisions\/5910"}],"wp:attachment":[{"href":"https:\/\/sbmfc.org.br\/site-antigo\/wp-json\/wp\/v2\/media?parent=128"}],"curies":[{"name":"wp","href":"https:\/\/api.w.org\/{rel}","templated":true}]}}