{"id":125,"date":"2009-11-30T15:10:00","date_gmt":"2009-11-30T15:10:00","guid":{"rendered":"http:\/\/localhost\/sbmfc\/?page_id=17"},"modified":"2021-11-08T14:38:57","modified_gmt":"2021-11-08T17:38:57","slug":"concursos-anteriores-provas-e-gabaritos","status":"publish","type":"page","link":"https:\/\/sbmfc.org.br\/site-antigo\/concursos-anteriores-provas-e-gabaritos\/","title":{"rendered":"Concursos Anteriores &#8211; Provas e Gabaritos"},"content":{"rendered":"<p><strong style=\"font-family: Verdana;font-size: medium\">SBMFC &#8211; Diretoria de titula\u00e7\u00e3o<\/strong> <br \/>\n<span style=\"font-family: Verdana;font-size: medium\">Avenida Franklin Roosevelt, 39 &#8211; Sala 1311 &#8211; Centro<\/span> <br \/>\n<span style=\"font-family: Verdana;font-size: medium\">Rio de Janeiro \/ RJ<\/span> <br \/>\n<span style=\"font-family: Verdana;font-size: medium\">CEP: 20.021-120<br \/>\n<\/span><span style=\"font-family: Verdana;font-size: medium\"><br \/>\n<\/span> <br \/>\n<strong><span style=\"font-size: medium\"><span style=\"font-family: Verdana\">D\u00favidas:<\/span><\/span><\/strong><span style=\"font-size: medium\"><span style=\"font-family: Verdana\"> <a href=\"http:\/\/titulacao@sbmfc.org.br\">titulacao@sbmfc.org.br <\/a><\/span><\/span><\/p>\n<p><span style=\"font-size: medium\"><span style=\"font-family: Verdana\">Veja abaixo a rela\u00e7\u00e3o de provas e gabaritos dos concursos anteriores para download.<\/span><\/span><\/p>\n<p><strong><span style=\"font-size: larger\"><span style=\"font-family: Verdana\">Os v\u00eddeos que fazem parte das provas est\u00e3o dispon\u00edveis no canal do Youtube da SBMFC:\u00a0<\/span><\/span><\/strong><span style=\"font-family: Verdana\"><span style=\"font-size: 14.4px\"><a href=\"https:\/\/www.youtube.com\/user\/SBMFCoficial\/videos\">https:\/\/www.youtube.com\/user\/SBMFCoficial\/videos<\/a><b>.\u00a0<\/b><\/span><\/span><\/p>\n<p>&nbsp;<\/p>\n<p><u><strong><span style=\"font-size: medium\"><span style=\"font-family: Verdana\">PROVAS<\/span><\/span><\/strong><\/u><\/p>\n<p><strong><span style=\"font-size: 20px\"><span style=\"font-family: Verdana\"><a href=\"http:\/\/www.sbmfc.org.br\/wp-content\/uploads\/media\/file\/temfc\/prova_2004.pdf\">TEMFC 02<\/a> <\/span> <\/span><\/strong><\/p>\n<p><strong><span style=\"font-family: Verdana;font-size: 20px\"><a href=\"http:\/\/www.sbmfc.org.br\/wp-content\/uploads\/media\/file\/temfc\/prova_mai_2005.pdf\">TEMFC 03<\/a><br \/>\n<\/span><\/strong><\/p>\n<p><strong><span style=\"font-family: Verdana;font-size: 20px\"><a href=\"http:\/\/www.sbmfc.org.br\/wp-content\/uploads\/media\/file\/temfc\/prova_nov_2005.pdf\">TEMFC 04<\/a><br \/>\n<\/span><\/strong><\/p>\n<p><strong><span style=\"font-family: Verdana;font-size: 20px\"><a href=\"http:\/\/www.sbmfc.org.br\/wp-content\/uploads\/media\/file\/temfc\/prova_jun_2006.pdf\">TEMFC 05<\/a><br \/>\n<\/span><\/strong><\/p>\n<p><strong><span style=\"font-size: 20px\"><span style=\"font-family: Verdana\"><a href=\"http:\/\/www.sbmfc.org.br\/wp-content\/uploads\/media\/file\/temfc\/prova_jun_2007.pdf\">TEMFC 06<\/a> <\/span><br \/>\n<\/span><\/strong><\/p>\n<p><strong><span style=\"font-size: 20px\"><a href=\"http:\/\/www.sbmfc.org.br\/wp-content\/uploads\/media\/file\/temfc\/CAderno_PROVA_TEMFC_Maio2008_.pdf\"><span style=\"font-family: Verdana\">TEMFC 08<\/span><\/a><br \/>\n<\/span><\/strong><\/p>\n<p><strong><span style=\"font-size: 20px\"><a href=\"http:\/\/www.sbmfc.org.br\/wp-content\/uploads\/media\/file\/temfc\/Prova_TEMFC_09.pdf\"><span style=\"font-family: Verdana\">TEMFC 09<\/span><\/a><\/span><\/strong><\/p>\n<p><strong><span style=\"font-size: 20px\"><a href=\"http:\/\/www.sbmfc.org.br\/wp-content\/uploads\/media\/file\/temfc\/Prova_TEMFC_Dezembro%202009.pdf\"><span style=\"font-family: Verdana\">TEMFC 10<\/span><\/a><\/span><\/strong><\/p>\n<p><strong><span style=\"font-size: 20px\"><a href=\"http:\/\/www.sbmfc.org.br\/wp-content\/uploads\/media\/file\/temfc\/Prova%20SBMFC_11.pdf\"><span style=\"font-family: Verdana\">TEMFC 11<\/span><\/a><\/span><\/strong><\/p>\n<p><strong><span style=\"font-family: Verdana;font-size: 20px\"><a href=\"http:\/\/www.sbmfc.org.br\/wp-content\/uploads\/media\/file\/temfc\/Prova%20TEMFC%2012%20SBMFC.pdf\" target=\"_blank\" rel=\"noopener noreferrer\">TEMFC 12<\/a><br \/>\n<\/span><\/strong><\/p>\n<p><strong><span style=\"font-size: 20px\"><a href=\"http:\/\/www.sbmfc.org.br\/wp-content\/uploads\/media\/file\/TEMFC%2013\/caderno_prova_13TEMFC.pdf\" target=\"_blank\" rel=\"noopener noreferrer\"><span style=\"font-family: Verdana\">TEMFC 13<\/span><\/a><\/span><\/strong><\/p>\n<p><strong><span style=\"font-size: 20px\"><a href=\"http:\/\/www.sbmfc.org.br\/wp-content\/uploads\/media\/Caderno_prova_14TEMFC.pdf\" target=\"_blank\" rel=\"noopener noreferrer\"><span style=\"font-family: Verdana\">TEMFC 14<\/span><\/a><\/span><\/strong><\/p>\n<p><strong><span style=\"font-size: 20px\"><span style=\"font-family: Verdana\"><a href=\"http:\/\/www.sbmfc.org.br\/wp-content\/uploads\/media\/file\/SBMFC_PRONTA.pdf\">TEMFC 16<\/a><\/span><\/span><\/strong><\/p>\n<p><strong><span style=\"font-size: 20px\"><a href=\"http:\/\/www.sbmfc.org.br\/wp-content\/uploads\/media\/Prova_TEMFC(2).pdf\"><span style=\"font-family: Verdana\">TEMFC 17<\/span><\/a><\/span><\/strong><\/p>\n<p><strong><span style=\"font-family: verdana, geneva, sans-serif;font-size: 20px\"><a href=\"https:\/\/www.sbmfc.org.br\/wp-content\/uploads\/2019\/05\/TEMFC-18.pdf\">TEMFC 18<\/a><\/span><\/strong><\/p>\n<p><strong><span style=\"font-family: verdana, geneva, sans-serif;font-size: 20px\"><a href=\"https:\/\/www.sbmfc.org.br\/wp-content\/uploads\/2019\/05\/TEMFC-19.pdf\">TEMFC 19<\/a><\/span><\/strong><\/p>\n<p><strong><span style=\"font-size: 20px\"><a style=\"font-family: Verdana\" href=\"http:\/\/www.sbmfc.org.br\/wp-content\/uploads\/media\/TEMFC 20(5).pdf\">TEMFC 20<\/a><\/span><\/strong><\/p>\n<p><a href=\"https:\/\/www.youtube.com\/watch?v=ti2-wH3msrM\">V\u00eddeo 1\u00a0<\/a><\/p>\n<p><a href=\"https:\/\/www.youtube.com\/watch?v=ql0diXlmvdk\">V\u00eddeo 2\u00a0<\/a><\/p>\n<p><a href=\"https:\/\/www.youtube.com\/watch?v=InRvGDbDutA\">V\u00eddeo 3\u00a0<\/a><\/p>\n<p><a href=\"https:\/\/www.youtube.com\/watch?v=RG8Y28FBqFc\">V\u00eddeo 4\u00a0<\/a><\/p>\n<p><a href=\"https:\/\/www.youtube.com\/watch?v=C-L-NkRk5YI\">V\u00eddeo 5<\/a><\/p>\n<p><strong><span style=\"font-size: 20px\"><span style=\"font-family: Verdana\"><a href=\"https:\/\/www.sbmfc.org.br\/wp-content\/uploads\/2019\/05\/TEMFC-21.pdf\">TEMFC 21<\/a> <\/span><\/span><\/strong><\/p>\n<p><a href=\"https:\/\/www.youtube.com\/watch?v=w3-vDbFws7w\">V\u00eddeo 1\u00a0<\/a><\/p>\n<p><a href=\"https:\/\/www.youtube.com\/watch?v=gESKaRPYWms\">V\u00eddeo 2\u00a0<\/a><\/p>\n<p><a href=\"https:\/\/www.youtube.com\/watch?v=lGp-zMBw8i4\">V\u00eddeo 3\u00a0<\/a><\/p>\n<p><a href=\"https:\/\/www.youtube.com\/watch?v=wsFGqoOZjUE\">V\u00eddeo 4\u00a0<\/a><\/p>\n<p><a href=\"https:\/\/www.youtube.com\/watch?v=EDF25tet5yg&amp;t=1s\">V\u00eddeo 5<\/a><\/p>\n<p><a href=\"https:\/\/www.youtube.com\/watch?v=wsFGqoOZjUE\">V\u00eddeo 6\u00a0<\/a><\/p>\n<p><span style=\"font-size: 20px\"><a href=\"http:\/\/www.sbmfc.org.br\/wp-content\/uploads\/media\/file\/22%20TEMFC\/CP_SBMFC_FINAL%20(1).pdf\"><span style=\"font-family: Verdana\"><strong>TEMFC 22<\/strong> <\/span><\/a><\/span><\/p>\n<p><a href=\"https:\/\/www.youtube.com\/watch?v=0ewx-GWrzIA&amp;t=8s\">V\u00eddeo 1<\/a>\u00a0<\/p>\n<p><a href=\"https:\/\/www.youtube.com\/watch?v=if2OPJlhpBA\">V\u00eddeo 2\u00a0<\/a><\/p>\n<p><a href=\"https:\/\/www.youtube.com\/watch?v=-lfRbgfQlcE\">V\u00eddeo 3<\/a>\u00a0<\/p>\n<p><a href=\"https:\/\/www.youtube.com\/watch?v=fbfpP6Ji9QI\">V\u00eddeo 4\u00a0<\/a><\/p>\n<p><a href=\"https:\/\/www.youtube.com\/watch?v=c3ZzXc0TeuA\">V\u00eddeo 5<\/a><\/p>\n<p><a href=\"https:\/\/www.youtube.com\/watch?v=A-rbHr_gwO8\">V\u00eddeo 6\u00a0<\/a><\/p>\n<p><strong><span style=\"font-size: 20px;font-family: verdana, geneva, sans-serif\"><a href=\"http:\/\/www.sbmfc.org.br\/wp-content\/uploads\/media\/file\/23%20TEMFC\/Prova_SBMFC_23.pdf\">TEMFC\u00a023<\/a><\/span><\/strong><\/p>\n<p><a href=\"https:\/\/www.youtube.com\/watch?v=caaX-0RkuoM\">V\u00eddeo 1\u00a0<\/a><\/p>\n<p><a href=\"https:\/\/www.youtube.com\/watch?v=5xdvZPEka1s\">V\u00eddeo 2\u00a0<\/a><\/p>\n<p><a href=\"https:\/\/www.youtube.com\/watch?v=xSm_qiLKRC0\">V\u00eddeo 3\u00a0<\/a><\/p>\n<p><a href=\"https:\/\/www.youtube.com\/watch?v=9aAqDc8YOyQ\">V\u00eddeo 4\u00a0<\/a><\/p>\n<p><a href=\"https:\/\/www.youtube.com\/watch?v=edgs2UElfI0\">V\u00eddeo 5<\/a><\/p>\n<p><a href=\"https:\/\/www.youtube.com\/watch?v=RRSxyClA__g\">V\u00eddeo 6\u00a0<\/a><\/p>\n<p><strong><span style=\"font-size: 20px;font-family: verdana, geneva, sans-serif\"><a href=\"https:\/\/www.sbmfc.org.br\/wp-content\/uploads\/2019\/02\/CP_SBMFC_Edital-24.pdf\">TEMFC 24<\/a><\/span><\/strong><\/p>\n<p><a href=\"https:\/\/www.youtube.com\/watch?v=pr1I8EGJnQI\">V\u00eddeo 1\u00a0<\/a><\/p>\n<p><a href=\"https:\/\/www.youtube.com\/watch?v=rTWX5mIQTZU\">V\u00eddeo 2\u00a0<\/a><\/p>\n<p><a href=\"https:\/\/www.youtube.com\/watch?v=8hSsXIxAOm4\">V\u00eddeo 3\u00a0<\/a><\/p>\n<p><a href=\"https:\/\/www.youtube.com\/watch?v=gqRsBYKInqY\">V\u00eddeo 4\u00a0<\/a><\/p>\n<p><a href=\"https:\/\/www.youtube.com\/watch?v=EmngiB06mds\">V\u00eddeo 5<\/a><\/p>\n<p><a href=\"https:\/\/www.youtube.com\/watch?v=E-sNHUSCnWc\">V\u00eddeo 6\u00a0<\/a><\/p>\n<p><strong><span style=\"font-family: verdana, geneva, sans-serif;font-size: 20px\"><a href=\"https:\/\/www.sbmfc.org.br\/wp-content\/uploads\/2019\/05\/TEMFC-25.pdf\">TEMFC 25\u00a0<\/a><\/span><\/strong><\/p>\n<p><a href=\"https:\/\/www.youtube.com\/watch?v=pYB7D_L_d2Q\">V\u00eddeo 1\u00a0<\/a><\/p>\n<p><a href=\"https:\/\/www.youtube.com\/watch?v=yPGcEdtiwF0\">V\u00eddeo 2\u00a0<\/a><\/p>\n<p><a href=\"https:\/\/www.youtube.com\/watch?v=VrQdtF0cBBI\">V\u00eddeo 3\u00a0<\/a><\/p>\n<p><a href=\"https:\/\/www.youtube.com\/watch?v=RW-xMs7VPqM&amp;t=76s\">V\u00eddeo 4\u00a0<\/a><\/p>\n<p><a href=\"https:\/\/www.youtube.com\/watch?v=aa7oRbmmdvE\">V\u00eddeo 5<\/a><\/p>\n<p><a href=\"https:\/\/www.youtube.com\/watch?v=8gzBMd2pmQA\">V\u00eddeo 6\u00a0<\/a><\/p>\n<p><strong><span style=\"font-family: verdana, geneva, sans-serif;font-size: 20px\"><a href=\"https:\/\/www.sbmfc.org.br\/wp-content\/uploads\/2019\/11\/SBMFC_26_FINAL-Caderno-de-Provas.pdf\">TEMFC 26<\/a><\/span><\/strong><\/p>\n<p><a href=\"https:\/\/www.youtube.com\/watch?v=i3BASKMRopw\">V\u00eddeo 1\u00a0<\/a><\/p>\n<p><a href=\"https:\/\/www.youtube.com\/watch?v=ZRizlOp_-Do\">V\u00eddeo 2\u00a0<\/a><\/p>\n<p><a href=\"https:\/\/www.youtube.com\/watch?v=bXhc7mVhMAw\">V\u00eddeo 3<\/a>\u00a0<\/p>\n<p><a href=\"https:\/\/www.youtube.com\/watch?v=MXCqtIwNxpg\">V\u00eddeo 4\u00a0<\/a><\/p>\n<p><a href=\"https:\/\/www.youtube.com\/watch?v=p3drWPUifjY&amp;t=8s\">V\u00eddeo 5<\/a><\/p>\n<p><a href=\"https:\/\/www.youtube.com\/watch?v=MFt3p494zRY\">V\u00eddeo 6\u00a0<\/a><\/p>\n<p><strong><span style=\"font-family: verdana, geneva, sans-serif;font-size: 20px\"><a href=\"https:\/\/www.sbmfc.org.br\/wp-content\/uploads\/2020\/09\/CP_SBMFC.pdf\">TEMFC 27<\/a><\/span><\/strong><\/p>\n<p><a href=\"https:\/\/www.youtube.com\/watch?v=XLxFwUmc9EM\">V\u00eddeo 1\u00a0<\/a><\/p>\n<p><a href=\"https:\/\/www.youtube.com\/watch?v=A8TCooHMqEQ\">V\u00eddeo 2\u00a0<\/a><\/p>\n<p><a href=\"https:\/\/www.youtube.com\/watch?v=Q3DfA3PgmR4\">V\u00eddeo 3\u00a0<\/a><\/p>\n<p><a href=\"https:\/\/www.youtube.com\/watch?v=ih9fyfkOo90\">V\u00eddeo 4\u00a0<\/a><\/p>\n<p><a href=\"https:\/\/www.youtube.com\/watch?v=ChbGXZ4oFwU\">V\u00eddeo 5<\/a><\/p>\n<p><a href=\"https:\/\/www.youtube.com\/watch?v=VADaj2g7hL4\">V\u00eddeo 6<\/a><\/p>\n<p><strong><span style=\"font-size: 20px\"><a href=\"https:\/\/www.sbmfc.org.br\/wp-content\/uploads\/2021\/01\/Prova-De-Titulo-De-Especialista-Em-Medicina-De-Familia-E-Comunidade.pdf\">TEMFC 28<\/a>\u00a0<\/span><\/strong><\/p>\n<p><a href=\"https:\/\/www.sbmfc.org.br\/wp-content\/uploads\/2021\/11\/TEMFC-28-.pdf\">TEMFC 28 (prova sem o gabarito marcado)<\/a><\/p>\n<p><a href=\"https:\/\/www.youtube.com\/watch?v=faxyUcYsyKk\">V\u00eddeo 1\u00a0<\/a><\/p>\n<p><a href=\"https:\/\/www.youtube.com\/watch?v=ZDCWJ_w1sRg\">V\u00eddeo 2\u00a0<\/a><\/p>\n<p><a href=\"https:\/\/www.youtube.com\/watch?v=2uTuhmNhSwQ&amp;t=11s\">V\u00eddeo 3\u00a0<\/a><\/p>\n<p><a href=\"https:\/\/www.youtube.com\/watch?v=C4wsesxDeZc\">V\u00eddeo 4\u00a0<\/a><\/p>\n<p><a href=\"https:\/\/www.youtube.com\/watch?v=XnMai4PJg5c&amp;t=23s\">V\u00eddeo 5\u00a0<\/a><\/p>\n<p><a href=\"https:\/\/www.youtube.com\/watch?v=tIVrUYBvlZw&amp;t=26s\">V\u00eddeo 6\u00a0<\/a><\/p>\n<p>&nbsp;<\/p>\n<p><span style=\"font-size: medium\"><u><strong><span style=\"font-family: Verdana\">GABARITOS<\/span><\/strong> <\/u> <\/span><\/p>\n<p><span style=\"font-size: 20px\"><span style=\"font-family: Verdana\"><a href=\"http:\/\/www.sbmfc.org.br\/wp-content\/uploads\/media\/file\/temfc\/gabarito_2004.pdf\">TEMFC 02<\/a><br \/>\n<\/span><\/span><\/p>\n<p><span style=\"font-size: 20px\"><span style=\"font-family: Verdana\"><a href=\"http:\/\/www.sbmfc.org.br\/wp-content\/uploads\/media\/file\/temfc\/gabarito_maio_2005.pdf\">TEMFC 03<\/a><br \/>\n<\/span><\/span><\/p>\n<p><span style=\"font-size: 20px\"><span style=\"font-family: Verdana\"><a href=\"http:\/\/www.sbmfc.org.br\/wp-content\/uploads\/media\/file\/temfc\/gabarito_nov_2005.pdf\">TEMFC 04<\/a><br \/>\n<\/span><\/span><\/p>\n<p><span style=\"font-size: 20px\"><span style=\"font-family: Verdana\"><a href=\"http:\/\/www.sbmfc.org.br\/wp-content\/uploads\/media\/file\/temfc\/gabarito_jun_2006.pdf\">TEMFC 05<\/a><br \/>\n<\/span><\/span><\/p>\n<p><span style=\"font-size: 20px\"><span style=\"font-family: Verdana\"><a href=\"http:\/\/www.sbmfc.org.br\/wp-content\/uploads\/media\/file\/temfc\/gabarito_jun_2007.pdf\">TEMFC 06<\/a><br \/>\n<\/span><\/span><\/p>\n<p><span style=\"font-size: 20px\"><a href=\"http:\/\/www.sbmfc.org.br\/wp-content\/uploads\/media\/file\/temfc\/Gabarito%20Final%20Prova%20TEMFC%208%20(ap%C3%B3s%20recursos).pdf\"><span style=\"font-family: Verdana\">TEMFC 08<\/span><\/a><\/span><\/p>\n<p><span style=\"font-size: 20px\"><a href=\"http:\/\/www.sbmfc.org.br\/wp-content\/uploads\/media\/file\/temfc\/gabarito_2009.txt\"><span style=\"font-family: Verdana\">TEMFC 09<\/span><\/a><a href=\"http:\/\/www.sbmfc.org.br\/wp-content\/uploads\/media\/file\/temfc\/Gabarito_2009.pdf\"><span style=\"font-family: Verdana\"><br \/>\n<\/span><\/a><\/span><\/p>\n<p><span style=\"font-size: 20px\"><a href=\"http:\/\/www.sbmfc.org.br\/wp-content\/uploads\/media\/file\/temfc\/Gabarito_TEMFC10.pdf\"><span style=\"font-family: Verdana\">TEMFC 10<\/span><\/a><\/span><\/p>\n<p><span style=\"font-family: Verdana;font-size: 20px\"><a href=\"http:\/\/www.sbmfc.org.br\/wp-content\/uploads\/media\/file\/temfc\/Gabarito_TEMFC_11.pdf\">TEMFC 11<\/a><br \/>\n<\/span><\/p>\n<p><span style=\"font-size: 20px\"><a href=\"http:\/\/www.sbmfc.org.br\/wp-content\/uploads\/media\/Gabarito_Pos_Recurso.pdf\" target=\"_blank\" rel=\"noopener noreferrer\"><span style=\"font-family: Verdana\">TEMFC 12<\/span><\/a><\/span><\/p>\n<p><span style=\"font-family: Verdana;font-size: 20px\"><a href=\"http:\/\/www.sbmfc.org.br\/wp-content\/uploads\/media\/file\/TEMFC%2013\/gabarito_posrecurso_TEMFC%2013.pdf\" target=\"_blank\" rel=\"noopener noreferrer\">TEMFC 13<\/a><\/span><\/p>\n<p><span style=\"font-size: 20px\"><span style=\"font-family: Verdana\"><a href=\"http:\/\/www.sbmfc.org.br\/wp-content\/uploads\/media\/gabarito_temfc14_final.pdf\" target=\"_blank\" rel=\"noopener noreferrer\">TEMFC 14<\/a><\/span><\/span><\/p>\n<p><span style=\"font-size: 20px\"><span style=\"font-family: Verdana\"><a href=\"http:\/\/www.sbmfc.org.br\/wp-content\/uploads\/media\/Gabarito_SBMFC(1).pdf\">TEMFC 16<\/a><\/span><\/span><\/p>\n<p><span style=\"font-size: 20px\"><span style=\"font-family: Verdana\">TEMFC 17 (material indispon\u00edvel temporariamente)<\/span><\/span><\/p>\n<p><span style=\"font-family: verdana, geneva, sans-serif;font-size: 20px\"><a href=\"https:\/\/www.sbmfc.org.br\/wp-content\/uploads\/2019\/05\/TEMFC-18.xlsx\">TEMFC 18<\/a><\/span><\/p>\n<p><span style=\"font-family: verdana, geneva, sans-serif;font-size: 20px\"><a href=\"https:\/\/www.sbmfc.org.br\/wp-content\/uploads\/2019\/05\/TEMFC-19.xlsx\">TEMFC 19<\/a><\/span><\/p>\n<p><span style=\"font-size: 20px\"><span style=\"font-family: Verdana\"><a href=\"http:\/\/www.sbmfc.org.br\/wp-content\/uploads\/media\/file\/GABARITO_SBMFC%20-%2020.xlsx\" class=\"broken_link\">TEMFC 20\u00a0<\/a><\/span><\/span><\/p>\n<p><span style=\"font-size: 20px\"><span style=\"font-family: Verdana\"><a href=\"http:\/\/www.sbmfc.org.br\/wp-content\/uploads\/media\/file\/7%20-%20Gabarito%2021%C2%B0%20TEMFC.xlsx\">TEMFC 21<\/a><\/span><\/span><\/p>\n<p><span style=\"font-size: 20px\"><span style=\"font-family: Verdana\"><a href=\"http:\/\/www.sbmfc.org.br\/wp-content\/uploads\/media\/file\/22%20TEMFC\/GABARITO_22.xlsx\">TEMFC 22\u00a0<\/a><\/span><\/span><\/p>\n<p><span style=\"font-size: 20px\"><a href=\"http:\/\/www.sbmfc.org.br\/wp-content\/uploads\/media\/file\/23%20TEMFC\/Gabarito_SBMFC.XLSX\"><span style=\"font-family: Verdana\">TEMFC\u00a0<\/span><span style=\"font-family: Verdana\">23<\/span><\/a><\/span><\/p>\n<p><span style=\"font-size: 20px\"><a href=\"https:\/\/www.sbmfc.org.br\/wp-content\/uploads\/2019\/02\/Gabarito_SBMFC.xlsx\">TE<span style=\"font-family: verdana, geneva, sans-serif\">MFC 24<\/span><\/a><\/span><\/p>\n<p><span style=\"font-family: verdana, geneva, sans-serif;font-size: 20px\"><a href=\"https:\/\/www.sbmfc.org.br\/wp-content\/uploads\/2018\/10\/Gabarito_SBMFC-25.xlsx\">TEMFC 25<\/a><\/span><\/p>\n<p><span style=\"font-family: verdana, geneva, sans-serif;font-size: 20px\"><a href=\"https:\/\/www.sbmfc.org.br\/wp-content\/uploads\/2019\/11\/GABARITO_FINAL_26_TEMFC.xlsx\">TEMFC 26<\/a><\/span><\/p>\n<p><span style=\"font-family: verdana, geneva, sans-serif;font-size: 20px\"><a href=\"https:\/\/www.sbmfc.org.br\/wp-content\/uploads\/2020\/09\/GABARITO-FINAL_27_TEMFC.xlsx\">TEMFC 27\u00a0<\/a><\/span><\/p>\n<p><span style=\"font-size: 20px\"><a href=\"https:\/\/www.sbmfc.org.br\/wp-content\/uploads\/2021\/01\/Gabarito-Comentado-TEMFC-28.pdf\">TEMFC 28\u00a0<\/a><\/span><\/p>\n","protected":false},"excerpt":{"rendered":"<p>SBMFC &#8211; Diretoria de titula\u00e7\u00e3o Avenida Franklin Roosevelt, 39 &#8211; Sala 1311 &#8211; Centro Rio de Janeiro \/ RJ CEP: 20.021-120 D\u00favidas: titulacao@sbmfc.org.br Veja abaixo a rela\u00e7\u00e3o de provas e gabaritos dos concursos anteriores para download. Os v\u00eddeos que fazem parte das provas est\u00e3o dispon\u00edveis no canal do Youtube da SBMFC:\u00a0https:\/\/www.youtube.com\/user\/SBMFCoficial\/videos.\u00a0 &nbsp; PROVAS TEMFC 02 [&hellip;]<\/p>\n","protected":false},"author":1,"featured_media":0,"parent":0,"menu_order":0,"comment_status":"closed","ping_status":"closed","template":"","meta":[],"yoast_head":"<!-- This site is optimized with the Yoast SEO plugin v17.9 - https:\/\/yoast.com\/wordpress\/plugins\/seo\/ -->\n<meta name=\"robots\" content=\"index, follow, max-snippet:-1, max-image-preview:large, max-video-preview:-1\" \/>\n<link rel=\"canonical\" href=\"https:\/\/sbmfc.org.br\/site-antigo\/concursos-anteriores-provas-e-gabaritos\/\" \/>\n<meta property=\"og:locale\" content=\"pt_BR\" \/>\n<meta property=\"og:type\" content=\"article\" \/>\n<meta property=\"og:title\" content=\"Concursos Anteriores - Provas e Gabaritos - SBMFC\" \/>\n<meta property=\"og:description\" content=\"SBMFC &#8211; Diretoria de titula\u00e7\u00e3o Avenida Franklin Roosevelt, 39 &#8211; Sala 1311 &#8211; Centro Rio de Janeiro \/ RJ CEP: 20.021-120 D\u00favidas: titulacao@sbmfc.org.br Veja abaixo a rela\u00e7\u00e3o de provas e gabaritos dos concursos anteriores para download. Os v\u00eddeos que fazem parte das provas est\u00e3o dispon\u00edveis no canal do Youtube da SBMFC:\u00a0https:\/\/www.youtube.com\/user\/SBMFCoficial\/videos.\u00a0 &nbsp; PROVAS TEMFC 02 [&hellip;]\" \/>\n<meta property=\"og:url\" content=\"https:\/\/sbmfc.org.br\/site-antigo\/concursos-anteriores-provas-e-gabaritos\/\" \/>\n<meta property=\"og:site_name\" content=\"SBMFC\" \/>\n<meta property=\"article:modified_time\" content=\"2021-11-08T17:38:57+00:00\" \/>\n<meta name=\"twitter:card\" content=\"summary_large_image\" \/>\n<meta name=\"twitter:label1\" content=\"Est. tempo de leitura\" \/>\n\t<meta name=\"twitter:data1\" content=\"2 minutos\" \/>\n<script type=\"application\/ld+json\" class=\"yoast-schema-graph\">{\"@context\":\"https:\/\/schema.org\",\"@graph\":[{\"@type\":\"WebSite\",\"@id\":\"https:\/\/sbmfc.org.br\/site-antigo\/#website\",\"url\":\"https:\/\/sbmfc.org.br\/site-antigo\/\",\"name\":\"SBMFC\",\"description\":\"Sociedade Brasileira de Medicina de Fam\\u00edlia e Comunidade\",\"potentialAction\":[{\"@type\":\"SearchAction\",\"target\":{\"@type\":\"EntryPoint\",\"urlTemplate\":\"https:\/\/sbmfc.org.br\/site-antigo\/?s={search_term_string}\"},\"query-input\":\"required name=search_term_string\"}],\"inLanguage\":\"pt-BR\"},{\"@type\":\"WebPage\",\"@id\":\"https:\/\/sbmfc.org.br\/site-antigo\/concursos-anteriores-provas-e-gabaritos\/#webpage\",\"url\":\"https:\/\/sbmfc.org.br\/site-antigo\/concursos-anteriores-provas-e-gabaritos\/\",\"name\":\"Concursos Anteriores - Provas e Gabaritos - SBMFC\",\"isPartOf\":{\"@id\":\"https:\/\/sbmfc.org.br\/site-antigo\/#website\"},\"datePublished\":\"2009-11-30T15:10:00+00:00\",\"dateModified\":\"2021-11-08T17:38:57+00:00\",\"breadcrumb\":{\"@id\":\"https:\/\/sbmfc.org.br\/site-antigo\/concursos-anteriores-provas-e-gabaritos\/#breadcrumb\"},\"inLanguage\":\"pt-BR\",\"potentialAction\":[{\"@type\":\"ReadAction\",\"target\":[\"https:\/\/sbmfc.org.br\/site-antigo\/concursos-anteriores-provas-e-gabaritos\/\"]}]},{\"@type\":\"BreadcrumbList\",\"@id\":\"https:\/\/sbmfc.org.br\/site-antigo\/concursos-anteriores-provas-e-gabaritos\/#breadcrumb\",\"itemListElement\":[{\"@type\":\"ListItem\",\"position\":1,\"name\":\"In\\u00edcio\",\"item\":\"https:\/\/sbmfc.org.br\/site-antigo\/\"},{\"@type\":\"ListItem\",\"position\":2,\"name\":\"Concursos Anteriores &#8211; Provas e Gabaritos\"}]}]}<\/script>\n<!-- \/ Yoast SEO plugin. -->","yoast_head_json":{"robots":{"index":"index","follow":"follow","max-snippet":"max-snippet:-1","max-image-preview":"max-image-preview:large","max-video-preview":"max-video-preview:-1"},"canonical":"https:\/\/sbmfc.org.br\/site-antigo\/concursos-anteriores-provas-e-gabaritos\/","og_locale":"pt_BR","og_type":"article","og_title":"Concursos Anteriores - Provas e Gabaritos - SBMFC","og_description":"SBMFC &#8211; Diretoria de titula\u00e7\u00e3o Avenida Franklin Roosevelt, 39 &#8211; Sala 1311 &#8211; Centro Rio de Janeiro \/ RJ CEP: 20.021-120 D\u00favidas: titulacao@sbmfc.org.br Veja abaixo a rela\u00e7\u00e3o de provas e gabaritos dos concursos anteriores para download. Os v\u00eddeos que fazem parte das provas est\u00e3o dispon\u00edveis no canal do Youtube da SBMFC:\u00a0https:\/\/www.youtube.com\/user\/SBMFCoficial\/videos.\u00a0 &nbsp; PROVAS TEMFC 02 [&hellip;]","og_url":"https:\/\/sbmfc.org.br\/site-antigo\/concursos-anteriores-provas-e-gabaritos\/","og_site_name":"SBMFC","article_modified_time":"2021-11-08T17:38:57+00:00","twitter_card":"summary_large_image","twitter_misc":{"Est. tempo de leitura":"2 minutos"},"schema":{"@context":"https:\/\/schema.org","@graph":[{"@type":"WebSite","@id":"https:\/\/sbmfc.org.br\/site-antigo\/#website","url":"https:\/\/sbmfc.org.br\/site-antigo\/","name":"SBMFC","description":"Sociedade Brasileira de Medicina de Fam\u00edlia e Comunidade","potentialAction":[{"@type":"SearchAction","target":{"@type":"EntryPoint","urlTemplate":"https:\/\/sbmfc.org.br\/site-antigo\/?s={search_term_string}"},"query-input":"required name=search_term_string"}],"inLanguage":"pt-BR"},{"@type":"WebPage","@id":"https:\/\/sbmfc.org.br\/site-antigo\/concursos-anteriores-provas-e-gabaritos\/#webpage","url":"https:\/\/sbmfc.org.br\/site-antigo\/concursos-anteriores-provas-e-gabaritos\/","name":"Concursos Anteriores - Provas e Gabaritos - SBMFC","isPartOf":{"@id":"https:\/\/sbmfc.org.br\/site-antigo\/#website"},"datePublished":"2009-11-30T15:10:00+00:00","dateModified":"2021-11-08T17:38:57+00:00","breadcrumb":{"@id":"https:\/\/sbmfc.org.br\/site-antigo\/concursos-anteriores-provas-e-gabaritos\/#breadcrumb"},"inLanguage":"pt-BR","potentialAction":[{"@type":"ReadAction","target":["https:\/\/sbmfc.org.br\/site-antigo\/concursos-anteriores-provas-e-gabaritos\/"]}]},{"@type":"BreadcrumbList","@id":"https:\/\/sbmfc.org.br\/site-antigo\/concursos-anteriores-provas-e-gabaritos\/#breadcrumb","itemListElement":[{"@type":"ListItem","position":1,"name":"In\u00edcio","item":"https:\/\/sbmfc.org.br\/site-antigo\/"},{"@type":"ListItem","position":2,"name":"Concursos Anteriores &#8211; Provas e Gabaritos"}]}]}},"_links":{"self":[{"href":"https:\/\/sbmfc.org.br\/site-antigo\/wp-json\/wp\/v2\/pages\/125"}],"collection":[{"href":"https:\/\/sbmfc.org.br\/site-antigo\/wp-json\/wp\/v2\/pages"}],"about":[{"href":"https:\/\/sbmfc.org.br\/site-antigo\/wp-json\/wp\/v2\/types\/page"}],"author":[{"embeddable":true,"href":"https:\/\/sbmfc.org.br\/site-antigo\/wp-json\/wp\/v2\/users\/1"}],"replies":[{"embeddable":true,"href":"https:\/\/sbmfc.org.br\/site-antigo\/wp-json\/wp\/v2\/comments?post=125"}],"version-history":[{"count":25,"href":"https:\/\/sbmfc.org.br\/site-antigo\/wp-json\/wp\/v2\/pages\/125\/revisions"}],"predecessor-version":[{"id":7059,"href":"https:\/\/sbmfc.org.br\/site-antigo\/wp-json\/wp\/v2\/pages\/125\/revisions\/7059"}],"wp:attachment":[{"href":"https:\/\/sbmfc.org.br\/site-antigo\/wp-json\/wp\/v2\/media?parent=125"}],"curies":[{"name":"wp","href":"https:\/\/api.w.org\/{rel}","templated":true}]}}