{"id":123,"date":"2009-11-30T14:22:00","date_gmt":"2009-11-30T14:22:00","guid":{"rendered":"http:\/\/localhost\/sbmfc\/?page_id=15"},"modified":"2020-11-16T15:12:01","modified_gmt":"2020-11-16T18:12:01","slug":"contato-da-diretoria-de-titulacao-e-certificacao","status":"publish","type":"page","link":"https:\/\/sbmfc.org.br\/site-antigo\/contato-da-diretoria-de-titulacao-e-certificacao\/","title":{"rendered":"Contato da Diretoria de Titula\u00e7\u00e3o e Certifica\u00e7\u00e3o"},"content":{"rendered":"<p><strong>Diretor de Titula\u00e7\u00e3o: <\/strong>Igor Tavares da Silva Chaves (gest\u00e3o 2020-2022)\u00a0<\/p>\n<p><strong>Secretaria de TEMFC<\/strong><\/p>\n<p>Fone: (21) 3553-1352<\/p>\n<p>e-mail: titulacao@sbmfc.org.br\u00a0<\/p>\n<p>&nbsp;<\/p>\n","protected":false},"excerpt":{"rendered":"<p>Diretor de Titula\u00e7\u00e3o: Igor Tavares da Silva Chaves (gest\u00e3o 2020-2022)\u00a0 Secretaria de TEMFC Fone: (21) 3553-1352 e-mail: titulacao@sbmfc.org.br\u00a0 &nbsp;<\/p>\n","protected":false},"author":1,"featured_media":0,"parent":0,"menu_order":0,"comment_status":"closed","ping_status":"closed","template":"","meta":[],"yoast_head":"<!-- This site is optimized with the Yoast SEO plugin v17.9 - https:\/\/yoast.com\/wordpress\/plugins\/seo\/ -->\n<meta name=\"robots\" content=\"index, follow, max-snippet:-1, max-image-preview:large, max-video-preview:-1\" \/>\n<link rel=\"canonical\" href=\"https:\/\/sbmfc.org.br\/site-antigo\/contato-da-diretoria-de-titulacao-e-certificacao\/\" \/>\n<meta property=\"og:locale\" content=\"pt_BR\" \/>\n<meta property=\"og:type\" content=\"article\" \/>\n<meta property=\"og:title\" content=\"Contato da Diretoria de Titula\u00e7\u00e3o e Certifica\u00e7\u00e3o - SBMFC\" \/>\n<meta property=\"og:description\" content=\"Diretor de Titula\u00e7\u00e3o: Igor Tavares da Silva Chaves (gest\u00e3o 2020-2022)\u00a0 Secretaria de TEMFC Fone: (21) 3553-1352 e-mail: titulacao@sbmfc.org.br\u00a0 &nbsp;\" \/>\n<meta property=\"og:url\" content=\"https:\/\/sbmfc.org.br\/site-antigo\/contato-da-diretoria-de-titulacao-e-certificacao\/\" \/>\n<meta property=\"og:site_name\" content=\"SBMFC\" \/>\n<meta property=\"article:modified_time\" content=\"2020-11-16T18:12:01+00:00\" \/>\n<meta name=\"twitter:card\" content=\"summary_large_image\" \/>\n<script type=\"application\/ld+json\" class=\"yoast-schema-graph\">{\"@context\":\"https:\/\/schema.org\",\"@graph\":[{\"@type\":\"WebSite\",\"@id\":\"https:\/\/sbmfc.org.br\/site-antigo\/#website\",\"url\":\"https:\/\/sbmfc.org.br\/site-antigo\/\",\"name\":\"SBMFC\",\"description\":\"Sociedade Brasileira de Medicina de Fam\\u00edlia e Comunidade\",\"potentialAction\":[{\"@type\":\"SearchAction\",\"target\":{\"@type\":\"EntryPoint\",\"urlTemplate\":\"https:\/\/sbmfc.org.br\/site-antigo\/?s={search_term_string}\"},\"query-input\":\"required name=search_term_string\"}],\"inLanguage\":\"pt-BR\"},{\"@type\":\"WebPage\",\"@id\":\"https:\/\/sbmfc.org.br\/site-antigo\/contato-da-diretoria-de-titulacao-e-certificacao\/#webpage\",\"url\":\"https:\/\/sbmfc.org.br\/site-antigo\/contato-da-diretoria-de-titulacao-e-certificacao\/\",\"name\":\"Contato da Diretoria de Titula\\u00e7\\u00e3o e Certifica\\u00e7\\u00e3o - SBMFC\",\"isPartOf\":{\"@id\":\"https:\/\/sbmfc.org.br\/site-antigo\/#website\"},\"datePublished\":\"2009-11-30T14:22:00+00:00\",\"dateModified\":\"2020-11-16T18:12:01+00:00\",\"breadcrumb\":{\"@id\":\"https:\/\/sbmfc.org.br\/site-antigo\/contato-da-diretoria-de-titulacao-e-certificacao\/#breadcrumb\"},\"inLanguage\":\"pt-BR\",\"potentialAction\":[{\"@type\":\"ReadAction\",\"target\":[\"https:\/\/sbmfc.org.br\/site-antigo\/contato-da-diretoria-de-titulacao-e-certificacao\/\"]}]},{\"@type\":\"BreadcrumbList\",\"@id\":\"https:\/\/sbmfc.org.br\/site-antigo\/contato-da-diretoria-de-titulacao-e-certificacao\/#breadcrumb\",\"itemListElement\":[{\"@type\":\"ListItem\",\"position\":1,\"name\":\"In\\u00edcio\",\"item\":\"https:\/\/sbmfc.org.br\/site-antigo\/\"},{\"@type\":\"ListItem\",\"position\":2,\"name\":\"Contato da Diretoria de Titula\\u00e7\\u00e3o e Certifica\\u00e7\\u00e3o\"}]}]}<\/script>\n<!-- \/ Yoast SEO plugin. -->","yoast_head_json":{"robots":{"index":"index","follow":"follow","max-snippet":"max-snippet:-1","max-image-preview":"max-image-preview:large","max-video-preview":"max-video-preview:-1"},"canonical":"https:\/\/sbmfc.org.br\/site-antigo\/contato-da-diretoria-de-titulacao-e-certificacao\/","og_locale":"pt_BR","og_type":"article","og_title":"Contato da Diretoria de Titula\u00e7\u00e3o e Certifica\u00e7\u00e3o - SBMFC","og_description":"Diretor de Titula\u00e7\u00e3o: Igor Tavares da Silva Chaves (gest\u00e3o 2020-2022)\u00a0 Secretaria de TEMFC Fone: (21) 3553-1352 e-mail: titulacao@sbmfc.org.br\u00a0 &nbsp;","og_url":"https:\/\/sbmfc.org.br\/site-antigo\/contato-da-diretoria-de-titulacao-e-certificacao\/","og_site_name":"SBMFC","article_modified_time":"2020-11-16T18:12:01+00:00","twitter_card":"summary_large_image","schema":{"@context":"https:\/\/schema.org","@graph":[{"@type":"WebSite","@id":"https:\/\/sbmfc.org.br\/site-antigo\/#website","url":"https:\/\/sbmfc.org.br\/site-antigo\/","name":"SBMFC","description":"Sociedade Brasileira de Medicina de Fam\u00edlia e Comunidade","potentialAction":[{"@type":"SearchAction","target":{"@type":"EntryPoint","urlTemplate":"https:\/\/sbmfc.org.br\/site-antigo\/?s={search_term_string}"},"query-input":"required name=search_term_string"}],"inLanguage":"pt-BR"},{"@type":"WebPage","@id":"https:\/\/sbmfc.org.br\/site-antigo\/contato-da-diretoria-de-titulacao-e-certificacao\/#webpage","url":"https:\/\/sbmfc.org.br\/site-antigo\/contato-da-diretoria-de-titulacao-e-certificacao\/","name":"Contato da Diretoria de Titula\u00e7\u00e3o e Certifica\u00e7\u00e3o - SBMFC","isPartOf":{"@id":"https:\/\/sbmfc.org.br\/site-antigo\/#website"},"datePublished":"2009-11-30T14:22:00+00:00","dateModified":"2020-11-16T18:12:01+00:00","breadcrumb":{"@id":"https:\/\/sbmfc.org.br\/site-antigo\/contato-da-diretoria-de-titulacao-e-certificacao\/#breadcrumb"},"inLanguage":"pt-BR","potentialAction":[{"@type":"ReadAction","target":["https:\/\/sbmfc.org.br\/site-antigo\/contato-da-diretoria-de-titulacao-e-certificacao\/"]}]},{"@type":"BreadcrumbList","@id":"https:\/\/sbmfc.org.br\/site-antigo\/contato-da-diretoria-de-titulacao-e-certificacao\/#breadcrumb","itemListElement":[{"@type":"ListItem","position":1,"name":"In\u00edcio","item":"https:\/\/sbmfc.org.br\/site-antigo\/"},{"@type":"ListItem","position":2,"name":"Contato da Diretoria de Titula\u00e7\u00e3o e Certifica\u00e7\u00e3o"}]}]}},"_links":{"self":[{"href":"https:\/\/sbmfc.org.br\/site-antigo\/wp-json\/wp\/v2\/pages\/123"}],"collection":[{"href":"https:\/\/sbmfc.org.br\/site-antigo\/wp-json\/wp\/v2\/pages"}],"about":[{"href":"https:\/\/sbmfc.org.br\/site-antigo\/wp-json\/wp\/v2\/types\/page"}],"author":[{"embeddable":true,"href":"https:\/\/sbmfc.org.br\/site-antigo\/wp-json\/wp\/v2\/users\/1"}],"replies":[{"embeddable":true,"href":"https:\/\/sbmfc.org.br\/site-antigo\/wp-json\/wp\/v2\/comments?post=123"}],"version-history":[{"count":2,"href":"https:\/\/sbmfc.org.br\/site-antigo\/wp-json\/wp\/v2\/pages\/123\/revisions"}],"predecessor-version":[{"id":5698,"href":"https:\/\/sbmfc.org.br\/site-antigo\/wp-json\/wp\/v2\/pages\/123\/revisions\/5698"}],"wp:attachment":[{"href":"https:\/\/sbmfc.org.br\/site-antigo\/wp-json\/wp\/v2\/media?parent=123"}],"curies":[{"name":"wp","href":"https:\/\/api.w.org\/{rel}","templated":true}]}}