{"id":110,"date":"2009-11-30T11:11:00","date_gmt":"2009-11-30T11:11:00","guid":{"rendered":"http:\/\/localhost\/sbmfc\/?page_id=2"},"modified":"2022-03-08T11:30:19","modified_gmt":"2022-03-08T14:30:19","slug":"a-sociedade","status":"publish","type":"page","link":"https:\/\/sbmfc.org.br\/site-antigo\/a-sociedade\/","title":{"rendered":"A Sociedade"},"content":{"rendered":"<p><img loading=\"lazy\" class=\"size-full wp-image-7148 alignright\" src=\"http:\/\/localhost\/sbmfc\/wp-content\/uploads\/2022\/02\/a-sociedade-1-e1645528594966.png\" alt=\"\" width=\"450\" height=\"300\" \/>A <strong>Sociedade Brasileira de Medicina de Fam\u00edlia e Comunidade<\/strong> (SBMFC) \u00e9 a entidade nacional que congrega os m\u00e9dicos que atuam em postos e outros servi\u00e7os de Aten\u00e7\u00e3o Prim\u00e1ria em Sa\u00fade, incluindo os do Programa de Sa\u00fade da Fam\u00edlia (PSF), prestando atendimento m\u00e9dico geral, integral e de qualidade a indiv\u00edduos, fam\u00edlias e comunidades. Inclui tamb\u00e9m professores, preceptores, pesquisadores e outros profissionais que atuam ou est\u00e3o interessados nesta \u00e1rea.<\/p>\n<p>A SBMFC associa tanto m\u00e9dicos especialistas em Medicina de Fam\u00edlia e Comunidade (cujo nome oficial da especialidade e de seus Programas de Resid\u00eancia foi Medicina Geral Comunit\u00e1ria at\u00e9 abril de 2002), quanto outros m\u00e9dicos, residentes e estudantes de medicina interessados nesta \u00e1rea.<\/p>\n<p>Fundada em 1981, nesses seus 30 anos de exist\u00eancia a SBMFC j\u00e1 promoveu diversos eventos nacionais e internacionais.<\/p>\n<p><a href=\"http:\/\/www.sbmfc.org.br\/wp-content\/uploads\/media\/file\/documentos\/perfil_mfc.pdf\"><strong>PERFIL\u00a0DO\u00a0M\u00c9DICO DE FAM\u00cdLIA E COMUNIDADE &#8211; DEFINI\u00c7\u00c3O IBEROMERICANA (WONCA)<\/strong><\/a><\/p>\n<p><img loading=\"lazy\" class=\"size-full wp-image-7155 alignnone\" src=\"http:\/\/localhost\/sbmfc\/wp-content\/uploads\/2022\/02\/woca.png\" alt=\"\" width=\"215\" height=\"84\" \/><\/p>\n","protected":false},"excerpt":{"rendered":"<p>A Sociedade Brasileira de Medicina de Fam\u00edlia e Comunidade (SBMFC) \u00e9 a entidade nacional que congrega os m\u00e9dicos que atuam em postos e outros servi\u00e7os de Aten\u00e7\u00e3o Prim\u00e1ria em Sa\u00fade, incluindo os do Programa de Sa\u00fade da Fam\u00edlia (PSF), prestando atendimento m\u00e9dico geral, integral e de qualidade a indiv\u00edduos, fam\u00edlias e comunidades. Inclui tamb\u00e9m professores, [&hellip;]<\/p>\n","protected":false},"author":1,"featured_media":0,"parent":0,"menu_order":0,"comment_status":"closed","ping_status":"closed","template":"","meta":[],"yoast_head":"<!-- This site is optimized with the Yoast SEO plugin v17.9 - https:\/\/yoast.com\/wordpress\/plugins\/seo\/ -->\n<meta name=\"robots\" content=\"index, follow, max-snippet:-1, max-image-preview:large, max-video-preview:-1\" \/>\n<link rel=\"canonical\" href=\"https:\/\/sbmfc.org.br\/site-antigo\/a-sociedade\/\" \/>\n<meta property=\"og:locale\" content=\"pt_BR\" \/>\n<meta property=\"og:type\" content=\"article\" \/>\n<meta property=\"og:title\" content=\"A Sociedade - SBMFC\" \/>\n<meta property=\"og:description\" content=\"A Sociedade Brasileira de Medicina de Fam\u00edlia e Comunidade (SBMFC) \u00e9 a entidade nacional que congrega os m\u00e9dicos que atuam em postos e outros servi\u00e7os de Aten\u00e7\u00e3o Prim\u00e1ria em Sa\u00fade, incluindo os do Programa de Sa\u00fade da Fam\u00edlia (PSF), prestando atendimento m\u00e9dico geral, integral e de qualidade a indiv\u00edduos, fam\u00edlias e comunidades. Inclui tamb\u00e9m professores, [&hellip;]\" \/>\n<meta property=\"og:url\" content=\"https:\/\/sbmfc.org.br\/site-antigo\/a-sociedade\/\" \/>\n<meta property=\"og:site_name\" content=\"SBMFC\" \/>\n<meta property=\"article:modified_time\" content=\"2022-03-08T14:30:19+00:00\" \/>\n<meta property=\"og:image\" content=\"http:\/\/localhost\/sbmfc\/wp-content\/uploads\/2022\/02\/a-sociedade-1-e1645528594966.png\" \/>\n<meta name=\"twitter:card\" content=\"summary_large_image\" \/>\n<meta name=\"twitter:label1\" content=\"Est. tempo de leitura\" \/>\n\t<meta name=\"twitter:data1\" content=\"1 minuto\" \/>\n<script type=\"application\/ld+json\" class=\"yoast-schema-graph\">{\"@context\":\"https:\/\/schema.org\",\"@graph\":[{\"@type\":\"WebSite\",\"@id\":\"https:\/\/sbmfc.org.br\/site-antigo\/#website\",\"url\":\"https:\/\/sbmfc.org.br\/site-antigo\/\",\"name\":\"SBMFC\",\"description\":\"Sociedade Brasileira de Medicina de Fam\\u00edlia e Comunidade\",\"potentialAction\":[{\"@type\":\"SearchAction\",\"target\":{\"@type\":\"EntryPoint\",\"urlTemplate\":\"https:\/\/sbmfc.org.br\/site-antigo\/?s={search_term_string}\"},\"query-input\":\"required name=search_term_string\"}],\"inLanguage\":\"pt-BR\"},{\"@type\":\"ImageObject\",\"@id\":\"https:\/\/sbmfc.org.br\/site-antigo\/a-sociedade\/#primaryimage\",\"inLanguage\":\"pt-BR\",\"url\":\"http:\/\/localhost\/sbmfc\/wp-content\/uploads\/2022\/02\/a-sociedade-1-e1645528594966.png\",\"contentUrl\":\"http:\/\/localhost\/sbmfc\/wp-content\/uploads\/2022\/02\/a-sociedade-1-e1645528594966.png\"},{\"@type\":\"WebPage\",\"@id\":\"https:\/\/sbmfc.org.br\/site-antigo\/a-sociedade\/#webpage\",\"url\":\"https:\/\/sbmfc.org.br\/site-antigo\/a-sociedade\/\",\"name\":\"A Sociedade - SBMFC\",\"isPartOf\":{\"@id\":\"https:\/\/sbmfc.org.br\/site-antigo\/#website\"},\"primaryImageOfPage\":{\"@id\":\"https:\/\/sbmfc.org.br\/site-antigo\/a-sociedade\/#primaryimage\"},\"datePublished\":\"2009-11-30T11:11:00+00:00\",\"dateModified\":\"2022-03-08T14:30:19+00:00\",\"breadcrumb\":{\"@id\":\"https:\/\/sbmfc.org.br\/site-antigo\/a-sociedade\/#breadcrumb\"},\"inLanguage\":\"pt-BR\",\"potentialAction\":[{\"@type\":\"ReadAction\",\"target\":[\"https:\/\/sbmfc.org.br\/site-antigo\/a-sociedade\/\"]}]},{\"@type\":\"BreadcrumbList\",\"@id\":\"https:\/\/sbmfc.org.br\/site-antigo\/a-sociedade\/#breadcrumb\",\"itemListElement\":[{\"@type\":\"ListItem\",\"position\":1,\"name\":\"In\\u00edcio\",\"item\":\"https:\/\/sbmfc.org.br\/site-antigo\/\"},{\"@type\":\"ListItem\",\"position\":2,\"name\":\"A Sociedade\"}]}]}<\/script>\n<!-- \/ Yoast SEO plugin. -->","yoast_head_json":{"robots":{"index":"index","follow":"follow","max-snippet":"max-snippet:-1","max-image-preview":"max-image-preview:large","max-video-preview":"max-video-preview:-1"},"canonical":"https:\/\/sbmfc.org.br\/site-antigo\/a-sociedade\/","og_locale":"pt_BR","og_type":"article","og_title":"A Sociedade - SBMFC","og_description":"A Sociedade Brasileira de Medicina de Fam\u00edlia e Comunidade (SBMFC) \u00e9 a entidade nacional que congrega os m\u00e9dicos que atuam em postos e outros servi\u00e7os de Aten\u00e7\u00e3o Prim\u00e1ria em Sa\u00fade, incluindo os do Programa de Sa\u00fade da Fam\u00edlia (PSF), prestando atendimento m\u00e9dico geral, integral e de qualidade a indiv\u00edduos, fam\u00edlias e comunidades. Inclui tamb\u00e9m professores, [&hellip;]","og_url":"https:\/\/sbmfc.org.br\/site-antigo\/a-sociedade\/","og_site_name":"SBMFC","article_modified_time":"2022-03-08T14:30:19+00:00","og_image":[{"url":"http:\/\/localhost\/sbmfc\/wp-content\/uploads\/2022\/02\/a-sociedade-1-e1645528594966.png"}],"twitter_card":"summary_large_image","twitter_misc":{"Est. tempo de leitura":"1 minuto"},"schema":{"@context":"https:\/\/schema.org","@graph":[{"@type":"WebSite","@id":"https:\/\/sbmfc.org.br\/site-antigo\/#website","url":"https:\/\/sbmfc.org.br\/site-antigo\/","name":"SBMFC","description":"Sociedade Brasileira de Medicina de Fam\u00edlia e Comunidade","potentialAction":[{"@type":"SearchAction","target":{"@type":"EntryPoint","urlTemplate":"https:\/\/sbmfc.org.br\/site-antigo\/?s={search_term_string}"},"query-input":"required name=search_term_string"}],"inLanguage":"pt-BR"},{"@type":"ImageObject","@id":"https:\/\/sbmfc.org.br\/site-antigo\/a-sociedade\/#primaryimage","inLanguage":"pt-BR","url":"http:\/\/localhost\/sbmfc\/wp-content\/uploads\/2022\/02\/a-sociedade-1-e1645528594966.png","contentUrl":"http:\/\/localhost\/sbmfc\/wp-content\/uploads\/2022\/02\/a-sociedade-1-e1645528594966.png"},{"@type":"WebPage","@id":"https:\/\/sbmfc.org.br\/site-antigo\/a-sociedade\/#webpage","url":"https:\/\/sbmfc.org.br\/site-antigo\/a-sociedade\/","name":"A Sociedade - SBMFC","isPartOf":{"@id":"https:\/\/sbmfc.org.br\/site-antigo\/#website"},"primaryImageOfPage":{"@id":"https:\/\/sbmfc.org.br\/site-antigo\/a-sociedade\/#primaryimage"},"datePublished":"2009-11-30T11:11:00+00:00","dateModified":"2022-03-08T14:30:19+00:00","breadcrumb":{"@id":"https:\/\/sbmfc.org.br\/site-antigo\/a-sociedade\/#breadcrumb"},"inLanguage":"pt-BR","potentialAction":[{"@type":"ReadAction","target":["https:\/\/sbmfc.org.br\/site-antigo\/a-sociedade\/"]}]},{"@type":"BreadcrumbList","@id":"https:\/\/sbmfc.org.br\/site-antigo\/a-sociedade\/#breadcrumb","itemListElement":[{"@type":"ListItem","position":1,"name":"In\u00edcio","item":"https:\/\/sbmfc.org.br\/site-antigo\/"},{"@type":"ListItem","position":2,"name":"A Sociedade"}]}]}},"_links":{"self":[{"href":"https:\/\/sbmfc.org.br\/site-antigo\/wp-json\/wp\/v2\/pages\/110"}],"collection":[{"href":"https:\/\/sbmfc.org.br\/site-antigo\/wp-json\/wp\/v2\/pages"}],"about":[{"href":"https:\/\/sbmfc.org.br\/site-antigo\/wp-json\/wp\/v2\/types\/page"}],"author":[{"embeddable":true,"href":"https:\/\/sbmfc.org.br\/site-antigo\/wp-json\/wp\/v2\/users\/1"}],"replies":[{"embeddable":true,"href":"https:\/\/sbmfc.org.br\/site-antigo\/wp-json\/wp\/v2\/comments?post=110"}],"version-history":[{"count":1,"href":"https:\/\/sbmfc.org.br\/site-antigo\/wp-json\/wp\/v2\/pages\/110\/revisions"}],"predecessor-version":[{"id":7159,"href":"https:\/\/sbmfc.org.br\/site-antigo\/wp-json\/wp\/v2\/pages\/110\/revisions\/7159"}],"wp:attachment":[{"href":"https:\/\/sbmfc.org.br\/site-antigo\/wp-json\/wp\/v2\/media?parent=110"}],"curies":[{"name":"wp","href":"https:\/\/api.w.org\/{rel}","templated":true}]}}