{"id":1014,"date":"2017-01-04T11:41:00","date_gmt":"2017-01-04T11:41:00","guid":{"rendered":"http:\/\/localhost\/sbmfc\/?page_id=925"},"modified":"2022-03-31T15:19:01","modified_gmt":"2022-03-31T18:19:01","slug":"concurso-atual","status":"publish","type":"page","link":"https:\/\/sbmfc.org.br\/site-antigo\/concurso-atual\/","title":{"rendered":"Concurso Atual"},"content":{"rendered":"<p><strong>CONFIRA A RELA\u00c7\u00c3O FINAL\u00a0COM AS INSCRI\u00c7\u00d5ES HOMOLOGADAS PARA O CONCURSO TEMFC 30<\/strong><\/p>\n<p>\u00a0<strong><a href=\"https:\/\/www.sbmfc.org.br\/wp-content\/uploads\/2022\/03\/RELACAO-FINAL-DE-INSCRICOES-HOMOLOGADAS-1.pdf\">RELA\u00c7\u00c3O FINAL DE INSCRI\u00c7\u00d5ES HOMOLOGADAS<\/a><\/strong>\u00a0(Data da publica\u00e7\u00e3o: 28\/03\/2022)<\/p>\n<p>&nbsp;<\/p>\n<p><strong>Prova para obten\u00e7\u00e3o do t\u00edtulo de especialista em Medicina de Fam\u00edlia e Comunidade<\/strong><\/p>\n<p>Para informa\u00e7\u00f5es e d\u00favidas, acione a diretoria de titula\u00e7\u00e3o pelo e-mail titulacao@sbmfc.org.br ou pelo whatsapp (21) 98340-1338. Expediente de segunda a sexta, das 8h \u00e0s 17h.<\/p>\n<p>A Sociedade Brasileira de Medicina de Fam\u00edlia e Comunidade (SBMFC), torna publico o presente Aditivo ao Edital do 30 Exame para Obten\u00e7\u00e3o de T\u00edtulo de Especialista em Medicina de Fam\u00edlia e Comunidade (TEMFC 30), a fim de informar os candidatos inscritos acerca do novo calend\u00e1rio e nova data de aplica\u00e7\u00e3o da prova objetiva.<\/p>\n<p><img loading=\"lazy\" class=\"alignnone wp-image-7054 size-full\" src=\"https:\/\/www.sbmfc.org.br\/wp-content\/uploads\/2021\/11\/Captura-de-Tela-2021-11-08-a\u0300s-11.28.00.png\" alt=\"\" width=\"719\" height=\"209\" srcset=\"https:\/\/sbmfc.org.br\/site-antigo\/wp-content\/uploads\/2021\/11\/Captura-de-Tela-2021-11-08-a\u0300s-11.28.00.png 719w, https:\/\/sbmfc.org.br\/site-antigo\/wp-content\/uploads\/2021\/11\/Captura-de-Tela-2021-11-08-a\u0300s-11.28.00-300x87.png 300w\" sizes=\"(max-width: 719px) 100vw, 719px\" \/><\/p>\n<p>Os candidatos j\u00e1 inscritos que optarem pela n\u00e3o realiza\u00e7\u00e3o do concurso na nova data, poder\u00e3o requerer o cancelamento da inscri\u00e7\u00e3o com o correspondente ressarcimento do<br \/>\nvalor pago impreterivelmente at\u00e9 o dia 30\/11\/2021, atrav\u00e9s do e-mail titulacao@sbmfc.org.br .<\/p>\n<p>Os candidatos que optarem por realizar o concurso na nova data n\u00e3o precisar\u00e3o efetuar nova inscri\u00e7\u00e3o, bastando acompanhar as publica\u00e7\u00f5es oficiais no site da SBMFC. Durante o per\u00edodo de reabertura das inscri\u00e7\u00f5es os candidatos j\u00e1 inscritos poder\u00e3o atualizar seus curr\u00edculos. Permanecem inalteradas as demais disposi\u00e7\u00f5es do Edital.\u00a0<\/p>\n<p><a href=\"https:\/\/www.sbmfc.org.br\/wp-content\/uploads\/2021\/11\/Aditivo-Novo-Calenda\u0301rio-1.pdf\">Aditivo Novo Calenda\u0301rio<\/a><\/p>\n<p>&nbsp;<\/p>\n<p><a href=\"https:\/\/www.sbmfc.org.br\/wp-content\/uploads\/2022\/03\/RELACAO-PRELIMINAR-DE-INSCRICAO-HOMOLOGADAS.pdf\">RELA\u00c7\u00c3O PRELIMINAR DE INSCRI\u00c7\u00c3O HOMOLOGADAS<\/a>\u00a0(Data da publica\u00e7\u00e3o: 21\/03\/2022)<\/p>\n<p><strong>Edi\u00e7\u00e3o 30\u00aa TEMFC<\/strong><\/p>\n<p><strong>Formato:<\/strong> 100% online.\u00a0<\/p>\n<p><strong>Prazo de inscri\u00e7\u00e3o:<\/strong> de 30\/08 a 22\/10\/2021.<\/p>\n<p>Leia atentamente o edital antes de preencher o formul\u00e1rio de inscri\u00e7\u00e3o: <a href=\"https:\/\/www.sbmfc.org.br\/wp-content\/uploads\/2021\/10\/EDITAL-TEMFC-30.pdf\">EDITAL TEMFC 30<\/a><\/p>\n<p><a href=\"https:\/\/www.sbmfc.org.br\/wp-content\/uploads\/2021\/08\/ANEXO-1-do-Edital-TEMFC-No-30.pdf\">ANEXO 1 do Edital TEMFC N\u00ba 30\u00a0<\/a><\/p>\n<p><a href=\"https:\/\/www.sbmfc.org.br\/wp-content\/uploads\/2022\/02\/ANEXO-2-do-EDITAL-TEMFC-N.pdf\">ANEXO 2 do EDITAL TEMFC<\/a> &#8211; Nova bibliografia, com a tem\u00e1tica de sa\u00fade ind\u00edgena, inclusa em 10.09.2021.\u00a0<\/p>\n<p><a href=\"https:\/\/www.sbmfc.org.br\/wp-content\/uploads\/2021\/08\/Itens-Pontua\u0301veis-no-Curri\u0301culo-TEMFC-30.pdf\">Itens Pontua\u0301veis no Curri\u0301culo &#8211; TEMFC 30<\/a><\/p>\n<p><strong>Formul\u00e1rio de inscri\u00e7\u00e3o:<\/strong> <a href=\"https:\/\/www.sbmfc.org.br\/inscricao-temfc\/temfc-30\">https:\/\/www.sbmfc.org.br\/inscricao-temfc\/temfc-30<\/a><\/p>\n<p>&nbsp;<\/p>\n<p>Informa\u00e7\u00f5es sobre a edi\u00e7\u00e3o 29 do TEMFC est\u00e3o dispon\u00edveis na p\u00e1gina: <a href=\"https:\/\/www.sbmfc.org.br\/29-temfc\/\">https:\/\/www.sbmfc.org.br\/29-temfc\/<\/a>.\u00a0<\/p>\n<p>&nbsp;<\/p>\n<p>&nbsp;<\/p>\n<p><span style=\"font-size: larger;\"><span style=\"font-family: Verdana;\">\u00a0<\/span><\/span><\/p>\n","protected":false},"excerpt":{"rendered":"<p>CONFIRA A RELA\u00c7\u00c3O FINAL\u00a0COM AS INSCRI\u00c7\u00d5ES HOMOLOGADAS PARA O CONCURSO TEMFC 30 \u00a0RELA\u00c7\u00c3O FINAL DE INSCRI\u00c7\u00d5ES HOMOLOGADAS\u00a0(Data da publica\u00e7\u00e3o: 28\/03\/2022) &nbsp; Prova para obten\u00e7\u00e3o do t\u00edtulo de especialista em Medicina de Fam\u00edlia e Comunidade Para informa\u00e7\u00f5es e d\u00favidas, acione a diretoria de titula\u00e7\u00e3o pelo e-mail titulacao@sbmfc.org.br ou pelo whatsapp (21) 98340-1338. Expediente de segunda a [&hellip;]<\/p>\n","protected":false},"author":1,"featured_media":0,"parent":0,"menu_order":0,"comment_status":"closed","ping_status":"closed","template":"","meta":[],"yoast_head":"<!-- This site is optimized with the Yoast SEO plugin v17.9 - https:\/\/yoast.com\/wordpress\/plugins\/seo\/ -->\n<meta name=\"robots\" content=\"index, follow, max-snippet:-1, max-image-preview:large, max-video-preview:-1\" \/>\n<link rel=\"canonical\" href=\"https:\/\/sbmfc.org.br\/site-antigo\/concurso-atual\/\" \/>\n<meta property=\"og:locale\" content=\"pt_BR\" \/>\n<meta property=\"og:type\" content=\"article\" \/>\n<meta property=\"og:title\" content=\"Concurso Atual - SBMFC\" \/>\n<meta property=\"og:description\" content=\"CONFIRA A RELA\u00c7\u00c3O FINAL\u00a0COM AS INSCRI\u00c7\u00d5ES HOMOLOGADAS PARA O CONCURSO TEMFC 30 \u00a0RELA\u00c7\u00c3O FINAL DE INSCRI\u00c7\u00d5ES HOMOLOGADAS\u00a0(Data da publica\u00e7\u00e3o: 28\/03\/2022) &nbsp; Prova para obten\u00e7\u00e3o do t\u00edtulo de especialista em Medicina de Fam\u00edlia e Comunidade Para informa\u00e7\u00f5es e d\u00favidas, acione a diretoria de titula\u00e7\u00e3o pelo e-mail titulacao@sbmfc.org.br ou pelo whatsapp (21) 98340-1338. Expediente de segunda a [&hellip;]\" \/>\n<meta property=\"og:url\" content=\"https:\/\/sbmfc.org.br\/site-antigo\/concurso-atual\/\" \/>\n<meta property=\"og:site_name\" content=\"SBMFC\" \/>\n<meta property=\"article:modified_time\" content=\"2022-03-31T18:19:01+00:00\" \/>\n<meta property=\"og:image\" content=\"https:\/\/www.sbmfc.org.br\/wp-content\/uploads\/2021\/11\/Captura-de-Tela-2021-11-08-a\u0300s-11.28.00.png\" \/>\n<meta name=\"twitter:card\" content=\"summary_large_image\" \/>\n<meta name=\"twitter:label1\" content=\"Est. tempo de leitura\" \/>\n\t<meta name=\"twitter:data1\" content=\"2 minutos\" \/>\n<script type=\"application\/ld+json\" class=\"yoast-schema-graph\">{\"@context\":\"https:\/\/schema.org\",\"@graph\":[{\"@type\":\"WebSite\",\"@id\":\"https:\/\/sbmfc.org.br\/site-antigo\/#website\",\"url\":\"https:\/\/sbmfc.org.br\/site-antigo\/\",\"name\":\"SBMFC\",\"description\":\"Sociedade Brasileira de Medicina de Fam\\u00edlia e Comunidade\",\"potentialAction\":[{\"@type\":\"SearchAction\",\"target\":{\"@type\":\"EntryPoint\",\"urlTemplate\":\"https:\/\/sbmfc.org.br\/site-antigo\/?s={search_term_string}\"},\"query-input\":\"required name=search_term_string\"}],\"inLanguage\":\"pt-BR\"},{\"@type\":\"ImageObject\",\"@id\":\"https:\/\/sbmfc.org.br\/site-antigo\/concurso-atual\/#primaryimage\",\"inLanguage\":\"pt-BR\",\"url\":\"https:\/\/www.sbmfc.org.br\/wp-content\/uploads\/2021\/11\/Captura-de-Tela-2021-11-08-a\\u0300s-11.28.00.png\",\"contentUrl\":\"https:\/\/www.sbmfc.org.br\/wp-content\/uploads\/2021\/11\/Captura-de-Tela-2021-11-08-a\\u0300s-11.28.00.png\"},{\"@type\":\"WebPage\",\"@id\":\"https:\/\/sbmfc.org.br\/site-antigo\/concurso-atual\/#webpage\",\"url\":\"https:\/\/sbmfc.org.br\/site-antigo\/concurso-atual\/\",\"name\":\"Concurso Atual - SBMFC\",\"isPartOf\":{\"@id\":\"https:\/\/sbmfc.org.br\/site-antigo\/#website\"},\"primaryImageOfPage\":{\"@id\":\"https:\/\/sbmfc.org.br\/site-antigo\/concurso-atual\/#primaryimage\"},\"datePublished\":\"2017-01-04T11:41:00+00:00\",\"dateModified\":\"2022-03-31T18:19:01+00:00\",\"breadcrumb\":{\"@id\":\"https:\/\/sbmfc.org.br\/site-antigo\/concurso-atual\/#breadcrumb\"},\"inLanguage\":\"pt-BR\",\"potentialAction\":[{\"@type\":\"ReadAction\",\"target\":[\"https:\/\/sbmfc.org.br\/site-antigo\/concurso-atual\/\"]}]},{\"@type\":\"BreadcrumbList\",\"@id\":\"https:\/\/sbmfc.org.br\/site-antigo\/concurso-atual\/#breadcrumb\",\"itemListElement\":[{\"@type\":\"ListItem\",\"position\":1,\"name\":\"In\\u00edcio\",\"item\":\"https:\/\/sbmfc.org.br\/site-antigo\/\"},{\"@type\":\"ListItem\",\"position\":2,\"name\":\"Concurso Atual\"}]}]}<\/script>\n<!-- \/ Yoast SEO plugin. -->","yoast_head_json":{"robots":{"index":"index","follow":"follow","max-snippet":"max-snippet:-1","max-image-preview":"max-image-preview:large","max-video-preview":"max-video-preview:-1"},"canonical":"https:\/\/sbmfc.org.br\/site-antigo\/concurso-atual\/","og_locale":"pt_BR","og_type":"article","og_title":"Concurso Atual - SBMFC","og_description":"CONFIRA A RELA\u00c7\u00c3O FINAL\u00a0COM AS INSCRI\u00c7\u00d5ES HOMOLOGADAS PARA O CONCURSO TEMFC 30 \u00a0RELA\u00c7\u00c3O FINAL DE INSCRI\u00c7\u00d5ES HOMOLOGADAS\u00a0(Data da publica\u00e7\u00e3o: 28\/03\/2022) &nbsp; Prova para obten\u00e7\u00e3o do t\u00edtulo de especialista em Medicina de Fam\u00edlia e Comunidade Para informa\u00e7\u00f5es e d\u00favidas, acione a diretoria de titula\u00e7\u00e3o pelo e-mail titulacao@sbmfc.org.br ou pelo whatsapp (21) 98340-1338. Expediente de segunda a [&hellip;]","og_url":"https:\/\/sbmfc.org.br\/site-antigo\/concurso-atual\/","og_site_name":"SBMFC","article_modified_time":"2022-03-31T18:19:01+00:00","og_image":[{"url":"https:\/\/www.sbmfc.org.br\/wp-content\/uploads\/2021\/11\/Captura-de-Tela-2021-11-08-a\u0300s-11.28.00.png"}],"twitter_card":"summary_large_image","twitter_misc":{"Est. tempo de leitura":"2 minutos"},"schema":{"@context":"https:\/\/schema.org","@graph":[{"@type":"WebSite","@id":"https:\/\/sbmfc.org.br\/site-antigo\/#website","url":"https:\/\/sbmfc.org.br\/site-antigo\/","name":"SBMFC","description":"Sociedade Brasileira de Medicina de Fam\u00edlia e Comunidade","potentialAction":[{"@type":"SearchAction","target":{"@type":"EntryPoint","urlTemplate":"https:\/\/sbmfc.org.br\/site-antigo\/?s={search_term_string}"},"query-input":"required name=search_term_string"}],"inLanguage":"pt-BR"},{"@type":"ImageObject","@id":"https:\/\/sbmfc.org.br\/site-antigo\/concurso-atual\/#primaryimage","inLanguage":"pt-BR","url":"https:\/\/www.sbmfc.org.br\/wp-content\/uploads\/2021\/11\/Captura-de-Tela-2021-11-08-a\u0300s-11.28.00.png","contentUrl":"https:\/\/www.sbmfc.org.br\/wp-content\/uploads\/2021\/11\/Captura-de-Tela-2021-11-08-a\u0300s-11.28.00.png"},{"@type":"WebPage","@id":"https:\/\/sbmfc.org.br\/site-antigo\/concurso-atual\/#webpage","url":"https:\/\/sbmfc.org.br\/site-antigo\/concurso-atual\/","name":"Concurso Atual - SBMFC","isPartOf":{"@id":"https:\/\/sbmfc.org.br\/site-antigo\/#website"},"primaryImageOfPage":{"@id":"https:\/\/sbmfc.org.br\/site-antigo\/concurso-atual\/#primaryimage"},"datePublished":"2017-01-04T11:41:00+00:00","dateModified":"2022-03-31T18:19:01+00:00","breadcrumb":{"@id":"https:\/\/sbmfc.org.br\/site-antigo\/concurso-atual\/#breadcrumb"},"inLanguage":"pt-BR","potentialAction":[{"@type":"ReadAction","target":["https:\/\/sbmfc.org.br\/site-antigo\/concurso-atual\/"]}]},{"@type":"BreadcrumbList","@id":"https:\/\/sbmfc.org.br\/site-antigo\/concurso-atual\/#breadcrumb","itemListElement":[{"@type":"ListItem","position":1,"name":"In\u00edcio","item":"https:\/\/sbmfc.org.br\/site-antigo\/"},{"@type":"ListItem","position":2,"name":"Concurso Atual"}]}]}},"_links":{"self":[{"href":"https:\/\/sbmfc.org.br\/site-antigo\/wp-json\/wp\/v2\/pages\/1014"}],"collection":[{"href":"https:\/\/sbmfc.org.br\/site-antigo\/wp-json\/wp\/v2\/pages"}],"about":[{"href":"https:\/\/sbmfc.org.br\/site-antigo\/wp-json\/wp\/v2\/types\/page"}],"author":[{"embeddable":true,"href":"https:\/\/sbmfc.org.br\/site-antigo\/wp-json\/wp\/v2\/users\/1"}],"replies":[{"embeddable":true,"href":"https:\/\/sbmfc.org.br\/site-antigo\/wp-json\/wp\/v2\/comments?post=1014"}],"version-history":[{"count":175,"href":"https:\/\/sbmfc.org.br\/site-antigo\/wp-json\/wp\/v2\/pages\/1014\/revisions"}],"predecessor-version":[{"id":7179,"href":"https:\/\/sbmfc.org.br\/site-antigo\/wp-json\/wp\/v2\/pages\/1014\/revisions\/7179"}],"wp:attachment":[{"href":"https:\/\/sbmfc.org.br\/site-antigo\/wp-json\/wp\/v2\/media?parent=1014"}],"curies":[{"name":"wp","href":"https:\/\/api.w.org\/{rel}","templated":true}]}}