{"id":640,"date":"2024-07-03T13:25:24","date_gmt":"2024-07-03T16:25:24","guid":{"rendered":"https:\/\/www.sbmfc.org.br\/19cbmfc\/?page_id=640"},"modified":"2026-03-28T17:16:47","modified_gmt":"2026-03-28T20:16:47","slug":"fale-conosco","status":"publish","type":"page","link":"https:\/\/sbmfc.org.br\/19cbmfc\/fale-conosco\/","title":{"rendered":"Fale Conosco"},"content":{"rendered":"\t\t<div data-elementor-type=\"wp-page\" data-elementor-id=\"640\" class=\"elementor elementor-640\" data-elementor-post-type=\"page\">\n\t\t\t\t<div class=\"elementor-element elementor-element-e40fd95 e-flex e-con-boxed e-con e-parent\" data-id=\"e40fd95\" data-element_type=\"container\" data-e-type=\"container\">\n\t\t\t\t\t<div class=\"e-con-inner\">\n\t\t<div class=\"elementor-element elementor-element-2f5d153 e-con-full e-flex e-con e-child\" data-id=\"2f5d153\" data-element_type=\"container\" data-e-type=\"container\">\n\t\t\t\t<div class=\"elementor-element elementor-element-2024b8f elementor-widget elementor-widget-heading\" data-id=\"2024b8f\" data-element_type=\"widget\" data-e-type=\"widget\" data-widget_type=\"heading.default\">\n\t\t\t\t<div class=\"elementor-widget-container\">\n\t\t\t\t\t<h2 class=\"elementor-heading-title elementor-size-default\">Fale Conosco<\/h2>\t\t\t\t<\/div>\n\t\t\t\t<\/div>\n\t\t\t\t<div class=\"elementor-element elementor-element-9bfab9d elementor-widget elementor-widget-text-editor\" data-id=\"9bfab9d\" data-element_type=\"widget\" data-e-type=\"widget\" data-widget_type=\"text-editor.default\">\n\t\t\t\t<div class=\"elementor-widget-container\">\n\t\t\t\t\t\t\t\t\t<p>Para outras informa\u00e7\u00f5es utilize nosso formul\u00e1rio ao lado ou entre em contato conosco:<\/p><p>Eliza Zazeski &#8211; Coordena\u00e7\u00e3o Geral<br \/><a href=\"https:\/\/wa.me\/5548991714834\">(48) 99171-4834<\/a><br \/><a href=\"mailto:contato@eloareventos.com.br\">contato@eloareventos.com.br<\/a><\/p>\t\t\t\t\t\t\t\t<\/div>\n\t\t\t\t<\/div>\n\t\t\t\t<\/div>\n\t\t<div class=\"elementor-element elementor-element-a4cc22d e-con-full e-flex e-con e-child\" data-id=\"a4cc22d\" data-element_type=\"container\" data-e-type=\"container\" data-settings=\"{&quot;background_background&quot;:&quot;classic&quot;}\">\n\t\t\t\t<div class=\"elementor-element elementor-element-71b3b57 elementor-widget elementor-widget-heading\" data-id=\"71b3b57\" data-element_type=\"widget\" data-e-type=\"widget\" data-widget_type=\"heading.default\">\n\t\t\t\t<div class=\"elementor-widget-container\">\n\t\t\t\t\t<h2 class=\"elementor-heading-title elementor-size-default\">Ficou com d\u00favidas?<\/h2>\t\t\t\t<\/div>\n\t\t\t\t<\/div>\n\t\t\t\t<div class=\"elementor-element elementor-element-0df098e elementor-widget elementor-widget-text-editor\" data-id=\"0df098e\" data-element_type=\"widget\" data-e-type=\"widget\" data-widget_type=\"text-editor.default\">\n\t\t\t\t<div class=\"elementor-widget-container\">\n\t\t\t\t\t\t\t\t\t<p>Entre em contato conosco e te responderemos<br \/><span style=\"text-align: var(--text-align); color: var( --e-global-color-text ); font-size: 1rem;\">o mais breve possivel.<\/span><\/p>\t\t\t\t\t\t\t\t<\/div>\n\t\t\t\t<\/div>\n\t\t\t\t<div class=\"elementor-element elementor-element-af27619 elementor-button-align-stretch elementor-widget elementor-widget-form\" data-id=\"af27619\" data-element_type=\"widget\" data-e-type=\"widget\" data-settings=\"{&quot;step_next_label&quot;:&quot;Next&quot;,&quot;step_previous_label&quot;:&quot;Previous&quot;,&quot;button_width&quot;:&quot;100&quot;,&quot;step_type&quot;:&quot;number_text&quot;,&quot;step_icon_shape&quot;:&quot;circle&quot;}\" data-widget_type=\"form.default\">\n\t\t\t\t<div class=\"elementor-widget-container\">\n\t\t\t\t\t\t\t<form class=\"elementor-form\" method=\"post\" name=\"Fale Conosco\" aria-label=\"Fale Conosco\">\n\t\t\t<input type=\"hidden\" name=\"post_id\" value=\"640\"\/>\n\t\t\t<input type=\"hidden\" name=\"form_id\" value=\"af27619\"\/>\n\t\t\t<input type=\"hidden\" name=\"referer_title\" value=\"19\u00ba CBMFC\" \/>\n\n\t\t\t\n\t\t\t<div class=\"elementor-form-fields-wrapper elementor-labels-above\">\n\t\t\t\t\t\t\t\t<div class=\"elementor-field-type-text elementor-field-group elementor-column elementor-field-group-name elementor-col-50 elementor-field-required\">\n\t\t\t\t\t\t\t\t\t\t\t\t<label for=\"form-field-name\" class=\"elementor-field-label\">\n\t\t\t\t\t\t\t\tNome\t\t\t\t\t\t\t<\/label>\n\t\t\t\t\t\t\t\t\t\t\t\t\t\t<input size=\"1\" type=\"text\" name=\"form_fields[name]\" id=\"form-field-name\" class=\"elementor-field elementor-size-sm  elementor-field-textual\" placeholder=\"Nome\" required=\"required\">\n\t\t\t\t\t\t\t\t\t\t\t<\/div>\n\t\t\t\t\t\t\t\t<div class=\"elementor-field-type-text elementor-field-group elementor-column elementor-field-group-field_ddfb20b elementor-col-50 elementor-field-required\">\n\t\t\t\t\t\t\t\t\t\t\t\t<label for=\"form-field-field_ddfb20b\" class=\"elementor-field-label\">\n\t\t\t\t\t\t\t\tSobrenome\t\t\t\t\t\t\t<\/label>\n\t\t\t\t\t\t\t\t\t\t\t\t\t\t<input size=\"1\" type=\"text\" name=\"form_fields[field_ddfb20b]\" id=\"form-field-field_ddfb20b\" class=\"elementor-field elementor-size-sm  elementor-field-textual\" placeholder=\"Sobrenome\" required=\"required\">\n\t\t\t\t\t\t\t\t\t\t\t<\/div>\n\t\t\t\t\t\t\t\t<div class=\"elementor-field-type-select elementor-field-group elementor-column elementor-field-group-field_02ae903 elementor-col-100 elementor-field-required\">\n\t\t\t\t\t\t\t\t\t\t\t\t<label for=\"form-field-field_02ae903\" class=\"elementor-field-label\">\n\t\t\t\t\t\t\t\tSetor Respons\u00e1vel\t\t\t\t\t\t\t<\/label>\n\t\t\t\t\t\t\t\t<div class=\"elementor-field elementor-select-wrapper remove-before \">\n\t\t\t<div class=\"select-caret-down-wrapper\">\n\t\t\t\t<svg aria-hidden=\"true\" class=\"e-font-icon-svg e-eicon-caret-down\" viewBox=\"0 0 571.4 571.4\" xmlns=\"http:\/\/www.w3.org\/2000\/svg\"><path d=\"M571 393Q571 407 561 418L311 668Q300 679 286 679T261 668L11 418Q0 407 0 393T11 368 36 357H536Q550 357 561 368T571 393Z\"><\/path><\/svg>\t\t\t<\/div>\n\t\t\t<select name=\"form_fields[field_02ae903]\" id=\"form-field-field_02ae903\" class=\"elementor-field-textual elementor-size-sm\" required=\"required\">\n\t\t\t\t\t\t\t\t\t<option value=\"Selecione o setor\">Selecione o setor<\/option>\n\t\t\t\t\t\t\t\t\t<option value=\"inscricoes@eloareventos.com.br\">Inscri\u00e7\u00f5es<\/option>\n\t\t\t\t\t\t\t\t\t<option value=\"trabalhos@eloareventos.com.br\">Trabalhos<\/option>\n\t\t\t\t\t\t\t\t\t<option value=\"mostracultural@eloareventos.com.br\">Mostras<\/option>\n\t\t\t\t\t\t\t\t\t<option value=\"cientificocbmfc@eloareventos.com.br\">Programa\u00e7\u00e3o Cient\u00edfica e Convidados<\/option>\n\t\t\t\t\t\t\t\t\t<option value=\"comercial@eloareventos.com.br\">Comercial<\/option>\n\t\t\t\t\t\t\t\t\t<option value=\"coordenacao@eloareventos.com.br\">Outros assuntos<\/option>\n\t\t\t\t\t\t\t<\/select>\n\t\t<\/div>\n\t\t\t\t\t\t<\/div>\n\t\t\t\t\t\t\t\t<div class=\"elementor-field-type-email elementor-field-group elementor-column elementor-field-group-email elementor-col-100 elementor-field-required\">\n\t\t\t\t\t\t\t\t\t\t\t\t<label for=\"form-field-email\" class=\"elementor-field-label\">\n\t\t\t\t\t\t\t\tE-mail\t\t\t\t\t\t\t<\/label>\n\t\t\t\t\t\t\t\t\t\t\t\t\t\t<input size=\"1\" type=\"email\" name=\"form_fields[email]\" id=\"form-field-email\" class=\"elementor-field elementor-size-sm  elementor-field-textual\" placeholder=\"E-mail\" required=\"required\">\n\t\t\t\t\t\t\t\t\t\t\t<\/div>\n\t\t\t\t\t\t\t\t<div class=\"elementor-field-type-textarea elementor-field-group elementor-column elementor-field-group-message elementor-col-100 elementor-field-required\">\n\t\t\t\t\t\t\t\t\t\t\t\t<label for=\"form-field-message\" class=\"elementor-field-label\">\n\t\t\t\t\t\t\t\tMensagem\t\t\t\t\t\t\t<\/label>\n\t\t\t\t\t\t<textarea class=\"elementor-field-textual elementor-field  elementor-size-sm\" name=\"form_fields[message]\" id=\"form-field-message\" rows=\"4\" placeholder=\"Mensagem\" required=\"required\"><\/textarea>\t\t\t\t<\/div>\n\t\t\t\t\t\t\t\t<div class=\"elementor-field-group elementor-column elementor-field-type-submit elementor-col-100 e-form__buttons\">\n\t\t\t\t\t<button class=\"elementor-button elementor-size-sm\" type=\"submit\">\n\t\t\t\t\t\t<span class=\"elementor-button-content-wrapper\">\n\t\t\t\t\t\t\t\t\t\t\t\t\t\t\t\t\t\t\t\t\t\t<span class=\"elementor-button-text\">Enviar<\/span>\n\t\t\t\t\t\t\t\t\t\t\t\t\t<\/span>\n\t\t\t\t\t<\/button>\n\t\t\t\t<\/div>\n\t\t\t<\/div>\n\t\t<\/form>\n\t\t\t\t\t\t<\/div>\n\t\t\t\t<\/div>\n\t\t\t\t<\/div>\n\t\t\t\t\t<\/div>\n\t\t\t\t<\/div>\n\t\t\t\t<\/div>\n\t\t","protected":false},"excerpt":{"rendered":"<p>Fale Conosco Para outras informa\u00e7\u00f5es utilize nosso formul\u00e1rio ao lado ou entre em contato conosco: Eliza Zazeski &#8211; Coordena\u00e7\u00e3o Geral(48) 99171-4834contato@eloareventos.com.br Ficou com d\u00favidas? Entre em contato conosco e te responderemoso mais breve possivel.<\/p>\n","protected":false},"author":1,"featured_media":0,"parent":0,"menu_order":0,"comment_status":"closed","ping_status":"closed","template":"elementor_header_footer","meta":{"inline_featured_image":false,"footnotes":""},"class_list":["post-640","page","type-page","status-publish","hentry"],"yoast_head":"<!-- This site is optimized with the Yoast SEO plugin v27.1.1 - https:\/\/yoast.com\/product\/yoast-seo-wordpress\/ -->\n<title>Fale Conosco - 19\u00ba CBMFC<\/title>\n<meta name=\"robots\" content=\"index, follow, max-snippet:-1, max-image-preview:large, max-video-preview:-1\" \/>\n<link rel=\"canonical\" href=\"https:\/\/sbmfc.org.br\/19cbmfc\/fale-conosco\/\" \/>\n<meta property=\"og:locale\" content=\"pt_BR\" \/>\n<meta property=\"og:type\" content=\"article\" \/>\n<meta property=\"og:title\" content=\"Fale Conosco - 19\u00ba CBMFC\" \/>\n<meta property=\"og:description\" content=\"Fale Conosco Para outras informa\u00e7\u00f5es utilize nosso formul\u00e1rio ao lado ou entre em contato conosco: Eliza Zazeski &#8211; Coordena\u00e7\u00e3o Geral(48) 99171-4834contato@eloareventos.com.br Ficou com d\u00favidas? Entre em contato conosco e te responderemoso mais breve possivel.\" \/>\n<meta property=\"og:url\" content=\"https:\/\/sbmfc.org.br\/19cbmfc\/fale-conosco\/\" \/>\n<meta property=\"og:site_name\" content=\"19\u00ba CBMFC\" \/>\n<meta property=\"article:modified_time\" content=\"2026-03-28T20:16:47+00:00\" \/>\n<meta name=\"twitter:card\" content=\"summary_large_image\" \/>\n<meta name=\"twitter:label1\" content=\"Est. tempo de leitura\" \/>\n\t<meta name=\"twitter:data1\" content=\"1 minuto\" \/>\n<script type=\"application\/ld+json\" class=\"yoast-schema-graph\">{\"@context\":\"https:\/\/schema.org\",\"@graph\":[{\"@type\":\"WebPage\",\"@id\":\"https:\/\/sbmfc.org.br\/19cbmfc\/fale-conosco\/\",\"url\":\"https:\/\/sbmfc.org.br\/19cbmfc\/fale-conosco\/\",\"name\":\"Fale Conosco - 19\u00ba CBMFC\",\"isPartOf\":{\"@id\":\"https:\/\/sbmfc.org.br\/19cbmfc\/#website\"},\"datePublished\":\"2024-07-03T16:25:24+00:00\",\"dateModified\":\"2026-03-28T20:16:47+00:00\",\"breadcrumb\":{\"@id\":\"https:\/\/sbmfc.org.br\/19cbmfc\/fale-conosco\/#breadcrumb\"},\"inLanguage\":\"pt-BR\",\"potentialAction\":[{\"@type\":\"ReadAction\",\"target\":[\"https:\/\/sbmfc.org.br\/19cbmfc\/fale-conosco\/\"]}]},{\"@type\":\"BreadcrumbList\",\"@id\":\"https:\/\/sbmfc.org.br\/19cbmfc\/fale-conosco\/#breadcrumb\",\"itemListElement\":[{\"@type\":\"ListItem\",\"position\":1,\"name\":\"In\u00edcio\",\"item\":\"https:\/\/sbmfc.org.br\/19cbmfc\/\"},{\"@type\":\"ListItem\",\"position\":2,\"name\":\"Fale Conosco\"}]},{\"@type\":\"WebSite\",\"@id\":\"https:\/\/sbmfc.org.br\/19cbmfc\/#website\",\"url\":\"https:\/\/sbmfc.org.br\/19cbmfc\/\",\"name\":\"19\u00ba CBMFC\",\"description\":\"\",\"publisher\":{\"@id\":\"https:\/\/sbmfc.org.br\/19cbmfc\/#organization\"},\"potentialAction\":[{\"@type\":\"SearchAction\",\"target\":{\"@type\":\"EntryPoint\",\"urlTemplate\":\"https:\/\/sbmfc.org.br\/19cbmfc\/?s={search_term_string}\"},\"query-input\":{\"@type\":\"PropertyValueSpecification\",\"valueRequired\":true,\"valueName\":\"search_term_string\"}}],\"inLanguage\":\"pt-BR\"},{\"@type\":\"Organization\",\"@id\":\"https:\/\/sbmfc.org.br\/19cbmfc\/#organization\",\"name\":\"19\u00ba CBMFC\",\"url\":\"https:\/\/sbmfc.org.br\/19cbmfc\/\",\"logo\":{\"@type\":\"ImageObject\",\"inLanguage\":\"pt-BR\",\"@id\":\"https:\/\/sbmfc.org.br\/19cbmfc\/#\/schema\/logo\/image\/\",\"url\":\"https:\/\/sbmfc.org.br\/19cbmfc\/wp-content\/uploads\/2024\/05\/topo-site-19-cbmfc-scaled.png\",\"contentUrl\":\"https:\/\/sbmfc.org.br\/19cbmfc\/wp-content\/uploads\/2024\/05\/topo-site-19-cbmfc-scaled.png\",\"width\":2560,\"height\":804,\"caption\":\"19\u00ba CBMFC\"},\"image\":{\"@id\":\"https:\/\/sbmfc.org.br\/19cbmfc\/#\/schema\/logo\/image\/\"}}]}<\/script>\n<!-- \/ Yoast SEO plugin. -->","yoast_head_json":{"title":"Fale Conosco - 19\u00ba CBMFC","robots":{"index":"index","follow":"follow","max-snippet":"max-snippet:-1","max-image-preview":"max-image-preview:large","max-video-preview":"max-video-preview:-1"},"canonical":"https:\/\/sbmfc.org.br\/19cbmfc\/fale-conosco\/","og_locale":"pt_BR","og_type":"article","og_title":"Fale Conosco - 19\u00ba CBMFC","og_description":"Fale Conosco Para outras informa\u00e7\u00f5es utilize nosso formul\u00e1rio ao lado ou entre em contato conosco: Eliza Zazeski &#8211; Coordena\u00e7\u00e3o Geral(48) 99171-4834contato@eloareventos.com.br Ficou com d\u00favidas? Entre em contato conosco e te responderemoso mais breve possivel.","og_url":"https:\/\/sbmfc.org.br\/19cbmfc\/fale-conosco\/","og_site_name":"19\u00ba CBMFC","article_modified_time":"2026-03-28T20:16:47+00:00","twitter_card":"summary_large_image","twitter_misc":{"Est. tempo de leitura":"1 minuto"},"schema":{"@context":"https:\/\/schema.org","@graph":[{"@type":"WebPage","@id":"https:\/\/sbmfc.org.br\/19cbmfc\/fale-conosco\/","url":"https:\/\/sbmfc.org.br\/19cbmfc\/fale-conosco\/","name":"Fale Conosco - 19\u00ba CBMFC","isPartOf":{"@id":"https:\/\/sbmfc.org.br\/19cbmfc\/#website"},"datePublished":"2024-07-03T16:25:24+00:00","dateModified":"2026-03-28T20:16:47+00:00","breadcrumb":{"@id":"https:\/\/sbmfc.org.br\/19cbmfc\/fale-conosco\/#breadcrumb"},"inLanguage":"pt-BR","potentialAction":[{"@type":"ReadAction","target":["https:\/\/sbmfc.org.br\/19cbmfc\/fale-conosco\/"]}]},{"@type":"BreadcrumbList","@id":"https:\/\/sbmfc.org.br\/19cbmfc\/fale-conosco\/#breadcrumb","itemListElement":[{"@type":"ListItem","position":1,"name":"In\u00edcio","item":"https:\/\/sbmfc.org.br\/19cbmfc\/"},{"@type":"ListItem","position":2,"name":"Fale Conosco"}]},{"@type":"WebSite","@id":"https:\/\/sbmfc.org.br\/19cbmfc\/#website","url":"https:\/\/sbmfc.org.br\/19cbmfc\/","name":"19\u00ba CBMFC","description":"","publisher":{"@id":"https:\/\/sbmfc.org.br\/19cbmfc\/#organization"},"potentialAction":[{"@type":"SearchAction","target":{"@type":"EntryPoint","urlTemplate":"https:\/\/sbmfc.org.br\/19cbmfc\/?s={search_term_string}"},"query-input":{"@type":"PropertyValueSpecification","valueRequired":true,"valueName":"search_term_string"}}],"inLanguage":"pt-BR"},{"@type":"Organization","@id":"https:\/\/sbmfc.org.br\/19cbmfc\/#organization","name":"19\u00ba CBMFC","url":"https:\/\/sbmfc.org.br\/19cbmfc\/","logo":{"@type":"ImageObject","inLanguage":"pt-BR","@id":"https:\/\/sbmfc.org.br\/19cbmfc\/#\/schema\/logo\/image\/","url":"https:\/\/sbmfc.org.br\/19cbmfc\/wp-content\/uploads\/2024\/05\/topo-site-19-cbmfc-scaled.png","contentUrl":"https:\/\/sbmfc.org.br\/19cbmfc\/wp-content\/uploads\/2024\/05\/topo-site-19-cbmfc-scaled.png","width":2560,"height":804,"caption":"19\u00ba CBMFC"},"image":{"@id":"https:\/\/sbmfc.org.br\/19cbmfc\/#\/schema\/logo\/image\/"}}]}},"_links":{"self":[{"href":"https:\/\/sbmfc.org.br\/19cbmfc\/wp-json\/wp\/v2\/pages\/640","targetHints":{"allow":["GET"]}}],"collection":[{"href":"https:\/\/sbmfc.org.br\/19cbmfc\/wp-json\/wp\/v2\/pages"}],"about":[{"href":"https:\/\/sbmfc.org.br\/19cbmfc\/wp-json\/wp\/v2\/types\/page"}],"author":[{"embeddable":true,"href":"https:\/\/sbmfc.org.br\/19cbmfc\/wp-json\/wp\/v2\/users\/1"}],"replies":[{"embeddable":true,"href":"https:\/\/sbmfc.org.br\/19cbmfc\/wp-json\/wp\/v2\/comments?post=640"}],"version-history":[{"count":118,"href":"https:\/\/sbmfc.org.br\/19cbmfc\/wp-json\/wp\/v2\/pages\/640\/revisions"}],"predecessor-version":[{"id":2584,"href":"https:\/\/sbmfc.org.br\/19cbmfc\/wp-json\/wp\/v2\/pages\/640\/revisions\/2584"}],"wp:attachment":[{"href":"https:\/\/sbmfc.org.br\/19cbmfc\/wp-json\/wp\/v2\/media?parent=640"}],"curies":[{"name":"wp","href":"https:\/\/api.w.org\/{rel}","templated":true}]}}