{"id":578,"date":"2024-06-12T16:46:56","date_gmt":"2024-06-12T19:46:56","guid":{"rendered":"https:\/\/www.sbmfc.org.br\/19cbmfc\/?page_id=578"},"modified":"2025-12-19T11:01:33","modified_gmt":"2025-12-19T14:01:33","slug":"local-do-evento","status":"publish","type":"page","link":"https:\/\/sbmfc.org.br\/19cbmfc\/local-do-evento\/","title":{"rendered":"Local do Evento"},"content":{"rendered":"\t\t<div data-elementor-type=\"wp-page\" data-elementor-id=\"578\" class=\"elementor elementor-578\" data-elementor-post-type=\"page\">\n\t\t\t\t<div class=\"elementor-element elementor-element-69471ce e-flex e-con-boxed e-con e-parent\" data-id=\"69471ce\" data-element_type=\"container\" data-e-type=\"container\">\n\t\t\t\t\t<div class=\"e-con-inner\">\n\t\t\t\t<div class=\"elementor-element elementor-element-21dadc4 elementor-widget elementor-widget-heading\" data-id=\"21dadc4\" data-element_type=\"widget\" data-e-type=\"widget\" data-widget_type=\"heading.default\">\n\t\t\t\t<div class=\"elementor-widget-container\">\n\t\t\t\t\t<h2 class=\"elementor-heading-title elementor-size-default\">Local do Evento<\/h2>\t\t\t\t<\/div>\n\t\t\t\t<\/div>\n\t\t\t\t\t<\/div>\n\t\t\t\t<\/div>\n\t\t<div class=\"elementor-element elementor-element-a67cd5f e-flex e-con-boxed e-con e-parent\" data-id=\"a67cd5f\" data-element_type=\"container\" data-e-type=\"container\">\n\t\t\t\t\t<div class=\"e-con-inner\">\n\t\t\t\t<div class=\"elementor-element elementor-element-9875cb7 elementor-widget elementor-widget-image\" data-id=\"9875cb7\" data-element_type=\"widget\" data-e-type=\"widget\" data-widget_type=\"image.default\">\n\t\t\t\t<div class=\"elementor-widget-container\">\n\t\t\t\t\t\t\t\t\t\t\t\t\t\t\t<img fetchpriority=\"high\" decoding=\"async\" width=\"2560\" height=\"1709\" src=\"https:\/\/sbmfc.org.br\/19cbmfc\/wp-content\/uploads\/2025\/12\/img-local-evento-scaled.jpg\" class=\"attachment-full size-full wp-image-2511\" alt=\"\" srcset=\"https:\/\/sbmfc.org.br\/19cbmfc\/wp-content\/uploads\/2025\/12\/img-local-evento-scaled.jpg 2560w, https:\/\/sbmfc.org.br\/19cbmfc\/wp-content\/uploads\/2025\/12\/img-local-evento-300x200.jpg 300w, https:\/\/sbmfc.org.br\/19cbmfc\/wp-content\/uploads\/2025\/12\/img-local-evento-1024x683.jpg 1024w, https:\/\/sbmfc.org.br\/19cbmfc\/wp-content\/uploads\/2025\/12\/img-local-evento-768x513.jpg 768w, https:\/\/sbmfc.org.br\/19cbmfc\/wp-content\/uploads\/2025\/12\/img-local-evento-1536x1025.jpg 1536w, https:\/\/sbmfc.org.br\/19cbmfc\/wp-content\/uploads\/2025\/12\/img-local-evento-2048x1367.jpg 2048w\" sizes=\"(max-width: 2560px) 100vw, 2560px\" \/>\t\t\t\t\t\t\t\t\t\t\t\t\t\t\t<\/div>\n\t\t\t\t<\/div>\n\t\t\t\t\t<\/div>\n\t\t\t\t<\/div>\n\t\t<div class=\"elementor-element elementor-element-88084db e-flex e-con-boxed e-con e-parent\" data-id=\"88084db\" data-element_type=\"container\" data-e-type=\"container\">\n\t\t\t\t\t<div class=\"e-con-inner\">\n\t\t<div class=\"elementor-element elementor-element-f378089 e-con-full e-flex e-con e-child\" data-id=\"f378089\" data-element_type=\"container\" data-e-type=\"container\">\n\t\t\t\t<div class=\"elementor-element elementor-element-c58eb94 elementor-widget elementor-widget-google_maps\" data-id=\"c58eb94\" data-element_type=\"widget\" data-e-type=\"widget\" data-widget_type=\"google_maps.default\">\n\t\t\t\t<div class=\"elementor-widget-container\">\n\t\t\t\t\t\t\t<div class=\"elementor-custom-embed\">\n\t\t\t<iframe loading=\"lazy\"\n\t\t\t\t\tsrc=\"https:\/\/maps.google.com\/maps?q=Av.%20Ipiranga%2C%206681%20-%20Partenon%2C%20Porto%20Alegre%20-%20RS%2C%2090619-900&#038;t=m&#038;z=16&#038;output=embed&#038;iwloc=near\"\n\t\t\t\t\ttitle=\"Av. Ipiranga, 6681 - Partenon, Porto Alegre - RS, 90619-900\"\n\t\t\t\t\taria-label=\"Av. Ipiranga, 6681 - Partenon, Porto Alegre - RS, 90619-900\"\n\t\t\t><\/iframe>\n\t\t<\/div>\n\t\t\t\t\t\t<\/div>\n\t\t\t\t<\/div>\n\t\t\t\t<\/div>\n\t\t<div class=\"elementor-element elementor-element-3446790 e-con-full e-flex e-con e-child\" data-id=\"3446790\" data-element_type=\"container\" data-e-type=\"container\">\n\t\t<div class=\"elementor-element elementor-element-a3e3ba1 e-grid e-con-boxed e-con e-child\" data-id=\"a3e3ba1\" data-element_type=\"container\" data-e-type=\"container\">\n\t\t\t\t\t<div class=\"e-con-inner\">\n\t\t\t\t<div class=\"elementor-element elementor-element-617a0a6 elementor-widget elementor-widget-heading\" data-id=\"617a0a6\" data-element_type=\"widget\" data-e-type=\"widget\" data-widget_type=\"heading.default\">\n\t\t\t\t<div class=\"elementor-widget-container\">\n\t\t\t\t\t<h2 class=\"elementor-heading-title elementor-size-default\">Centro de Eventos da PUCRS<\/h2>\t\t\t\t<\/div>\n\t\t\t\t<\/div>\n\t\t\t\t<div class=\"elementor-element elementor-element-965473d elementor-widget elementor-widget-text-editor\" data-id=\"965473d\" data-element_type=\"widget\" data-e-type=\"widget\" data-widget_type=\"text-editor.default\">\n\t\t\t\t<div class=\"elementor-widget-container\">\n\t\t\t\t\t\t\t\t\t<p>Endere\u00e7o: Av. Ipiranga, 6681 &#8211; Partenon, Porto Alegre &#8211; RS, 90619-900<\/p><p><strong style=\"color: red;\">ATEN\u00c7\u00c3O!<br \/><\/strong><strong style=\"color: red;\">Acesso pelo Port\u00e3o 01 &#8211; Ao lado do Museu<\/strong><\/p>\t\t\t\t\t\t\t\t<\/div>\n\t\t\t\t<\/div>\n\t\t\t\t<div class=\"elementor-element elementor-element-3b7c9e5 elementor-widget elementor-widget-button\" data-id=\"3b7c9e5\" data-element_type=\"widget\" data-e-type=\"widget\" data-widget_type=\"button.default\">\n\t\t\t\t<div class=\"elementor-widget-container\">\n\t\t\t\t\t\t\t\t\t<div class=\"elementor-button-wrapper\">\n\t\t\t\t\t<a class=\"elementor-button elementor-button-link elementor-size-sm\" href=\"https:\/\/maps.app.goo.gl\/zwTxWHfWmNpyVo6HA\" target=\"_blank\">\n\t\t\t\t\t\t<span class=\"elementor-button-content-wrapper\">\n\t\t\t\t\t\t\t\t\t<span class=\"elementor-button-text\">Ver Mapa<\/span>\n\t\t\t\t\t<\/span>\n\t\t\t\t\t<\/a>\n\t\t\t\t<\/div>\n\t\t\t\t\t\t\t\t<\/div>\n\t\t\t\t<\/div>\n\t\t\t\t\t<\/div>\n\t\t\t\t<\/div>\n\t\t\t\t<\/div>\n\t\t\t\t\t<\/div>\n\t\t\t\t<\/div>\n\t\t\t\t<\/div>\n\t\t","protected":false},"excerpt":{"rendered":"<p>Local do Evento Centro de Eventos da PUCRS Endere\u00e7o: Av. Ipiranga, 6681 &#8211; Partenon, Porto Alegre &#8211; RS, 90619-900 ATEN\u00c7\u00c3O!Acesso pelo Port\u00e3o 01 &#8211; Ao lado do Museu Ver Mapa<\/p>\n","protected":false},"author":1,"featured_media":0,"parent":0,"menu_order":0,"comment_status":"closed","ping_status":"closed","template":"elementor_header_footer","meta":{"inline_featured_image":false,"footnotes":""},"class_list":["post-578","page","type-page","status-publish","hentry"],"yoast_head":"<!-- This site is optimized with the Yoast SEO plugin v27.1.1 - https:\/\/yoast.com\/product\/yoast-seo-wordpress\/ -->\n<title>Local do Evento - 19\u00ba CBMFC<\/title>\n<meta name=\"robots\" content=\"index, follow, max-snippet:-1, max-image-preview:large, max-video-preview:-1\" \/>\n<link rel=\"canonical\" href=\"https:\/\/sbmfc.org.br\/19cbmfc\/local-do-evento\/\" \/>\n<meta property=\"og:locale\" content=\"pt_BR\" \/>\n<meta property=\"og:type\" content=\"article\" \/>\n<meta property=\"og:title\" content=\"Local do Evento - 19\u00ba CBMFC\" \/>\n<meta property=\"og:description\" content=\"Local do Evento Centro de Eventos da PUCRS Endere\u00e7o: Av. Ipiranga, 6681 &#8211; Partenon, Porto Alegre &#8211; RS, 90619-900 ATEN\u00c7\u00c3O!Acesso pelo Port\u00e3o 01 &#8211; Ao lado do Museu Ver Mapa\" \/>\n<meta property=\"og:url\" content=\"https:\/\/sbmfc.org.br\/19cbmfc\/local-do-evento\/\" \/>\n<meta property=\"og:site_name\" content=\"19\u00ba CBMFC\" \/>\n<meta property=\"article:modified_time\" content=\"2025-12-19T14:01:33+00:00\" \/>\n<meta property=\"og:image\" content=\"https:\/\/sbmfc.org.br\/19cbmfc\/wp-content\/uploads\/2025\/12\/img-local-evento-scaled.jpg\" \/>\n\t<meta property=\"og:image:width\" content=\"2560\" \/>\n\t<meta property=\"og:image:height\" content=\"1709\" \/>\n\t<meta property=\"og:image:type\" content=\"image\/jpeg\" \/>\n<meta name=\"twitter:card\" content=\"summary_large_image\" \/>\n<meta name=\"twitter:label1\" content=\"Est. tempo de leitura\" \/>\n\t<meta name=\"twitter:data1\" content=\"1 minuto\" \/>\n<script type=\"application\/ld+json\" class=\"yoast-schema-graph\">{\"@context\":\"https:\/\/schema.org\",\"@graph\":[{\"@type\":\"WebPage\",\"@id\":\"https:\/\/sbmfc.org.br\/19cbmfc\/local-do-evento\/\",\"url\":\"https:\/\/sbmfc.org.br\/19cbmfc\/local-do-evento\/\",\"name\":\"Local do Evento - 19\u00ba CBMFC\",\"isPartOf\":{\"@id\":\"https:\/\/sbmfc.org.br\/19cbmfc\/#website\"},\"primaryImageOfPage\":{\"@id\":\"https:\/\/sbmfc.org.br\/19cbmfc\/local-do-evento\/#primaryimage\"},\"image\":{\"@id\":\"https:\/\/sbmfc.org.br\/19cbmfc\/local-do-evento\/#primaryimage\"},\"thumbnailUrl\":\"https:\/\/sbmfc.org.br\/19cbmfc\/wp-content\/uploads\/2025\/12\/img-local-evento-scaled.jpg\",\"datePublished\":\"2024-06-12T19:46:56+00:00\",\"dateModified\":\"2025-12-19T14:01:33+00:00\",\"breadcrumb\":{\"@id\":\"https:\/\/sbmfc.org.br\/19cbmfc\/local-do-evento\/#breadcrumb\"},\"inLanguage\":\"pt-BR\",\"potentialAction\":[{\"@type\":\"ReadAction\",\"target\":[\"https:\/\/sbmfc.org.br\/19cbmfc\/local-do-evento\/\"]}]},{\"@type\":\"ImageObject\",\"inLanguage\":\"pt-BR\",\"@id\":\"https:\/\/sbmfc.org.br\/19cbmfc\/local-do-evento\/#primaryimage\",\"url\":\"https:\/\/sbmfc.org.br\/19cbmfc\/wp-content\/uploads\/2025\/12\/img-local-evento-scaled.jpg\",\"contentUrl\":\"https:\/\/sbmfc.org.br\/19cbmfc\/wp-content\/uploads\/2025\/12\/img-local-evento-scaled.jpg\",\"width\":2560,\"height\":1709},{\"@type\":\"BreadcrumbList\",\"@id\":\"https:\/\/sbmfc.org.br\/19cbmfc\/local-do-evento\/#breadcrumb\",\"itemListElement\":[{\"@type\":\"ListItem\",\"position\":1,\"name\":\"In\u00edcio\",\"item\":\"https:\/\/sbmfc.org.br\/19cbmfc\/\"},{\"@type\":\"ListItem\",\"position\":2,\"name\":\"Local do Evento\"}]},{\"@type\":\"WebSite\",\"@id\":\"https:\/\/sbmfc.org.br\/19cbmfc\/#website\",\"url\":\"https:\/\/sbmfc.org.br\/19cbmfc\/\",\"name\":\"19\u00ba CBMFC\",\"description\":\"\",\"publisher\":{\"@id\":\"https:\/\/sbmfc.org.br\/19cbmfc\/#organization\"},\"potentialAction\":[{\"@type\":\"SearchAction\",\"target\":{\"@type\":\"EntryPoint\",\"urlTemplate\":\"https:\/\/sbmfc.org.br\/19cbmfc\/?s={search_term_string}\"},\"query-input\":{\"@type\":\"PropertyValueSpecification\",\"valueRequired\":true,\"valueName\":\"search_term_string\"}}],\"inLanguage\":\"pt-BR\"},{\"@type\":\"Organization\",\"@id\":\"https:\/\/sbmfc.org.br\/19cbmfc\/#organization\",\"name\":\"19\u00ba CBMFC\",\"url\":\"https:\/\/sbmfc.org.br\/19cbmfc\/\",\"logo\":{\"@type\":\"ImageObject\",\"inLanguage\":\"pt-BR\",\"@id\":\"https:\/\/sbmfc.org.br\/19cbmfc\/#\/schema\/logo\/image\/\",\"url\":\"https:\/\/sbmfc.org.br\/19cbmfc\/wp-content\/uploads\/2024\/05\/topo-site-19-cbmfc-scaled.png\",\"contentUrl\":\"https:\/\/sbmfc.org.br\/19cbmfc\/wp-content\/uploads\/2024\/05\/topo-site-19-cbmfc-scaled.png\",\"width\":2560,\"height\":804,\"caption\":\"19\u00ba CBMFC\"},\"image\":{\"@id\":\"https:\/\/sbmfc.org.br\/19cbmfc\/#\/schema\/logo\/image\/\"}}]}<\/script>\n<!-- \/ Yoast SEO plugin. -->","yoast_head_json":{"title":"Local do Evento - 19\u00ba CBMFC","robots":{"index":"index","follow":"follow","max-snippet":"max-snippet:-1","max-image-preview":"max-image-preview:large","max-video-preview":"max-video-preview:-1"},"canonical":"https:\/\/sbmfc.org.br\/19cbmfc\/local-do-evento\/","og_locale":"pt_BR","og_type":"article","og_title":"Local do Evento - 19\u00ba CBMFC","og_description":"Local do Evento Centro de Eventos da PUCRS Endere\u00e7o: Av. Ipiranga, 6681 &#8211; Partenon, Porto Alegre &#8211; RS, 90619-900 ATEN\u00c7\u00c3O!Acesso pelo Port\u00e3o 01 &#8211; Ao lado do Museu Ver Mapa","og_url":"https:\/\/sbmfc.org.br\/19cbmfc\/local-do-evento\/","og_site_name":"19\u00ba CBMFC","article_modified_time":"2025-12-19T14:01:33+00:00","og_image":[{"width":2560,"height":1709,"url":"https:\/\/sbmfc.org.br\/19cbmfc\/wp-content\/uploads\/2025\/12\/img-local-evento-scaled.jpg","type":"image\/jpeg"}],"twitter_card":"summary_large_image","twitter_misc":{"Est. tempo de leitura":"1 minuto"},"schema":{"@context":"https:\/\/schema.org","@graph":[{"@type":"WebPage","@id":"https:\/\/sbmfc.org.br\/19cbmfc\/local-do-evento\/","url":"https:\/\/sbmfc.org.br\/19cbmfc\/local-do-evento\/","name":"Local do Evento - 19\u00ba CBMFC","isPartOf":{"@id":"https:\/\/sbmfc.org.br\/19cbmfc\/#website"},"primaryImageOfPage":{"@id":"https:\/\/sbmfc.org.br\/19cbmfc\/local-do-evento\/#primaryimage"},"image":{"@id":"https:\/\/sbmfc.org.br\/19cbmfc\/local-do-evento\/#primaryimage"},"thumbnailUrl":"https:\/\/sbmfc.org.br\/19cbmfc\/wp-content\/uploads\/2025\/12\/img-local-evento-scaled.jpg","datePublished":"2024-06-12T19:46:56+00:00","dateModified":"2025-12-19T14:01:33+00:00","breadcrumb":{"@id":"https:\/\/sbmfc.org.br\/19cbmfc\/local-do-evento\/#breadcrumb"},"inLanguage":"pt-BR","potentialAction":[{"@type":"ReadAction","target":["https:\/\/sbmfc.org.br\/19cbmfc\/local-do-evento\/"]}]},{"@type":"ImageObject","inLanguage":"pt-BR","@id":"https:\/\/sbmfc.org.br\/19cbmfc\/local-do-evento\/#primaryimage","url":"https:\/\/sbmfc.org.br\/19cbmfc\/wp-content\/uploads\/2025\/12\/img-local-evento-scaled.jpg","contentUrl":"https:\/\/sbmfc.org.br\/19cbmfc\/wp-content\/uploads\/2025\/12\/img-local-evento-scaled.jpg","width":2560,"height":1709},{"@type":"BreadcrumbList","@id":"https:\/\/sbmfc.org.br\/19cbmfc\/local-do-evento\/#breadcrumb","itemListElement":[{"@type":"ListItem","position":1,"name":"In\u00edcio","item":"https:\/\/sbmfc.org.br\/19cbmfc\/"},{"@type":"ListItem","position":2,"name":"Local do Evento"}]},{"@type":"WebSite","@id":"https:\/\/sbmfc.org.br\/19cbmfc\/#website","url":"https:\/\/sbmfc.org.br\/19cbmfc\/","name":"19\u00ba CBMFC","description":"","publisher":{"@id":"https:\/\/sbmfc.org.br\/19cbmfc\/#organization"},"potentialAction":[{"@type":"SearchAction","target":{"@type":"EntryPoint","urlTemplate":"https:\/\/sbmfc.org.br\/19cbmfc\/?s={search_term_string}"},"query-input":{"@type":"PropertyValueSpecification","valueRequired":true,"valueName":"search_term_string"}}],"inLanguage":"pt-BR"},{"@type":"Organization","@id":"https:\/\/sbmfc.org.br\/19cbmfc\/#organization","name":"19\u00ba CBMFC","url":"https:\/\/sbmfc.org.br\/19cbmfc\/","logo":{"@type":"ImageObject","inLanguage":"pt-BR","@id":"https:\/\/sbmfc.org.br\/19cbmfc\/#\/schema\/logo\/image\/","url":"https:\/\/sbmfc.org.br\/19cbmfc\/wp-content\/uploads\/2024\/05\/topo-site-19-cbmfc-scaled.png","contentUrl":"https:\/\/sbmfc.org.br\/19cbmfc\/wp-content\/uploads\/2024\/05\/topo-site-19-cbmfc-scaled.png","width":2560,"height":804,"caption":"19\u00ba CBMFC"},"image":{"@id":"https:\/\/sbmfc.org.br\/19cbmfc\/#\/schema\/logo\/image\/"}}]}},"_links":{"self":[{"href":"https:\/\/sbmfc.org.br\/19cbmfc\/wp-json\/wp\/v2\/pages\/578","targetHints":{"allow":["GET"]}}],"collection":[{"href":"https:\/\/sbmfc.org.br\/19cbmfc\/wp-json\/wp\/v2\/pages"}],"about":[{"href":"https:\/\/sbmfc.org.br\/19cbmfc\/wp-json\/wp\/v2\/types\/page"}],"author":[{"embeddable":true,"href":"https:\/\/sbmfc.org.br\/19cbmfc\/wp-json\/wp\/v2\/users\/1"}],"replies":[{"embeddable":true,"href":"https:\/\/sbmfc.org.br\/19cbmfc\/wp-json\/wp\/v2\/comments?post=578"}],"version-history":[{"count":31,"href":"https:\/\/sbmfc.org.br\/19cbmfc\/wp-json\/wp\/v2\/pages\/578\/revisions"}],"predecessor-version":[{"id":2514,"href":"https:\/\/sbmfc.org.br\/19cbmfc\/wp-json\/wp\/v2\/pages\/578\/revisions\/2514"}],"wp:attachment":[{"href":"https:\/\/sbmfc.org.br\/19cbmfc\/wp-json\/wp\/v2\/media?parent=578"}],"curies":[{"name":"wp","href":"https:\/\/api.w.org\/{rel}","templated":true}]}}