{"id":811,"date":"2024-08-06T12:52:41","date_gmt":"2024-08-06T15:52:41","guid":{"rendered":"https:\/\/sbmfc.org.br\/18cbmfc\/?page_id=811"},"modified":"2025-06-01T15:01:52","modified_gmt":"2025-06-01T18:01:52","slug":"passagem-e-hospedagem","status":"publish","type":"page","link":"https:\/\/sbmfc.org.br\/18cbmfc\/passagem-e-hospedagem\/","title":{"rendered":"Passagem e Hospedagem"},"content":{"rendered":"\t\t<div data-elementor-type=\"wp-page\" data-elementor-id=\"811\" class=\"elementor elementor-811\" data-elementor-post-type=\"page\">\n\t\t\t\t<div class=\"elementor-element elementor-element-cfdee34 e-flex e-con-boxed e-con e-parent\" data-id=\"cfdee34\" data-element_type=\"container\">\n\t\t\t\t\t<div class=\"e-con-inner\">\n\t\t\t\t<div class=\"elementor-element elementor-element-e5fa84f elementor-widget elementor-widget-heading\" data-id=\"e5fa84f\" data-element_type=\"widget\" data-widget_type=\"heading.default\">\n\t\t\t\t<div class=\"elementor-widget-container\">\n\t\t\t\t\t<h1 class=\"elementor-heading-title elementor-size-default\">Ag\u00eancia Oficial do 18\u00ba CBMFC<\/h1>\t\t\t\t<\/div>\n\t\t\t\t<\/div>\n\t\t\t\t\t<\/div>\n\t\t\t\t<\/div>\n\t\t<div class=\"elementor-element elementor-element-78067be e-flex e-con-boxed e-con e-parent\" data-id=\"78067be\" data-element_type=\"container\">\n\t\t\t\t\t<div class=\"e-con-inner\">\n\t\t<div class=\"elementor-element elementor-element-fbfcf9d e-con-full elementor-hidden-tablet elementor-hidden-mobile e-flex e-con e-child\" data-id=\"fbfcf9d\" data-element_type=\"container\">\n\t\t\t\t<\/div>\n\t\t<div class=\"elementor-element elementor-element-066ff50 e-con-full e-flex e-con e-child\" data-id=\"066ff50\" data-element_type=\"container\">\n\t\t\t\t<div class=\"elementor-element elementor-element-62ae8a4 elementor-widget elementor-widget-text-editor\" data-id=\"62ae8a4\" data-element_type=\"widget\" data-widget_type=\"text-editor.default\">\n\t\t\t\t<div class=\"elementor-widget-container\">\n\t\t\t\t\t\t\t\t\t<p>Para garantir uma experi\u00eancia inesquec\u00edvel no nosso Congresso, a Rogertur, ag\u00eancia oficial do 18\u00ba CBMFC, est\u00e1 \u00e0 sua disposi\u00e7\u00e3o para reservas de passagens e hospedagem. Oferecemos um atendimento personalizado e condi\u00e7\u00f5es especiais.<\/p><p>Entre em contato conosco para assegurar a melhor estadia durante o nosso evento.<\/p><p>Estamos certos de que sua experi\u00eancia no 18\u00ba CBMFC ser\u00e1 verdadeiramente memor\u00e1vel.<\/p>\t\t\t\t\t\t\t\t<\/div>\n\t\t\t\t<\/div>\n\t\t\t\t<\/div>\n\t\t<div class=\"elementor-element elementor-element-9a672ec e-con-full elementor-hidden-tablet elementor-hidden-mobile e-flex e-con e-child\" data-id=\"9a672ec\" data-element_type=\"container\">\n\t\t\t\t<\/div>\n\t\t\t\t\t<\/div>\n\t\t\t\t<\/div>\n\t\t<div class=\"elementor-element elementor-element-596f033 e-flex e-con-boxed e-con e-parent\" data-id=\"596f033\" data-element_type=\"container\">\n\t\t\t\t\t<div class=\"e-con-inner\">\n\t\t\t\t<div class=\"elementor-element elementor-element-ed6411f elementor-widget elementor-widget-image\" data-id=\"ed6411f\" data-element_type=\"widget\" data-widget_type=\"image.default\">\n\t\t\t\t<div class=\"elementor-widget-container\">\n\t\t\t\t\t\t\t\t\t\t\t\t\t\t\t<img decoding=\"async\" width=\"800\" height=\"2\" src=\"https:\/\/sbmfc.org.br\/18cbmfc\/wp-content\/uploads\/2024\/05\/faixa-cores-1024x3.png\" class=\"attachment-large size-large wp-image-156\" alt=\"\" srcset=\"https:\/\/sbmfc.org.br\/18cbmfc\/wp-content\/uploads\/2024\/05\/faixa-cores-1024x3.png 1024w, https:\/\/sbmfc.org.br\/18cbmfc\/wp-content\/uploads\/2024\/05\/faixa-cores-300x1.png 300w, https:\/\/sbmfc.org.br\/18cbmfc\/wp-content\/uploads\/2024\/05\/faixa-cores-768x2.png 768w, https:\/\/sbmfc.org.br\/18cbmfc\/wp-content\/uploads\/2024\/05\/faixa-cores.png 1374w\" sizes=\"(max-width: 800px) 100vw, 800px\" \/>\t\t\t\t\t\t\t\t\t\t\t\t\t\t\t<\/div>\n\t\t\t\t<\/div>\n\t\t\t\t\t<\/div>\n\t\t\t\t<\/div>\n\t\t<div class=\"elementor-element elementor-element-7e3bd51 e-flex e-con-boxed e-con e-parent\" data-id=\"7e3bd51\" data-element_type=\"container\">\n\t\t\t\t\t<div class=\"e-con-inner\">\n\t\t\t\t<div class=\"elementor-element elementor-element-bf196ba e-transform elementor-widget elementor-widget-video\" data-id=\"bf196ba\" data-element_type=\"widget\" data-settings=\"{&quot;youtube_url&quot;:&quot;https:\\\/\\\/youtu.be\\\/q0QAeWSnQ-I&quot;,&quot;autoplay&quot;:&quot;yes&quot;,&quot;play_on_mobile&quot;:&quot;yes&quot;,&quot;loop&quot;:&quot;yes&quot;,&quot;video_type&quot;:&quot;youtube&quot;,&quot;_transform_scaleX_effect&quot;:{&quot;unit&quot;:&quot;px&quot;,&quot;size&quot;:&quot;&quot;,&quot;sizes&quot;:[]},&quot;_transform_scaleX_effect_tablet&quot;:{&quot;unit&quot;:&quot;px&quot;,&quot;size&quot;:&quot;&quot;,&quot;sizes&quot;:[]},&quot;_transform_scaleX_effect_mobile&quot;:{&quot;unit&quot;:&quot;px&quot;,&quot;size&quot;:&quot;&quot;,&quot;sizes&quot;:[]},&quot;_transform_scaleY_effect&quot;:{&quot;unit&quot;:&quot;px&quot;,&quot;size&quot;:&quot;&quot;,&quot;sizes&quot;:[]},&quot;_transform_scaleY_effect_tablet&quot;:{&quot;unit&quot;:&quot;px&quot;,&quot;size&quot;:&quot;&quot;,&quot;sizes&quot;:[]},&quot;_transform_scaleY_effect_mobile&quot;:{&quot;unit&quot;:&quot;px&quot;,&quot;size&quot;:&quot;&quot;,&quot;sizes&quot;:[]}}\" data-widget_type=\"video.default\">\n\t\t\t\t<div class=\"elementor-widget-container\">\n\t\t\t\t\t\t\t<div class=\"elementor-wrapper elementor-open-inline\">\n\t\t\t<div class=\"elementor-video\"><\/div>\t\t<\/div>\n\t\t\t\t\t\t<\/div>\n\t\t\t\t<\/div>\n\t\t\t\t\t<\/div>\n\t\t\t\t<\/div>\n\t\t<div class=\"elementor-element elementor-element-8ce7caa e-flex e-con-boxed e-con e-parent\" data-id=\"8ce7caa\" data-element_type=\"container\">\n\t\t\t\t\t<div class=\"e-con-inner\">\n\t\t\t\t<div class=\"elementor-element elementor-element-297841a elementor-widget elementor-widget-image\" data-id=\"297841a\" data-element_type=\"widget\" data-widget_type=\"image.default\">\n\t\t\t\t<div class=\"elementor-widget-container\">\n\t\t\t\t\t\t\t\t\t\t\t\t\t\t\t<img decoding=\"async\" width=\"800\" height=\"2\" src=\"https:\/\/sbmfc.org.br\/18cbmfc\/wp-content\/uploads\/2024\/05\/faixa-cores-1024x3.png\" class=\"attachment-large size-large wp-image-156\" alt=\"\" srcset=\"https:\/\/sbmfc.org.br\/18cbmfc\/wp-content\/uploads\/2024\/05\/faixa-cores-1024x3.png 1024w, https:\/\/sbmfc.org.br\/18cbmfc\/wp-content\/uploads\/2024\/05\/faixa-cores-300x1.png 300w, https:\/\/sbmfc.org.br\/18cbmfc\/wp-content\/uploads\/2024\/05\/faixa-cores-768x2.png 768w, https:\/\/sbmfc.org.br\/18cbmfc\/wp-content\/uploads\/2024\/05\/faixa-cores.png 1374w\" sizes=\"(max-width: 800px) 100vw, 800px\" \/>\t\t\t\t\t\t\t\t\t\t\t\t\t\t\t<\/div>\n\t\t\t\t<\/div>\n\t\t\t\t\t<\/div>\n\t\t\t\t<\/div>\n\t\t<div class=\"elementor-element elementor-element-1780b39 e-flex e-con-boxed e-con e-parent\" data-id=\"1780b39\" data-element_type=\"container\">\n\t\t\t\t\t<div class=\"e-con-inner\">\n\t\t<div class=\"elementor-element elementor-element-88b32e3 e-con-full e-flex e-con e-child\" data-id=\"88b32e3\" data-element_type=\"container\">\n\t\t\t\t<div class=\"elementor-element elementor-element-c1566ca elementor-widget elementor-widget-image\" data-id=\"c1566ca\" data-element_type=\"widget\" data-widget_type=\"image.default\">\n\t\t\t\t<div class=\"elementor-widget-container\">\n\t\t\t\t\t\t\t\t\t\t\t\t\t\t\t<img fetchpriority=\"high\" decoding=\"async\" width=\"800\" height=\"537\" src=\"https:\/\/sbmfc.org.br\/18cbmfc\/wp-content\/uploads\/2024\/05\/LOGOTIPO-ROGER-TUR-2020-011-1024x687.png\" class=\"attachment-large size-large wp-image-795\" alt=\"\" srcset=\"https:\/\/sbmfc.org.br\/18cbmfc\/wp-content\/uploads\/2024\/05\/LOGOTIPO-ROGER-TUR-2020-011-1024x687.png 1024w, https:\/\/sbmfc.org.br\/18cbmfc\/wp-content\/uploads\/2024\/05\/LOGOTIPO-ROGER-TUR-2020-011-300x201.png 300w, https:\/\/sbmfc.org.br\/18cbmfc\/wp-content\/uploads\/2024\/05\/LOGOTIPO-ROGER-TUR-2020-011-768x515.png 768w, https:\/\/sbmfc.org.br\/18cbmfc\/wp-content\/uploads\/2024\/05\/LOGOTIPO-ROGER-TUR-2020-011-1536x1031.png 1536w, https:\/\/sbmfc.org.br\/18cbmfc\/wp-content\/uploads\/2024\/05\/LOGOTIPO-ROGER-TUR-2020-011-2048x1375.png 2048w\" sizes=\"(max-width: 800px) 100vw, 800px\" \/>\t\t\t\t\t\t\t\t\t\t\t\t\t\t\t<\/div>\n\t\t\t\t<\/div>\n\t\t\t\t<\/div>\n\t\t<div class=\"elementor-element elementor-element-115e871 e-con-full e-flex e-con e-child\" data-id=\"115e871\" data-element_type=\"container\">\n\t\t\t\t<div class=\"elementor-element elementor-element-1f98694 elementor-widget elementor-widget-heading\" data-id=\"1f98694\" data-element_type=\"widget\" data-widget_type=\"heading.default\">\n\t\t\t\t<div class=\"elementor-widget-container\">\n\t\t\t\t\t<h2 class=\"elementor-heading-title elementor-size-default\">Fale Conosco<\/h2>\t\t\t\t<\/div>\n\t\t\t\t<\/div>\n\t\t\t\t<div class=\"elementor-element elementor-element-053c0b4 elementor-widget elementor-widget-text-editor\" data-id=\"053c0b4\" data-element_type=\"widget\" data-widget_type=\"text-editor.default\">\n\t\t\t\t<div class=\"elementor-widget-container\">\n\t\t\t\t\t\t\t\t\t<p>Telefones: <a href=\"tel:+5592986185415\">(92)98618-5415<\/a><br \/>E-mail: <a href=\"mailto:arogertur@gmail.com\">arogertur@gmail.com<\/a><br \/>Redes sociais: <a href=\"https:\/\/www.instagram.com\/agenciarogertur?igsh=MXBjNnc0bTByaGNpaA%3D%3D\">@agenciarogertur<\/a><br \/>Site: <a href=\"https:\/\/www.18cbmfc.rogertur.com.br\/\">www.18cbmfc.rogertur.com.br<\/a><\/p>\t\t\t\t\t\t\t\t<\/div>\n\t\t\t\t<\/div>\n\t\t\t\t<\/div>\n\t\t\t\t\t<\/div>\n\t\t\t\t<\/div>\n\t\t\t\t<\/div>\n\t\t","protected":false},"excerpt":{"rendered":"<p>Ag\u00eancia Oficial do 18\u00ba CBMFC Para garantir uma experi\u00eancia inesquec\u00edvel no nosso Congresso, a Rogertur, ag\u00eancia oficial do 18\u00ba CBMFC, est\u00e1 \u00e0 sua disposi\u00e7\u00e3o para reservas de passagens e hospedagem. Oferecemos um atendimento personalizado e condi\u00e7\u00f5es especiais. Entre em contato conosco para assegurar a melhor estadia durante o nosso evento. Estamos certos de que sua&#8230;<\/p>\n","protected":false},"author":1,"featured_media":0,"parent":0,"menu_order":0,"comment_status":"closed","ping_status":"closed","template":"elementor_header_footer","meta":{"inline_featured_image":false,"footnotes":""},"class_list":["post-811","page","type-page","status-publish","hentry"],"yoast_head":"<!-- This site is optimized with the Yoast SEO plugin v26.3 - https:\/\/yoast.com\/wordpress\/plugins\/seo\/ -->\n<title>Passagem e Hospedagem - 18\u00ba CBMFC<\/title>\n<meta name=\"robots\" content=\"index, follow, max-snippet:-1, max-image-preview:large, max-video-preview:-1\" \/>\n<link rel=\"canonical\" href=\"https:\/\/sbmfc.org.br\/18cbmfc\/passagem-e-hospedagem\/\" \/>\n<meta property=\"og:locale\" content=\"pt_BR\" \/>\n<meta property=\"og:type\" content=\"article\" \/>\n<meta property=\"og:title\" content=\"Passagem e Hospedagem - 18\u00ba CBMFC\" \/>\n<meta property=\"og:description\" content=\"Ag\u00eancia Oficial do 18\u00ba CBMFC Para garantir uma experi\u00eancia inesquec\u00edvel no nosso Congresso, a Rogertur, ag\u00eancia oficial do 18\u00ba CBMFC, est\u00e1 \u00e0 sua disposi\u00e7\u00e3o para reservas de passagens e hospedagem. Oferecemos um atendimento personalizado e condi\u00e7\u00f5es especiais. Entre em contato conosco para assegurar a melhor estadia durante o nosso evento. Estamos certos de que sua...\" \/>\n<meta property=\"og:url\" content=\"https:\/\/sbmfc.org.br\/18cbmfc\/passagem-e-hospedagem\/\" \/>\n<meta property=\"og:site_name\" content=\"18\u00ba CBMFC\" \/>\n<meta property=\"article:modified_time\" content=\"2025-06-01T18:01:52+00:00\" \/>\n<meta property=\"og:image\" content=\"https:\/\/sbmfc.org.br\/18cbmfc\/wp-content\/uploads\/2024\/05\/faixa-cores-1024x3.png\" \/>\n<meta name=\"twitter:card\" content=\"summary_large_image\" \/>\n<meta name=\"twitter:label1\" content=\"Est. tempo de leitura\" \/>\n\t<meta name=\"twitter:data1\" content=\"2 minutos\" \/>\n<script type=\"application\/ld+json\" class=\"yoast-schema-graph\">{\"@context\":\"https:\/\/schema.org\",\"@graph\":[{\"@type\":\"WebPage\",\"@id\":\"https:\/\/sbmfc.org.br\/18cbmfc\/passagem-e-hospedagem\/\",\"url\":\"https:\/\/sbmfc.org.br\/18cbmfc\/passagem-e-hospedagem\/\",\"name\":\"Passagem e Hospedagem - 18\u00ba CBMFC\",\"isPartOf\":{\"@id\":\"https:\/\/sbmfc.org.br\/18cbmfc\/#website\"},\"primaryImageOfPage\":{\"@id\":\"https:\/\/sbmfc.org.br\/18cbmfc\/passagem-e-hospedagem\/#primaryimage\"},\"image\":{\"@id\":\"https:\/\/sbmfc.org.br\/18cbmfc\/passagem-e-hospedagem\/#primaryimage\"},\"thumbnailUrl\":\"https:\/\/sbmfc.org.br\/18cbmfc\/wp-content\/uploads\/2024\/05\/faixa-cores-1024x3.png\",\"datePublished\":\"2024-08-06T15:52:41+00:00\",\"dateModified\":\"2025-06-01T18:01:52+00:00\",\"breadcrumb\":{\"@id\":\"https:\/\/sbmfc.org.br\/18cbmfc\/passagem-e-hospedagem\/#breadcrumb\"},\"inLanguage\":\"pt-BR\",\"potentialAction\":[{\"@type\":\"ReadAction\",\"target\":[\"https:\/\/sbmfc.org.br\/18cbmfc\/passagem-e-hospedagem\/\"]}]},{\"@type\":\"ImageObject\",\"inLanguage\":\"pt-BR\",\"@id\":\"https:\/\/sbmfc.org.br\/18cbmfc\/passagem-e-hospedagem\/#primaryimage\",\"url\":\"https:\/\/sbmfc.org.br\/18cbmfc\/wp-content\/uploads\/2024\/05\/faixa-cores.png\",\"contentUrl\":\"https:\/\/sbmfc.org.br\/18cbmfc\/wp-content\/uploads\/2024\/05\/faixa-cores.png\",\"width\":1374,\"height\":4},{\"@type\":\"BreadcrumbList\",\"@id\":\"https:\/\/sbmfc.org.br\/18cbmfc\/passagem-e-hospedagem\/#breadcrumb\",\"itemListElement\":[{\"@type\":\"ListItem\",\"position\":1,\"name\":\"In\u00edcio\",\"item\":\"https:\/\/sbmfc.org.br\/18cbmfc\/\"},{\"@type\":\"ListItem\",\"position\":2,\"name\":\"Passagem e Hospedagem\"}]},{\"@type\":\"WebSite\",\"@id\":\"https:\/\/sbmfc.org.br\/18cbmfc\/#website\",\"url\":\"https:\/\/sbmfc.org.br\/18cbmfc\/\",\"name\":\"18\u00ba CBMFC\",\"description\":\"\",\"publisher\":{\"@id\":\"https:\/\/sbmfc.org.br\/18cbmfc\/#organization\"},\"potentialAction\":[{\"@type\":\"SearchAction\",\"target\":{\"@type\":\"EntryPoint\",\"urlTemplate\":\"https:\/\/sbmfc.org.br\/18cbmfc\/?s={search_term_string}\"},\"query-input\":{\"@type\":\"PropertyValueSpecification\",\"valueRequired\":true,\"valueName\":\"search_term_string\"}}],\"inLanguage\":\"pt-BR\"},{\"@type\":\"Organization\",\"@id\":\"https:\/\/sbmfc.org.br\/18cbmfc\/#organization\",\"name\":\"18\u00ba CBMFC\",\"url\":\"https:\/\/sbmfc.org.br\/18cbmfc\/\",\"logo\":{\"@type\":\"ImageObject\",\"inLanguage\":\"pt-BR\",\"@id\":\"https:\/\/sbmfc.org.br\/18cbmfc\/#\/schema\/logo\/image\/\",\"url\":\"https:\/\/sbmfc.org.br\/18cbmfc\/wp-content\/uploads\/2024\/05\/logo.png\",\"contentUrl\":\"https:\/\/sbmfc.org.br\/18cbmfc\/wp-content\/uploads\/2024\/05\/logo.png\",\"width\":510,\"height\":132,\"caption\":\"18\u00ba CBMFC\"},\"image\":{\"@id\":\"https:\/\/sbmfc.org.br\/18cbmfc\/#\/schema\/logo\/image\/\"}}]}<\/script>\n<!-- \/ Yoast SEO plugin. -->","yoast_head_json":{"title":"Passagem e Hospedagem - 18\u00ba CBMFC","robots":{"index":"index","follow":"follow","max-snippet":"max-snippet:-1","max-image-preview":"max-image-preview:large","max-video-preview":"max-video-preview:-1"},"canonical":"https:\/\/sbmfc.org.br\/18cbmfc\/passagem-e-hospedagem\/","og_locale":"pt_BR","og_type":"article","og_title":"Passagem e Hospedagem - 18\u00ba CBMFC","og_description":"Ag\u00eancia Oficial do 18\u00ba CBMFC Para garantir uma experi\u00eancia inesquec\u00edvel no nosso Congresso, a Rogertur, ag\u00eancia oficial do 18\u00ba CBMFC, est\u00e1 \u00e0 sua disposi\u00e7\u00e3o para reservas de passagens e hospedagem. Oferecemos um atendimento personalizado e condi\u00e7\u00f5es especiais. Entre em contato conosco para assegurar a melhor estadia durante o nosso evento. Estamos certos de que sua...","og_url":"https:\/\/sbmfc.org.br\/18cbmfc\/passagem-e-hospedagem\/","og_site_name":"18\u00ba CBMFC","article_modified_time":"2025-06-01T18:01:52+00:00","og_image":[{"url":"https:\/\/sbmfc.org.br\/18cbmfc\/wp-content\/uploads\/2024\/05\/faixa-cores-1024x3.png","type":"","width":"","height":""}],"twitter_card":"summary_large_image","twitter_misc":{"Est. tempo de leitura":"2 minutos"},"schema":{"@context":"https:\/\/schema.org","@graph":[{"@type":"WebPage","@id":"https:\/\/sbmfc.org.br\/18cbmfc\/passagem-e-hospedagem\/","url":"https:\/\/sbmfc.org.br\/18cbmfc\/passagem-e-hospedagem\/","name":"Passagem e Hospedagem - 18\u00ba CBMFC","isPartOf":{"@id":"https:\/\/sbmfc.org.br\/18cbmfc\/#website"},"primaryImageOfPage":{"@id":"https:\/\/sbmfc.org.br\/18cbmfc\/passagem-e-hospedagem\/#primaryimage"},"image":{"@id":"https:\/\/sbmfc.org.br\/18cbmfc\/passagem-e-hospedagem\/#primaryimage"},"thumbnailUrl":"https:\/\/sbmfc.org.br\/18cbmfc\/wp-content\/uploads\/2024\/05\/faixa-cores-1024x3.png","datePublished":"2024-08-06T15:52:41+00:00","dateModified":"2025-06-01T18:01:52+00:00","breadcrumb":{"@id":"https:\/\/sbmfc.org.br\/18cbmfc\/passagem-e-hospedagem\/#breadcrumb"},"inLanguage":"pt-BR","potentialAction":[{"@type":"ReadAction","target":["https:\/\/sbmfc.org.br\/18cbmfc\/passagem-e-hospedagem\/"]}]},{"@type":"ImageObject","inLanguage":"pt-BR","@id":"https:\/\/sbmfc.org.br\/18cbmfc\/passagem-e-hospedagem\/#primaryimage","url":"https:\/\/sbmfc.org.br\/18cbmfc\/wp-content\/uploads\/2024\/05\/faixa-cores.png","contentUrl":"https:\/\/sbmfc.org.br\/18cbmfc\/wp-content\/uploads\/2024\/05\/faixa-cores.png","width":1374,"height":4},{"@type":"BreadcrumbList","@id":"https:\/\/sbmfc.org.br\/18cbmfc\/passagem-e-hospedagem\/#breadcrumb","itemListElement":[{"@type":"ListItem","position":1,"name":"In\u00edcio","item":"https:\/\/sbmfc.org.br\/18cbmfc\/"},{"@type":"ListItem","position":2,"name":"Passagem e Hospedagem"}]},{"@type":"WebSite","@id":"https:\/\/sbmfc.org.br\/18cbmfc\/#website","url":"https:\/\/sbmfc.org.br\/18cbmfc\/","name":"18\u00ba CBMFC","description":"","publisher":{"@id":"https:\/\/sbmfc.org.br\/18cbmfc\/#organization"},"potentialAction":[{"@type":"SearchAction","target":{"@type":"EntryPoint","urlTemplate":"https:\/\/sbmfc.org.br\/18cbmfc\/?s={search_term_string}"},"query-input":{"@type":"PropertyValueSpecification","valueRequired":true,"valueName":"search_term_string"}}],"inLanguage":"pt-BR"},{"@type":"Organization","@id":"https:\/\/sbmfc.org.br\/18cbmfc\/#organization","name":"18\u00ba CBMFC","url":"https:\/\/sbmfc.org.br\/18cbmfc\/","logo":{"@type":"ImageObject","inLanguage":"pt-BR","@id":"https:\/\/sbmfc.org.br\/18cbmfc\/#\/schema\/logo\/image\/","url":"https:\/\/sbmfc.org.br\/18cbmfc\/wp-content\/uploads\/2024\/05\/logo.png","contentUrl":"https:\/\/sbmfc.org.br\/18cbmfc\/wp-content\/uploads\/2024\/05\/logo.png","width":510,"height":132,"caption":"18\u00ba CBMFC"},"image":{"@id":"https:\/\/sbmfc.org.br\/18cbmfc\/#\/schema\/logo\/image\/"}}]}},"_links":{"self":[{"href":"https:\/\/sbmfc.org.br\/18cbmfc\/wp-json\/wp\/v2\/pages\/811","targetHints":{"allow":["GET"]}}],"collection":[{"href":"https:\/\/sbmfc.org.br\/18cbmfc\/wp-json\/wp\/v2\/pages"}],"about":[{"href":"https:\/\/sbmfc.org.br\/18cbmfc\/wp-json\/wp\/v2\/types\/page"}],"author":[{"embeddable":true,"href":"https:\/\/sbmfc.org.br\/18cbmfc\/wp-json\/wp\/v2\/users\/1"}],"replies":[{"embeddable":true,"href":"https:\/\/sbmfc.org.br\/18cbmfc\/wp-json\/wp\/v2\/comments?post=811"}],"version-history":[{"count":37,"href":"https:\/\/sbmfc.org.br\/18cbmfc\/wp-json\/wp\/v2\/pages\/811\/revisions"}],"predecessor-version":[{"id":2116,"href":"https:\/\/sbmfc.org.br\/18cbmfc\/wp-json\/wp\/v2\/pages\/811\/revisions\/2116"}],"wp:attachment":[{"href":"https:\/\/sbmfc.org.br\/18cbmfc\/wp-json\/wp\/v2\/media?parent=811"}],"curies":[{"name":"wp","href":"https:\/\/api.w.org\/{rel}","templated":true}]}}