{"id":578,"date":"2024-06-12T16:46:56","date_gmt":"2024-06-12T19:46:56","guid":{"rendered":"https:\/\/sbmfc.org.br\/18cbmfc\/?page_id=578"},"modified":"2025-05-19T13:33:08","modified_gmt":"2025-05-19T16:33:08","slug":"local-do-evento","status":"publish","type":"page","link":"https:\/\/sbmfc.org.br\/18cbmfc\/local-do-evento\/","title":{"rendered":"Local do Evento"},"content":{"rendered":"\t\t<div data-elementor-type=\"wp-page\" data-elementor-id=\"578\" class=\"elementor elementor-578\" data-elementor-post-type=\"page\">\n\t\t\t\t<div class=\"elementor-element elementor-element-69471ce e-flex e-con-boxed e-con e-parent\" data-id=\"69471ce\" data-element_type=\"container\">\n\t\t\t\t\t<div class=\"e-con-inner\">\n\t\t\t\t<div class=\"elementor-element elementor-element-21dadc4 elementor-widget elementor-widget-heading\" data-id=\"21dadc4\" data-element_type=\"widget\" data-widget_type=\"heading.default\">\n\t\t\t\t<div class=\"elementor-widget-container\">\n\t\t\t\t\t<h2 class=\"elementor-heading-title elementor-size-default\">Local do Evento<\/h2>\t\t\t\t<\/div>\n\t\t\t\t<\/div>\n\t\t\t\t\t<\/div>\n\t\t\t\t<\/div>\n\t\t<div class=\"elementor-element elementor-element-a67cd5f e-flex e-con-boxed e-con e-parent\" data-id=\"a67cd5f\" data-element_type=\"container\">\n\t\t\t\t\t<div class=\"e-con-inner\">\n\t\t\t\t<div class=\"elementor-element elementor-element-9875cb7 elementor-widget elementor-widget-image\" data-id=\"9875cb7\" data-element_type=\"widget\" data-widget_type=\"image.default\">\n\t\t\t\t<div class=\"elementor-widget-container\">\n\t\t\t\t\t\t\t\t\t\t\t\t\t\t\t<img fetchpriority=\"high\" decoding=\"async\" width=\"1010\" height=\"550\" src=\"https:\/\/sbmfc.org.br\/18cbmfc\/wp-content\/uploads\/2024\/06\/banner-local-evento.png\" class=\"attachment-full size-full wp-image-586\" alt=\"\" srcset=\"https:\/\/sbmfc.org.br\/18cbmfc\/wp-content\/uploads\/2024\/06\/banner-local-evento.png 1010w, https:\/\/sbmfc.org.br\/18cbmfc\/wp-content\/uploads\/2024\/06\/banner-local-evento-300x163.png 300w, https:\/\/sbmfc.org.br\/18cbmfc\/wp-content\/uploads\/2024\/06\/banner-local-evento-768x418.png 768w\" sizes=\"(max-width: 1010px) 100vw, 1010px\" \/>\t\t\t\t\t\t\t\t\t\t\t\t\t\t\t<\/div>\n\t\t\t\t<\/div>\n\t\t\t\t\t<\/div>\n\t\t\t\t<\/div>\n\t\t<div class=\"elementor-element elementor-element-88084db e-flex e-con-boxed e-con e-parent\" data-id=\"88084db\" data-element_type=\"container\">\n\t\t\t\t\t<div class=\"e-con-inner\">\n\t\t<div class=\"elementor-element elementor-element-f378089 e-con-full e-flex e-con e-child\" data-id=\"f378089\" data-element_type=\"container\">\n\t\t\t\t<div class=\"elementor-element elementor-element-c58eb94 elementor-widget elementor-widget-google_maps\" data-id=\"c58eb94\" data-element_type=\"widget\" data-widget_type=\"google_maps.default\">\n\t\t\t\t<div class=\"elementor-widget-container\">\n\t\t\t\t\t\t\t<div class=\"elementor-custom-embed\">\n\t\t\t<iframe loading=\"lazy\"\n\t\t\t\t\tsrc=\"https:\/\/maps.google.com\/maps?q=Av.%20Constantino%20Nery%2C%205001%20-%20Flores&#038;t=m&#038;z=16&#038;output=embed&#038;iwloc=near\"\n\t\t\t\t\ttitle=\"Av. Constantino Nery, 5001 - Flores\"\n\t\t\t\t\taria-label=\"Av. Constantino Nery, 5001 - Flores\"\n\t\t\t><\/iframe>\n\t\t<\/div>\n\t\t\t\t\t\t<\/div>\n\t\t\t\t<\/div>\n\t\t\t\t<\/div>\n\t\t<div class=\"elementor-element elementor-element-3446790 e-con-full e-flex e-con e-child\" data-id=\"3446790\" data-element_type=\"container\">\n\t\t<div class=\"elementor-element elementor-element-a3e3ba1 e-grid e-con-boxed e-con e-child\" data-id=\"a3e3ba1\" data-element_type=\"container\">\n\t\t\t\t\t<div class=\"e-con-inner\">\n\t\t\t\t<div class=\"elementor-element elementor-element-617a0a6 elementor-widget elementor-widget-heading\" data-id=\"617a0a6\" data-element_type=\"widget\" data-widget_type=\"heading.default\">\n\t\t\t\t<div class=\"elementor-widget-container\">\n\t\t\t\t\t<h2 class=\"elementor-heading-title elementor-size-default\">Centro de Conven\u00e7\u00f5es Vasco Vasques<\/h2>\t\t\t\t<\/div>\n\t\t\t\t<\/div>\n\t\t\t\t<div class=\"elementor-element elementor-element-965473d elementor-widget elementor-widget-text-editor\" data-id=\"965473d\" data-element_type=\"widget\" data-widget_type=\"text-editor.default\">\n\t\t\t\t<div class=\"elementor-widget-container\">\n\t\t\t\t\t\t\t\t\t<p>Endere\u00e7o: Av. Constantino Nery, 5001, Flores, esquina com Av. Pedro Teixeira &#8211; Manaus\/AM &#8211; CEP: 69058-795<\/p><p><strong style=\"color: red;\">ATEN\u00c7\u00c3O! O acesso ao evento ser\u00e1 realizado pela Av. Pedro Teixeira.<\/strong><\/p>\t\t\t\t\t\t\t\t<\/div>\n\t\t\t\t<\/div>\n\t\t\t\t<div class=\"elementor-element elementor-element-3b7c9e5 elementor-widget elementor-widget-button\" data-id=\"3b7c9e5\" data-element_type=\"widget\" data-widget_type=\"button.default\">\n\t\t\t\t<div class=\"elementor-widget-container\">\n\t\t\t\t\t\t\t\t\t<div class=\"elementor-button-wrapper\">\n\t\t\t\t\t<a class=\"elementor-button elementor-button-link elementor-size-sm\" href=\"https:\/\/maps.app.goo.gl\/hv2fSvcV6Gmt856y9\" target=\"_blank\">\n\t\t\t\t\t\t<span class=\"elementor-button-content-wrapper\">\n\t\t\t\t\t\t\t\t\t<span class=\"elementor-button-text\">Ver Mapa<\/span>\n\t\t\t\t\t<\/span>\n\t\t\t\t\t<\/a>\n\t\t\t\t<\/div>\n\t\t\t\t\t\t\t\t<\/div>\n\t\t\t\t<\/div>\n\t\t\t\t\t<\/div>\n\t\t\t\t<\/div>\n\t\t\t\t<\/div>\n\t\t\t\t\t<\/div>\n\t\t\t\t<\/div>\n\t\t\t\t<\/div>\n\t\t","protected":false},"excerpt":{"rendered":"<p>Local do Evento Centro de Conven\u00e7\u00f5es Vasco Vasques Endere\u00e7o: Av. Constantino Nery, 5001, Flores, esquina com Av. Pedro Teixeira &#8211; Manaus\/AM &#8211; CEP: 69058-795 ATEN\u00c7\u00c3O! O acesso ao evento ser\u00e1 realizado pela Av. Pedro Teixeira. Ver Mapa<\/p>\n","protected":false},"author":1,"featured_media":0,"parent":0,"menu_order":0,"comment_status":"closed","ping_status":"closed","template":"elementor_header_footer","meta":{"inline_featured_image":false,"footnotes":""},"class_list":["post-578","page","type-page","status-publish","hentry"],"yoast_head":"<!-- This site is optimized with the Yoast SEO plugin v26.3 - https:\/\/yoast.com\/wordpress\/plugins\/seo\/ -->\n<title>Local do Evento - 18\u00ba CBMFC<\/title>\n<meta name=\"robots\" content=\"index, follow, max-snippet:-1, max-image-preview:large, max-video-preview:-1\" \/>\n<link rel=\"canonical\" href=\"https:\/\/sbmfc.org.br\/18cbmfc\/local-do-evento\/\" \/>\n<meta property=\"og:locale\" content=\"pt_BR\" \/>\n<meta property=\"og:type\" content=\"article\" \/>\n<meta property=\"og:title\" content=\"Local do Evento - 18\u00ba CBMFC\" \/>\n<meta property=\"og:description\" content=\"Local do Evento Centro de Conven\u00e7\u00f5es Vasco Vasques Endere\u00e7o: Av. Constantino Nery, 5001, Flores, esquina com Av. Pedro Teixeira &#8211; Manaus\/AM &#8211; CEP: 69058-795 ATEN\u00c7\u00c3O! O acesso ao evento ser\u00e1 realizado pela Av. Pedro Teixeira. Ver Mapa\" \/>\n<meta property=\"og:url\" content=\"https:\/\/sbmfc.org.br\/18cbmfc\/local-do-evento\/\" \/>\n<meta property=\"og:site_name\" content=\"18\u00ba CBMFC\" \/>\n<meta property=\"article:modified_time\" content=\"2025-05-19T16:33:08+00:00\" \/>\n<meta property=\"og:image\" content=\"https:\/\/sbmfc.org.br\/18cbmfc\/wp-content\/uploads\/2024\/06\/banner-local-evento.png\" \/>\n<meta name=\"twitter:card\" content=\"summary_large_image\" \/>\n<meta name=\"twitter:label1\" content=\"Est. tempo de leitura\" \/>\n\t<meta name=\"twitter:data1\" content=\"1 minuto\" \/>\n<script type=\"application\/ld+json\" class=\"yoast-schema-graph\">{\"@context\":\"https:\/\/schema.org\",\"@graph\":[{\"@type\":\"WebPage\",\"@id\":\"https:\/\/sbmfc.org.br\/18cbmfc\/local-do-evento\/\",\"url\":\"https:\/\/sbmfc.org.br\/18cbmfc\/local-do-evento\/\",\"name\":\"Local do Evento - 18\u00ba CBMFC\",\"isPartOf\":{\"@id\":\"https:\/\/sbmfc.org.br\/18cbmfc\/#website\"},\"primaryImageOfPage\":{\"@id\":\"https:\/\/sbmfc.org.br\/18cbmfc\/local-do-evento\/#primaryimage\"},\"image\":{\"@id\":\"https:\/\/sbmfc.org.br\/18cbmfc\/local-do-evento\/#primaryimage\"},\"thumbnailUrl\":\"https:\/\/sbmfc.org.br\/18cbmfc\/wp-content\/uploads\/2024\/06\/banner-local-evento.png\",\"datePublished\":\"2024-06-12T19:46:56+00:00\",\"dateModified\":\"2025-05-19T16:33:08+00:00\",\"breadcrumb\":{\"@id\":\"https:\/\/sbmfc.org.br\/18cbmfc\/local-do-evento\/#breadcrumb\"},\"inLanguage\":\"pt-BR\",\"potentialAction\":[{\"@type\":\"ReadAction\",\"target\":[\"https:\/\/sbmfc.org.br\/18cbmfc\/local-do-evento\/\"]}]},{\"@type\":\"ImageObject\",\"inLanguage\":\"pt-BR\",\"@id\":\"https:\/\/sbmfc.org.br\/18cbmfc\/local-do-evento\/#primaryimage\",\"url\":\"https:\/\/sbmfc.org.br\/18cbmfc\/wp-content\/uploads\/2024\/06\/banner-local-evento.png\",\"contentUrl\":\"https:\/\/sbmfc.org.br\/18cbmfc\/wp-content\/uploads\/2024\/06\/banner-local-evento.png\",\"width\":1010,\"height\":550},{\"@type\":\"BreadcrumbList\",\"@id\":\"https:\/\/sbmfc.org.br\/18cbmfc\/local-do-evento\/#breadcrumb\",\"itemListElement\":[{\"@type\":\"ListItem\",\"position\":1,\"name\":\"In\u00edcio\",\"item\":\"https:\/\/sbmfc.org.br\/18cbmfc\/\"},{\"@type\":\"ListItem\",\"position\":2,\"name\":\"Local do Evento\"}]},{\"@type\":\"WebSite\",\"@id\":\"https:\/\/sbmfc.org.br\/18cbmfc\/#website\",\"url\":\"https:\/\/sbmfc.org.br\/18cbmfc\/\",\"name\":\"18\u00ba CBMFC\",\"description\":\"\",\"publisher\":{\"@id\":\"https:\/\/sbmfc.org.br\/18cbmfc\/#organization\"},\"potentialAction\":[{\"@type\":\"SearchAction\",\"target\":{\"@type\":\"EntryPoint\",\"urlTemplate\":\"https:\/\/sbmfc.org.br\/18cbmfc\/?s={search_term_string}\"},\"query-input\":{\"@type\":\"PropertyValueSpecification\",\"valueRequired\":true,\"valueName\":\"search_term_string\"}}],\"inLanguage\":\"pt-BR\"},{\"@type\":\"Organization\",\"@id\":\"https:\/\/sbmfc.org.br\/18cbmfc\/#organization\",\"name\":\"18\u00ba CBMFC\",\"url\":\"https:\/\/sbmfc.org.br\/18cbmfc\/\",\"logo\":{\"@type\":\"ImageObject\",\"inLanguage\":\"pt-BR\",\"@id\":\"https:\/\/sbmfc.org.br\/18cbmfc\/#\/schema\/logo\/image\/\",\"url\":\"https:\/\/sbmfc.org.br\/18cbmfc\/wp-content\/uploads\/2024\/05\/logo.png\",\"contentUrl\":\"https:\/\/sbmfc.org.br\/18cbmfc\/wp-content\/uploads\/2024\/05\/logo.png\",\"width\":510,\"height\":132,\"caption\":\"18\u00ba CBMFC\"},\"image\":{\"@id\":\"https:\/\/sbmfc.org.br\/18cbmfc\/#\/schema\/logo\/image\/\"}}]}<\/script>\n<!-- \/ Yoast SEO plugin. -->","yoast_head_json":{"title":"Local do Evento - 18\u00ba CBMFC","robots":{"index":"index","follow":"follow","max-snippet":"max-snippet:-1","max-image-preview":"max-image-preview:large","max-video-preview":"max-video-preview:-1"},"canonical":"https:\/\/sbmfc.org.br\/18cbmfc\/local-do-evento\/","og_locale":"pt_BR","og_type":"article","og_title":"Local do Evento - 18\u00ba CBMFC","og_description":"Local do Evento Centro de Conven\u00e7\u00f5es Vasco Vasques Endere\u00e7o: Av. Constantino Nery, 5001, Flores, esquina com Av. Pedro Teixeira &#8211; Manaus\/AM &#8211; CEP: 69058-795 ATEN\u00c7\u00c3O! O acesso ao evento ser\u00e1 realizado pela Av. Pedro Teixeira. Ver Mapa","og_url":"https:\/\/sbmfc.org.br\/18cbmfc\/local-do-evento\/","og_site_name":"18\u00ba CBMFC","article_modified_time":"2025-05-19T16:33:08+00:00","og_image":[{"url":"https:\/\/sbmfc.org.br\/18cbmfc\/wp-content\/uploads\/2024\/06\/banner-local-evento.png","type":"","width":"","height":""}],"twitter_card":"summary_large_image","twitter_misc":{"Est. tempo de leitura":"1 minuto"},"schema":{"@context":"https:\/\/schema.org","@graph":[{"@type":"WebPage","@id":"https:\/\/sbmfc.org.br\/18cbmfc\/local-do-evento\/","url":"https:\/\/sbmfc.org.br\/18cbmfc\/local-do-evento\/","name":"Local do Evento - 18\u00ba CBMFC","isPartOf":{"@id":"https:\/\/sbmfc.org.br\/18cbmfc\/#website"},"primaryImageOfPage":{"@id":"https:\/\/sbmfc.org.br\/18cbmfc\/local-do-evento\/#primaryimage"},"image":{"@id":"https:\/\/sbmfc.org.br\/18cbmfc\/local-do-evento\/#primaryimage"},"thumbnailUrl":"https:\/\/sbmfc.org.br\/18cbmfc\/wp-content\/uploads\/2024\/06\/banner-local-evento.png","datePublished":"2024-06-12T19:46:56+00:00","dateModified":"2025-05-19T16:33:08+00:00","breadcrumb":{"@id":"https:\/\/sbmfc.org.br\/18cbmfc\/local-do-evento\/#breadcrumb"},"inLanguage":"pt-BR","potentialAction":[{"@type":"ReadAction","target":["https:\/\/sbmfc.org.br\/18cbmfc\/local-do-evento\/"]}]},{"@type":"ImageObject","inLanguage":"pt-BR","@id":"https:\/\/sbmfc.org.br\/18cbmfc\/local-do-evento\/#primaryimage","url":"https:\/\/sbmfc.org.br\/18cbmfc\/wp-content\/uploads\/2024\/06\/banner-local-evento.png","contentUrl":"https:\/\/sbmfc.org.br\/18cbmfc\/wp-content\/uploads\/2024\/06\/banner-local-evento.png","width":1010,"height":550},{"@type":"BreadcrumbList","@id":"https:\/\/sbmfc.org.br\/18cbmfc\/local-do-evento\/#breadcrumb","itemListElement":[{"@type":"ListItem","position":1,"name":"In\u00edcio","item":"https:\/\/sbmfc.org.br\/18cbmfc\/"},{"@type":"ListItem","position":2,"name":"Local do Evento"}]},{"@type":"WebSite","@id":"https:\/\/sbmfc.org.br\/18cbmfc\/#website","url":"https:\/\/sbmfc.org.br\/18cbmfc\/","name":"18\u00ba CBMFC","description":"","publisher":{"@id":"https:\/\/sbmfc.org.br\/18cbmfc\/#organization"},"potentialAction":[{"@type":"SearchAction","target":{"@type":"EntryPoint","urlTemplate":"https:\/\/sbmfc.org.br\/18cbmfc\/?s={search_term_string}"},"query-input":{"@type":"PropertyValueSpecification","valueRequired":true,"valueName":"search_term_string"}}],"inLanguage":"pt-BR"},{"@type":"Organization","@id":"https:\/\/sbmfc.org.br\/18cbmfc\/#organization","name":"18\u00ba CBMFC","url":"https:\/\/sbmfc.org.br\/18cbmfc\/","logo":{"@type":"ImageObject","inLanguage":"pt-BR","@id":"https:\/\/sbmfc.org.br\/18cbmfc\/#\/schema\/logo\/image\/","url":"https:\/\/sbmfc.org.br\/18cbmfc\/wp-content\/uploads\/2024\/05\/logo.png","contentUrl":"https:\/\/sbmfc.org.br\/18cbmfc\/wp-content\/uploads\/2024\/05\/logo.png","width":510,"height":132,"caption":"18\u00ba CBMFC"},"image":{"@id":"https:\/\/sbmfc.org.br\/18cbmfc\/#\/schema\/logo\/image\/"}}]}},"_links":{"self":[{"href":"https:\/\/sbmfc.org.br\/18cbmfc\/wp-json\/wp\/v2\/pages\/578","targetHints":{"allow":["GET"]}}],"collection":[{"href":"https:\/\/sbmfc.org.br\/18cbmfc\/wp-json\/wp\/v2\/pages"}],"about":[{"href":"https:\/\/sbmfc.org.br\/18cbmfc\/wp-json\/wp\/v2\/types\/page"}],"author":[{"embeddable":true,"href":"https:\/\/sbmfc.org.br\/18cbmfc\/wp-json\/wp\/v2\/users\/1"}],"replies":[{"embeddable":true,"href":"https:\/\/sbmfc.org.br\/18cbmfc\/wp-json\/wp\/v2\/comments?post=578"}],"version-history":[{"count":25,"href":"https:\/\/sbmfc.org.br\/18cbmfc\/wp-json\/wp\/v2\/pages\/578\/revisions"}],"predecessor-version":[{"id":1913,"href":"https:\/\/sbmfc.org.br\/18cbmfc\/wp-json\/wp\/v2\/pages\/578\/revisions\/1913"}],"wp:attachment":[{"href":"https:\/\/sbmfc.org.br\/18cbmfc\/wp-json\/wp\/v2\/media?parent=578"}],"curies":[{"name":"wp","href":"https:\/\/api.w.org\/{rel}","templated":true}]}}