{"id":2122,"date":"2025-06-02T15:21:09","date_gmt":"2025-06-02T18:21:09","guid":{"rendered":"https:\/\/sbmfc.org.br\/18cbmfc\/?page_id=2122"},"modified":"2025-06-03T19:15:08","modified_gmt":"2025-06-03T22:15:08","slug":"programacao-cultural","status":"publish","type":"page","link":"https:\/\/sbmfc.org.br\/18cbmfc\/programacao-cultural\/","title":{"rendered":"Programa\u00e7\u00e3o Cultural"},"content":{"rendered":"\t\t<div data-elementor-type=\"wp-page\" data-elementor-id=\"2122\" class=\"elementor elementor-2122\" data-elementor-post-type=\"page\">\n\t\t\t\t<div class=\"elementor-element elementor-element-f01d076 e-flex e-con-boxed e-con e-parent\" data-id=\"f01d076\" data-element_type=\"container\">\n\t\t\t\t\t<div class=\"e-con-inner\">\n\t\t<div class=\"elementor-element elementor-element-2217881 e-con-full e-flex e-con e-child\" data-id=\"2217881\" data-element_type=\"container\">\n\t\t\t\t<div class=\"elementor-element elementor-element-b046afb elementor-widget elementor-widget-heading\" data-id=\"b046afb\" data-element_type=\"widget\" data-widget_type=\"heading.default\">\n\t\t\t\t<div class=\"elementor-widget-container\">\n\t\t\t\t\t<h1 class=\"elementor-heading-title elementor-size-default\">Programa\u00e7\u00e3o Cultural<\/h1>\t\t\t\t<\/div>\n\t\t\t\t<\/div>\n\t\t\t\t<\/div>\n\t\t<div class=\"elementor-element elementor-element-cf3dd2d e-con-full e-flex e-con e-child\" data-id=\"cf3dd2d\" data-element_type=\"container\">\n\t\t\t\t<div class=\"elementor-element elementor-element-4765db3 elementor-widget elementor-widget-image\" data-id=\"4765db3\" data-element_type=\"widget\" data-widget_type=\"image.default\">\n\t\t\t\t<div class=\"elementor-widget-container\">\n\t\t\t\t\t\t\t\t\t\t\t\t\t\t\t<img decoding=\"async\" width=\"1374\" height=\"4\" src=\"https:\/\/sbmfc.org.br\/18cbmfc\/wp-content\/uploads\/2024\/05\/faixa-cores.png\" class=\"attachment-full size-full wp-image-156\" alt=\"\" srcset=\"https:\/\/sbmfc.org.br\/18cbmfc\/wp-content\/uploads\/2024\/05\/faixa-cores.png 1374w, https:\/\/sbmfc.org.br\/18cbmfc\/wp-content\/uploads\/2024\/05\/faixa-cores-300x1.png 300w, https:\/\/sbmfc.org.br\/18cbmfc\/wp-content\/uploads\/2024\/05\/faixa-cores-1024x3.png 1024w, https:\/\/sbmfc.org.br\/18cbmfc\/wp-content\/uploads\/2024\/05\/faixa-cores-768x2.png 768w\" sizes=\"(max-width: 1374px) 100vw, 1374px\" \/>\t\t\t\t\t\t\t\t\t\t\t\t\t\t\t<\/div>\n\t\t\t\t<\/div>\n\t\t\t\t<\/div>\n\t\t\t\t\t<\/div>\n\t\t\t\t<\/div>\n\t\t<div class=\"elementor-element elementor-element-09be408 e-flex e-con-boxed e-con e-parent\" data-id=\"09be408\" data-element_type=\"container\">\n\t\t\t\t\t<div class=\"e-con-inner\">\n\t\t\t\t<div class=\"elementor-element elementor-element-12b3612 elementor-widget elementor-widget-text-editor\" data-id=\"12b3612\" data-element_type=\"widget\" data-widget_type=\"text-editor.default\">\n\t\t\t\t<div class=\"elementor-widget-container\">\n\t\t\t\t\t\t\t\t\t<p><strong>Data: 05\/06 \u2013 19h &#8211; Cerim\u00f4nia de Abertura <\/strong><\/p><p><strong>Hor\u00e1rio: 19h <\/strong><\/p><ul><li>Ritual de Defuma\u00e7\u00e3o e Benzimentos Tradicionais \u2013 Experi\u00eancia conduzida por paj\u00e9s e benzedeiras para conex\u00e3o espiritual e equil\u00edbrio energ\u00e9tico.<\/li><li>Performances de dan\u00e7a do projeto Trend Move \/ Desfile de Moda Ind\u00edgena &#8211; Curadoria especial com estilistas e comunidades ind\u00edgenas pelo projeto Ressig do Instituto Amazonic Trend.<\/li><li>Coquetel com Apresenta\u00e7\u00e3o de PA Chaves e bois Garantido\u00a0e\u00a0Caprichoso.<\/li><\/ul><p><strong><br \/>Data: 05\/06, 06\/06 e 07\/06 &#8211; 12h \u00e0s 14h<\/strong><\/p><ul><li>Apresenta\u00e7\u00f5es Individuais de Folclore do Boi-Bumb\u00e1 nos Intervalos<\/li><li>Performances musicais e intera\u00e7\u00f5es com o p\u00fablico destacando a tradi\u00e7\u00e3o do Boi-Bumb\u00e1.<\/li><\/ul><p><strong><br \/>Data: 06\/06 e 07\/06 &#8211; 14h \u00e0s 16h<\/strong><\/p><ul><li>Interven\u00e7\u00f5es Teatrais e Conta\u00e7\u00e3o de Hist\u00f3rias \u2013 Narrativas sobre mitos amaz\u00f4nicos e medicina tradicional, intercalando arte e conhecimento popular.<\/li><li>Participa\u00e7\u00e3o do Bahserikowi &#8211; Centro de Medicina Ind\u00edgena.<\/li><li>Participa\u00e7\u00e3o da ReciproLab Colaborativa com as suas iniciativas sustent\u00e1veis.<\/li><\/ul><p><strong><br \/>Data: 06\/06 \u2013 10h \u00e0s 16h<\/strong><\/p><ul><li>Live Painting (pintura ao vivo) de telas grafitadas com grafismos e s\u00edmbolos regionais.<\/li><\/ul><p><strong><br \/>Data: 08\/06 \u2013 12h &#8211; Encerramento<\/strong><\/p><ul><li>Apresenta\u00e7\u00e3o do Grupo Wotchima\u00fcc\u00fc Tikuna<\/li><\/ul>\t\t\t\t\t\t\t\t<\/div>\n\t\t\t\t<\/div>\n\t\t\t\t\t<\/div>\n\t\t\t\t<\/div>\n\t\t<div class=\"elementor-element elementor-element-c884184 e-flex e-con-boxed e-con e-parent\" data-id=\"c884184\" data-element_type=\"container\">\n\t\t\t\t\t<div class=\"e-con-inner\">\n\t\t\t\t<div class=\"elementor-element elementor-element-b7bd8ff elementor-widget elementor-widget-html\" data-id=\"b7bd8ff\" data-element_type=\"widget\" data-widget_type=\"html.default\">\n\t\t\t\t<div class=\"elementor-widget-container\">\n\t\t\t\t\t<span class=\"show-only-mobile\">Em dispositivos m\u00f3veis, utilize a barra de rolagem horizontal abaixo das tabelas para visualizar todo o conte\u00fado.<\/span>\r\n<table>\r\n\t<tr>\r\n\t\t<td style=\"text-align: center; font-weight: bold;\" colspan=\"5\">PROGRAMA\u00c7\u00c3O TENDA PUXIRIM<\/td>\r\n\t<\/tr>\r\n\t<tr>\r\n\t\t<td style=\"text-align: center; width: 15%;\"><\/td>\r\n\t\t<td style=\"text-align: center; font-weight: bold;\">05\/06 (qui)<\/td>\r\n\t\t<td style=\"text-align: center; font-weight: bold;\">06\/06 (sex)<\/td>\r\n\t\t<td style=\"text-align: center; font-weight: bold;\">07\/06 (s\u00e1b)<\/td>\r\n\t\t<td style=\"text-align: center; font-weight: bold;\">08\/06 (dom)<\/td>\r\n\t<\/tr>\r\n\t<tr>\r\n\t\t<td style=\"text-align: center; font-weight: bold;\">08:30 - 10:00<\/td>\r\n\t\t<td style=\"text-align: center;\">Mini Document\u00e1rio Vozes Espec\u00edficas: \u201cO que precisa mudar parar garantir um\r\n\t\t\tcuidado que seja antirracista,\r\n\t\t\ttransinclusivo e decolonial?\u201d\r\n\t\t<\/td>\r\n\t\t<td style=\"text-align: center;\">Arte & Sa\u00fade: expressando o cuidado atrav\u00e9s da arte<\/td>\r\n\t\t<td style=\"text-align: center;\">Conselho de Sa\u00fade e Movimentos Sociais<\/td>\r\n\t\t<td style=\"text-align: center;\">CSA Manaus - sa\u00fade, cultura e agroecologia <\/td>\r\n\t<\/tr>\r\n\t<tr>\r\n\t\t<td style=\"text-align: center; font-weight: bold;\">10:30 - 12:00<\/td>\r\n\t\t<td style=\"text-align: center;\">\"N\u00e3o basta tratar, \u00e9 preciso escolher lados: racismo ambiental e a sa\u00fade como\r\n\t\t\tcampo de luta: A Rede Emancipa provoca: Podemos ser s\u00f3 'curativos' numa sociedade que fabrica\r\n\t\t\tdoen\u00e7as?\"<\/td>\r\n\t\t<td style=\"text-align: center;\">Momento Livre<\/td>\r\n\t\t<td style=\"text-align: center;\">\"GT Sa\u00fade Ind\u00edgena Projeto: Exposi\u00e7\u00e3o fotogr\u00e1fica: interfaces entre ci\u00eancia e\r\n\t\t\tancestralidade\"<\/td>\r\n\t\t<td style=\"text-align: center;\">GT Sa\u00fade Ind\u00edgena - Crise Clim\u00e1tica, Sa\u00fade e Territ\u00f3rios: Aprendizados Ind\u00edgenas\r\n\t\t\tpara a Medicina de Fam\u00edlia e Comunidade - Membros da LAMSI\r\n\t\t<\/td>\r\n\t<\/tr>\r\n\t<tr>\r\n\t\t<td style=\"text-align: center; font-weight: bold;\">12:00 - 14:00<\/td>\r\n\t\t<td style=\"text-align: center; font-weight: bold;\" colspan=\"3\">INTERVALO ALMO\u00c7O<\/td>\r\n\t\t<td style=\"text-align: center; font-weight: bold;\">ENCERRAMENTO<\/td>\r\n\t<\/tr>\r\n\t<tr>\r\n\t\t<td style=\"text-align: center; font-weight: bold;\">14:00 - 16:00<\/td>\r\n\t\t<td style=\"text-align: center;\">GT Sa\u00fade Ind\u00edgena: Medicinas da Floresta - Jo\u00e3o Paulo Barreto<\/td>\r\n\t\t<td style=\"text-align: center;\">Conta\u00e7\u00e3o de Hist\u00f3rias<\/td>\r\n\t\t<td style=\"text-align: center;\">Conta\u00e7\u00e3o de Hist\u00f3rias<\/td>\r\n\t\t<td style=\"text-align: center;\"><\/td>\r\n\t<\/tr>\r\n\t<tr>\r\n\t\t<td style=\"text-align: center; font-weight: bold;\">16:30 - 18:00<\/td>\r\n\t\t<td style=\"text-align: center;\">Movimento Nacional de Luta por Moradia: Direito \u00e0 cidade, participa\u00e7\u00e3o e como\r\n\t\t\tpotencializar o movimento social\r\n\t\t<\/td>\r\n\t\t<td style=\"text-align: center;\">Jardins Terap\u00eauticos\r\n\t\t\t- um espa\u00e7o de integra\u00e7\u00e3o, bem estar e sustentabilidade<\/td>\r\n\t\t<td style=\"text-align: center;\">Atelieco: Cuidar para Criar - Experi\u00eancia e Afeto<\/td>\r\n\t\t<td style=\"text-align: center;\"><\/td>\r\n\t<\/tr>\r\n\r\n<\/table>\r\n<style>\r\n    table {\r\n        display: block;\r\n        overflow-x: auto;\r\n    }\r\n    td {\r\n        color: black;\r\n        font-size: 12px;\r\n    }\r\n    .show-only-mobile {\r\n        font-size: 12px;\r\n        color: black;\r\n    }\r\n<\/style>\t\t\t\t<\/div>\n\t\t\t\t<\/div>\n\t\t\t\t\t<\/div>\n\t\t\t\t<\/div>\n\t\t\t\t<\/div>\n\t\t","protected":false},"excerpt":{"rendered":"<p>Programa\u00e7\u00e3o Cultural Data: 05\/06 \u2013 19h &#8211; Cerim\u00f4nia de Abertura Hor\u00e1rio: 19h Ritual de Defuma\u00e7\u00e3o e Benzimentos Tradicionais \u2013 Experi\u00eancia conduzida por paj\u00e9s e benzedeiras para conex\u00e3o espiritual e equil\u00edbrio energ\u00e9tico. Performances de dan\u00e7a do projeto Trend Move \/ Desfile de Moda Ind\u00edgena &#8211; Curadoria especial com estilistas e comunidades ind\u00edgenas pelo projeto Ressig do&#8230;<\/p>\n","protected":false},"author":2,"featured_media":0,"parent":0,"menu_order":0,"comment_status":"closed","ping_status":"closed","template":"elementor_header_footer","meta":{"inline_featured_image":false,"footnotes":""},"class_list":["post-2122","page","type-page","status-publish","hentry"],"yoast_head":"<!-- This site is optimized with the Yoast SEO plugin v26.3 - https:\/\/yoast.com\/wordpress\/plugins\/seo\/ -->\n<title>Programa\u00e7\u00e3o Cultural - 18\u00ba CBMFC<\/title>\n<meta name=\"robots\" content=\"index, follow, max-snippet:-1, max-image-preview:large, max-video-preview:-1\" \/>\n<link rel=\"canonical\" href=\"https:\/\/sbmfc.org.br\/18cbmfc\/programacao-cultural\/\" \/>\n<meta property=\"og:locale\" content=\"pt_BR\" \/>\n<meta property=\"og:type\" content=\"article\" \/>\n<meta property=\"og:title\" content=\"Programa\u00e7\u00e3o Cultural - 18\u00ba CBMFC\" \/>\n<meta property=\"og:description\" content=\"Programa\u00e7\u00e3o Cultural Data: 05\/06 \u2013 19h &#8211; Cerim\u00f4nia de Abertura Hor\u00e1rio: 19h Ritual de Defuma\u00e7\u00e3o e Benzimentos Tradicionais \u2013 Experi\u00eancia conduzida por paj\u00e9s e benzedeiras para conex\u00e3o espiritual e equil\u00edbrio energ\u00e9tico. Performances de dan\u00e7a do projeto Trend Move \/ Desfile de Moda Ind\u00edgena &#8211; Curadoria especial com estilistas e comunidades ind\u00edgenas pelo projeto Ressig do...\" \/>\n<meta property=\"og:url\" content=\"https:\/\/sbmfc.org.br\/18cbmfc\/programacao-cultural\/\" \/>\n<meta property=\"og:site_name\" content=\"18\u00ba CBMFC\" \/>\n<meta property=\"article:modified_time\" content=\"2025-06-03T22:15:08+00:00\" \/>\n<meta property=\"og:image\" content=\"https:\/\/sbmfc.org.br\/18cbmfc\/wp-content\/uploads\/2024\/05\/faixa-cores.png\" \/>\n<meta name=\"twitter:card\" content=\"summary_large_image\" \/>\n<meta name=\"twitter:label1\" content=\"Est. tempo de leitura\" \/>\n\t<meta name=\"twitter:data1\" content=\"3 minutos\" \/>\n<script type=\"application\/ld+json\" class=\"yoast-schema-graph\">{\"@context\":\"https:\/\/schema.org\",\"@graph\":[{\"@type\":\"WebPage\",\"@id\":\"https:\/\/sbmfc.org.br\/18cbmfc\/programacao-cultural\/\",\"url\":\"https:\/\/sbmfc.org.br\/18cbmfc\/programacao-cultural\/\",\"name\":\"Programa\u00e7\u00e3o Cultural - 18\u00ba CBMFC\",\"isPartOf\":{\"@id\":\"https:\/\/sbmfc.org.br\/18cbmfc\/#website\"},\"primaryImageOfPage\":{\"@id\":\"https:\/\/sbmfc.org.br\/18cbmfc\/programacao-cultural\/#primaryimage\"},\"image\":{\"@id\":\"https:\/\/sbmfc.org.br\/18cbmfc\/programacao-cultural\/#primaryimage\"},\"thumbnailUrl\":\"https:\/\/sbmfc.org.br\/18cbmfc\/wp-content\/uploads\/2024\/05\/faixa-cores.png\",\"datePublished\":\"2025-06-02T18:21:09+00:00\",\"dateModified\":\"2025-06-03T22:15:08+00:00\",\"breadcrumb\":{\"@id\":\"https:\/\/sbmfc.org.br\/18cbmfc\/programacao-cultural\/#breadcrumb\"},\"inLanguage\":\"pt-BR\",\"potentialAction\":[{\"@type\":\"ReadAction\",\"target\":[\"https:\/\/sbmfc.org.br\/18cbmfc\/programacao-cultural\/\"]}]},{\"@type\":\"ImageObject\",\"inLanguage\":\"pt-BR\",\"@id\":\"https:\/\/sbmfc.org.br\/18cbmfc\/programacao-cultural\/#primaryimage\",\"url\":\"https:\/\/sbmfc.org.br\/18cbmfc\/wp-content\/uploads\/2024\/05\/faixa-cores.png\",\"contentUrl\":\"https:\/\/sbmfc.org.br\/18cbmfc\/wp-content\/uploads\/2024\/05\/faixa-cores.png\",\"width\":1374,\"height\":4},{\"@type\":\"BreadcrumbList\",\"@id\":\"https:\/\/sbmfc.org.br\/18cbmfc\/programacao-cultural\/#breadcrumb\",\"itemListElement\":[{\"@type\":\"ListItem\",\"position\":1,\"name\":\"In\u00edcio\",\"item\":\"https:\/\/sbmfc.org.br\/18cbmfc\/\"},{\"@type\":\"ListItem\",\"position\":2,\"name\":\"Programa\u00e7\u00e3o Cultural\"}]},{\"@type\":\"WebSite\",\"@id\":\"https:\/\/sbmfc.org.br\/18cbmfc\/#website\",\"url\":\"https:\/\/sbmfc.org.br\/18cbmfc\/\",\"name\":\"18\u00ba CBMFC\",\"description\":\"\",\"publisher\":{\"@id\":\"https:\/\/sbmfc.org.br\/18cbmfc\/#organization\"},\"potentialAction\":[{\"@type\":\"SearchAction\",\"target\":{\"@type\":\"EntryPoint\",\"urlTemplate\":\"https:\/\/sbmfc.org.br\/18cbmfc\/?s={search_term_string}\"},\"query-input\":{\"@type\":\"PropertyValueSpecification\",\"valueRequired\":true,\"valueName\":\"search_term_string\"}}],\"inLanguage\":\"pt-BR\"},{\"@type\":\"Organization\",\"@id\":\"https:\/\/sbmfc.org.br\/18cbmfc\/#organization\",\"name\":\"18\u00ba CBMFC\",\"url\":\"https:\/\/sbmfc.org.br\/18cbmfc\/\",\"logo\":{\"@type\":\"ImageObject\",\"inLanguage\":\"pt-BR\",\"@id\":\"https:\/\/sbmfc.org.br\/18cbmfc\/#\/schema\/logo\/image\/\",\"url\":\"https:\/\/sbmfc.org.br\/18cbmfc\/wp-content\/uploads\/2024\/05\/logo.png\",\"contentUrl\":\"https:\/\/sbmfc.org.br\/18cbmfc\/wp-content\/uploads\/2024\/05\/logo.png\",\"width\":510,\"height\":132,\"caption\":\"18\u00ba CBMFC\"},\"image\":{\"@id\":\"https:\/\/sbmfc.org.br\/18cbmfc\/#\/schema\/logo\/image\/\"}}]}<\/script>\n<!-- \/ Yoast SEO plugin. -->","yoast_head_json":{"title":"Programa\u00e7\u00e3o Cultural - 18\u00ba CBMFC","robots":{"index":"index","follow":"follow","max-snippet":"max-snippet:-1","max-image-preview":"max-image-preview:large","max-video-preview":"max-video-preview:-1"},"canonical":"https:\/\/sbmfc.org.br\/18cbmfc\/programacao-cultural\/","og_locale":"pt_BR","og_type":"article","og_title":"Programa\u00e7\u00e3o Cultural - 18\u00ba CBMFC","og_description":"Programa\u00e7\u00e3o Cultural Data: 05\/06 \u2013 19h &#8211; Cerim\u00f4nia de Abertura Hor\u00e1rio: 19h Ritual de Defuma\u00e7\u00e3o e Benzimentos Tradicionais \u2013 Experi\u00eancia conduzida por paj\u00e9s e benzedeiras para conex\u00e3o espiritual e equil\u00edbrio energ\u00e9tico. Performances de dan\u00e7a do projeto Trend Move \/ Desfile de Moda Ind\u00edgena &#8211; Curadoria especial com estilistas e comunidades ind\u00edgenas pelo projeto Ressig do...","og_url":"https:\/\/sbmfc.org.br\/18cbmfc\/programacao-cultural\/","og_site_name":"18\u00ba CBMFC","article_modified_time":"2025-06-03T22:15:08+00:00","og_image":[{"url":"https:\/\/sbmfc.org.br\/18cbmfc\/wp-content\/uploads\/2024\/05\/faixa-cores.png","type":"","width":"","height":""}],"twitter_card":"summary_large_image","twitter_misc":{"Est. tempo de leitura":"3 minutos"},"schema":{"@context":"https:\/\/schema.org","@graph":[{"@type":"WebPage","@id":"https:\/\/sbmfc.org.br\/18cbmfc\/programacao-cultural\/","url":"https:\/\/sbmfc.org.br\/18cbmfc\/programacao-cultural\/","name":"Programa\u00e7\u00e3o Cultural - 18\u00ba CBMFC","isPartOf":{"@id":"https:\/\/sbmfc.org.br\/18cbmfc\/#website"},"primaryImageOfPage":{"@id":"https:\/\/sbmfc.org.br\/18cbmfc\/programacao-cultural\/#primaryimage"},"image":{"@id":"https:\/\/sbmfc.org.br\/18cbmfc\/programacao-cultural\/#primaryimage"},"thumbnailUrl":"https:\/\/sbmfc.org.br\/18cbmfc\/wp-content\/uploads\/2024\/05\/faixa-cores.png","datePublished":"2025-06-02T18:21:09+00:00","dateModified":"2025-06-03T22:15:08+00:00","breadcrumb":{"@id":"https:\/\/sbmfc.org.br\/18cbmfc\/programacao-cultural\/#breadcrumb"},"inLanguage":"pt-BR","potentialAction":[{"@type":"ReadAction","target":["https:\/\/sbmfc.org.br\/18cbmfc\/programacao-cultural\/"]}]},{"@type":"ImageObject","inLanguage":"pt-BR","@id":"https:\/\/sbmfc.org.br\/18cbmfc\/programacao-cultural\/#primaryimage","url":"https:\/\/sbmfc.org.br\/18cbmfc\/wp-content\/uploads\/2024\/05\/faixa-cores.png","contentUrl":"https:\/\/sbmfc.org.br\/18cbmfc\/wp-content\/uploads\/2024\/05\/faixa-cores.png","width":1374,"height":4},{"@type":"BreadcrumbList","@id":"https:\/\/sbmfc.org.br\/18cbmfc\/programacao-cultural\/#breadcrumb","itemListElement":[{"@type":"ListItem","position":1,"name":"In\u00edcio","item":"https:\/\/sbmfc.org.br\/18cbmfc\/"},{"@type":"ListItem","position":2,"name":"Programa\u00e7\u00e3o Cultural"}]},{"@type":"WebSite","@id":"https:\/\/sbmfc.org.br\/18cbmfc\/#website","url":"https:\/\/sbmfc.org.br\/18cbmfc\/","name":"18\u00ba CBMFC","description":"","publisher":{"@id":"https:\/\/sbmfc.org.br\/18cbmfc\/#organization"},"potentialAction":[{"@type":"SearchAction","target":{"@type":"EntryPoint","urlTemplate":"https:\/\/sbmfc.org.br\/18cbmfc\/?s={search_term_string}"},"query-input":{"@type":"PropertyValueSpecification","valueRequired":true,"valueName":"search_term_string"}}],"inLanguage":"pt-BR"},{"@type":"Organization","@id":"https:\/\/sbmfc.org.br\/18cbmfc\/#organization","name":"18\u00ba CBMFC","url":"https:\/\/sbmfc.org.br\/18cbmfc\/","logo":{"@type":"ImageObject","inLanguage":"pt-BR","@id":"https:\/\/sbmfc.org.br\/18cbmfc\/#\/schema\/logo\/image\/","url":"https:\/\/sbmfc.org.br\/18cbmfc\/wp-content\/uploads\/2024\/05\/logo.png","contentUrl":"https:\/\/sbmfc.org.br\/18cbmfc\/wp-content\/uploads\/2024\/05\/logo.png","width":510,"height":132,"caption":"18\u00ba CBMFC"},"image":{"@id":"https:\/\/sbmfc.org.br\/18cbmfc\/#\/schema\/logo\/image\/"}}]}},"_links":{"self":[{"href":"https:\/\/sbmfc.org.br\/18cbmfc\/wp-json\/wp\/v2\/pages\/2122","targetHints":{"allow":["GET"]}}],"collection":[{"href":"https:\/\/sbmfc.org.br\/18cbmfc\/wp-json\/wp\/v2\/pages"}],"about":[{"href":"https:\/\/sbmfc.org.br\/18cbmfc\/wp-json\/wp\/v2\/types\/page"}],"author":[{"embeddable":true,"href":"https:\/\/sbmfc.org.br\/18cbmfc\/wp-json\/wp\/v2\/users\/2"}],"replies":[{"embeddable":true,"href":"https:\/\/sbmfc.org.br\/18cbmfc\/wp-json\/wp\/v2\/comments?post=2122"}],"version-history":[{"count":19,"href":"https:\/\/sbmfc.org.br\/18cbmfc\/wp-json\/wp\/v2\/pages\/2122\/revisions"}],"predecessor-version":[{"id":2161,"href":"https:\/\/sbmfc.org.br\/18cbmfc\/wp-json\/wp\/v2\/pages\/2122\/revisions\/2161"}],"wp:attachment":[{"href":"https:\/\/sbmfc.org.br\/18cbmfc\/wp-json\/wp\/v2\/media?parent=2122"}],"curies":[{"name":"wp","href":"https:\/\/api.w.org\/{rel}","templated":true}]}}