{"id":1703,"date":"2025-04-09T18:27:07","date_gmt":"2025-04-09T21:27:07","guid":{"rendered":"https:\/\/sbmfc.org.br\/18cbmfc\/?page_id=1703"},"modified":"2025-04-09T18:42:10","modified_gmt":"2025-04-09T21:42:10","slug":"lancamentos-de-livros","status":"publish","type":"page","link":"https:\/\/sbmfc.org.br\/18cbmfc\/lancamentos-de-livros\/","title":{"rendered":"Lan\u00e7amentos de Livros"},"content":{"rendered":"\t\t<div data-elementor-type=\"wp-page\" data-elementor-id=\"1703\" class=\"elementor elementor-1703\" data-elementor-post-type=\"page\">\n\t\t\t\t<div class=\"elementor-element elementor-element-c9e4b64 e-flex e-con-boxed e-con e-parent\" data-id=\"c9e4b64\" data-element_type=\"container\">\n\t\t\t\t\t<div class=\"e-con-inner\">\n\t\t\t\t<div class=\"elementor-element elementor-element-cdffd7f elementor-widget elementor-widget-heading\" data-id=\"cdffd7f\" data-element_type=\"widget\" data-widget_type=\"heading.default\">\n\t\t\t\t<div class=\"elementor-widget-container\">\n\t\t\t\t\t<h1 class=\"elementor-heading-title elementor-size-default\">Lan\u00e7amentos de livros no CBMFC<\/h1>\t\t\t\t<\/div>\n\t\t\t\t<\/div>\n\t\t\t\t\t<\/div>\n\t\t\t\t<\/div>\n\t\t<div class=\"elementor-element elementor-element-fceaa1a e-flex e-con-boxed e-con e-parent\" data-id=\"fceaa1a\" data-element_type=\"container\">\n\t\t\t\t\t<div class=\"e-con-inner\">\n\t\t<div class=\"elementor-element elementor-element-4fda2ce e-con-full e-flex e-con e-child\" data-id=\"4fda2ce\" data-element_type=\"container\">\n\t\t\t\t<div class=\"elementor-element elementor-element-8aaac4c elementor-widget elementor-widget-text-editor\" data-id=\"8aaac4c\" data-element_type=\"widget\" data-widget_type=\"text-editor.default\">\n\t\t\t\t<div class=\"elementor-widget-container\">\n\t\t\t\t\t\t\t\t\t<div><div>Nesta edi\u00e7\u00e3o do CBMFC, voc\u00ea ter\u00e1 a oportunidade de expor sua obra para todos\/as participantes do evento.<\/div><div>\u00a0<\/div><div>Ser\u00e3o selecionados cinco livros para lan\u00e7amento durante a programa\u00e7\u00e3o do evento, no estande da SBMFC, em dia e hor\u00e1rios a serem definidos.<\/div><div>\u00a0<\/div><\/div><div><div>A sele\u00e7\u00e3o ficar\u00e1 a cargo da Diretoria Cient\u00edfica da SBMFC e a submiss\u00e3o precisa seguir os requisitos indicados no edital. <a href=\"https:\/\/sbmfc.org.br\/18cbmfc\/wp-content\/uploads\/2025\/04\/edital-lancamentos-de-livros.pdf\" target=\"_blank\" rel=\"noopener\">Baixe aqui.<\/a><\/div><\/div>\t\t\t\t\t\t\t\t<\/div>\n\t\t\t\t<\/div>\n\t\t\t\t<div class=\"elementor-element elementor-element-d2a8f9a elementor-widget elementor-widget-heading\" data-id=\"d2a8f9a\" data-element_type=\"widget\" data-widget_type=\"heading.default\">\n\t\t\t\t<div class=\"elementor-widget-container\">\n\t\t\t\t\t<h2 class=\"elementor-heading-title elementor-size-default\">Fique atento\/a aos prazos:<\/h2>\t\t\t\t<\/div>\n\t\t\t\t<\/div>\n\t\t\t\t<div class=\"elementor-element elementor-element-e46d6e8 elementor-widget elementor-widget-text-editor\" data-id=\"e46d6e8\" data-element_type=\"widget\" data-widget_type=\"text-editor.default\">\n\t\t\t\t<div class=\"elementor-widget-container\">\n\t\t\t\t\t\t\t\t\t<div><div>\u2022 <strong>Abertura das submiss\u00f5es:<\/strong> 14 de abril de 2025<\/div><div>\u2022 <strong>Encerramento das submiss\u00f5es:<\/strong> 12 de maio de 2025<\/div><div>\u2022 <strong>Divulga\u00e7\u00e3o dos resultados:<\/strong> at\u00e9 19 de maio de 2025<\/div><\/div>\t\t\t\t\t\t\t\t<\/div>\n\t\t\t\t<\/div>\n\t\t\t\t<\/div>\n\t\t<div class=\"elementor-element elementor-element-a27d0e2 e-con-full e-flex e-con e-child\" data-id=\"a27d0e2\" data-element_type=\"container\">\n\t\t\t\t<div class=\"elementor-element elementor-element-9bf72ee elementor-widget elementor-widget-image\" data-id=\"9bf72ee\" data-element_type=\"widget\" data-widget_type=\"image.default\">\n\t\t\t\t<div class=\"elementor-widget-container\">\n\t\t\t\t\t\t\t\t\t\t\t\t\t\t\t<img fetchpriority=\"high\" decoding=\"async\" width=\"353\" height=\"495\" src=\"https:\/\/sbmfc.org.br\/18cbmfc\/wp-content\/uploads\/2025\/04\/lancamento-livros.png\" class=\"attachment-large size-large wp-image-1706\" alt=\"\" srcset=\"https:\/\/sbmfc.org.br\/18cbmfc\/wp-content\/uploads\/2025\/04\/lancamento-livros.png 353w, https:\/\/sbmfc.org.br\/18cbmfc\/wp-content\/uploads\/2025\/04\/lancamento-livros-214x300.png 214w\" sizes=\"(max-width: 353px) 100vw, 353px\" \/>\t\t\t\t\t\t\t\t\t\t\t\t\t\t\t<\/div>\n\t\t\t\t<\/div>\n\t\t\t\t<\/div>\n\t\t\t\t\t<\/div>\n\t\t\t\t<\/div>\n\t\t<div class=\"elementor-element elementor-element-cf7b46c e-flex e-con-boxed e-con e-parent\" data-id=\"cf7b46c\" data-element_type=\"container\">\n\t\t\t\t\t<div class=\"e-con-inner\">\n\t\t\t\t<div class=\"elementor-element elementor-element-01ffdc5 elementor-widget elementor-widget-image\" data-id=\"01ffdc5\" data-element_type=\"widget\" data-widget_type=\"image.default\">\n\t\t\t\t<div class=\"elementor-widget-container\">\n\t\t\t\t\t\t\t\t\t\t\t\t\t\t\t<img decoding=\"async\" width=\"1374\" height=\"4\" src=\"https:\/\/sbmfc.org.br\/18cbmfc\/wp-content\/uploads\/2024\/05\/faixa-cores.png\" class=\"attachment-full size-full wp-image-156\" alt=\"\" srcset=\"https:\/\/sbmfc.org.br\/18cbmfc\/wp-content\/uploads\/2024\/05\/faixa-cores.png 1374w, https:\/\/sbmfc.org.br\/18cbmfc\/wp-content\/uploads\/2024\/05\/faixa-cores-300x1.png 300w, https:\/\/sbmfc.org.br\/18cbmfc\/wp-content\/uploads\/2024\/05\/faixa-cores-1024x3.png 1024w, https:\/\/sbmfc.org.br\/18cbmfc\/wp-content\/uploads\/2024\/05\/faixa-cores-768x2.png 768w\" sizes=\"(max-width: 1374px) 100vw, 1374px\" \/>\t\t\t\t\t\t\t\t\t\t\t\t\t\t\t<\/div>\n\t\t\t\t<\/div>\n\t\t\t\t<div class=\"elementor-element elementor-element-117525d elementor-widget elementor-widget-text-editor\" data-id=\"117525d\" data-element_type=\"widget\" data-widget_type=\"text-editor.default\">\n\t\t\t\t<div class=\"elementor-widget-container\">\n\t\t\t\t\t\t\t\t\t<div>D\u00favidas:<\/div><div><a href=\"mailto:secretaria@sbmfc.org.br\"><strong>secretaria@sbmfc.org.br<\/strong><\/a><\/div>\t\t\t\t\t\t\t\t<\/div>\n\t\t\t\t<\/div>\n\t\t\t\t\t<\/div>\n\t\t\t\t<\/div>\n\t\t\t\t<\/div>\n\t\t","protected":false},"excerpt":{"rendered":"<p>Lan\u00e7amentos de livros no CBMFC Nesta edi\u00e7\u00e3o do CBMFC, voc\u00ea ter\u00e1 a oportunidade de expor sua obra para todos\/as participantes do evento.\u00a0Ser\u00e3o selecionados cinco livros para lan\u00e7amento durante a programa\u00e7\u00e3o do evento, no estande da SBMFC, em dia e hor\u00e1rios a serem definidos.\u00a0A sele\u00e7\u00e3o ficar\u00e1 a cargo da Diretoria Cient\u00edfica da SBMFC e a submiss\u00e3o&#8230;<\/p>\n","protected":false},"author":1,"featured_media":0,"parent":0,"menu_order":0,"comment_status":"closed","ping_status":"closed","template":"elementor_header_footer","meta":{"inline_featured_image":false,"footnotes":""},"class_list":["post-1703","page","type-page","status-publish","hentry"],"yoast_head":"<!-- This site is optimized with the Yoast SEO plugin v26.3 - https:\/\/yoast.com\/wordpress\/plugins\/seo\/ -->\n<title>Lan\u00e7amentos de Livros - 18\u00ba CBMFC<\/title>\n<meta name=\"robots\" content=\"index, follow, max-snippet:-1, max-image-preview:large, max-video-preview:-1\" \/>\n<link rel=\"canonical\" href=\"https:\/\/sbmfc.org.br\/18cbmfc\/lancamentos-de-livros\/\" \/>\n<meta property=\"og:locale\" content=\"pt_BR\" \/>\n<meta property=\"og:type\" content=\"article\" \/>\n<meta property=\"og:title\" content=\"Lan\u00e7amentos de Livros - 18\u00ba CBMFC\" \/>\n<meta property=\"og:description\" content=\"Lan\u00e7amentos de livros no CBMFC Nesta edi\u00e7\u00e3o do CBMFC, voc\u00ea ter\u00e1 a oportunidade de expor sua obra para todos\/as participantes do evento.\u00a0Ser\u00e3o selecionados cinco livros para lan\u00e7amento durante a programa\u00e7\u00e3o do evento, no estande da SBMFC, em dia e hor\u00e1rios a serem definidos.\u00a0A sele\u00e7\u00e3o ficar\u00e1 a cargo da Diretoria Cient\u00edfica da SBMFC e a submiss\u00e3o...\" \/>\n<meta property=\"og:url\" content=\"https:\/\/sbmfc.org.br\/18cbmfc\/lancamentos-de-livros\/\" \/>\n<meta property=\"og:site_name\" content=\"18\u00ba CBMFC\" \/>\n<meta property=\"article:modified_time\" content=\"2025-04-09T21:42:10+00:00\" \/>\n<meta property=\"og:image\" content=\"https:\/\/sbmfc.org.br\/18cbmfc\/wp-content\/uploads\/2025\/04\/lancamento-livros.png\" \/>\n<meta name=\"twitter:card\" content=\"summary_large_image\" \/>\n<meta name=\"twitter:label1\" content=\"Est. tempo de leitura\" \/>\n\t<meta name=\"twitter:data1\" content=\"1 minuto\" \/>\n<script type=\"application\/ld+json\" class=\"yoast-schema-graph\">{\"@context\":\"https:\/\/schema.org\",\"@graph\":[{\"@type\":\"WebPage\",\"@id\":\"https:\/\/sbmfc.org.br\/18cbmfc\/lancamentos-de-livros\/\",\"url\":\"https:\/\/sbmfc.org.br\/18cbmfc\/lancamentos-de-livros\/\",\"name\":\"Lan\u00e7amentos de Livros - 18\u00ba CBMFC\",\"isPartOf\":{\"@id\":\"https:\/\/sbmfc.org.br\/18cbmfc\/#website\"},\"primaryImageOfPage\":{\"@id\":\"https:\/\/sbmfc.org.br\/18cbmfc\/lancamentos-de-livros\/#primaryimage\"},\"image\":{\"@id\":\"https:\/\/sbmfc.org.br\/18cbmfc\/lancamentos-de-livros\/#primaryimage\"},\"thumbnailUrl\":\"https:\/\/sbmfc.org.br\/18cbmfc\/wp-content\/uploads\/2025\/04\/lancamento-livros.png\",\"datePublished\":\"2025-04-09T21:27:07+00:00\",\"dateModified\":\"2025-04-09T21:42:10+00:00\",\"breadcrumb\":{\"@id\":\"https:\/\/sbmfc.org.br\/18cbmfc\/lancamentos-de-livros\/#breadcrumb\"},\"inLanguage\":\"pt-BR\",\"potentialAction\":[{\"@type\":\"ReadAction\",\"target\":[\"https:\/\/sbmfc.org.br\/18cbmfc\/lancamentos-de-livros\/\"]}]},{\"@type\":\"ImageObject\",\"inLanguage\":\"pt-BR\",\"@id\":\"https:\/\/sbmfc.org.br\/18cbmfc\/lancamentos-de-livros\/#primaryimage\",\"url\":\"https:\/\/sbmfc.org.br\/18cbmfc\/wp-content\/uploads\/2025\/04\/lancamento-livros.png\",\"contentUrl\":\"https:\/\/sbmfc.org.br\/18cbmfc\/wp-content\/uploads\/2025\/04\/lancamento-livros.png\",\"width\":353,\"height\":495},{\"@type\":\"BreadcrumbList\",\"@id\":\"https:\/\/sbmfc.org.br\/18cbmfc\/lancamentos-de-livros\/#breadcrumb\",\"itemListElement\":[{\"@type\":\"ListItem\",\"position\":1,\"name\":\"In\u00edcio\",\"item\":\"https:\/\/sbmfc.org.br\/18cbmfc\/\"},{\"@type\":\"ListItem\",\"position\":2,\"name\":\"Lan\u00e7amentos de Livros\"}]},{\"@type\":\"WebSite\",\"@id\":\"https:\/\/sbmfc.org.br\/18cbmfc\/#website\",\"url\":\"https:\/\/sbmfc.org.br\/18cbmfc\/\",\"name\":\"18\u00ba CBMFC\",\"description\":\"\",\"publisher\":{\"@id\":\"https:\/\/sbmfc.org.br\/18cbmfc\/#organization\"},\"potentialAction\":[{\"@type\":\"SearchAction\",\"target\":{\"@type\":\"EntryPoint\",\"urlTemplate\":\"https:\/\/sbmfc.org.br\/18cbmfc\/?s={search_term_string}\"},\"query-input\":{\"@type\":\"PropertyValueSpecification\",\"valueRequired\":true,\"valueName\":\"search_term_string\"}}],\"inLanguage\":\"pt-BR\"},{\"@type\":\"Organization\",\"@id\":\"https:\/\/sbmfc.org.br\/18cbmfc\/#organization\",\"name\":\"18\u00ba CBMFC\",\"url\":\"https:\/\/sbmfc.org.br\/18cbmfc\/\",\"logo\":{\"@type\":\"ImageObject\",\"inLanguage\":\"pt-BR\",\"@id\":\"https:\/\/sbmfc.org.br\/18cbmfc\/#\/schema\/logo\/image\/\",\"url\":\"https:\/\/sbmfc.org.br\/18cbmfc\/wp-content\/uploads\/2024\/05\/logo.png\",\"contentUrl\":\"https:\/\/sbmfc.org.br\/18cbmfc\/wp-content\/uploads\/2024\/05\/logo.png\",\"width\":510,\"height\":132,\"caption\":\"18\u00ba CBMFC\"},\"image\":{\"@id\":\"https:\/\/sbmfc.org.br\/18cbmfc\/#\/schema\/logo\/image\/\"}}]}<\/script>\n<!-- \/ Yoast SEO plugin. -->","yoast_head_json":{"title":"Lan\u00e7amentos de Livros - 18\u00ba CBMFC","robots":{"index":"index","follow":"follow","max-snippet":"max-snippet:-1","max-image-preview":"max-image-preview:large","max-video-preview":"max-video-preview:-1"},"canonical":"https:\/\/sbmfc.org.br\/18cbmfc\/lancamentos-de-livros\/","og_locale":"pt_BR","og_type":"article","og_title":"Lan\u00e7amentos de Livros - 18\u00ba CBMFC","og_description":"Lan\u00e7amentos de livros no CBMFC Nesta edi\u00e7\u00e3o do CBMFC, voc\u00ea ter\u00e1 a oportunidade de expor sua obra para todos\/as participantes do evento.\u00a0Ser\u00e3o selecionados cinco livros para lan\u00e7amento durante a programa\u00e7\u00e3o do evento, no estande da SBMFC, em dia e hor\u00e1rios a serem definidos.\u00a0A sele\u00e7\u00e3o ficar\u00e1 a cargo da Diretoria Cient\u00edfica da SBMFC e a submiss\u00e3o...","og_url":"https:\/\/sbmfc.org.br\/18cbmfc\/lancamentos-de-livros\/","og_site_name":"18\u00ba CBMFC","article_modified_time":"2025-04-09T21:42:10+00:00","og_image":[{"url":"https:\/\/sbmfc.org.br\/18cbmfc\/wp-content\/uploads\/2025\/04\/lancamento-livros.png","type":"","width":"","height":""}],"twitter_card":"summary_large_image","twitter_misc":{"Est. tempo de leitura":"1 minuto"},"schema":{"@context":"https:\/\/schema.org","@graph":[{"@type":"WebPage","@id":"https:\/\/sbmfc.org.br\/18cbmfc\/lancamentos-de-livros\/","url":"https:\/\/sbmfc.org.br\/18cbmfc\/lancamentos-de-livros\/","name":"Lan\u00e7amentos de Livros - 18\u00ba CBMFC","isPartOf":{"@id":"https:\/\/sbmfc.org.br\/18cbmfc\/#website"},"primaryImageOfPage":{"@id":"https:\/\/sbmfc.org.br\/18cbmfc\/lancamentos-de-livros\/#primaryimage"},"image":{"@id":"https:\/\/sbmfc.org.br\/18cbmfc\/lancamentos-de-livros\/#primaryimage"},"thumbnailUrl":"https:\/\/sbmfc.org.br\/18cbmfc\/wp-content\/uploads\/2025\/04\/lancamento-livros.png","datePublished":"2025-04-09T21:27:07+00:00","dateModified":"2025-04-09T21:42:10+00:00","breadcrumb":{"@id":"https:\/\/sbmfc.org.br\/18cbmfc\/lancamentos-de-livros\/#breadcrumb"},"inLanguage":"pt-BR","potentialAction":[{"@type":"ReadAction","target":["https:\/\/sbmfc.org.br\/18cbmfc\/lancamentos-de-livros\/"]}]},{"@type":"ImageObject","inLanguage":"pt-BR","@id":"https:\/\/sbmfc.org.br\/18cbmfc\/lancamentos-de-livros\/#primaryimage","url":"https:\/\/sbmfc.org.br\/18cbmfc\/wp-content\/uploads\/2025\/04\/lancamento-livros.png","contentUrl":"https:\/\/sbmfc.org.br\/18cbmfc\/wp-content\/uploads\/2025\/04\/lancamento-livros.png","width":353,"height":495},{"@type":"BreadcrumbList","@id":"https:\/\/sbmfc.org.br\/18cbmfc\/lancamentos-de-livros\/#breadcrumb","itemListElement":[{"@type":"ListItem","position":1,"name":"In\u00edcio","item":"https:\/\/sbmfc.org.br\/18cbmfc\/"},{"@type":"ListItem","position":2,"name":"Lan\u00e7amentos de Livros"}]},{"@type":"WebSite","@id":"https:\/\/sbmfc.org.br\/18cbmfc\/#website","url":"https:\/\/sbmfc.org.br\/18cbmfc\/","name":"18\u00ba CBMFC","description":"","publisher":{"@id":"https:\/\/sbmfc.org.br\/18cbmfc\/#organization"},"potentialAction":[{"@type":"SearchAction","target":{"@type":"EntryPoint","urlTemplate":"https:\/\/sbmfc.org.br\/18cbmfc\/?s={search_term_string}"},"query-input":{"@type":"PropertyValueSpecification","valueRequired":true,"valueName":"search_term_string"}}],"inLanguage":"pt-BR"},{"@type":"Organization","@id":"https:\/\/sbmfc.org.br\/18cbmfc\/#organization","name":"18\u00ba CBMFC","url":"https:\/\/sbmfc.org.br\/18cbmfc\/","logo":{"@type":"ImageObject","inLanguage":"pt-BR","@id":"https:\/\/sbmfc.org.br\/18cbmfc\/#\/schema\/logo\/image\/","url":"https:\/\/sbmfc.org.br\/18cbmfc\/wp-content\/uploads\/2024\/05\/logo.png","contentUrl":"https:\/\/sbmfc.org.br\/18cbmfc\/wp-content\/uploads\/2024\/05\/logo.png","width":510,"height":132,"caption":"18\u00ba CBMFC"},"image":{"@id":"https:\/\/sbmfc.org.br\/18cbmfc\/#\/schema\/logo\/image\/"}}]}},"_links":{"self":[{"href":"https:\/\/sbmfc.org.br\/18cbmfc\/wp-json\/wp\/v2\/pages\/1703","targetHints":{"allow":["GET"]}}],"collection":[{"href":"https:\/\/sbmfc.org.br\/18cbmfc\/wp-json\/wp\/v2\/pages"}],"about":[{"href":"https:\/\/sbmfc.org.br\/18cbmfc\/wp-json\/wp\/v2\/types\/page"}],"author":[{"embeddable":true,"href":"https:\/\/sbmfc.org.br\/18cbmfc\/wp-json\/wp\/v2\/users\/1"}],"replies":[{"embeddable":true,"href":"https:\/\/sbmfc.org.br\/18cbmfc\/wp-json\/wp\/v2\/comments?post=1703"}],"version-history":[{"count":16,"href":"https:\/\/sbmfc.org.br\/18cbmfc\/wp-json\/wp\/v2\/pages\/1703\/revisions"}],"predecessor-version":[{"id":1725,"href":"https:\/\/sbmfc.org.br\/18cbmfc\/wp-json\/wp\/v2\/pages\/1703\/revisions\/1725"}],"wp:attachment":[{"href":"https:\/\/sbmfc.org.br\/18cbmfc\/wp-json\/wp\/v2\/media?parent=1703"}],"curies":[{"name":"wp","href":"https:\/\/api.w.org\/{rel}","templated":true}]}}