{"id":1561,"date":"2025-03-17T21:37:08","date_gmt":"2025-03-18T00:37:08","guid":{"rendered":"https:\/\/sbmfc.org.br\/18cbmfc\/?page_id=1561"},"modified":"2025-06-03T17:08:38","modified_gmt":"2025-06-03T20:08:38","slug":"programacao","status":"publish","type":"page","link":"https:\/\/sbmfc.org.br\/18cbmfc\/programacao\/","title":{"rendered":"Programa\u00e7\u00e3o"},"content":{"rendered":"\t\t<div data-elementor-type=\"wp-page\" data-elementor-id=\"1561\" class=\"elementor elementor-1561\" data-elementor-post-type=\"page\">\n\t\t\t\t<div class=\"elementor-element elementor-element-ec2db4c e-flex e-con-boxed e-con e-parent\" data-id=\"ec2db4c\" data-element_type=\"container\">\n\t\t\t\t\t<div class=\"e-con-inner\">\n\t\t<div class=\"elementor-element elementor-element-e2f303a e-con-full e-flex e-con e-child\" data-id=\"e2f303a\" data-element_type=\"container\">\n\t\t\t\t<div class=\"elementor-element elementor-element-71ac43b elementor-widget elementor-widget-heading\" data-id=\"71ac43b\" data-element_type=\"widget\" data-widget_type=\"heading.default\">\n\t\t\t\t<div class=\"elementor-widget-container\">\n\t\t\t\t\t<h1 class=\"elementor-heading-title elementor-size-default\">Programa\u00e7\u00e3o Premilinar<\/h1>\t\t\t\t<\/div>\n\t\t\t\t<\/div>\n\t\t\t\t<div class=\"elementor-element elementor-element-6c5be5f elementor-widget elementor-widget-heading\" data-id=\"6c5be5f\" data-element_type=\"widget\" data-widget_type=\"heading.default\">\n\t\t\t\t<div class=\"elementor-widget-container\">\n\t\t\t\t\t<h2 class=\"elementor-heading-title elementor-size-default\">(sujeita a altera\u00e7\u00f5es)<\/h2>\t\t\t\t<\/div>\n\t\t\t\t<\/div>\n\t\t<div class=\"elementor-element elementor-element-51103ff e-grid e-con-full e-con e-child\" data-id=\"51103ff\" data-element_type=\"container\">\n\t\t\t\t<div class=\"elementor-element elementor-element-d9b203b elementor-button-info elementor-align-center elementor-widget__width-inherit btn-atividades elementor-widget elementor-widget-button\" data-id=\"d9b203b\" data-element_type=\"widget\" data-widget_type=\"button.default\">\n\t\t\t\t<div class=\"elementor-widget-container\">\n\t\t\t\t\t\t\t\t\t<div class=\"elementor-button-wrapper\">\n\t\t\t\t\t<a class=\"elementor-button elementor-button-link elementor-size-sm\" href=\"https:\/\/sbmfc.org.br\/18cbmfc\/wp-content\/uploads\/2025\/06\/Grade-Preliminar-resumida-CBFMC2025.pdf\">\n\t\t\t\t\t\t<span class=\"elementor-button-content-wrapper\">\n\t\t\t\t\t\t\t\t\t<span class=\"elementor-button-text\">Baixe a grade preliminar aqui<\/span>\n\t\t\t\t\t<\/span>\n\t\t\t\t\t<\/a>\n\t\t\t\t<\/div>\n\t\t\t\t\t\t\t\t<\/div>\n\t\t\t\t<\/div>\n\t\t\t\t<div class=\"elementor-element elementor-element-840c301 elementor-button-info elementor-align-center elementor-widget__width-inherit elementor-widget elementor-widget-button\" data-id=\"840c301\" data-element_type=\"widget\" data-widget_type=\"button.default\">\n\t\t\t\t<div class=\"elementor-widget-container\">\n\t\t\t\t\t\t\t\t\t<div class=\"elementor-button-wrapper\">\n\t\t\t\t\t<a class=\"elementor-button elementor-button-link elementor-size-sm\" href=\"https:\/\/sbmfc.org.br\/18cbmfc\/wp-content\/uploads\/2025\/05\/Manual-da-Pessoa-Palestrante.pdf\">\n\t\t\t\t\t\t<span class=\"elementor-button-content-wrapper\">\n\t\t\t\t\t\t\t\t\t<span class=\"elementor-button-text\">Baixe o Manual da Pessoa Palestrante<\/span>\n\t\t\t\t\t<\/span>\n\t\t\t\t\t<\/a>\n\t\t\t\t<\/div>\n\t\t\t\t\t\t\t\t<\/div>\n\t\t\t\t<\/div>\n\t\t\t\t<div class=\"elementor-element elementor-element-138c309 elementor-button-info elementor-align-center elementor-widget__width-inherit elementor-widget elementor-widget-button\" data-id=\"138c309\" data-element_type=\"widget\" data-widget_type=\"button.default\">\n\t\t\t\t<div class=\"elementor-widget-container\">\n\t\t\t\t\t\t\t\t\t<div class=\"elementor-button-wrapper\">\n\t\t\t\t\t<a class=\"elementor-button elementor-button-link elementor-size-sm\" href=\"https:\/\/sbmfc.org.br\/18cbmfc\/wp-content\/uploads\/2025\/06\/Manual-da-Pessoa-Congressista.pdf\">\n\t\t\t\t\t\t<span class=\"elementor-button-content-wrapper\">\n\t\t\t\t\t\t\t\t\t<span class=\"elementor-button-text\">Baixe o Manual da Pessoa Congressista<\/span>\n\t\t\t\t\t<\/span>\n\t\t\t\t\t<\/a>\n\t\t\t\t<\/div>\n\t\t\t\t\t\t\t\t<\/div>\n\t\t\t\t<\/div>\n\t\t\t\t<\/div>\n\t\t\t\t<div class=\"elementor-element elementor-element-5d2ad08 elementor-widget elementor-widget-image\" data-id=\"5d2ad08\" data-element_type=\"widget\" data-widget_type=\"image.default\">\n\t\t\t\t<div class=\"elementor-widget-container\">\n\t\t\t\t\t\t\t\t\t\t\t\t\t\t\t<img decoding=\"async\" width=\"300\" height=\"1\" src=\"https:\/\/sbmfc.org.br\/18cbmfc\/wp-content\/uploads\/2024\/05\/faixa-cores-300x1.png\" class=\"attachment-medium size-medium wp-image-156\" alt=\"\" srcset=\"https:\/\/sbmfc.org.br\/18cbmfc\/wp-content\/uploads\/2024\/05\/faixa-cores-300x1.png 300w, https:\/\/sbmfc.org.br\/18cbmfc\/wp-content\/uploads\/2024\/05\/faixa-cores-1024x3.png 1024w, https:\/\/sbmfc.org.br\/18cbmfc\/wp-content\/uploads\/2024\/05\/faixa-cores-768x2.png 768w, https:\/\/sbmfc.org.br\/18cbmfc\/wp-content\/uploads\/2024\/05\/faixa-cores.png 1374w\" sizes=\"(max-width: 300px) 100vw, 300px\" \/>\t\t\t\t\t\t\t\t\t\t\t\t\t\t\t<\/div>\n\t\t\t\t<\/div>\n\t\t\t\t<div class=\"elementor-element elementor-element-e66497a elementor-widget elementor-widget-heading\" data-id=\"e66497a\" data-element_type=\"widget\" data-widget_type=\"heading.default\">\n\t\t\t\t<div class=\"elementor-widget-container\">\n\t\t\t\t\t<h2 class=\"elementor-heading-title elementor-size-default\"><b>Aten\u00e7\u00e3o!<\/b> N\u00e3o h\u00e1 pr\u00e9-inscri\u00e7\u00e3o nas atividades. A entrada nas mesmas ser\u00e1 por ordem de chegada.<\/h2>\t\t\t\t<\/div>\n\t\t\t\t<\/div>\n\t\t\t\t<\/div>\n\t\t\t\t\t<\/div>\n\t\t\t\t<\/div>\n\t\t<div class=\"elementor-element elementor-element-9bae4fd e-flex e-con-boxed e-con e-parent\" data-id=\"9bae4fd\" data-element_type=\"container\">\n\t\t\t\t\t<div class=\"e-con-inner\">\n\t\t\t\t<div class=\"elementor-element elementor-element-093f51e elementor-widget elementor-widget-html\" data-id=\"093f51e\" data-element_type=\"widget\" data-widget_type=\"html.default\">\n\t\t\t\t<div class=\"elementor-widget-container\">\n\t\t\t\t\t<iframe id=\"iframe-eventos\" src=\"https:\/\/eventos.sbmfc.org.br\/iframe\/18-cbmfc\/atividades\" width=\"100%\" frameborder=\"0\" scrolling=\"no\" height=\"500px\"><\/iframe>\r\n<script type=\"text\/javascript\">\r\n  function resize_iframe(size){\r\n    let iframe = document.getElementById('iframe-eventos');\r\n    iframe.height = size + \"px\";\r\n  }\r\n  document.addEventListener(\"DOMContentLoaded\", (event) => {\r\n    window.addEventListener('message', event => {\r\n      if (event.origin.startsWith('https:\/\/eventos.sbmfc.org.br')) { \r\n        resize_iframe(event.data);\r\n      }\r\n    }, true); \r\n  });\r\n<\/script>\t\t\t\t<\/div>\n\t\t\t\t<\/div>\n\t\t\t\t\t<\/div>\n\t\t\t\t<\/div>\n\t\t<div class=\"elementor-element elementor-element-7c7c217 e-flex e-con-boxed e-con e-parent\" data-id=\"7c7c217\" data-element_type=\"container\">\n\t\t\t\t\t<div class=\"e-con-inner\">\n\t\t\t\t\t<\/div>\n\t\t\t\t<\/div>\n\t\t\t\t<\/div>\n\t\t","protected":false},"excerpt":{"rendered":"<p>Programa\u00e7\u00e3o Premilinar (sujeita a altera\u00e7\u00f5es) Baixe a grade preliminar aqui Baixe o Manual da Pessoa Palestrante Baixe o Manual da Pessoa Congressista Aten\u00e7\u00e3o! N\u00e3o h\u00e1 pr\u00e9-inscri\u00e7\u00e3o nas atividades. A entrada nas mesmas ser\u00e1 por ordem de chegada.<\/p>\n","protected":false},"author":2,"featured_media":0,"parent":0,"menu_order":0,"comment_status":"closed","ping_status":"closed","template":"elementor_header_footer","meta":{"inline_featured_image":false,"footnotes":""},"class_list":["post-1561","page","type-page","status-publish","hentry"],"yoast_head":"<!-- This site is optimized with the Yoast SEO plugin v26.3 - https:\/\/yoast.com\/wordpress\/plugins\/seo\/ -->\n<title>Programa\u00e7\u00e3o - 18\u00ba CBMFC<\/title>\n<meta name=\"robots\" content=\"index, follow, max-snippet:-1, max-image-preview:large, max-video-preview:-1\" \/>\n<link rel=\"canonical\" href=\"https:\/\/sbmfc.org.br\/18cbmfc\/programacao\/\" \/>\n<meta property=\"og:locale\" content=\"pt_BR\" \/>\n<meta property=\"og:type\" content=\"article\" \/>\n<meta property=\"og:title\" content=\"Programa\u00e7\u00e3o - 18\u00ba CBMFC\" \/>\n<meta property=\"og:description\" content=\"Programa\u00e7\u00e3o Premilinar (sujeita a altera\u00e7\u00f5es) Baixe a grade preliminar aqui Baixe o Manual da Pessoa Palestrante Baixe o Manual da Pessoa Congressista Aten\u00e7\u00e3o! N\u00e3o h\u00e1 pr\u00e9-inscri\u00e7\u00e3o nas atividades. A entrada nas mesmas ser\u00e1 por ordem de chegada.\" \/>\n<meta property=\"og:url\" content=\"https:\/\/sbmfc.org.br\/18cbmfc\/programacao\/\" \/>\n<meta property=\"og:site_name\" content=\"18\u00ba CBMFC\" \/>\n<meta property=\"article:modified_time\" content=\"2025-06-03T20:08:38+00:00\" \/>\n<meta property=\"og:image\" content=\"https:\/\/sbmfc.org.br\/18cbmfc\/wp-content\/uploads\/2024\/05\/faixa-cores-300x1.png\" \/>\n<meta name=\"twitter:card\" content=\"summary_large_image\" \/>\n<meta name=\"twitter:label1\" content=\"Est. tempo de leitura\" \/>\n\t<meta name=\"twitter:data1\" content=\"1 minuto\" \/>\n<script type=\"application\/ld+json\" class=\"yoast-schema-graph\">{\"@context\":\"https:\/\/schema.org\",\"@graph\":[{\"@type\":\"WebPage\",\"@id\":\"https:\/\/sbmfc.org.br\/18cbmfc\/programacao\/\",\"url\":\"https:\/\/sbmfc.org.br\/18cbmfc\/programacao\/\",\"name\":\"Programa\u00e7\u00e3o - 18\u00ba CBMFC\",\"isPartOf\":{\"@id\":\"https:\/\/sbmfc.org.br\/18cbmfc\/#website\"},\"primaryImageOfPage\":{\"@id\":\"https:\/\/sbmfc.org.br\/18cbmfc\/programacao\/#primaryimage\"},\"image\":{\"@id\":\"https:\/\/sbmfc.org.br\/18cbmfc\/programacao\/#primaryimage\"},\"thumbnailUrl\":\"https:\/\/sbmfc.org.br\/18cbmfc\/wp-content\/uploads\/2024\/05\/faixa-cores-300x1.png\",\"datePublished\":\"2025-03-18T00:37:08+00:00\",\"dateModified\":\"2025-06-03T20:08:38+00:00\",\"breadcrumb\":{\"@id\":\"https:\/\/sbmfc.org.br\/18cbmfc\/programacao\/#breadcrumb\"},\"inLanguage\":\"pt-BR\",\"potentialAction\":[{\"@type\":\"ReadAction\",\"target\":[\"https:\/\/sbmfc.org.br\/18cbmfc\/programacao\/\"]}]},{\"@type\":\"ImageObject\",\"inLanguage\":\"pt-BR\",\"@id\":\"https:\/\/sbmfc.org.br\/18cbmfc\/programacao\/#primaryimage\",\"url\":\"https:\/\/sbmfc.org.br\/18cbmfc\/wp-content\/uploads\/2024\/05\/faixa-cores.png\",\"contentUrl\":\"https:\/\/sbmfc.org.br\/18cbmfc\/wp-content\/uploads\/2024\/05\/faixa-cores.png\",\"width\":1374,\"height\":4},{\"@type\":\"BreadcrumbList\",\"@id\":\"https:\/\/sbmfc.org.br\/18cbmfc\/programacao\/#breadcrumb\",\"itemListElement\":[{\"@type\":\"ListItem\",\"position\":1,\"name\":\"In\u00edcio\",\"item\":\"https:\/\/sbmfc.org.br\/18cbmfc\/\"},{\"@type\":\"ListItem\",\"position\":2,\"name\":\"Programa\u00e7\u00e3o\"}]},{\"@type\":\"WebSite\",\"@id\":\"https:\/\/sbmfc.org.br\/18cbmfc\/#website\",\"url\":\"https:\/\/sbmfc.org.br\/18cbmfc\/\",\"name\":\"18\u00ba CBMFC\",\"description\":\"\",\"publisher\":{\"@id\":\"https:\/\/sbmfc.org.br\/18cbmfc\/#organization\"},\"potentialAction\":[{\"@type\":\"SearchAction\",\"target\":{\"@type\":\"EntryPoint\",\"urlTemplate\":\"https:\/\/sbmfc.org.br\/18cbmfc\/?s={search_term_string}\"},\"query-input\":{\"@type\":\"PropertyValueSpecification\",\"valueRequired\":true,\"valueName\":\"search_term_string\"}}],\"inLanguage\":\"pt-BR\"},{\"@type\":\"Organization\",\"@id\":\"https:\/\/sbmfc.org.br\/18cbmfc\/#organization\",\"name\":\"18\u00ba CBMFC\",\"url\":\"https:\/\/sbmfc.org.br\/18cbmfc\/\",\"logo\":{\"@type\":\"ImageObject\",\"inLanguage\":\"pt-BR\",\"@id\":\"https:\/\/sbmfc.org.br\/18cbmfc\/#\/schema\/logo\/image\/\",\"url\":\"https:\/\/sbmfc.org.br\/18cbmfc\/wp-content\/uploads\/2024\/05\/logo.png\",\"contentUrl\":\"https:\/\/sbmfc.org.br\/18cbmfc\/wp-content\/uploads\/2024\/05\/logo.png\",\"width\":510,\"height\":132,\"caption\":\"18\u00ba CBMFC\"},\"image\":{\"@id\":\"https:\/\/sbmfc.org.br\/18cbmfc\/#\/schema\/logo\/image\/\"}}]}<\/script>\n<!-- \/ Yoast SEO plugin. -->","yoast_head_json":{"title":"Programa\u00e7\u00e3o - 18\u00ba CBMFC","robots":{"index":"index","follow":"follow","max-snippet":"max-snippet:-1","max-image-preview":"max-image-preview:large","max-video-preview":"max-video-preview:-1"},"canonical":"https:\/\/sbmfc.org.br\/18cbmfc\/programacao\/","og_locale":"pt_BR","og_type":"article","og_title":"Programa\u00e7\u00e3o - 18\u00ba CBMFC","og_description":"Programa\u00e7\u00e3o Premilinar (sujeita a altera\u00e7\u00f5es) Baixe a grade preliminar aqui Baixe o Manual da Pessoa Palestrante Baixe o Manual da Pessoa Congressista Aten\u00e7\u00e3o! N\u00e3o h\u00e1 pr\u00e9-inscri\u00e7\u00e3o nas atividades. A entrada nas mesmas ser\u00e1 por ordem de chegada.","og_url":"https:\/\/sbmfc.org.br\/18cbmfc\/programacao\/","og_site_name":"18\u00ba CBMFC","article_modified_time":"2025-06-03T20:08:38+00:00","og_image":[{"url":"https:\/\/sbmfc.org.br\/18cbmfc\/wp-content\/uploads\/2024\/05\/faixa-cores-300x1.png","type":"","width":"","height":""}],"twitter_card":"summary_large_image","twitter_misc":{"Est. tempo de leitura":"1 minuto"},"schema":{"@context":"https:\/\/schema.org","@graph":[{"@type":"WebPage","@id":"https:\/\/sbmfc.org.br\/18cbmfc\/programacao\/","url":"https:\/\/sbmfc.org.br\/18cbmfc\/programacao\/","name":"Programa\u00e7\u00e3o - 18\u00ba CBMFC","isPartOf":{"@id":"https:\/\/sbmfc.org.br\/18cbmfc\/#website"},"primaryImageOfPage":{"@id":"https:\/\/sbmfc.org.br\/18cbmfc\/programacao\/#primaryimage"},"image":{"@id":"https:\/\/sbmfc.org.br\/18cbmfc\/programacao\/#primaryimage"},"thumbnailUrl":"https:\/\/sbmfc.org.br\/18cbmfc\/wp-content\/uploads\/2024\/05\/faixa-cores-300x1.png","datePublished":"2025-03-18T00:37:08+00:00","dateModified":"2025-06-03T20:08:38+00:00","breadcrumb":{"@id":"https:\/\/sbmfc.org.br\/18cbmfc\/programacao\/#breadcrumb"},"inLanguage":"pt-BR","potentialAction":[{"@type":"ReadAction","target":["https:\/\/sbmfc.org.br\/18cbmfc\/programacao\/"]}]},{"@type":"ImageObject","inLanguage":"pt-BR","@id":"https:\/\/sbmfc.org.br\/18cbmfc\/programacao\/#primaryimage","url":"https:\/\/sbmfc.org.br\/18cbmfc\/wp-content\/uploads\/2024\/05\/faixa-cores.png","contentUrl":"https:\/\/sbmfc.org.br\/18cbmfc\/wp-content\/uploads\/2024\/05\/faixa-cores.png","width":1374,"height":4},{"@type":"BreadcrumbList","@id":"https:\/\/sbmfc.org.br\/18cbmfc\/programacao\/#breadcrumb","itemListElement":[{"@type":"ListItem","position":1,"name":"In\u00edcio","item":"https:\/\/sbmfc.org.br\/18cbmfc\/"},{"@type":"ListItem","position":2,"name":"Programa\u00e7\u00e3o"}]},{"@type":"WebSite","@id":"https:\/\/sbmfc.org.br\/18cbmfc\/#website","url":"https:\/\/sbmfc.org.br\/18cbmfc\/","name":"18\u00ba CBMFC","description":"","publisher":{"@id":"https:\/\/sbmfc.org.br\/18cbmfc\/#organization"},"potentialAction":[{"@type":"SearchAction","target":{"@type":"EntryPoint","urlTemplate":"https:\/\/sbmfc.org.br\/18cbmfc\/?s={search_term_string}"},"query-input":{"@type":"PropertyValueSpecification","valueRequired":true,"valueName":"search_term_string"}}],"inLanguage":"pt-BR"},{"@type":"Organization","@id":"https:\/\/sbmfc.org.br\/18cbmfc\/#organization","name":"18\u00ba CBMFC","url":"https:\/\/sbmfc.org.br\/18cbmfc\/","logo":{"@type":"ImageObject","inLanguage":"pt-BR","@id":"https:\/\/sbmfc.org.br\/18cbmfc\/#\/schema\/logo\/image\/","url":"https:\/\/sbmfc.org.br\/18cbmfc\/wp-content\/uploads\/2024\/05\/logo.png","contentUrl":"https:\/\/sbmfc.org.br\/18cbmfc\/wp-content\/uploads\/2024\/05\/logo.png","width":510,"height":132,"caption":"18\u00ba CBMFC"},"image":{"@id":"https:\/\/sbmfc.org.br\/18cbmfc\/#\/schema\/logo\/image\/"}}]}},"_links":{"self":[{"href":"https:\/\/sbmfc.org.br\/18cbmfc\/wp-json\/wp\/v2\/pages\/1561","targetHints":{"allow":["GET"]}}],"collection":[{"href":"https:\/\/sbmfc.org.br\/18cbmfc\/wp-json\/wp\/v2\/pages"}],"about":[{"href":"https:\/\/sbmfc.org.br\/18cbmfc\/wp-json\/wp\/v2\/types\/page"}],"author":[{"embeddable":true,"href":"https:\/\/sbmfc.org.br\/18cbmfc\/wp-json\/wp\/v2\/users\/2"}],"replies":[{"embeddable":true,"href":"https:\/\/sbmfc.org.br\/18cbmfc\/wp-json\/wp\/v2\/comments?post=1561"}],"version-history":[{"count":79,"href":"https:\/\/sbmfc.org.br\/18cbmfc\/wp-json\/wp\/v2\/pages\/1561\/revisions"}],"predecessor-version":[{"id":2151,"href":"https:\/\/sbmfc.org.br\/18cbmfc\/wp-json\/wp\/v2\/pages\/1561\/revisions\/2151"}],"wp:attachment":[{"href":"https:\/\/sbmfc.org.br\/18cbmfc\/wp-json\/wp\/v2\/media?parent=1561"}],"curies":[{"name":"wp","href":"https:\/\/api.w.org\/{rel}","templated":true}]}}