{"id":4520,"date":"2023-09-01T10:00:22","date_gmt":"2023-09-01T13:00:22","guid":{"rendered":"https:\/\/sbmfc.org.br\/17cbmfc\/?page_id=4520"},"modified":"2023-09-15T18:12:50","modified_gmt":"2023-09-15T21:12:50","slug":"lancamento-de-livros","status":"publish","type":"page","link":"https:\/\/sbmfc.org.br\/17cbmfc\/lancamento-de-livros\/","title":{"rendered":"Lan\u00e7amento de Livros"},"content":{"rendered":"\t\t<div data-elementor-type=\"wp-page\" data-elementor-id=\"4520\" class=\"elementor elementor-4520\" data-elementor-post-type=\"page\">\n\t\t\t\t\t\t<section class=\"elementor-section elementor-top-section elementor-element elementor-element-38a68ad elementor-section-height-min-height elementor-section-boxed elementor-section-height-default elementor-section-items-middle\" data-id=\"38a68ad\" data-element_type=\"section\" data-settings=\"{&quot;background_background&quot;:&quot;classic&quot;,&quot;shape_divider_bottom&quot;:&quot;waves&quot;}\">\n\t\t\t\t\t\t\t<div class=\"elementor-background-overlay\"><\/div>\n\t\t\t\t\t\t<div class=\"elementor-shape elementor-shape-bottom\" data-negative=\"false\">\n\t\t\t<svg xmlns=\"http:\/\/www.w3.org\/2000\/svg\" viewBox=\"0 0 1000 100\" preserveAspectRatio=\"none\">\n\t<path class=\"elementor-shape-fill\" d=\"M421.9,6.5c22.6-2.5,51.5,0.4,75.5,5.3c23.6,4.9,70.9,23.5,100.5,35.7c75.8,32.2,133.7,44.5,192.6,49.7\n\tc23.6,2.1,48.7,3.5,103.4-2.5c54.7-6,106.2-25.6,106.2-25.6V0H0v30.3c0,0,72,32.6,158.4,30.5c39.2-0.7,92.8-6.7,134-22.4\n\tc21.2-8.1,52.2-18.2,79.7-24.2C399.3,7.9,411.6,7.5,421.9,6.5z\"\/>\n<\/svg>\t\t<\/div>\n\t\t\t\t\t<div class=\"elementor-container elementor-column-gap-no\">\n\t\t\t\t\t<div class=\"elementor-column elementor-col-100 elementor-top-column elementor-element elementor-element-9bc97d7\" data-id=\"9bc97d7\" data-element_type=\"column\">\n\t\t\t<div class=\"elementor-widget-wrap elementor-element-populated\">\n\t\t\t\t\t\t<div class=\"elementor-element elementor-element-a5f4340 elementor-widget elementor-widget-heading\" data-id=\"a5f4340\" data-element_type=\"widget\" data-widget_type=\"heading.default\">\n\t\t\t\t<div class=\"elementor-widget-container\">\n\t\t\t<style>\/*! elementor - v3.21.0 - 08-05-2024 *\/\n.elementor-heading-title{padding:0;margin:0;line-height:1}.elementor-widget-heading .elementor-heading-title[class*=elementor-size-]>a{color:inherit;font-size:inherit;line-height:inherit}.elementor-widget-heading .elementor-heading-title.elementor-size-small{font-size:15px}.elementor-widget-heading .elementor-heading-title.elementor-size-medium{font-size:19px}.elementor-widget-heading .elementor-heading-title.elementor-size-large{font-size:29px}.elementor-widget-heading .elementor-heading-title.elementor-size-xl{font-size:39px}.elementor-widget-heading .elementor-heading-title.elementor-size-xxl{font-size:59px}<\/style><h1 class=\"elementor-heading-title elementor-size-default\">Lan\u00e7amento de Livros<\/h1>\t\t<\/div>\n\t\t\t\t<\/div>\n\t\t\t\t\t<\/div>\n\t\t<\/div>\n\t\t\t\t\t<\/div>\n\t\t<\/section>\n\t\t\t\t<section class=\"elementor-section elementor-top-section elementor-element elementor-element-6e853a6 elementor-section-boxed elementor-section-height-default elementor-section-height-default\" data-id=\"6e853a6\" data-element_type=\"section\">\n\t\t\t\t\t\t<div class=\"elementor-container elementor-column-gap-no\">\n\t\t\t\t\t<div class=\"elementor-column elementor-col-50 elementor-top-column elementor-element elementor-element-cbe90a0\" data-id=\"cbe90a0\" data-element_type=\"column\">\n\t\t\t<div class=\"elementor-widget-wrap elementor-element-populated\">\n\t\t\t\t\t\t<div class=\"elementor-element elementor-element-34d7418 elementor-widget__width-auto elementor-widget elementor-widget-heading\" data-id=\"34d7418\" data-element_type=\"widget\" data-widget_type=\"heading.default\">\n\t\t\t\t<div class=\"elementor-widget-container\">\n\t\t\t<h5 class=\"elementor-heading-title elementor-size-default\">de 01\/09 a 08\/09<\/h5>\t\t<\/div>\n\t\t\t\t<\/div>\n\t\t\t\t<div class=\"elementor-element elementor-element-aa3e367 elementor-widget__width-auto elementor-widget elementor-widget-heading\" data-id=\"aa3e367\" data-element_type=\"widget\" data-widget_type=\"heading.default\">\n\t\t\t\t<div class=\"elementor-widget-container\">\n\t\t\t<h5 class=\"elementor-heading-title elementor-size-default\">ENCERRADO<\/h5>\t\t<\/div>\n\t\t\t\t<\/div>\n\t\t\t\t<div class=\"elementor-element elementor-element-ee585a9 elementor-hidden-desktop elementor-hidden-tablet elementor-hidden-mobile elementor-widget elementor-widget-text-editor\" data-id=\"ee585a9\" data-element_type=\"widget\" data-widget_type=\"text-editor.default\">\n\t\t\t\t<div class=\"elementor-widget-container\">\n\t\t\t<style>\/*! elementor - v3.21.0 - 08-05-2024 *\/\n.elementor-widget-text-editor.elementor-drop-cap-view-stacked .elementor-drop-cap{background-color:#69727d;color:#fff}.elementor-widget-text-editor.elementor-drop-cap-view-framed .elementor-drop-cap{color:#69727d;border:3px solid;background-color:transparent}.elementor-widget-text-editor:not(.elementor-drop-cap-view-default) .elementor-drop-cap{margin-top:8px}.elementor-widget-text-editor:not(.elementor-drop-cap-view-default) .elementor-drop-cap-letter{width:1em;height:1em}.elementor-widget-text-editor .elementor-drop-cap{float:left;text-align:center;line-height:1;font-size:50px}.elementor-widget-text-editor .elementor-drop-cap-letter{display:inline-block}<\/style>\t\t\t\t<p>2023 ser\u00e1 um ano de resgates. Resgatar a ess\u00eancia de ser M\u00e9dico\/a\/e de Fam\u00edlia e Comunidade. Com Todas as Letras. Estar pr\u00f3ximo, trocar experi\u00eancias, sentir um ao outro. Em Setembro, estaremos juntos de novo, e fortalecidos pela jornada que enfrentamos desde 2019 (e at\u00e9 antes disso).<\/p><p>Nosso desafio se torna maior a cada dia, pois entendemos a responsabilidade do Cuidar, n\u00e3o apenas de nossos semelhantes, mas da Vida da maior de todas as Comunidades: Nosso Planeta! Em 2021, colocamos a Sa\u00fade Planet\u00e1ria em destaque para o Brasil e para a Ibero-Am\u00e9rica. Em 2023, seguiremos esse caminho como um Marco Permanente de nossa Luta pela Sa\u00fade.<\/p><p>No Cear\u00e1, ber\u00e7o de ideias primordiais do maior Sistema de Sa\u00fade do mundo, nosso vitorioso SUS, vamos fazer reverberar aquilo que faz do Brasil uma Grande Na\u00e7\u00e3o. Aquilo que nos posiciona como irm\u00e3os de todo o mundo. Nossa Estrat\u00e9gia de Bra\u00e7os Abertos para Sempre Acolher quem quer que seja. Em 2023, vamos juntos fortalecer e impulsionar para um futuro de Esperan\u00e7a a ESTRAT\u00c9GIA DE SA\u00daDE DA FAM\u00cdLIA AGORA MAIS DO QUE NUNCA!<\/p><p>Venha conosco resgatar essa hist\u00f3ria e escrever o futuro que precisamos para a sa\u00fade de nosso pa\u00eds e do mundo inteiro. Venha se juntar a n\u00f3s para fortalecer essa grande comunidade com aquilo que temos de melhor! A MFC e o Brasil de bra\u00e7os dados para jamais soltar!<\/p>\t\t\t\t\t\t<\/div>\n\t\t\t\t<\/div>\n\t\t\t\t<div class=\"elementor-element elementor-element-f3a9dbd elementor-widget elementor-widget-button\" data-id=\"f3a9dbd\" data-element_type=\"widget\" data-widget_type=\"button.default\">\n\t\t\t\t<div class=\"elementor-widget-container\">\n\t\t\t\t\t<div class=\"elementor-button-wrapper\">\n\t\t\t<a class=\"elementor-button elementor-button-link elementor-size-sm\" href=\"https:\/\/sbmfc.org.br\/17cbmfc\/wp-content\/uploads\/2023\/09\/Programacao-Lancamentos-de-livros.pdf\" download=\"\">\n\t\t\t\t\t\t<span class=\"elementor-button-content-wrapper\">\n\t\t\t\t\t\t\t\t\t<span class=\"elementor-button-text\">Baixar obras aprovadas<\/span>\n\t\t\t\t\t<\/span>\n\t\t\t\t\t<\/a>\n\t\t<\/div>\n\t\t\t\t<\/div>\n\t\t\t\t<\/div>\n\t\t\t\t<div class=\"elementor-element elementor-element-73d770a elementor-widget elementor-widget-heading\" data-id=\"73d770a\" data-element_type=\"widget\" data-widget_type=\"heading.default\">\n\t\t\t\t<div class=\"elementor-widget-container\">\n\t\t\t<h3 class=\"elementor-heading-title elementor-size-default\">Convidamos as autoras e autores de livros a divulgarem seus trabalhos no congresso!<\/h3>\t\t<\/div>\n\t\t\t\t<\/div>\n\t\t\t\t<div class=\"elementor-element elementor-element-8873382 elementor-widget elementor-widget-text-editor\" data-id=\"8873382\" data-element_type=\"widget\" data-widget_type=\"text-editor.default\">\n\t\t\t\t<div class=\"elementor-widget-container\">\n\t\t\t\t\t\t\t<p>Envie para <a href=\"mailto:inscricoes@aconteceeventos.com.br\">inscricoes@aconteceeventos.com.br<\/a><\/p>\t\t\t\t\t\t<\/div>\n\t\t\t\t<\/div>\n\t\t\t\t<div class=\"elementor-element elementor-element-2af9a1a elementor-hidden-desktop elementor-widget elementor-widget-image\" data-id=\"2af9a1a\" data-element_type=\"widget\" data-widget_type=\"image.default\">\n\t\t\t\t<div class=\"elementor-widget-container\">\n\t\t\t<style>\/*! elementor - v3.21.0 - 08-05-2024 *\/\n.elementor-widget-image{text-align:center}.elementor-widget-image a{display:inline-block}.elementor-widget-image a img[src$=\".svg\"]{width:48px}.elementor-widget-image img{vertical-align:middle;display:inline-block}<\/style>\t\t\t\t\t\t\t\t\t\t<img fetchpriority=\"high\" decoding=\"async\" width=\"1000\" height=\"1251\" src=\"https:\/\/sbmfc.org.br\/17cbmfc\/wp-content\/uploads\/2023\/09\/lancamento-de-livros-1.png\" class=\"attachment-full size-full wp-image-4523\" alt=\"\" srcset=\"https:\/\/sbmfc.org.br\/17cbmfc\/wp-content\/uploads\/2023\/09\/lancamento-de-livros-1.png 1000w, https:\/\/sbmfc.org.br\/17cbmfc\/wp-content\/uploads\/2023\/09\/lancamento-de-livros-1-240x300.png 240w, https:\/\/sbmfc.org.br\/17cbmfc\/wp-content\/uploads\/2023\/09\/lancamento-de-livros-1-819x1024.png 819w, https:\/\/sbmfc.org.br\/17cbmfc\/wp-content\/uploads\/2023\/09\/lancamento-de-livros-1-768x961.png 768w\" sizes=\"(max-width: 1000px) 100vw, 1000px\" \/>\t\t\t\t\t\t\t\t\t\t\t\t\t<\/div>\n\t\t\t\t<\/div>\n\t\t\t\t<div class=\"elementor-element elementor-element-0717854 elementor-icon-list--layout-traditional elementor-list-item-link-full_width elementor-widget elementor-widget-icon-list\" data-id=\"0717854\" data-element_type=\"widget\" data-widget_type=\"icon-list.default\">\n\t\t\t\t<div class=\"elementor-widget-container\">\n\t\t\t<link rel=\"stylesheet\" href=\"https:\/\/sbmfc.org.br\/17cbmfc\/wp-content\/plugins\/elementor\/assets\/css\/widget-icon-list.min.css\">\t\t<ul class=\"elementor-icon-list-items\">\n\t\t\t\t\t\t\t<li class=\"elementor-icon-list-item\">\n\t\t\t\t\t\t\t\t\t\t\t<span class=\"elementor-icon-list-icon\">\n\t\t\t\t\t\t\t<i aria-hidden=\"true\" class=\"fas fa-check\"><\/i>\t\t\t\t\t\t<\/span>\n\t\t\t\t\t\t\t\t\t\t<span class=\"elementor-icon-list-text\">O t\u00edtulo da obra<\/span>\n\t\t\t\t\t\t\t\t\t<\/li>\n\t\t\t\t\t\t\t\t<li class=\"elementor-icon-list-item\">\n\t\t\t\t\t\t\t\t\t\t\t<span class=\"elementor-icon-list-icon\">\n\t\t\t\t\t\t\t<i aria-hidden=\"true\" class=\"fas fa-check\"><\/i>\t\t\t\t\t\t<\/span>\n\t\t\t\t\t\t\t\t\t\t<span class=\"elementor-icon-list-text\">Os autores<\/span>\n\t\t\t\t\t\t\t\t\t<\/li>\n\t\t\t\t\t\t\t\t<li class=\"elementor-icon-list-item\">\n\t\t\t\t\t\t\t\t\t\t\t<span class=\"elementor-icon-list-icon\">\n\t\t\t\t\t\t\t<i aria-hidden=\"true\" class=\"fas fa-check\"><\/i>\t\t\t\t\t\t<\/span>\n\t\t\t\t\t\t\t\t\t\t<span class=\"elementor-icon-list-text\">O ano (m\u00edn. 2021)<\/span>\n\t\t\t\t\t\t\t\t\t<\/li>\n\t\t\t\t\t\t\t\t<li class=\"elementor-icon-list-item\">\n\t\t\t\t\t\t\t\t\t\t\t<span class=\"elementor-icon-list-icon\">\n\t\t\t\t\t\t\t<i aria-hidden=\"true\" class=\"fas fa-check\"><\/i>\t\t\t\t\t\t<\/span>\n\t\t\t\t\t\t\t\t\t\t<span class=\"elementor-icon-list-text\">Editora<\/span>\n\t\t\t\t\t\t\t\t\t<\/li>\n\t\t\t\t\t\t\t\t<li class=\"elementor-icon-list-item\">\n\t\t\t\t\t\t\t\t\t\t\t<span class=\"elementor-icon-list-icon\">\n\t\t\t\t\t\t\t<i aria-hidden=\"true\" class=\"fas fa-check\"><\/i>\t\t\t\t\t\t<\/span>\n\t\t\t\t\t\t\t\t\t\t<span class=\"elementor-icon-list-text\">Um breve resumo<\/span>\n\t\t\t\t\t\t\t\t\t<\/li>\n\t\t\t\t\t\t\t\t<li class=\"elementor-icon-list-item\">\n\t\t\t\t\t\t\t\t\t\t\t<span class=\"elementor-icon-list-icon\">\n\t\t\t\t\t\t\t<i aria-hidden=\"true\" class=\"fas fa-check\"><\/i>\t\t\t\t\t\t<\/span>\n\t\t\t\t\t\t\t\t\t\t<span class=\"elementor-icon-list-text\">A necessidade de material ou estrutura extra<\/span>\n\t\t\t\t\t\t\t\t\t<\/li>\n\t\t\t\t\t\t\t\t<li class=\"elementor-icon-list-item\">\n\t\t\t\t\t\t\t\t\t\t\t<span class=\"elementor-icon-list-icon\">\n\t\t\t\t\t\t\t<i aria-hidden=\"true\" class=\"fas fa-check\"><\/i>\t\t\t\t\t\t<\/span>\n\t\t\t\t\t\t\t\t\t\t<span class=\"elementor-icon-list-text\">A cada da obra em formato JPEG ou PNG<\/span>\n\t\t\t\t\t\t\t\t\t<\/li>\n\t\t\t\t\t\t<\/ul>\n\t\t\t\t<\/div>\n\t\t\t\t<\/div>\n\t\t\t\t\t<\/div>\n\t\t<\/div>\n\t\t\t\t<div class=\"elementor-column elementor-col-50 elementor-top-column elementor-element elementor-element-314ddc3 elementor-hidden-tablet elementor-hidden-mobile\" data-id=\"314ddc3\" data-element_type=\"column\">\n\t\t\t<div class=\"elementor-widget-wrap elementor-element-populated\">\n\t\t\t\t\t\t<div class=\"elementor-element elementor-element-68764eb elementor-widget elementor-widget-image\" data-id=\"68764eb\" data-element_type=\"widget\" data-widget_type=\"image.default\">\n\t\t\t\t<div class=\"elementor-widget-container\">\n\t\t\t\t\t\t\t\t\t\t\t\t\t<img fetchpriority=\"high\" decoding=\"async\" width=\"1000\" height=\"1251\" src=\"https:\/\/sbmfc.org.br\/17cbmfc\/wp-content\/uploads\/2023\/09\/lancamento-de-livros-1.png\" class=\"attachment-full size-full wp-image-4523\" alt=\"\" srcset=\"https:\/\/sbmfc.org.br\/17cbmfc\/wp-content\/uploads\/2023\/09\/lancamento-de-livros-1.png 1000w, https:\/\/sbmfc.org.br\/17cbmfc\/wp-content\/uploads\/2023\/09\/lancamento-de-livros-1-240x300.png 240w, https:\/\/sbmfc.org.br\/17cbmfc\/wp-content\/uploads\/2023\/09\/lancamento-de-livros-1-819x1024.png 819w, https:\/\/sbmfc.org.br\/17cbmfc\/wp-content\/uploads\/2023\/09\/lancamento-de-livros-1-768x961.png 768w\" sizes=\"(max-width: 1000px) 100vw, 1000px\" \/>\t\t\t\t\t\t\t\t\t\t\t\t\t<\/div>\n\t\t\t\t<\/div>\n\t\t\t\t\t<\/div>\n\t\t<\/div>\n\t\t\t\t\t<\/div>\n\t\t<\/section>\n\t\t\t\t<\/div>\n\t\t","protected":false},"excerpt":{"rendered":"<p>de 01\/09 a 08\/09 ENCERRADO 2023 ser\u00e1 um ano de resgates. Resgatar a ess\u00eancia de ser M\u00e9dico\/a\/e de Fam\u00edlia e Comunidade. Com Todas as Letras. Estar pr\u00f3ximo, trocar experi\u00eancias, sentir um ao outro. Em Setembro, estaremos juntos de novo, e fortalecidos pela jornada que enfrentamos desde 2019 (e at\u00e9 antes disso). Nosso desafio se torna&#8230;<\/p>\n","protected":false},"author":2,"featured_media":0,"parent":0,"menu_order":0,"comment_status":"closed","ping_status":"closed","template":"","meta":{"inline_featured_image":false,"footnotes":""},"class_list":["post-4520","page","type-page","status-publish","hentry"],"yoast_head":"<!-- This site is optimized with the Yoast SEO plugin v22.6 - https:\/\/yoast.com\/wordpress\/plugins\/seo\/ -->\n<title>Lan\u00e7amento de Livros - SBMFC - 17cbmfc<\/title>\n<meta name=\"robots\" content=\"index, follow, max-snippet:-1, max-image-preview:large, max-video-preview:-1\" \/>\n<link rel=\"canonical\" href=\"https:\/\/sbmfc.org.br\/17cbmfc\/lancamento-de-livros\/\" \/>\n<meta property=\"og:locale\" content=\"pt_BR\" \/>\n<meta property=\"og:type\" content=\"article\" \/>\n<meta property=\"og:title\" content=\"Lan\u00e7amento de Livros - SBMFC - 17cbmfc\" \/>\n<meta property=\"og:description\" content=\"de 01\/09 a 08\/09 ENCERRADO 2023 ser\u00e1 um ano de resgates. Resgatar a ess\u00eancia de ser M\u00e9dico\/a\/e de Fam\u00edlia e Comunidade. Com Todas as Letras. Estar pr\u00f3ximo, trocar experi\u00eancias, sentir um ao outro. Em Setembro, estaremos juntos de novo, e fortalecidos pela jornada que enfrentamos desde 2019 (e at\u00e9 antes disso). Nosso desafio se torna...\" \/>\n<meta property=\"og:url\" content=\"https:\/\/sbmfc.org.br\/17cbmfc\/lancamento-de-livros\/\" \/>\n<meta property=\"og:site_name\" content=\"SBMFC - 17cbmfc\" \/>\n<meta property=\"article:publisher\" content=\"https:\/\/www.facebook.com\/SBMFCoficial\" \/>\n<meta property=\"article:modified_time\" content=\"2023-09-15T21:12:50+00:00\" \/>\n<meta property=\"og:image\" content=\"https:\/\/sbmfc.org.br\/17cbmfc\/wp-content\/uploads\/2023\/09\/lancamento-de-livros-1.png\" \/>\n<meta name=\"twitter:card\" content=\"summary_large_image\" \/>\n<meta name=\"twitter:site\" content=\"@sbmfc\" \/>\n<meta name=\"twitter:label1\" content=\"Est. tempo de leitura\" \/>\n\t<meta name=\"twitter:data1\" content=\"2 minutos\" \/>\n<script type=\"application\/ld+json\" class=\"yoast-schema-graph\">{\"@context\":\"https:\/\/schema.org\",\"@graph\":[{\"@type\":\"WebPage\",\"@id\":\"https:\/\/sbmfc.org.br\/17cbmfc\/lancamento-de-livros\/\",\"url\":\"https:\/\/sbmfc.org.br\/17cbmfc\/lancamento-de-livros\/\",\"name\":\"Lan\u00e7amento de Livros - SBMFC - 17cbmfc\",\"isPartOf\":{\"@id\":\"https:\/\/sbmfc.org.br\/17cbmfc\/#website\"},\"primaryImageOfPage\":{\"@id\":\"https:\/\/sbmfc.org.br\/17cbmfc\/lancamento-de-livros\/#primaryimage\"},\"image\":{\"@id\":\"https:\/\/sbmfc.org.br\/17cbmfc\/lancamento-de-livros\/#primaryimage\"},\"thumbnailUrl\":\"https:\/\/sbmfc.org.br\/17cbmfc\/wp-content\/uploads\/2023\/09\/lancamento-de-livros-1.png\",\"datePublished\":\"2023-09-01T13:00:22+00:00\",\"dateModified\":\"2023-09-15T21:12:50+00:00\",\"breadcrumb\":{\"@id\":\"https:\/\/sbmfc.org.br\/17cbmfc\/lancamento-de-livros\/#breadcrumb\"},\"inLanguage\":\"pt-BR\",\"potentialAction\":[{\"@type\":\"ReadAction\",\"target\":[\"https:\/\/sbmfc.org.br\/17cbmfc\/lancamento-de-livros\/\"]}]},{\"@type\":\"ImageObject\",\"inLanguage\":\"pt-BR\",\"@id\":\"https:\/\/sbmfc.org.br\/17cbmfc\/lancamento-de-livros\/#primaryimage\",\"url\":\"https:\/\/sbmfc.org.br\/17cbmfc\/wp-content\/uploads\/2023\/09\/lancamento-de-livros-1.png\",\"contentUrl\":\"https:\/\/sbmfc.org.br\/17cbmfc\/wp-content\/uploads\/2023\/09\/lancamento-de-livros-1.png\",\"width\":1000,\"height\":1251},{\"@type\":\"BreadcrumbList\",\"@id\":\"https:\/\/sbmfc.org.br\/17cbmfc\/lancamento-de-livros\/#breadcrumb\",\"itemListElement\":[{\"@type\":\"ListItem\",\"position\":1,\"name\":\"In\u00edcio\",\"item\":\"https:\/\/sbmfc.org.br\/17cbmfc\/\"},{\"@type\":\"ListItem\",\"position\":2,\"name\":\"Lan\u00e7amento de Livros\"}]},{\"@type\":\"WebSite\",\"@id\":\"https:\/\/sbmfc.org.br\/17cbmfc\/#website\",\"url\":\"https:\/\/sbmfc.org.br\/17cbmfc\/\",\"name\":\"SBMFC - 17cbmfc\",\"description\":\"\",\"publisher\":{\"@id\":\"https:\/\/sbmfc.org.br\/17cbmfc\/#organization\"},\"potentialAction\":[{\"@type\":\"SearchAction\",\"target\":{\"@type\":\"EntryPoint\",\"urlTemplate\":\"https:\/\/sbmfc.org.br\/17cbmfc\/?s={search_term_string}\"},\"query-input\":\"required name=search_term_string\"}],\"inLanguage\":\"pt-BR\"},{\"@type\":\"Organization\",\"@id\":\"https:\/\/sbmfc.org.br\/17cbmfc\/#organization\",\"name\":\"SBMFC - 17cbmfc\",\"url\":\"https:\/\/sbmfc.org.br\/17cbmfc\/\",\"logo\":{\"@type\":\"ImageObject\",\"inLanguage\":\"pt-BR\",\"@id\":\"https:\/\/sbmfc.org.br\/17cbmfc\/#\/schema\/logo\/image\/\",\"url\":\"https:\/\/sbmfc.org.br\/17cbmfc\/wp-content\/uploads\/2022\/11\/cbmfc-logo-1.png\",\"contentUrl\":\"https:\/\/sbmfc.org.br\/17cbmfc\/wp-content\/uploads\/2022\/11\/cbmfc-logo-1.png\",\"width\":284,\"height\":125,\"caption\":\"SBMFC - 17cbmfc\"},\"image\":{\"@id\":\"https:\/\/sbmfc.org.br\/17cbmfc\/#\/schema\/logo\/image\/\"},\"sameAs\":[\"https:\/\/www.facebook.com\/SBMFCoficial\",\"https:\/\/x.com\/sbmfc\",\"https:\/\/www.instagram.com\/sbmfc\/\",\"https:\/\/www.youtube.com\/@SBMFCoficial\",\"https:\/\/www.linkedin.com\/company\/sociedade-brasileira-de-medicina-de-famlia-e-comunidade\/?viewAsMember=true\"]}]}<\/script>\n<!-- \/ Yoast SEO plugin. -->","yoast_head_json":{"title":"Lan\u00e7amento de Livros - SBMFC - 17cbmfc","robots":{"index":"index","follow":"follow","max-snippet":"max-snippet:-1","max-image-preview":"max-image-preview:large","max-video-preview":"max-video-preview:-1"},"canonical":"https:\/\/sbmfc.org.br\/17cbmfc\/lancamento-de-livros\/","og_locale":"pt_BR","og_type":"article","og_title":"Lan\u00e7amento de Livros - SBMFC - 17cbmfc","og_description":"de 01\/09 a 08\/09 ENCERRADO 2023 ser\u00e1 um ano de resgates. Resgatar a ess\u00eancia de ser M\u00e9dico\/a\/e de Fam\u00edlia e Comunidade. Com Todas as Letras. Estar pr\u00f3ximo, trocar experi\u00eancias, sentir um ao outro. Em Setembro, estaremos juntos de novo, e fortalecidos pela jornada que enfrentamos desde 2019 (e at\u00e9 antes disso). Nosso desafio se torna...","og_url":"https:\/\/sbmfc.org.br\/17cbmfc\/lancamento-de-livros\/","og_site_name":"SBMFC - 17cbmfc","article_publisher":"https:\/\/www.facebook.com\/SBMFCoficial","article_modified_time":"2023-09-15T21:12:50+00:00","og_image":[{"url":"https:\/\/sbmfc.org.br\/17cbmfc\/wp-content\/uploads\/2023\/09\/lancamento-de-livros-1.png"}],"twitter_card":"summary_large_image","twitter_site":"@sbmfc","twitter_misc":{"Est. tempo de leitura":"2 minutos"},"schema":{"@context":"https:\/\/schema.org","@graph":[{"@type":"WebPage","@id":"https:\/\/sbmfc.org.br\/17cbmfc\/lancamento-de-livros\/","url":"https:\/\/sbmfc.org.br\/17cbmfc\/lancamento-de-livros\/","name":"Lan\u00e7amento de Livros - SBMFC - 17cbmfc","isPartOf":{"@id":"https:\/\/sbmfc.org.br\/17cbmfc\/#website"},"primaryImageOfPage":{"@id":"https:\/\/sbmfc.org.br\/17cbmfc\/lancamento-de-livros\/#primaryimage"},"image":{"@id":"https:\/\/sbmfc.org.br\/17cbmfc\/lancamento-de-livros\/#primaryimage"},"thumbnailUrl":"https:\/\/sbmfc.org.br\/17cbmfc\/wp-content\/uploads\/2023\/09\/lancamento-de-livros-1.png","datePublished":"2023-09-01T13:00:22+00:00","dateModified":"2023-09-15T21:12:50+00:00","breadcrumb":{"@id":"https:\/\/sbmfc.org.br\/17cbmfc\/lancamento-de-livros\/#breadcrumb"},"inLanguage":"pt-BR","potentialAction":[{"@type":"ReadAction","target":["https:\/\/sbmfc.org.br\/17cbmfc\/lancamento-de-livros\/"]}]},{"@type":"ImageObject","inLanguage":"pt-BR","@id":"https:\/\/sbmfc.org.br\/17cbmfc\/lancamento-de-livros\/#primaryimage","url":"https:\/\/sbmfc.org.br\/17cbmfc\/wp-content\/uploads\/2023\/09\/lancamento-de-livros-1.png","contentUrl":"https:\/\/sbmfc.org.br\/17cbmfc\/wp-content\/uploads\/2023\/09\/lancamento-de-livros-1.png","width":1000,"height":1251},{"@type":"BreadcrumbList","@id":"https:\/\/sbmfc.org.br\/17cbmfc\/lancamento-de-livros\/#breadcrumb","itemListElement":[{"@type":"ListItem","position":1,"name":"In\u00edcio","item":"https:\/\/sbmfc.org.br\/17cbmfc\/"},{"@type":"ListItem","position":2,"name":"Lan\u00e7amento de Livros"}]},{"@type":"WebSite","@id":"https:\/\/sbmfc.org.br\/17cbmfc\/#website","url":"https:\/\/sbmfc.org.br\/17cbmfc\/","name":"SBMFC - 17cbmfc","description":"","publisher":{"@id":"https:\/\/sbmfc.org.br\/17cbmfc\/#organization"},"potentialAction":[{"@type":"SearchAction","target":{"@type":"EntryPoint","urlTemplate":"https:\/\/sbmfc.org.br\/17cbmfc\/?s={search_term_string}"},"query-input":"required name=search_term_string"}],"inLanguage":"pt-BR"},{"@type":"Organization","@id":"https:\/\/sbmfc.org.br\/17cbmfc\/#organization","name":"SBMFC - 17cbmfc","url":"https:\/\/sbmfc.org.br\/17cbmfc\/","logo":{"@type":"ImageObject","inLanguage":"pt-BR","@id":"https:\/\/sbmfc.org.br\/17cbmfc\/#\/schema\/logo\/image\/","url":"https:\/\/sbmfc.org.br\/17cbmfc\/wp-content\/uploads\/2022\/11\/cbmfc-logo-1.png","contentUrl":"https:\/\/sbmfc.org.br\/17cbmfc\/wp-content\/uploads\/2022\/11\/cbmfc-logo-1.png","width":284,"height":125,"caption":"SBMFC - 17cbmfc"},"image":{"@id":"https:\/\/sbmfc.org.br\/17cbmfc\/#\/schema\/logo\/image\/"},"sameAs":["https:\/\/www.facebook.com\/SBMFCoficial","https:\/\/x.com\/sbmfc","https:\/\/www.instagram.com\/sbmfc\/","https:\/\/www.youtube.com\/@SBMFCoficial","https:\/\/www.linkedin.com\/company\/sociedade-brasileira-de-medicina-de-famlia-e-comunidade\/?viewAsMember=true"]}]}},"_links":{"self":[{"href":"https:\/\/sbmfc.org.br\/17cbmfc\/wp-json\/wp\/v2\/pages\/4520","targetHints":{"allow":["GET"]}}],"collection":[{"href":"https:\/\/sbmfc.org.br\/17cbmfc\/wp-json\/wp\/v2\/pages"}],"about":[{"href":"https:\/\/sbmfc.org.br\/17cbmfc\/wp-json\/wp\/v2\/types\/page"}],"author":[{"embeddable":true,"href":"https:\/\/sbmfc.org.br\/17cbmfc\/wp-json\/wp\/v2\/users\/2"}],"replies":[{"embeddable":true,"href":"https:\/\/sbmfc.org.br\/17cbmfc\/wp-json\/wp\/v2\/comments?post=4520"}],"version-history":[{"count":16,"href":"https:\/\/sbmfc.org.br\/17cbmfc\/wp-json\/wp\/v2\/pages\/4520\/revisions"}],"predecessor-version":[{"id":5060,"href":"https:\/\/sbmfc.org.br\/17cbmfc\/wp-json\/wp\/v2\/pages\/4520\/revisions\/5060"}],"wp:attachment":[{"href":"https:\/\/sbmfc.org.br\/17cbmfc\/wp-json\/wp\/v2\/media?parent=4520"}],"curies":[{"name":"wp","href":"https:\/\/api.w.org\/{rel}","templated":true}]}}