{"id":3682,"date":"2023-07-04T14:45:28","date_gmt":"2023-07-04T17:45:28","guid":{"rendered":"https:\/\/sbmfc.org.br\/17cbmfc\/?page_id=3682"},"modified":"2023-09-15T17:31:04","modified_gmt":"2023-09-15T20:31:04","slug":"quiz-missoes-sbmfc","status":"publish","type":"page","link":"https:\/\/sbmfc.org.br\/17cbmfc\/quiz-missoes-sbmfc\/","title":{"rendered":"Quiz Miss\u00f5es SBMFC"},"content":{"rendered":"\t\t<div data-elementor-type=\"wp-page\" data-elementor-id=\"3682\" class=\"elementor elementor-3682\" data-elementor-post-type=\"page\">\n\t\t\t\t\t\t<section class=\"elementor-section elementor-top-section elementor-element elementor-element-ef11ab4 elementor-section-boxed elementor-section-height-default elementor-section-height-default\" data-id=\"ef11ab4\" data-element_type=\"section\" data-settings=\"{&quot;background_background&quot;:&quot;classic&quot;}\">\n\t\t\t\t\t\t<div class=\"elementor-container elementor-column-gap-default\">\n\t\t\t\t\t<div class=\"elementor-column elementor-col-50 elementor-top-column elementor-element elementor-element-a5dd31a\" data-id=\"a5dd31a\" data-element_type=\"column\">\n\t\t\t<div class=\"elementor-widget-wrap elementor-element-populated\">\n\t\t\t\t\t\t<div class=\"elementor-element elementor-element-bb8cb86 elementor-widget elementor-widget-image\" data-id=\"bb8cb86\" data-element_type=\"widget\" data-widget_type=\"image.default\">\n\t\t\t\t<div class=\"elementor-widget-container\">\n\t\t\t<style>\/*! elementor - v3.21.0 - 08-05-2024 *\/\n.elementor-widget-image{text-align:center}.elementor-widget-image a{display:inline-block}.elementor-widget-image a img[src$=\".svg\"]{width:48px}.elementor-widget-image img{vertical-align:middle;display:inline-block}<\/style>\t\t\t\t\t\t\t\t\t\t<img decoding=\"async\" width=\"125\" height=\"125\" src=\"https:\/\/sbmfc.org.br\/17cbmfc\/wp-content\/uploads\/2023\/07\/logo-3.png\" class=\"attachment-full size-full wp-image-3686\" alt=\"\" \/>\t\t\t\t\t\t\t\t\t\t\t\t\t<\/div>\n\t\t\t\t<\/div>\n\t\t\t\t<div class=\"elementor-element elementor-element-c0d400a elementor-widget elementor-widget-heading\" data-id=\"c0d400a\" data-element_type=\"widget\" data-widget_type=\"heading.default\">\n\t\t\t\t<div class=\"elementor-widget-container\">\n\t\t\t<style>\/*! elementor - v3.21.0 - 08-05-2024 *\/\n.elementor-heading-title{padding:0;margin:0;line-height:1}.elementor-widget-heading .elementor-heading-title[class*=elementor-size-]>a{color:inherit;font-size:inherit;line-height:inherit}.elementor-widget-heading .elementor-heading-title.elementor-size-small{font-size:15px}.elementor-widget-heading .elementor-heading-title.elementor-size-medium{font-size:19px}.elementor-widget-heading .elementor-heading-title.elementor-size-large{font-size:29px}.elementor-widget-heading .elementor-heading-title.elementor-size-xl{font-size:39px}.elementor-widget-heading .elementor-heading-title.elementor-size-xxl{font-size:59px}<\/style><h1 class=\"elementor-heading-title elementor-size-default\">Voc\u00ea j\u00e1 parou <br>para refletir<\/h1>\t\t<\/div>\n\t\t\t\t<\/div>\n\t\t\t\t<div class=\"elementor-element elementor-element-a5af29e elementor-widget elementor-widget-text-editor\" data-id=\"a5af29e\" data-element_type=\"widget\" data-widget_type=\"text-editor.default\">\n\t\t\t\t<div class=\"elementor-widget-container\">\n\t\t\t<style>\/*! elementor - v3.21.0 - 08-05-2024 *\/\n.elementor-widget-text-editor.elementor-drop-cap-view-stacked .elementor-drop-cap{background-color:#69727d;color:#fff}.elementor-widget-text-editor.elementor-drop-cap-view-framed .elementor-drop-cap{color:#69727d;border:3px solid;background-color:transparent}.elementor-widget-text-editor:not(.elementor-drop-cap-view-default) .elementor-drop-cap{margin-top:8px}.elementor-widget-text-editor:not(.elementor-drop-cap-view-default) .elementor-drop-cap-letter{width:1em;height:1em}.elementor-widget-text-editor .elementor-drop-cap{float:left;text-align:center;line-height:1;font-size:50px}.elementor-widget-text-editor .elementor-drop-cap-letter{display:inline-block}<\/style>\t\t\t\t<p data-pm-slice=\"1 1 []\">o quanto seus h\u00e1bitos impactam no planeta?<\/p>\t\t\t\t\t\t<\/div>\n\t\t\t\t<\/div>\n\t\t\t\t<div class=\"elementor-element elementor-element-6c4d5b5 elementor-mobile-align-center elementor-widget elementor-widget-button\" data-id=\"6c4d5b5\" data-element_type=\"widget\" data-widget_type=\"button.default\">\n\t\t\t\t<div class=\"elementor-widget-container\">\n\t\t\t\t\t<div class=\"elementor-button-wrapper\">\n\t\t\t<a class=\"elementor-button elementor-button-link elementor-size-xl elementor-animation-float\" href=\"https:\/\/sbmfc.org.br\/17cbmfc\/perguntas\/\">\n\t\t\t\t\t\t<span class=\"elementor-button-content-wrapper\">\n\t\t\t\t\t\t\t\t\t<span class=\"elementor-button-text\">Iniciar<\/span>\n\t\t\t\t\t<\/span>\n\t\t\t\t\t<\/a>\n\t\t<\/div>\n\t\t\t\t<\/div>\n\t\t\t\t<\/div>\n\t\t\t\t\t<\/div>\n\t\t<\/div>\n\t\t\t\t<div class=\"elementor-column elementor-col-50 elementor-top-column elementor-element elementor-element-23700dc\" data-id=\"23700dc\" data-element_type=\"column\">\n\t\t\t<div class=\"elementor-widget-wrap\">\n\t\t\t\t\t\t\t<\/div>\n\t\t<\/div>\n\t\t\t\t\t<\/div>\n\t\t<\/section>\n\t\t\t\t<section class=\"elementor-section elementor-top-section elementor-element elementor-element-21afc43 elementor-section-boxed elementor-section-height-default elementor-section-height-default\" data-id=\"21afc43\" data-element_type=\"section\">\n\t\t\t\t\t\t<div class=\"elementor-container elementor-column-gap-default\">\n\t\t\t\t\t<div class=\"elementor-column elementor-col-50 elementor-top-column elementor-element elementor-element-0e49e7c elementor-hidden-tablet elementor-hidden-mobile\" data-id=\"0e49e7c\" data-element_type=\"column\">\n\t\t\t<div class=\"elementor-widget-wrap elementor-element-populated\">\n\t\t\t\t\t\t<div class=\"elementor-element elementor-element-61655a8 elementor-widget elementor-widget-image\" data-id=\"61655a8\" data-element_type=\"widget\" data-widget_type=\"image.default\">\n\t\t\t\t<div class=\"elementor-widget-container\">\n\t\t\t\t\t\t\t\t\t\t\t\t\t<img fetchpriority=\"high\" decoding=\"async\" width=\"426\" height=\"436\" src=\"https:\/\/sbmfc.org.br\/17cbmfc\/wp-content\/uploads\/2023\/07\/mapa.png\" class=\"attachment-full size-full wp-image-3688\" alt=\"\" srcset=\"https:\/\/sbmfc.org.br\/17cbmfc\/wp-content\/uploads\/2023\/07\/mapa.png 426w, https:\/\/sbmfc.org.br\/17cbmfc\/wp-content\/uploads\/2023\/07\/mapa-293x300.png 293w\" sizes=\"(max-width: 426px) 100vw, 426px\" \/>\t\t\t\t\t\t\t\t\t\t\t\t\t<\/div>\n\t\t\t\t<\/div>\n\t\t\t\t\t<\/div>\n\t\t<\/div>\n\t\t\t\t<div class=\"elementor-column elementor-col-50 elementor-top-column elementor-element elementor-element-3afcf46\" data-id=\"3afcf46\" data-element_type=\"column\">\n\t\t\t<div class=\"elementor-widget-wrap elementor-element-populated\">\n\t\t\t\t\t\t<div class=\"elementor-element elementor-element-5ddb8ce elementor-widget elementor-widget-heading\" data-id=\"5ddb8ce\" data-element_type=\"widget\" data-widget_type=\"heading.default\">\n\t\t\t\t<div class=\"elementor-widget-container\">\n\t\t\t<h2 class=\"elementor-heading-title elementor-size-default\">Voc\u00ea sabia?<\/h2>\t\t<\/div>\n\t\t\t\t<\/div>\n\t\t\t\t<div class=\"elementor-element elementor-element-6690218 elementor-widget elementor-widget-image\" data-id=\"6690218\" data-element_type=\"widget\" data-widget_type=\"image.default\">\n\t\t\t\t<div class=\"elementor-widget-container\">\n\t\t\t\t\t\t\t\t\t\t\t\t\t<img decoding=\"async\" width=\"87\" height=\"2\" src=\"https:\/\/sbmfc.org.br\/17cbmfc\/wp-content\/uploads\/2023\/07\/linha-com-degrade.png\" class=\"attachment-full size-full wp-image-3685\" alt=\"\" \/>\t\t\t\t\t\t\t\t\t\t\t\t\t<\/div>\n\t\t\t\t<\/div>\n\t\t\t\t<div class=\"elementor-element elementor-element-921d1e8 elementor-hidden-desktop elementor-widget elementor-widget-image\" data-id=\"921d1e8\" data-element_type=\"widget\" data-widget_type=\"image.default\">\n\t\t\t\t<div class=\"elementor-widget-container\">\n\t\t\t\t\t\t\t\t\t\t\t\t\t<img fetchpriority=\"high\" decoding=\"async\" width=\"426\" height=\"436\" src=\"https:\/\/sbmfc.org.br\/17cbmfc\/wp-content\/uploads\/2023\/07\/mapa.png\" class=\"attachment-full size-full wp-image-3688\" alt=\"\" srcset=\"https:\/\/sbmfc.org.br\/17cbmfc\/wp-content\/uploads\/2023\/07\/mapa.png 426w, https:\/\/sbmfc.org.br\/17cbmfc\/wp-content\/uploads\/2023\/07\/mapa-293x300.png 293w\" sizes=\"(max-width: 426px) 100vw, 426px\" \/>\t\t\t\t\t\t\t\t\t\t\t\t\t<\/div>\n\t\t\t\t<\/div>\n\t\t\t\t<div class=\"elementor-element elementor-element-0ef5fa4 elementor-widget elementor-widget-text-editor\" data-id=\"0ef5fa4\" data-element_type=\"widget\" data-widget_type=\"text-editor.default\">\n\t\t\t\t<div class=\"elementor-widget-container\">\n\t\t\t\t\t\t\t<p><span style=\"font-weight: 400;\">Apesar de 99% dos brasileiros declararem que querem ter um estilo de vida sustent\u00e1vel. Observamos que muitos ainda n\u00e3o iniciaram o movimento de desejo para a a\u00e7\u00e3o, pois encontram como como barreiras a falta de acesso a informa\u00e7\u00f5es sobre a import\u00e2ncia dessa transforma\u00e7\u00e3o, sobre os impactos provocados por h\u00e1bitos comuns e tamb\u00e9m por desconhecimento de caminhos para a ado\u00e7\u00e3o de novas atitudes e a\u00e7\u00f5es que incorporem o comportamento de responsabilidade e sustentabilidade socioambiental.\u00a0<\/span><\/p><p><span style=\"font-weight: 400;\">A #N\u00f3sPelaComunidade tem o objetivo de orientar, educar, convidar e contemplar as grandes e pequenas a\u00e7\u00f5es do dia a dia que eu, voc\u00ea e n\u00f3s podemos fazer pensando no mundo inteiro! Pense globalmente, aja localmente!<\/span><\/p>\t\t\t\t\t\t<\/div>\n\t\t\t\t<\/div>\n\t\t\t\t\t<\/div>\n\t\t<\/div>\n\t\t\t\t\t<\/div>\n\t\t<\/section>\n\t\t\t\t<section class=\"elementor-section elementor-top-section elementor-element elementor-element-aa0c30a elementor-section-boxed elementor-section-height-default elementor-section-height-default\" data-id=\"aa0c30a\" data-element_type=\"section\" data-settings=\"{&quot;background_background&quot;:&quot;classic&quot;}\">\n\t\t\t\t\t\t<div class=\"elementor-container elementor-column-gap-default\">\n\t\t\t\t\t<div class=\"elementor-column elementor-col-100 elementor-top-column elementor-element elementor-element-cc1c926\" data-id=\"cc1c926\" data-element_type=\"column\">\n\t\t\t<div class=\"elementor-widget-wrap elementor-element-populated\">\n\t\t\t\t\t\t<div class=\"elementor-element elementor-element-6f125e5 elementor-widget elementor-widget-image\" data-id=\"6f125e5\" data-element_type=\"widget\" data-widget_type=\"image.default\">\n\t\t\t\t<div class=\"elementor-widget-container\">\n\t\t\t\t\t\t\t\t\t\t\t\t\t\t<a href=\"https:\/\/agenciami.digital\/\" target=\"_blank\">\n\t\t\t\t\t\t\t<img loading=\"lazy\" decoding=\"async\" width=\"44\" height=\"26\" src=\"https:\/\/sbmfc.org.br\/17cbmfc\/wp-content\/uploads\/2023\/07\/logo-mi-branco.png\" class=\"attachment-full size-full wp-image-3687\" alt=\"\" \/>\t\t\t\t\t\t\t\t<\/a>\n\t\t\t\t\t\t\t\t\t\t\t\t\t<\/div>\n\t\t\t\t<\/div>\n\t\t\t\t\t<\/div>\n\t\t<\/div>\n\t\t\t\t\t<\/div>\n\t\t<\/section>\n\t\t\t\t<\/div>\n\t\t","protected":false},"excerpt":{"rendered":"<p>Voc\u00ea j\u00e1 parou para refletir o quanto seus h\u00e1bitos impactam no planeta? Iniciar Voc\u00ea sabia? Apesar de 99% dos brasileiros declararem que querem ter um estilo de vida sustent\u00e1vel. Observamos que muitos ainda n\u00e3o iniciaram o movimento de desejo para a a\u00e7\u00e3o, pois encontram como como barreiras a falta de acesso a informa\u00e7\u00f5es sobre a&#8230;<\/p>\n","protected":false},"author":2,"featured_media":0,"parent":0,"menu_order":0,"comment_status":"closed","ping_status":"open","template":"","meta":{"inline_featured_image":false,"footnotes":""},"class_list":["post-3682","page","type-page","status-publish","hentry"],"yoast_head":"<!-- This site is optimized with the Yoast SEO plugin v22.6 - https:\/\/yoast.com\/wordpress\/plugins\/seo\/ -->\n<title>Quiz Miss\u00f5es SBMFC - SBMFC - 17cbmfc<\/title>\n<meta name=\"robots\" content=\"index, follow, max-snippet:-1, max-image-preview:large, max-video-preview:-1\" \/>\n<link rel=\"canonical\" href=\"https:\/\/sbmfc.org.br\/17cbmfc\/quiz-missoes-sbmfc\/\" \/>\n<meta property=\"og:locale\" content=\"pt_BR\" \/>\n<meta property=\"og:type\" content=\"article\" \/>\n<meta property=\"og:title\" content=\"Quiz Miss\u00f5es SBMFC - SBMFC - 17cbmfc\" \/>\n<meta property=\"og:description\" content=\"Voc\u00ea j\u00e1 parou para refletir o quanto seus h\u00e1bitos impactam no planeta? Iniciar Voc\u00ea sabia? Apesar de 99% dos brasileiros declararem que querem ter um estilo de vida sustent\u00e1vel. Observamos que muitos ainda n\u00e3o iniciaram o movimento de desejo para a a\u00e7\u00e3o, pois encontram como como barreiras a falta de acesso a informa\u00e7\u00f5es sobre a...\" \/>\n<meta property=\"og:url\" content=\"https:\/\/sbmfc.org.br\/17cbmfc\/quiz-missoes-sbmfc\/\" \/>\n<meta property=\"og:site_name\" content=\"SBMFC - 17cbmfc\" \/>\n<meta property=\"article:publisher\" content=\"https:\/\/www.facebook.com\/SBMFCoficial\" \/>\n<meta property=\"article:modified_time\" content=\"2023-09-15T20:31:04+00:00\" \/>\n<meta property=\"og:image\" content=\"https:\/\/sbmfc.org.br\/17cbmfc\/wp-content\/uploads\/2023\/07\/logo-3.png\" \/>\n<meta name=\"twitter:card\" content=\"summary_large_image\" \/>\n<meta name=\"twitter:site\" content=\"@sbmfc\" \/>\n<meta name=\"twitter:label1\" content=\"Est. tempo de leitura\" \/>\n\t<meta name=\"twitter:data1\" content=\"2 minutos\" \/>\n<script type=\"application\/ld+json\" class=\"yoast-schema-graph\">{\"@context\":\"https:\/\/schema.org\",\"@graph\":[{\"@type\":\"WebPage\",\"@id\":\"https:\/\/sbmfc.org.br\/17cbmfc\/quiz-missoes-sbmfc\/\",\"url\":\"https:\/\/sbmfc.org.br\/17cbmfc\/quiz-missoes-sbmfc\/\",\"name\":\"Quiz Miss\u00f5es SBMFC - SBMFC - 17cbmfc\",\"isPartOf\":{\"@id\":\"https:\/\/sbmfc.org.br\/17cbmfc\/#website\"},\"primaryImageOfPage\":{\"@id\":\"https:\/\/sbmfc.org.br\/17cbmfc\/quiz-missoes-sbmfc\/#primaryimage\"},\"image\":{\"@id\":\"https:\/\/sbmfc.org.br\/17cbmfc\/quiz-missoes-sbmfc\/#primaryimage\"},\"thumbnailUrl\":\"https:\/\/sbmfc.org.br\/17cbmfc\/wp-content\/uploads\/2023\/07\/logo-3.png\",\"datePublished\":\"2023-07-04T17:45:28+00:00\",\"dateModified\":\"2023-09-15T20:31:04+00:00\",\"breadcrumb\":{\"@id\":\"https:\/\/sbmfc.org.br\/17cbmfc\/quiz-missoes-sbmfc\/#breadcrumb\"},\"inLanguage\":\"pt-BR\",\"potentialAction\":[{\"@type\":\"ReadAction\",\"target\":[\"https:\/\/sbmfc.org.br\/17cbmfc\/quiz-missoes-sbmfc\/\"]}]},{\"@type\":\"ImageObject\",\"inLanguage\":\"pt-BR\",\"@id\":\"https:\/\/sbmfc.org.br\/17cbmfc\/quiz-missoes-sbmfc\/#primaryimage\",\"url\":\"https:\/\/sbmfc.org.br\/17cbmfc\/wp-content\/uploads\/2023\/07\/logo-3.png\",\"contentUrl\":\"https:\/\/sbmfc.org.br\/17cbmfc\/wp-content\/uploads\/2023\/07\/logo-3.png\",\"width\":125,\"height\":125},{\"@type\":\"BreadcrumbList\",\"@id\":\"https:\/\/sbmfc.org.br\/17cbmfc\/quiz-missoes-sbmfc\/#breadcrumb\",\"itemListElement\":[{\"@type\":\"ListItem\",\"position\":1,\"name\":\"In\u00edcio\",\"item\":\"https:\/\/sbmfc.org.br\/17cbmfc\/\"},{\"@type\":\"ListItem\",\"position\":2,\"name\":\"Quiz Miss\u00f5es SBMFC\"}]},{\"@type\":\"WebSite\",\"@id\":\"https:\/\/sbmfc.org.br\/17cbmfc\/#website\",\"url\":\"https:\/\/sbmfc.org.br\/17cbmfc\/\",\"name\":\"SBMFC - 17cbmfc\",\"description\":\"\",\"publisher\":{\"@id\":\"https:\/\/sbmfc.org.br\/17cbmfc\/#organization\"},\"potentialAction\":[{\"@type\":\"SearchAction\",\"target\":{\"@type\":\"EntryPoint\",\"urlTemplate\":\"https:\/\/sbmfc.org.br\/17cbmfc\/?s={search_term_string}\"},\"query-input\":\"required name=search_term_string\"}],\"inLanguage\":\"pt-BR\"},{\"@type\":\"Organization\",\"@id\":\"https:\/\/sbmfc.org.br\/17cbmfc\/#organization\",\"name\":\"SBMFC - 17cbmfc\",\"url\":\"https:\/\/sbmfc.org.br\/17cbmfc\/\",\"logo\":{\"@type\":\"ImageObject\",\"inLanguage\":\"pt-BR\",\"@id\":\"https:\/\/sbmfc.org.br\/17cbmfc\/#\/schema\/logo\/image\/\",\"url\":\"https:\/\/sbmfc.org.br\/17cbmfc\/wp-content\/uploads\/2022\/11\/cbmfc-logo-1.png\",\"contentUrl\":\"https:\/\/sbmfc.org.br\/17cbmfc\/wp-content\/uploads\/2022\/11\/cbmfc-logo-1.png\",\"width\":284,\"height\":125,\"caption\":\"SBMFC - 17cbmfc\"},\"image\":{\"@id\":\"https:\/\/sbmfc.org.br\/17cbmfc\/#\/schema\/logo\/image\/\"},\"sameAs\":[\"https:\/\/www.facebook.com\/SBMFCoficial\",\"https:\/\/x.com\/sbmfc\",\"https:\/\/www.instagram.com\/sbmfc\/\",\"https:\/\/www.youtube.com\/@SBMFCoficial\",\"https:\/\/www.linkedin.com\/company\/sociedade-brasileira-de-medicina-de-famlia-e-comunidade\/?viewAsMember=true\"]}]}<\/script>\n<!-- \/ Yoast SEO plugin. -->","yoast_head_json":{"title":"Quiz Miss\u00f5es SBMFC - SBMFC - 17cbmfc","robots":{"index":"index","follow":"follow","max-snippet":"max-snippet:-1","max-image-preview":"max-image-preview:large","max-video-preview":"max-video-preview:-1"},"canonical":"https:\/\/sbmfc.org.br\/17cbmfc\/quiz-missoes-sbmfc\/","og_locale":"pt_BR","og_type":"article","og_title":"Quiz Miss\u00f5es SBMFC - SBMFC - 17cbmfc","og_description":"Voc\u00ea j\u00e1 parou para refletir o quanto seus h\u00e1bitos impactam no planeta? Iniciar Voc\u00ea sabia? Apesar de 99% dos brasileiros declararem que querem ter um estilo de vida sustent\u00e1vel. Observamos que muitos ainda n\u00e3o iniciaram o movimento de desejo para a a\u00e7\u00e3o, pois encontram como como barreiras a falta de acesso a informa\u00e7\u00f5es sobre a...","og_url":"https:\/\/sbmfc.org.br\/17cbmfc\/quiz-missoes-sbmfc\/","og_site_name":"SBMFC - 17cbmfc","article_publisher":"https:\/\/www.facebook.com\/SBMFCoficial","article_modified_time":"2023-09-15T20:31:04+00:00","og_image":[{"url":"https:\/\/sbmfc.org.br\/17cbmfc\/wp-content\/uploads\/2023\/07\/logo-3.png"}],"twitter_card":"summary_large_image","twitter_site":"@sbmfc","twitter_misc":{"Est. tempo de leitura":"2 minutos"},"schema":{"@context":"https:\/\/schema.org","@graph":[{"@type":"WebPage","@id":"https:\/\/sbmfc.org.br\/17cbmfc\/quiz-missoes-sbmfc\/","url":"https:\/\/sbmfc.org.br\/17cbmfc\/quiz-missoes-sbmfc\/","name":"Quiz Miss\u00f5es SBMFC - SBMFC - 17cbmfc","isPartOf":{"@id":"https:\/\/sbmfc.org.br\/17cbmfc\/#website"},"primaryImageOfPage":{"@id":"https:\/\/sbmfc.org.br\/17cbmfc\/quiz-missoes-sbmfc\/#primaryimage"},"image":{"@id":"https:\/\/sbmfc.org.br\/17cbmfc\/quiz-missoes-sbmfc\/#primaryimage"},"thumbnailUrl":"https:\/\/sbmfc.org.br\/17cbmfc\/wp-content\/uploads\/2023\/07\/logo-3.png","datePublished":"2023-07-04T17:45:28+00:00","dateModified":"2023-09-15T20:31:04+00:00","breadcrumb":{"@id":"https:\/\/sbmfc.org.br\/17cbmfc\/quiz-missoes-sbmfc\/#breadcrumb"},"inLanguage":"pt-BR","potentialAction":[{"@type":"ReadAction","target":["https:\/\/sbmfc.org.br\/17cbmfc\/quiz-missoes-sbmfc\/"]}]},{"@type":"ImageObject","inLanguage":"pt-BR","@id":"https:\/\/sbmfc.org.br\/17cbmfc\/quiz-missoes-sbmfc\/#primaryimage","url":"https:\/\/sbmfc.org.br\/17cbmfc\/wp-content\/uploads\/2023\/07\/logo-3.png","contentUrl":"https:\/\/sbmfc.org.br\/17cbmfc\/wp-content\/uploads\/2023\/07\/logo-3.png","width":125,"height":125},{"@type":"BreadcrumbList","@id":"https:\/\/sbmfc.org.br\/17cbmfc\/quiz-missoes-sbmfc\/#breadcrumb","itemListElement":[{"@type":"ListItem","position":1,"name":"In\u00edcio","item":"https:\/\/sbmfc.org.br\/17cbmfc\/"},{"@type":"ListItem","position":2,"name":"Quiz Miss\u00f5es SBMFC"}]},{"@type":"WebSite","@id":"https:\/\/sbmfc.org.br\/17cbmfc\/#website","url":"https:\/\/sbmfc.org.br\/17cbmfc\/","name":"SBMFC - 17cbmfc","description":"","publisher":{"@id":"https:\/\/sbmfc.org.br\/17cbmfc\/#organization"},"potentialAction":[{"@type":"SearchAction","target":{"@type":"EntryPoint","urlTemplate":"https:\/\/sbmfc.org.br\/17cbmfc\/?s={search_term_string}"},"query-input":"required name=search_term_string"}],"inLanguage":"pt-BR"},{"@type":"Organization","@id":"https:\/\/sbmfc.org.br\/17cbmfc\/#organization","name":"SBMFC - 17cbmfc","url":"https:\/\/sbmfc.org.br\/17cbmfc\/","logo":{"@type":"ImageObject","inLanguage":"pt-BR","@id":"https:\/\/sbmfc.org.br\/17cbmfc\/#\/schema\/logo\/image\/","url":"https:\/\/sbmfc.org.br\/17cbmfc\/wp-content\/uploads\/2022\/11\/cbmfc-logo-1.png","contentUrl":"https:\/\/sbmfc.org.br\/17cbmfc\/wp-content\/uploads\/2022\/11\/cbmfc-logo-1.png","width":284,"height":125,"caption":"SBMFC - 17cbmfc"},"image":{"@id":"https:\/\/sbmfc.org.br\/17cbmfc\/#\/schema\/logo\/image\/"},"sameAs":["https:\/\/www.facebook.com\/SBMFCoficial","https:\/\/x.com\/sbmfc","https:\/\/www.instagram.com\/sbmfc\/","https:\/\/www.youtube.com\/@SBMFCoficial","https:\/\/www.linkedin.com\/company\/sociedade-brasileira-de-medicina-de-famlia-e-comunidade\/?viewAsMember=true"]}]}},"_links":{"self":[{"href":"https:\/\/sbmfc.org.br\/17cbmfc\/wp-json\/wp\/v2\/pages\/3682","targetHints":{"allow":["GET"]}}],"collection":[{"href":"https:\/\/sbmfc.org.br\/17cbmfc\/wp-json\/wp\/v2\/pages"}],"about":[{"href":"https:\/\/sbmfc.org.br\/17cbmfc\/wp-json\/wp\/v2\/types\/page"}],"author":[{"embeddable":true,"href":"https:\/\/sbmfc.org.br\/17cbmfc\/wp-json\/wp\/v2\/users\/2"}],"replies":[{"embeddable":true,"href":"https:\/\/sbmfc.org.br\/17cbmfc\/wp-json\/wp\/v2\/comments?post=3682"}],"version-history":[{"count":57,"href":"https:\/\/sbmfc.org.br\/17cbmfc\/wp-json\/wp\/v2\/pages\/3682\/revisions"}],"predecessor-version":[{"id":5038,"href":"https:\/\/sbmfc.org.br\/17cbmfc\/wp-json\/wp\/v2\/pages\/3682\/revisions\/5038"}],"wp:attachment":[{"href":"https:\/\/sbmfc.org.br\/17cbmfc\/wp-json\/wp\/v2\/media?parent=3682"}],"curies":[{"name":"wp","href":"https:\/\/api.w.org\/{rel}","templated":true}]}}